{"id":44704,"date":"2025-01-24T10:05:11","date_gmt":"2025-01-24T10:05:11","guid":{"rendered":"https:\/\/bikecat.com\/senegal-experience-bicicletas-sin-fronteras"},"modified":"2026-02-20T15:08:32","modified_gmt":"2026-02-20T15:08:32","slug":"senegal-experience-bicicletas-sin-fronteras","status":"publish","type":"page","link":"https:\/\/bikecat.com\/es\/senegal-experience-bicicletas-sin-fronteras","title":{"rendered":"Senegal Experience con Bicicletas Sin Fronteras"},"content":{"rendered":"<div class=\"wpb-content-wrapper\"><p>[vc_row][vc_column][rev_slider_vc alias=\u00bbsenegal\u00bb][\/vc_column][\/vc_row][vc_row css=\u00bb.vc_custom_1544101512496{margin-top: 30px !important;}\u00bb][vc_column][\/vc_column][\/vc_row][vc_row css=\u00bb.vc_custom_1544103354063{margin-top: 20px !important;margin-right: 10px !important;}\u00bb][vc_column width=\u00bb1\/2&#8243;][vc_single_image image=\u00bb38188&#8243; img_size=\u00bblarge\u00bb css_animation=\u00bbleft-to-right\u00bb css=\u00bb\u00bb][\/vc_column][vc_column width=\u00bb1\/2&#8243;][vc_column_text css=\u00bb\u00bb]<\/p>\n<h1><span style=\"color: #d9272e; font-size: 24pt; font-family: Raleway, geneva, sans-serif;\"><strong>Senegal Experience con Bicicletas Sin Fronteras<\/strong><\/span><\/h1>\n<p><strong><span style=\"color: #d9272e;\">El proyecto Bicicletas Sin Fronteras<\/span><\/strong><\/p>\n<p><strong><a href=\"https:\/\/www.bicicletassinfronteras.org\/en\" target=\"_blank\" rel=\"noopener\">Bicicletas Sin Fronteras<\/a><\/strong> fue fundada en 2012 por una pareja local con la misi\u00f3n de empoderar comunidades a trav\u00e9s de la bicicleta. Con este objetivo, en 2015, llegaron a <strong>Senegal<\/strong>, donde iniciaron el proyecto <strong>Bicicletas para la Educaci\u00f3n<\/strong>.<\/p>\n<p>Esta iniciativa ha tenido un gran impacto para los estudiantes, que anteriormente caminaban hasta 10 km (6 millas) para llegar a la escuela. Gracias a ella, se ha reducido significativamente el trayecto y aumentado su energ\u00eda para el estudio. En 2024, el proyecto hab\u00eda donado 5.247 bicicletas \u201cBaobike\u201d, beneficiando a m\u00e1s de 9.300 alumnos.<\/p>\n<p><strong><span style=\"color: #d9272e;\">La colaboraci\u00f3n de Bikecat<\/span><\/strong><\/p>\n<p>En Bikecat, estamos comprometidos con Bicicletas Sin Fronteras: vendemos camisetas y pulseras en nuestra tienda de Girona y<strong> destinamos el 1% de nuestros beneficios<\/strong> al proyecto en Senegal. En Bikecat buscamos constantemente nuevas formas de apoyar esta iniciativa, con campa\u00f1as de recaudaci\u00f3n y la organizaci\u00f3n de <strong>\u201cviajes con alma\u201d<\/strong> (viajes solidarios sin \u00e1nimo de lucro) creados para que puedas descubrir su trabajo en la hermosa regi\u00f3n de Palmarin, en Senegal.[\/vc_column_text][\/vc_column][\/vc_row][vc_row css=\u00bb.vc_custom_1544103354063{margin-top: 20px !important;margin-right: 10px !important;}\u00bb][vc_column width=\u00bb1\/2&#8243;][vc_single_image image=\u00bb38119&#8243; img_size=\u00bblarge\u00bb css_animation=\u00bbleft-to-right\u00bb css=\u00bb\u00bb][\/vc_column][vc_column width=\u00bb1\/2&#8243;][vc_column_text css=\u00bb\u00bb]<\/p>\n<h3><span style=\"color: #d9272e;\"><strong>El viaje: descubrir y apoyar<\/strong><\/span><\/h3>\n<p>\u00danete a un viaje transformador a Senegal y apoya el proyecto <strong>Bicicletas para la educaci\u00f3n<\/strong>, que promueve la bicicleta como herramienta para mejorar el acceso a la educaci\u00f3n de ni\u00f1os y j\u00f3venes.<\/p>\n<p>Nuestra colaboraci\u00f3n con Bikefriendly ha hecho posible la Senegal Experience con Bicicletas Sin Fronteras, un tour excepcional con el que que podr\u00e1s conocer de primera mano las impresionantes rutas y paisajes que ofrece el pa\u00eds. Durante el tour, nuestros colaboradores de <strong>Bicicletas Sin Fronteras <\/strong>te acompa\u00f1ar\u00e1n por escuelas que ya aplican el programa de bicicletas, mostr\u00e1ndote su impacto en la educaci\u00f3n y en la vida cotidiana de las familias locales.[\/vc_column_text][\/vc_column][\/vc_row][vc_row css=\u00bb.vc_custom_1544103354063{margin-top: 20px !important;margin-right: 10px !important;}\u00bb][vc_column width=\u00bb1\/2&#8243;][vc_single_image image=\u00bb38211&#8243; img_size=\u00bblarge\u00bb css_animation=\u00bbleft-to-right\u00bb css=\u00bb\u00bb][vc_single_image image=\u00bb38446&#8243; img_size=\u00bblarge\u00bb css_animation=\u00bbleft-to-right\u00bb css=\u00bb\u00bb][\/vc_column][vc_column width=\u00bb1\/2&#8243;][vc_column_text css=\u00bb\u00bb]<\/p>\n<h3><span style=\"color: #d9272e;\"><strong>Detalles del tour: un viaje con impacto<\/strong><\/span><\/h3>\n<p>Este viaje de una semana comenzar\u00e1 a tu llegada al Aeropuerto Internacional Blaise Diagne de Dakar y tu traslado posterior a Palmarin, en el departamento de Fatick.<\/p>\n<p>La primera estancia ser\u00e1 de cuatro noches en el encantador <strong>ecolodge<\/strong> <strong>Collines de Niassam<\/strong>. Desde aqu\u00ed explorar\u00e1s la Reserva de la Biosfera del Delta del Sine-Saloum, declarada <strong>Patrimonio de la Humanidad por la UNESCO<\/strong>, mientras descubres la cultura del sur de la Petite-C\u00f4te. Las rutas te llevar\u00e1n por paisajes salvajes espectaculares, reservas forestales, lagunas rodeadas de manglares que acogen miles de aves y largas playas.<\/p>\n<p>En la segunda parte del viaje nos desplazaremos hacia el interior, al tranquilo <strong>Souimanga Lodge<\/strong>, en Fimela. Este lugar ofrece vistas impresionantes del r\u00edo Saloum y acceso a escuelas m\u00e1s remotas, donde podr\u00e1s ver de cerca la exitosa implementaci\u00f3n del proyecto Baobikes. Adem\u00e1s, visitaremos la isla de conchas de <strong>Fadiouth<\/strong> y el bosque de baobabs de los alrededores.<\/p>\n<p>Los beneficios \u00edntegros del viaje se destinan al patrocinio de Baobikes en Palmarin. Los hoteles seleccionados tambi\u00e9n apoyan y contribuyen a la econom\u00eda y al empleo local, y han acordado donar parte de sus beneficios a BSF.<\/p>\n<p>Completa tu aventura con visitas opcionales a Dakar y otras regiones cercanas y enriquece a\u00fan m\u00e1s tu viaje por Senegal.<\/p>\n<p>Emb\u00e1rcate en este viaje con prop\u00f3sito y ad\u00e9ntrate en la cultura y la educaci\u00f3n de Senegal apoyando una causa que realmente aporta valor.<\/p>\n<p>El proyecto Bicicletas para la Educaci\u00f3n reduce de forma significativa el tiempo de desplazamiento de los estudiantes, mejorando la asistencia, disminuyendo la fatiga y favoreciendo un mejor rendimiento acad\u00e9mico. Al apoyar a BSF a trav\u00e9s de este viaje, contribuyes directamente a la continuidad y el crecimiento de este valioso proyecto. Todos los beneficios del viaje se donan \u00edntegramente a BSF.[\/vc_column_text][\/vc_column][\/vc_row][vc_row css=\u00bb.vc_custom_1578067605874{margin-top: 40px !important;margin-bottom: 40px !important;}\u00bb][vc_column][\/vc_column][\/vc_row]<\/p>\n<\/div>","protected":false},"excerpt":{"rendered":"<p>[vc_row][vc_column][rev_slider_vc alias=\u00bbsenegal\u00bb][\/vc_column][\/vc_row][vc_row css=\u00bb.vc_custom_1544101512496{margin-top: 30px !important;}\u00bb][vc_column][\/vc_column][\/vc_row][vc_row css=\u00bb.vc_custom_1544103354063{margin-top: 20px !important;margin-right: 10px !important;}\u00bb][vc_column width=\u00bb1\/2&#8243;][vc_single_image image=\u00bb38188&#8243; img_size=\u00bblarge\u00bb css_animation=\u00bbleft-to-right\u00bb css=\u00bb\u00bb][\/vc_column][vc_column width=\u00bb1\/2&#8243;][vc_column_text css=\u00bb\u00bb] Senegal Experience con Bicicletas Sin Fronteras El proyecto Bicicletas Sin Fronteras Bicicletas Sin Fronteras fue fundada en 2012 por una pareja local con la misi\u00f3n de empoderar comunidades a trav\u00e9s de la bicicleta. Con este objetivo, en 2015, [&hellip;]<\/p>\n","protected":false},"author":1,"featured_media":0,"parent":0,"menu_order":0,"comment_status":"closed","ping_status":"closed","template":"","meta":{"ngg_post_thumbnail":0,"footnotes":""},"class_list":["post-44704","page","type-page","status-publish","hentry"],"yoast_head":"<!-- This site is optimized with the Yoast SEO Premium plugin v27.2 (Yoast SEO v27.2) - https:\/\/yoast.com\/product\/yoast-seo-premium-wordpress\/ -->\n<title>Senegal Experience | Bikecat x Bicicletas Sin Fronteras<\/title>\n<meta name=\"description\" content=\"Descubre la Senegal Experience con Bicicletas Sin Fronteras: un viaje con prop\u00f3sito que apoya la educaci\u00f3n y a las comunidades locales.\" \/>\n<meta name=\"robots\" content=\"index, follow, max-snippet:-1, max-image-preview:large, max-video-preview:-1\" \/>\n<link rel=\"canonical\" href=\"https:\/\/bikecat.com\/es\/senegal-experience-bicicletas-sin-fronteras\" \/>\n<meta property=\"og:locale\" content=\"es_ES\" \/>\n<meta property=\"og:type\" content=\"article\" \/>\n<meta property=\"og:title\" content=\"Senegal Experience con Bicicletas Sin Fronteras\" \/>\n<meta property=\"og:description\" content=\"Senegal Experience con Bicicletas Sin Fronteras El proyecto Bicicletas Sin Fronteras Bicicletas Sin Fronteras fue fundada en 2012 por una pareja local con\" \/>\n<meta property=\"og:url\" content=\"https:\/\/bikecat.com\/es\/senegal-experience-bicicletas-sin-fronteras\" \/>\n<meta property=\"og:site_name\" content=\"Bikecat\" \/>\n<meta property=\"article:publisher\" content=\"https:\/\/www.facebook.com\/Bikecat.TOURS\/\" \/>\n<meta property=\"article:modified_time\" content=\"2026-02-20T15:08:32+00:00\" \/>\n<meta property=\"og:image\" content=\"https:\/\/bikecat.com\/wp-content\/uploads\/2020\/01\/Bikecat-Girona.jpg\" \/>\n\t<meta property=\"og:image:width\" content=\"975\" \/>\n\t<meta property=\"og:image:height\" content=\"716\" \/>\n\t<meta property=\"og:image:type\" content=\"image\/jpeg\" \/>\n<meta name=\"twitter:card\" content=\"summary_large_image\" \/>\n<meta name=\"twitter:site\" content=\"@bikecatgirona\" \/>\n<meta name=\"twitter:label1\" content=\"Tiempo de lectura\" \/>\n\t<meta name=\"twitter:data1\" content=\"4 minutos\" \/>\n<script type=\"application\/ld+json\" class=\"yoast-schema-graph\">{\"@context\":\"https:\/\/schema.org\",\"@graph\":[{\"@type\":\"WebPage\",\"@id\":\"https:\/\/bikecat.com\/es\/senegal-experience-bicicletas-sin-fronteras\",\"url\":\"https:\/\/bikecat.com\/es\/senegal-experience-bicicletas-sin-fronteras\",\"name\":\"Senegal Experience | Bikecat x Bicicletas Sin Fronteras\",\"isPartOf\":{\"@id\":\"https:\/\/bikecat.com\/#website\"},\"datePublished\":\"2025-01-24T10:05:11+00:00\",\"dateModified\":\"2026-02-20T15:08:32+00:00\",\"description\":\"Descubre la Senegal Experience con Bicicletas Sin Fronteras: un viaje con prop\u00f3sito que apoya la educaci\u00f3n y a las comunidades locales.\",\"breadcrumb\":{\"@id\":\"https:\/\/bikecat.com\/es\/senegal-experience-bicicletas-sin-fronteras#breadcrumb\"},\"inLanguage\":\"es\",\"potentialAction\":[{\"@type\":\"ReadAction\",\"target\":[\"https:\/\/bikecat.com\/es\/senegal-experience-bicicletas-sin-fronteras\"]}]},{\"@type\":\"BreadcrumbList\",\"@id\":\"https:\/\/bikecat.com\/es\/senegal-experience-bicicletas-sin-fronteras#breadcrumb\",\"itemListElement\":[{\"@type\":\"ListItem\",\"position\":1,\"name\":\"Portada\",\"item\":\"https:\/\/bikecat.com\/es\"},{\"@type\":\"ListItem\",\"position\":2,\"name\":\"Senegal Experience con Bicicletas Sin Fronteras\"}]},{\"@type\":\"WebSite\",\"@id\":\"https:\/\/bikecat.com\/#website\",\"url\":\"https:\/\/bikecat.com\/\",\"name\":\"Bikecat\",\"description\":\"Bikecat Custom Cycling Tours  - Unique and Exclusive Custom Cycling Tours\",\"publisher\":{\"@id\":\"https:\/\/bikecat.com\/#organization\"},\"potentialAction\":[{\"@type\":\"SearchAction\",\"target\":{\"@type\":\"EntryPoint\",\"urlTemplate\":\"https:\/\/bikecat.com\/?s={search_term_string}\"},\"query-input\":{\"@type\":\"PropertyValueSpecification\",\"valueRequired\":true,\"valueName\":\"search_term_string\"}}],\"inLanguage\":\"es\"},{\"@type\":\"Organization\",\"@id\":\"https:\/\/bikecat.com\/#organization\",\"name\":\"Bikecat Cycling Tours\",\"url\":\"https:\/\/bikecat.com\/\",\"logo\":{\"@type\":\"ImageObject\",\"inLanguage\":\"es\",\"@id\":\"https:\/\/bikecat.com\/#\/schema\/logo\/image\/\",\"url\":\"https:\/\/bikecat.com\/wp-content\/uploads\/2018\/11\/headerlogo-1.png\",\"contentUrl\":\"https:\/\/bikecat.com\/wp-content\/uploads\/2018\/11\/headerlogo-1.png\",\"width\":130,\"height\":55,\"caption\":\"Bikecat Cycling Tours\"},\"image\":{\"@id\":\"https:\/\/bikecat.com\/#\/schema\/logo\/image\/\"},\"sameAs\":[\"https:\/\/www.facebook.com\/Bikecat.TOURS\/\",\"https:\/\/x.com\/bikecatgirona\",\"https:\/\/www.instagram.com\/bikecat_cycling_tours\/\"]}]}<\/script>\n<!-- \/ Yoast SEO Premium plugin. -->","yoast_head_json":{"title":"Senegal Experience | Bikecat x Bicicletas Sin Fronteras","description":"Descubre la Senegal Experience con Bicicletas Sin Fronteras: un viaje con prop\u00f3sito que apoya la educaci\u00f3n y a las comunidades locales.","robots":{"index":"index","follow":"follow","max-snippet":"max-snippet:-1","max-image-preview":"max-image-preview:large","max-video-preview":"max-video-preview:-1"},"canonical":"https:\/\/bikecat.com\/es\/senegal-experience-bicicletas-sin-fronteras","og_locale":"es_ES","og_type":"article","og_title":"Senegal Experience con Bicicletas Sin Fronteras","og_description":"Senegal Experience con Bicicletas Sin Fronteras El proyecto Bicicletas Sin Fronteras Bicicletas Sin Fronteras fue fundada en 2012 por una pareja local con","og_url":"https:\/\/bikecat.com\/es\/senegal-experience-bicicletas-sin-fronteras","og_site_name":"Bikecat","article_publisher":"https:\/\/www.facebook.com\/Bikecat.TOURS\/","article_modified_time":"2026-02-20T15:08:32+00:00","og_image":[{"width":975,"height":716,"url":"https:\/\/bikecat.com\/wp-content\/uploads\/2020\/01\/Bikecat-Girona.jpg","type":"image\/jpeg"}],"twitter_card":"summary_large_image","twitter_site":"@bikecatgirona","twitter_misc":{"Tiempo de lectura":"4 minutos"},"schema":{"@context":"https:\/\/schema.org","@graph":[{"@type":"WebPage","@id":"https:\/\/bikecat.com\/es\/senegal-experience-bicicletas-sin-fronteras","url":"https:\/\/bikecat.com\/es\/senegal-experience-bicicletas-sin-fronteras","name":"Senegal Experience | Bikecat x Bicicletas Sin Fronteras","isPartOf":{"@id":"https:\/\/bikecat.com\/#website"},"datePublished":"2025-01-24T10:05:11+00:00","dateModified":"2026-02-20T15:08:32+00:00","description":"Descubre la Senegal Experience con Bicicletas Sin Fronteras: un viaje con prop\u00f3sito que apoya la educaci\u00f3n y a las comunidades locales.","breadcrumb":{"@id":"https:\/\/bikecat.com\/es\/senegal-experience-bicicletas-sin-fronteras#breadcrumb"},"inLanguage":"es","potentialAction":[{"@type":"ReadAction","target":["https:\/\/bikecat.com\/es\/senegal-experience-bicicletas-sin-fronteras"]}]},{"@type":"BreadcrumbList","@id":"https:\/\/bikecat.com\/es\/senegal-experience-bicicletas-sin-fronteras#breadcrumb","itemListElement":[{"@type":"ListItem","position":1,"name":"Portada","item":"https:\/\/bikecat.com\/es"},{"@type":"ListItem","position":2,"name":"Senegal Experience con Bicicletas Sin Fronteras"}]},{"@type":"WebSite","@id":"https:\/\/bikecat.com\/#website","url":"https:\/\/bikecat.com\/","name":"Bikecat","description":"Bikecat Custom Cycling Tours  - Unique and Exclusive Custom Cycling Tours","publisher":{"@id":"https:\/\/bikecat.com\/#organization"},"potentialAction":[{"@type":"SearchAction","target":{"@type":"EntryPoint","urlTemplate":"https:\/\/bikecat.com\/?s={search_term_string}"},"query-input":{"@type":"PropertyValueSpecification","valueRequired":true,"valueName":"search_term_string"}}],"inLanguage":"es"},{"@type":"Organization","@id":"https:\/\/bikecat.com\/#organization","name":"Bikecat Cycling Tours","url":"https:\/\/bikecat.com\/","logo":{"@type":"ImageObject","inLanguage":"es","@id":"https:\/\/bikecat.com\/#\/schema\/logo\/image\/","url":"https:\/\/bikecat.com\/wp-content\/uploads\/2018\/11\/headerlogo-1.png","contentUrl":"https:\/\/bikecat.com\/wp-content\/uploads\/2018\/11\/headerlogo-1.png","width":130,"height":55,"caption":"Bikecat Cycling Tours"},"image":{"@id":"https:\/\/bikecat.com\/#\/schema\/logo\/image\/"},"sameAs":["https:\/\/www.facebook.com\/Bikecat.TOURS\/","https:\/\/x.com\/bikecatgirona","https:\/\/www.instagram.com\/bikecat_cycling_tours\/"]}]}},"_links":{"self":[{"href":"https:\/\/bikecat.com\/es\/wp-json\/wp\/v2\/pages\/44704","targetHints":{"allow":["GET"]}}],"collection":[{"href":"https:\/\/bikecat.com\/es\/wp-json\/wp\/v2\/pages"}],"about":[{"href":"https:\/\/bikecat.com\/es\/wp-json\/wp\/v2\/types\/page"}],"author":[{"embeddable":true,"href":"https:\/\/bikecat.com\/es\/wp-json\/wp\/v2\/users\/1"}],"replies":[{"embeddable":true,"href":"https:\/\/bikecat.com\/es\/wp-json\/wp\/v2\/comments?post=44704"}],"version-history":[{"count":12,"href":"https:\/\/bikecat.com\/es\/wp-json\/wp\/v2\/pages\/44704\/revisions"}],"predecessor-version":[{"id":45040,"href":"https:\/\/bikecat.com\/es\/wp-json\/wp\/v2\/pages\/44704\/revisions\/45040"}],"wp:attachment":[{"href":"https:\/\/bikecat.com\/es\/wp-json\/wp\/v2\/media?parent=44704"}],"curies":[{"name":"wp","href":"https:\/\/api.w.org\/{rel}","templated":true}]}}