{"id":44469,"date":"2025-11-04T11:42:19","date_gmt":"2025-11-04T11:42:19","guid":{"rendered":"https:\/\/bikecat.com\/?page_id=44469"},"modified":"2025-11-05T11:42:28","modified_gmt":"2025-11-05T11:42:28","slug":"the-fringe-tour","status":"publish","type":"page","link":"https:\/\/bikecat.com\/es\/the-fringe-tour","title":{"rendered":"The Fringe Tour"},"content":{"rendered":"<div class=\"wpb-content-wrapper\"><p>[vc_row][vc_column][rev_slider_vc alias=\u00bbcantabria-and-asturias-cycling-tour-1&#8243;][\/vc_column][\/vc_row][vc_row css=\u00bb.vc_custom_1575568350047{margin-top: 40px !important;}\u00bb][vc_column][\/vc_column][\/vc_row][vc_row css=\u00bb.vc_custom_1544103354063{margin-top: 20px !important;margin-right: 10px !important;}\u00bb][vc_column width=\u00bb1\/2&#8243;][vc_single_image image=\u00bb44502&#8243; img_size=\u00bblarge\u00bb css_animation=\u00bbleft-to-right\u00bb css=\u00bb\u00bb][vc_single_image image=\u00bb44513&#8243; img_size=\u00bblarge\u00bb css_animation=\u00bbleft-to-right\u00bb css=\u00bb\u00bb][\/vc_column][vc_column width=\u00bb1\/2&#8243;][vc_column_text css=\u00bb\u00bb]<\/p>\n<h1><span style=\"color: #d9272e; font-size: 24pt; font-family: Raleway, geneva, sans-serif;\"><strong>THE FRINGE TOUR&nbsp;<\/strong><\/span><\/h1>\n<p>The Fringe propone descubrir tres comunidades bien diferenciadas de Espa\u00f1a cruzando sus fronteras. Pero en The Fringe, m\u00e1s que l\u00edmites, encontramos franjas o zonas de transici\u00f3n: espacios geogr\u00e1ficos donde confluyen regiones, culturas, historia y gastronom\u00eda.<\/p>\n<p>Pedaleando por sus ejes de uni\u00f3n \u2014las carreteras\u2014 exploraremos partes de <strong>Catalu\u00f1a, Arag\u00f3n y Valencia<\/strong>.<\/p>\n<p>Este tour nos acerca a tierras menos conocidas, alejadas de las aglomeraciones, pero llenas de tesoros en forma de naturaleza, historia y gastronom\u00eda.<\/p>\n<p>El <strong>Priorat<\/strong>, en el coraz\u00f3n de Catalu\u00f1a, es el punto de inicio de la ruta. <strong>Reconocido internacionalmente por sus vinos<\/strong>, su paisaje est\u00e1 marcado \u2014como no pod\u00eda ser de otra manera\u2014 por vi\u00f1edos dispuestos en pronunciadas terrazas.<\/p>\n<p>Despu\u00e9s de explorar el sur de Catalu\u00f1a, llegamos a <strong>Teruel<\/strong>, en el coraz\u00f3n de Arag\u00f3n. Esta ciudad es una joya escondida que cautiva a los visitantes con paisajes impresionantes, <strong>ra\u00edces hist\u00f3ricas profundas<\/strong>, una gastronom\u00eda deliciosa y pueblos llenos de encanto. <\/p>\n<p>Hacia el este, volvemos a cruzar fronteras y entramos en <strong>Castell\u00f3n<\/strong>,<strong> tierra de contrastes<\/strong>. Esta provincia del norte de Valencia ofrece 120 kil\u00f3metros de costa con playas espectaculares y calas encantadoras ba\u00f1adas por el Mediterr\u00e1neo. En el interior destaca el Maestrat (o Maestrazgo), con peque\u00f1os y pintorescos pueblos llenos de historia, rodeados de un entorno natural impresionante.  <\/p>\n<p>\u00danete a nosotros en este viaje: pedalea por paisajes fascinantes mientras descubres las historias que dan vida a estas cautivadoras regiones.<\/p>\n<p>&nbsp;[\/vc_column_text][\/vc_column][\/vc_row][vc_row css=\u00bb.vc_custom_1578068921004{margin-top: 40px !important;margin-bottom: 40px !important;}\u00bb][vc_column][\/vc_column][\/vc_row]<\/p>\n<\/div>","protected":false},"excerpt":{"rendered":"<p>[vc_row][vc_column][rev_slider_vc alias=\u00bbcantabria-and-asturias-cycling-tour-1&#8243;][\/vc_column][\/vc_row][vc_row css=\u00bb.vc_custom_1575568350047{margin-top: 40px !important;}\u00bb][vc_column][\/vc_column][\/vc_row][vc_row css=\u00bb.vc_custom_1544103354063{margin-top: 20px !important;margin-right: 10px !important;}\u00bb][vc_column width=\u00bb1\/2&#8243;][vc_single_image image=\u00bb44502&#8243; img_size=\u00bblarge\u00bb css_animation=\u00bbleft-to-right\u00bb css=\u00bb\u00bb][vc_single_image image=\u00bb44513&#8243; img_size=\u00bblarge\u00bb css_animation=\u00bbleft-to-right\u00bb css=\u00bb\u00bb][\/vc_column][vc_column width=\u00bb1\/2&#8243;][vc_column_text css=\u00bb\u00bb] THE FRINGE TOUR&nbsp; The Fringe propone descubrir tres comunidades bien diferenciadas de Espa\u00f1a cruzando sus fronteras. Pero en The Fringe, m\u00e1s que l\u00edmites, encontramos franjas o zonas de transici\u00f3n: espacios geogr\u00e1ficos donde confluyen regiones, [&hellip;]<\/p>\n","protected":false},"author":1,"featured_media":0,"parent":0,"menu_order":0,"comment_status":"closed","ping_status":"closed","template":"","meta":{"ngg_post_thumbnail":0,"footnotes":""},"class_list":["post-44469","page","type-page","status-publish","hentry"],"yoast_head":"<!-- This site is optimized with the Yoast SEO Premium plugin v27.2 (Yoast SEO v27.2) - https:\/\/yoast.com\/product\/yoast-seo-premium-wordpress\/ -->\n<title>The Fringe Tour Spain | Catalu\u00f1a, Aragon y Valencia<\/title>\n<meta name=\"description\" content=\"Pedalea por Catalu\u00f1a, Arag\u00f3n y Valencia \u2014 el Fringe Tour conecta paisajes, cultura y sabor.\" \/>\n<meta name=\"robots\" content=\"index, follow, max-snippet:-1, max-image-preview:large, max-video-preview:-1\" \/>\n<link rel=\"canonical\" href=\"https:\/\/bikecat.com\/es\/the-fringe-tour\" \/>\n<meta property=\"og:locale\" content=\"es_ES\" \/>\n<meta property=\"og:type\" content=\"article\" \/>\n<meta property=\"og:title\" content=\"The Fringe Tour\" \/>\n<meta property=\"og:description\" content=\"THE FRINGE TOUR&nbsp; The Fringe propone descubrir tres comunidades bien diferenciadas de Espa\u00f1a cruzando sus fronteras. Pero en The Fringe, m\u00e1s que\" \/>\n<meta property=\"og:url\" content=\"https:\/\/bikecat.com\/es\/the-fringe-tour\" \/>\n<meta property=\"og:site_name\" content=\"Bikecat\" \/>\n<meta property=\"article:publisher\" content=\"https:\/\/www.facebook.com\/Bikecat.TOURS\/\" \/>\n<meta property=\"article:modified_time\" content=\"2025-11-05T11:42:28+00:00\" \/>\n<meta property=\"og:image\" content=\"https:\/\/bikecat.com\/wp-content\/uploads\/2019\/12\/Logo-Bikecat-Cycling-Tours.jpg\" \/>\n\t<meta property=\"og:image:width\" content=\"591\" \/>\n\t<meta property=\"og:image:height\" content=\"354\" \/>\n\t<meta property=\"og:image:type\" content=\"image\/jpeg\" \/>\n<meta name=\"twitter:card\" content=\"summary_large_image\" \/>\n<meta name=\"twitter:site\" content=\"@bikecatgirona\" \/>\n<meta name=\"twitter:label1\" content=\"Tiempo de lectura\" \/>\n\t<meta name=\"twitter:data1\" content=\"2 minutos\" \/>\n<script type=\"application\/ld+json\" class=\"yoast-schema-graph\">{\"@context\":\"https:\/\/schema.org\",\"@graph\":[{\"@type\":\"WebPage\",\"@id\":\"https:\/\/bikecat.com\/es\/the-fringe-tour\",\"url\":\"https:\/\/bikecat.com\/es\/the-fringe-tour\",\"name\":\"The Fringe Tour Spain | Catalu\u00f1a, Aragon y Valencia\",\"isPartOf\":{\"@id\":\"https:\/\/bikecat.com\/#website\"},\"datePublished\":\"2025-11-04T11:42:19+00:00\",\"dateModified\":\"2025-11-05T11:42:28+00:00\",\"description\":\"Pedalea por Catalu\u00f1a, Arag\u00f3n y Valencia \u2014 el Fringe Tour conecta paisajes, cultura y sabor.\",\"breadcrumb\":{\"@id\":\"https:\/\/bikecat.com\/es\/the-fringe-tour#breadcrumb\"},\"inLanguage\":\"es\",\"potentialAction\":[{\"@type\":\"ReadAction\",\"target\":[\"https:\/\/bikecat.com\/es\/the-fringe-tour\"]}]},{\"@type\":\"BreadcrumbList\",\"@id\":\"https:\/\/bikecat.com\/es\/the-fringe-tour#breadcrumb\",\"itemListElement\":[{\"@type\":\"ListItem\",\"position\":1,\"name\":\"Portada\",\"item\":\"https:\/\/bikecat.com\/es\"},{\"@type\":\"ListItem\",\"position\":2,\"name\":\"The Fringe Tour\"}]},{\"@type\":\"WebSite\",\"@id\":\"https:\/\/bikecat.com\/#website\",\"url\":\"https:\/\/bikecat.com\/\",\"name\":\"Bikecat\",\"description\":\"Bikecat Custom Cycling Tours  - Unique and Exclusive Custom Cycling Tours\",\"publisher\":{\"@id\":\"https:\/\/bikecat.com\/#organization\"},\"potentialAction\":[{\"@type\":\"SearchAction\",\"target\":{\"@type\":\"EntryPoint\",\"urlTemplate\":\"https:\/\/bikecat.com\/?s={search_term_string}\"},\"query-input\":{\"@type\":\"PropertyValueSpecification\",\"valueRequired\":true,\"valueName\":\"search_term_string\"}}],\"inLanguage\":\"es\"},{\"@type\":\"Organization\",\"@id\":\"https:\/\/bikecat.com\/#organization\",\"name\":\"Bikecat Cycling Tours\",\"url\":\"https:\/\/bikecat.com\/\",\"logo\":{\"@type\":\"ImageObject\",\"inLanguage\":\"es\",\"@id\":\"https:\/\/bikecat.com\/#\/schema\/logo\/image\/\",\"url\":\"https:\/\/bikecat.com\/wp-content\/uploads\/2018\/11\/headerlogo-1.png\",\"contentUrl\":\"https:\/\/bikecat.com\/wp-content\/uploads\/2018\/11\/headerlogo-1.png\",\"width\":130,\"height\":55,\"caption\":\"Bikecat Cycling Tours\"},\"image\":{\"@id\":\"https:\/\/bikecat.com\/#\/schema\/logo\/image\/\"},\"sameAs\":[\"https:\/\/www.facebook.com\/Bikecat.TOURS\/\",\"https:\/\/x.com\/bikecatgirona\",\"https:\/\/www.instagram.com\/bikecat_cycling_tours\/\"]}]}<\/script>\n<!-- \/ Yoast SEO Premium plugin. -->","yoast_head_json":{"title":"The Fringe Tour Spain | Catalu\u00f1a, Aragon y Valencia","description":"Pedalea por Catalu\u00f1a, Arag\u00f3n y Valencia \u2014 el Fringe Tour conecta paisajes, cultura y sabor.","robots":{"index":"index","follow":"follow","max-snippet":"max-snippet:-1","max-image-preview":"max-image-preview:large","max-video-preview":"max-video-preview:-1"},"canonical":"https:\/\/bikecat.com\/es\/the-fringe-tour","og_locale":"es_ES","og_type":"article","og_title":"The Fringe Tour","og_description":"THE FRINGE TOUR&nbsp; The Fringe propone descubrir tres comunidades bien diferenciadas de Espa\u00f1a cruzando sus fronteras. Pero en The Fringe, m\u00e1s que","og_url":"https:\/\/bikecat.com\/es\/the-fringe-tour","og_site_name":"Bikecat","article_publisher":"https:\/\/www.facebook.com\/Bikecat.TOURS\/","article_modified_time":"2025-11-05T11:42:28+00:00","og_image":[{"width":591,"height":354,"url":"https:\/\/bikecat.com\/wp-content\/uploads\/2019\/12\/Logo-Bikecat-Cycling-Tours.jpg","type":"image\/jpeg"}],"twitter_card":"summary_large_image","twitter_site":"@bikecatgirona","twitter_misc":{"Tiempo de lectura":"2 minutos"},"schema":{"@context":"https:\/\/schema.org","@graph":[{"@type":"WebPage","@id":"https:\/\/bikecat.com\/es\/the-fringe-tour","url":"https:\/\/bikecat.com\/es\/the-fringe-tour","name":"The Fringe Tour Spain | Catalu\u00f1a, Aragon y Valencia","isPartOf":{"@id":"https:\/\/bikecat.com\/#website"},"datePublished":"2025-11-04T11:42:19+00:00","dateModified":"2025-11-05T11:42:28+00:00","description":"Pedalea por Catalu\u00f1a, Arag\u00f3n y Valencia \u2014 el Fringe Tour conecta paisajes, cultura y sabor.","breadcrumb":{"@id":"https:\/\/bikecat.com\/es\/the-fringe-tour#breadcrumb"},"inLanguage":"es","potentialAction":[{"@type":"ReadAction","target":["https:\/\/bikecat.com\/es\/the-fringe-tour"]}]},{"@type":"BreadcrumbList","@id":"https:\/\/bikecat.com\/es\/the-fringe-tour#breadcrumb","itemListElement":[{"@type":"ListItem","position":1,"name":"Portada","item":"https:\/\/bikecat.com\/es"},{"@type":"ListItem","position":2,"name":"The Fringe Tour"}]},{"@type":"WebSite","@id":"https:\/\/bikecat.com\/#website","url":"https:\/\/bikecat.com\/","name":"Bikecat","description":"Bikecat Custom Cycling Tours  - Unique and Exclusive Custom Cycling Tours","publisher":{"@id":"https:\/\/bikecat.com\/#organization"},"potentialAction":[{"@type":"SearchAction","target":{"@type":"EntryPoint","urlTemplate":"https:\/\/bikecat.com\/?s={search_term_string}"},"query-input":{"@type":"PropertyValueSpecification","valueRequired":true,"valueName":"search_term_string"}}],"inLanguage":"es"},{"@type":"Organization","@id":"https:\/\/bikecat.com\/#organization","name":"Bikecat Cycling Tours","url":"https:\/\/bikecat.com\/","logo":{"@type":"ImageObject","inLanguage":"es","@id":"https:\/\/bikecat.com\/#\/schema\/logo\/image\/","url":"https:\/\/bikecat.com\/wp-content\/uploads\/2018\/11\/headerlogo-1.png","contentUrl":"https:\/\/bikecat.com\/wp-content\/uploads\/2018\/11\/headerlogo-1.png","width":130,"height":55,"caption":"Bikecat Cycling Tours"},"image":{"@id":"https:\/\/bikecat.com\/#\/schema\/logo\/image\/"},"sameAs":["https:\/\/www.facebook.com\/Bikecat.TOURS\/","https:\/\/x.com\/bikecatgirona","https:\/\/www.instagram.com\/bikecat_cycling_tours\/"]}]}},"_links":{"self":[{"href":"https:\/\/bikecat.com\/es\/wp-json\/wp\/v2\/pages\/44469","targetHints":{"allow":["GET"]}}],"collection":[{"href":"https:\/\/bikecat.com\/es\/wp-json\/wp\/v2\/pages"}],"about":[{"href":"https:\/\/bikecat.com\/es\/wp-json\/wp\/v2\/types\/page"}],"author":[{"embeddable":true,"href":"https:\/\/bikecat.com\/es\/wp-json\/wp\/v2\/users\/1"}],"replies":[{"embeddable":true,"href":"https:\/\/bikecat.com\/es\/wp-json\/wp\/v2\/comments?post=44469"}],"version-history":[{"count":22,"href":"https:\/\/bikecat.com\/es\/wp-json\/wp\/v2\/pages\/44469\/revisions"}],"predecessor-version":[{"id":44534,"href":"https:\/\/bikecat.com\/es\/wp-json\/wp\/v2\/pages\/44469\/revisions\/44534"}],"wp:attachment":[{"href":"https:\/\/bikecat.com\/es\/wp-json\/wp\/v2\/media?parent=44469"}],"curies":[{"name":"wp","href":"https:\/\/api.w.org\/{rel}","templated":true}]}}