{"id":36137,"date":"2019-01-24T10:54:20","date_gmt":"2019-01-24T10:54:20","guid":{"rendered":"https:\/\/bikecat.com\/mariposa-cycling-tours"},"modified":"2025-11-13T15:21:45","modified_gmt":"2025-11-13T15:21:45","slug":"mariposa-cycling-tours","status":"publish","type":"page","link":"https:\/\/bikecat.com\/es\/mariposa-cycling-tours","title":{"rendered":"Mariposa Cycling Tours"},"content":{"rendered":"<div class=\"wpb-content-wrapper\"><p>[vc_row][vc_column][rev_slider_vc alias=\u00bbmariposa\u00bb][\/vc_column][\/vc_row][vc_row css=\u00bb.vc_custom_1575568204482{margin-top: 40px !important;}\u00bb][vc_column][\/vc_column][\/vc_row][vc_row css=\u00bb.vc_custom_1544103354063{margin-top: 20px !important;margin-right: 10px !important;}\u00bb][vc_column width=\u00bb1\/2&#8243;][vc_single_image image=\u00bb33060&#8243; img_size=\u00bblarge\u00bb css_animation=\u00bbleft-to-right\u00bb][\/vc_column][vc_column width=\u00bb1\/2&#8243;][vc_column_text css=\u00bb\u00bb]<\/p>\n<h1><span style=\"color: #d9272e;\"><strong>MARIPOSA CYCLING TOURS<\/strong><\/span><\/h1>\n<p>Hace quince a\u00f1os conocimos a Michael y Dede Barry, poco despu\u00e9s de que eligieran Girona como su hogar. Con el tiempo nos hicimos grandes amigos, compartiendo rutas inolvidables y largas comidas en buena compa\u00f1\u00eda. Enamorados de Catalu\u00f1a, a menudo dec\u00edan: \u201cAlg\u00fan d\u00eda tenemos que compartir estas experiencias con otros norteamericanos\u201d.<\/p>\n<p>Los Mariposa Cycling Tours son<a href=\"https:\/\/mariposabicycles.ca\/tours\/\"> tours en bicicleta personalizados<\/a> creados en colaboraci\u00f3n con Michael y Dede Barry. Durante este viaje de una semana, compartiremos algunas de nuestras rutas ciclistas, restaurantes y experiencias culturales favoritos. <\/p>\n<p>Catalu\u00f1a \u2014y especialmente Girona\u2014 ofrece infinitas atractivos por descubrir: peque\u00f1as carreteras rurales, paisajes tranquilos y restaurantes escondidos.<\/p>\n<p>Las condiciones son ideales para el ciclismo: carreteras tranquilas, ondulantes y con vistas. Subiremos por las laderas de los Pirineos, bajaremos a toda velocidad y terminaremos en el mar.[\/vc_column_text][\/vc_column][\/vc_row][vc_row css=\u00bb.vc_custom_1580554665355{margin-top: 40px !important;margin-right: 10px !important;}\u00bb][vc_column width=\u00bb1\/2&#8243;][vc_single_image image=\u00bb33064&#8243; img_size=\u00bbfull\u00bb][\/vc_column][vc_column width=\u00bb1\/2&#8243;][vc_column_text css=\u00bb\u00bb]<\/p>\n<h4><span style=\"color: #d9272e;\"><strong>La Ruta Mar y Monta\u00f1a<\/strong><\/span><\/h4>\n<p>\u201cCada a\u00f1o recorr\u00eda decenas de miles de kil\u00f3metros por Catalu\u00f1a entrenando para el circuito internacional. Buscaba rutas que no solo fueran desafiantes por la monta\u00f1a y por la costa, sino tambi\u00e9n las m\u00e1s hermosas y tranquilas. Carreteras en las que pod\u00edan pasar apenas una docena de coches en cinco horas.<\/p>\n<p>Algunas eran pistas de gravel que ascend\u00edan por la monta\u00f1a entre bosques de alcornoques, huertos o pastores con sus reba\u00f1os.<\/p>\n<p>A veces, con un amigo, par\u00e1bamos a comer en un peque\u00f1o restaurante rural, con el fuego encendido y la gente del pueblo charlando sobre las \u00faltimas noticias frente a sus cervezas y un buen plato de carne asada. Despu\u00e9s, volv\u00edamos pedaleando a casa. De todos los cientos de miles de kil\u00f3metros que he recorrido en mi vida, las rutas en Girona est\u00e1n entre las mejores. <\/p>\n<p>La Ruta Mar y Monta\u00f1a es un Mariposa Cycling Tour por muchas de estas carreteras. Se extiende por toda la provincia, desde el Mediterr\u00e1neo hasta los Pirineos. Una experiencia \u00fanica: paisajes id\u00edlicos, rutas exigentes \u2014t\u00e9cnica y f\u00edsicamente\u2014 y una riqueza cultural incomparable.\u00bb<\/p>\n<p>~Michael Barry[\/vc_column_text][\/vc_column][\/vc_row][vc_row css=\u00bb.vc_custom_1580554675230{margin-top: 40px !important;margin-right: 10px !important;}\u00bb][vc_column width=\u00bb1\/2&#8243;][vc_single_image image=\u00bb33058&#8243; img_size=\u00bblarge\u00bb][\/vc_column][vc_column width=\u00bb1\/2&#8243;][vc_column_text css=\u00bb\u00bb]<\/p>\n<h4><span style=\"color: #d9272e;\"><strong>Dede Barry<\/strong><\/span><\/h4>\n<p>Codirectora de <a href=\"https:\/\/mariposabicycles.ca\/\">Mariposa Bicycles<\/a>.<\/p>\n<p>Deportista nata, Dede creci\u00f3 en Milwaukee (Wisconsin) y se inici\u00f3 al ciclismo cuando era adolescente como entrenamiento para el patinaje de velocidad.<\/p>\n<p>Despu\u00e9s de tres a\u00f1os en el equipo nacional estadounidense de patinaje, empez\u00f3 a competir en ciclismo y pronto cosech\u00f3 grandes \u00e9xitos: gan\u00f3 el Campeonato del Mundo J\u00fanior en 1989. \u00c9ste fue el inicio a una brillante carrera de 16 a\u00f1os. <\/p>\n<p>Medallista de plata en los Juegos Ol\u00edmpicos de Atenas 2004 y m\u00faltiple medallista en campeonatos del mundo, nacionales y panamericanos, form\u00f3 parte de los equipos profesionales Saturn y T-Mobile, adem\u00e1s de la selecci\u00f3n nacional y ol\u00edmpica de EE. UU.<\/p>\n<p>M\u00e1s all\u00e1 de sus \u00e9xitos deportivos, Dede es MBA internacional. Su creatividad y visi\u00f3n la convierten en una l\u00edder natural. Aunque ya no compite, sigue siendo una deportista activa: corre, esqu\u00eda y pedalea con regularidad por los Toronto.  <\/p>\n<p>Junto con Michael y algunos amigos, organiza programas de formaci\u00f3n para j\u00f3venes ciclistas y participa en eventos ciclistas solidarios.[\/vc_column_text][\/vc_column][\/vc_row][vc_row css=\u00bb.vc_custom_1580554689456{margin-top: 40px !important;margin-right: 10px !important;}\u00bb][vc_column width=\u00bb1\/2&#8243;][vc_single_image image=\u00bb33062&#8243; img_size=\u00bblarge\u00bb][\/vc_column][vc_column width=\u00bb1\/2&#8243;][vc_column_text css=\u00bb\u00bb]<\/p>\n<h4><span style=\"color: #d9272e;\"><strong>Michael Barry<\/strong><\/span><\/h4>\n<p>Codirector de <a href=\"https:\/\/mariposabicycles.ca\/\">Mariposa Bicycles<\/a>.<\/p>\n<p>Nacido en una familia de ciclistas propietaria de una tienda de bicicletas en Toronto, Michael ha dedicado toda su vida a montar, competir y reparar bicicletas. Desde su retirada del ciclismo profesional en 2012, dirige Mariposa Bicycles. <\/p>\n<p>Durante su carrera represent\u00f3 a Canad\u00e1 en los Juegos Ol\u00edmpicos (\u201996, \u201904, \u201908) y de la Commonwealth, y fue ciclista del World Tour (1998\u20132012). Compiti\u00f3 en algunos de los equipos m\u00e1s destacados de su \u00e9poc como Team Sky, Columbia\u2013High Road, T-Mobile, Discovery Channel y U.S. Postal Service. Particip\u00f3 en el Tour de Francia, la Vuelta a Espa\u00f1a y el Giro de Italia.<\/p>\n<p>Apasionado de la escritura, es autor de cuatro libros y colaborador habitual en medios como The New York Times, The Times of London, Globe and Mail y Toronto Star.[\/vc_column_text][\/vc_column][\/vc_row][vc_row css=\u00bb.vc_custom_1578069023558{margin-top: 40px !important;margin-bottom: 40px !important;}\u00bb][vc_column][\/vc_column][\/vc_row]<\/p>\n<\/div>","protected":false},"excerpt":{"rendered":"<p>[vc_row][vc_column][rev_slider_vc alias=\u00bbmariposa\u00bb][\/vc_column][\/vc_row][vc_row css=\u00bb.vc_custom_1575568204482{margin-top: 40px !important;}\u00bb][vc_column][\/vc_column][\/vc_row][vc_row css=\u00bb.vc_custom_1544103354063{margin-top: 20px !important;margin-right: 10px !important;}\u00bb][vc_column width=\u00bb1\/2&#8243;][vc_single_image image=\u00bb33060&#8243; img_size=\u00bblarge\u00bb css_animation=\u00bbleft-to-right\u00bb][\/vc_column][vc_column width=\u00bb1\/2&#8243;][vc_column_text css=\u00bb\u00bb] MARIPOSA CYCLING TOURS Hace quince a\u00f1os conocimos a Michael y Dede Barry, poco despu\u00e9s de que eligieran Girona como su hogar. Con el tiempo nos hicimos grandes amigos, compartiendo rutas inolvidables y largas comidas en buena compa\u00f1\u00eda. Enamorados de [&hellip;]<\/p>\n","protected":false},"author":1,"featured_media":0,"parent":0,"menu_order":0,"comment_status":"closed","ping_status":"closed","template":"","meta":{"ngg_post_thumbnail":0,"footnotes":""},"class_list":["post-36137","page","type-page","status-publish","hentry"],"yoast_head":"<!-- This site is optimized with the Yoast SEO Premium plugin v27.2 (Yoast SEO v27.2) - https:\/\/yoast.com\/product\/yoast-seo-premium-wordpress\/ -->\n<title>Mariposa Cycling Tours | Pedalea con Michael y Dede Barry por Girona<\/title>\n<meta name=\"description\" content=\"Pedalea con los profesionales Michael y Dede Barry. Descubre utas, cultura y gastronom\u00eda de Girona en el Mariposa Tour.\" \/>\n<meta name=\"robots\" content=\"index, follow, max-snippet:-1, max-image-preview:large, max-video-preview:-1\" \/>\n<link rel=\"canonical\" href=\"https:\/\/bikecat.com\/es\/mariposa-cycling-tours\" \/>\n<meta property=\"og:locale\" content=\"es_ES\" \/>\n<meta property=\"og:type\" content=\"article\" \/>\n<meta property=\"og:title\" content=\"Mariposa Cycling Tours\" \/>\n<meta property=\"og:description\" content=\"MARIPOSA CYCLING TOURS Hace quince a\u00f1os conocimos a Michael y Dede Barry, poco despu\u00e9s de que eligieran Girona como su hogar. Con el tiempo nos hicimos\" \/>\n<meta property=\"og:url\" content=\"https:\/\/bikecat.com\/es\/mariposa-cycling-tours\" \/>\n<meta property=\"og:site_name\" content=\"Bikecat\" \/>\n<meta property=\"article:publisher\" content=\"https:\/\/www.facebook.com\/Bikecat.TOURS\/\" \/>\n<meta property=\"article:modified_time\" content=\"2025-11-13T15:21:45+00:00\" \/>\n<meta property=\"og:image\" content=\"https:\/\/bikecat.com\/wp-content\/uploads\/2020\/02\/Roadbook-Mariposa-La-Ruta-Mar-i-Muntanya.jpg\" \/>\n<meta name=\"twitter:card\" content=\"summary_large_image\" \/>\n<meta name=\"twitter:image\" content=\"https:\/\/bikecat.com\/wp-content\/uploads\/2020\/01\/Mariposa-Cycling-tours-the-Team.jpg\" \/>\n<meta name=\"twitter:site\" content=\"@bikecatgirona\" \/>\n<meta name=\"twitter:label1\" content=\"Tiempo de lectura\" \/>\n\t<meta name=\"twitter:data1\" content=\"4 minutos\" \/>\n<script type=\"application\/ld+json\" class=\"yoast-schema-graph\">{\"@context\":\"https:\/\/schema.org\",\"@graph\":[{\"@type\":\"WebPage\",\"@id\":\"https:\/\/bikecat.com\/es\/mariposa-cycling-tours\",\"url\":\"https:\/\/bikecat.com\/es\/mariposa-cycling-tours\",\"name\":\"Mariposa Cycling Tours | Pedalea con Michael y Dede Barry por Girona\",\"isPartOf\":{\"@id\":\"https:\/\/bikecat.com\/#website\"},\"datePublished\":\"2019-01-24T10:54:20+00:00\",\"dateModified\":\"2025-11-13T15:21:45+00:00\",\"description\":\"Pedalea con los profesionales Michael y Dede Barry. Descubre utas, cultura y gastronom\u00eda de Girona en el Mariposa Tour.\",\"breadcrumb\":{\"@id\":\"https:\/\/bikecat.com\/es\/mariposa-cycling-tours#breadcrumb\"},\"inLanguage\":\"es\",\"potentialAction\":[{\"@type\":\"ReadAction\",\"target\":[\"https:\/\/bikecat.com\/es\/mariposa-cycling-tours\"]}]},{\"@type\":\"BreadcrumbList\",\"@id\":\"https:\/\/bikecat.com\/es\/mariposa-cycling-tours#breadcrumb\",\"itemListElement\":[{\"@type\":\"ListItem\",\"position\":1,\"name\":\"Portada\",\"item\":\"https:\/\/bikecat.com\/es\"},{\"@type\":\"ListItem\",\"position\":2,\"name\":\"Mariposa Cycling Tours\"}]},{\"@type\":\"WebSite\",\"@id\":\"https:\/\/bikecat.com\/#website\",\"url\":\"https:\/\/bikecat.com\/\",\"name\":\"Bikecat\",\"description\":\"Bikecat Custom Cycling Tours  - Unique and Exclusive Custom Cycling Tours\",\"publisher\":{\"@id\":\"https:\/\/bikecat.com\/#organization\"},\"potentialAction\":[{\"@type\":\"SearchAction\",\"target\":{\"@type\":\"EntryPoint\",\"urlTemplate\":\"https:\/\/bikecat.com\/?s={search_term_string}\"},\"query-input\":{\"@type\":\"PropertyValueSpecification\",\"valueRequired\":true,\"valueName\":\"search_term_string\"}}],\"inLanguage\":\"es\"},{\"@type\":\"Organization\",\"@id\":\"https:\/\/bikecat.com\/#organization\",\"name\":\"Bikecat Cycling Tours\",\"url\":\"https:\/\/bikecat.com\/\",\"logo\":{\"@type\":\"ImageObject\",\"inLanguage\":\"es\",\"@id\":\"https:\/\/bikecat.com\/#\/schema\/logo\/image\/\",\"url\":\"https:\/\/bikecat.com\/wp-content\/uploads\/2018\/11\/headerlogo-1.png\",\"contentUrl\":\"https:\/\/bikecat.com\/wp-content\/uploads\/2018\/11\/headerlogo-1.png\",\"width\":130,\"height\":55,\"caption\":\"Bikecat Cycling Tours\"},\"image\":{\"@id\":\"https:\/\/bikecat.com\/#\/schema\/logo\/image\/\"},\"sameAs\":[\"https:\/\/www.facebook.com\/Bikecat.TOURS\/\",\"https:\/\/x.com\/bikecatgirona\",\"https:\/\/www.instagram.com\/bikecat_cycling_tours\/\"]}]}<\/script>\n<!-- \/ Yoast SEO Premium plugin. -->","yoast_head_json":{"title":"Mariposa Cycling Tours | Pedalea con Michael y Dede Barry por Girona","description":"Pedalea con los profesionales Michael y Dede Barry. Descubre utas, cultura y gastronom\u00eda de Girona en el Mariposa Tour.","robots":{"index":"index","follow":"follow","max-snippet":"max-snippet:-1","max-image-preview":"max-image-preview:large","max-video-preview":"max-video-preview:-1"},"canonical":"https:\/\/bikecat.com\/es\/mariposa-cycling-tours","og_locale":"es_ES","og_type":"article","og_title":"Mariposa Cycling Tours","og_description":"MARIPOSA CYCLING TOURS Hace quince a\u00f1os conocimos a Michael y Dede Barry, poco despu\u00e9s de que eligieran Girona como su hogar. Con el tiempo nos hicimos","og_url":"https:\/\/bikecat.com\/es\/mariposa-cycling-tours","og_site_name":"Bikecat","article_publisher":"https:\/\/www.facebook.com\/Bikecat.TOURS\/","article_modified_time":"2025-11-13T15:21:45+00:00","og_image":[{"url":"https:\/\/bikecat.com\/wp-content\/uploads\/2020\/02\/Roadbook-Mariposa-La-Ruta-Mar-i-Muntanya.jpg","type":"","width":"","height":""}],"twitter_card":"summary_large_image","twitter_image":"https:\/\/bikecat.com\/wp-content\/uploads\/2020\/01\/Mariposa-Cycling-tours-the-Team.jpg","twitter_site":"@bikecatgirona","twitter_misc":{"Tiempo de lectura":"4 minutos"},"schema":{"@context":"https:\/\/schema.org","@graph":[{"@type":"WebPage","@id":"https:\/\/bikecat.com\/es\/mariposa-cycling-tours","url":"https:\/\/bikecat.com\/es\/mariposa-cycling-tours","name":"Mariposa Cycling Tours | Pedalea con Michael y Dede Barry por Girona","isPartOf":{"@id":"https:\/\/bikecat.com\/#website"},"datePublished":"2019-01-24T10:54:20+00:00","dateModified":"2025-11-13T15:21:45+00:00","description":"Pedalea con los profesionales Michael y Dede Barry. Descubre utas, cultura y gastronom\u00eda de Girona en el Mariposa Tour.","breadcrumb":{"@id":"https:\/\/bikecat.com\/es\/mariposa-cycling-tours#breadcrumb"},"inLanguage":"es","potentialAction":[{"@type":"ReadAction","target":["https:\/\/bikecat.com\/es\/mariposa-cycling-tours"]}]},{"@type":"BreadcrumbList","@id":"https:\/\/bikecat.com\/es\/mariposa-cycling-tours#breadcrumb","itemListElement":[{"@type":"ListItem","position":1,"name":"Portada","item":"https:\/\/bikecat.com\/es"},{"@type":"ListItem","position":2,"name":"Mariposa Cycling Tours"}]},{"@type":"WebSite","@id":"https:\/\/bikecat.com\/#website","url":"https:\/\/bikecat.com\/","name":"Bikecat","description":"Bikecat Custom Cycling Tours  - Unique and Exclusive Custom Cycling Tours","publisher":{"@id":"https:\/\/bikecat.com\/#organization"},"potentialAction":[{"@type":"SearchAction","target":{"@type":"EntryPoint","urlTemplate":"https:\/\/bikecat.com\/?s={search_term_string}"},"query-input":{"@type":"PropertyValueSpecification","valueRequired":true,"valueName":"search_term_string"}}],"inLanguage":"es"},{"@type":"Organization","@id":"https:\/\/bikecat.com\/#organization","name":"Bikecat Cycling Tours","url":"https:\/\/bikecat.com\/","logo":{"@type":"ImageObject","inLanguage":"es","@id":"https:\/\/bikecat.com\/#\/schema\/logo\/image\/","url":"https:\/\/bikecat.com\/wp-content\/uploads\/2018\/11\/headerlogo-1.png","contentUrl":"https:\/\/bikecat.com\/wp-content\/uploads\/2018\/11\/headerlogo-1.png","width":130,"height":55,"caption":"Bikecat Cycling Tours"},"image":{"@id":"https:\/\/bikecat.com\/#\/schema\/logo\/image\/"},"sameAs":["https:\/\/www.facebook.com\/Bikecat.TOURS\/","https:\/\/x.com\/bikecatgirona","https:\/\/www.instagram.com\/bikecat_cycling_tours\/"]}]}},"_links":{"self":[{"href":"https:\/\/bikecat.com\/es\/wp-json\/wp\/v2\/pages\/36137","targetHints":{"allow":["GET"]}}],"collection":[{"href":"https:\/\/bikecat.com\/es\/wp-json\/wp\/v2\/pages"}],"about":[{"href":"https:\/\/bikecat.com\/es\/wp-json\/wp\/v2\/types\/page"}],"author":[{"embeddable":true,"href":"https:\/\/bikecat.com\/es\/wp-json\/wp\/v2\/users\/1"}],"replies":[{"embeddable":true,"href":"https:\/\/bikecat.com\/es\/wp-json\/wp\/v2\/comments?post=36137"}],"version-history":[{"count":8,"href":"https:\/\/bikecat.com\/es\/wp-json\/wp\/v2\/pages\/36137\/revisions"}],"predecessor-version":[{"id":44671,"href":"https:\/\/bikecat.com\/es\/wp-json\/wp\/v2\/pages\/36137\/revisions\/44671"}],"wp:attachment":[{"href":"https:\/\/bikecat.com\/es\/wp-json\/wp\/v2\/media?parent=36137"}],"curies":[{"name":"wp","href":"https:\/\/api.w.org\/{rel}","templated":true}]}}