{"id":33487,"date":"2019-01-24T10:55:06","date_gmt":"2019-01-24T10:55:06","guid":{"rendered":"https:\/\/bikecat.com\/costa-brava-dali-cycling-tour"},"modified":"2025-11-08T14:10:37","modified_gmt":"2025-11-08T14:10:37","slug":"costa-brava-dali-cycling-tour","status":"publish","type":"page","link":"https:\/\/bikecat.com\/es\/costa-brava-dali-cycling-tour","title":{"rendered":"Costa Brava &#8211; Dal\u00ed Cycling Tour"},"content":{"rendered":"<div class=\"wpb-content-wrapper\"><p>[vc_row][vc_column][rev_slider_vc alias=\u00bbdali\u00bb][\/vc_column][\/vc_row][vc_row css=\u00bb.vc_custom_1575567979760{margin-top: 40px !important;}\u00bb][vc_column][\/vc_column][\/vc_row][vc_row css=\u00bb.vc_custom_1544103354063{margin-top: 20px !important;margin-right: 10px !important;}\u00bb][vc_column width=\u00bb1\/2&#8243;][vc_single_image image=\u00bb32802&#8243; img_size=\u00bblarge\u00bb css_animation=\u00bbleft-to-right\u00bb][\/vc_column][vc_column width=\u00bb1\/2&#8243;][vc_column_text css=\u00bb\u00bb]<\/p>\n<h1><span style=\"color: #d9272e;\"><strong>COSTA BRAVA &#8211; <\/strong><\/span><span style=\"color: #d9272e;\"><strong>DAL\u00cd CYCLING TOUR<\/strong><\/span><\/h1>\n<p>Pedalea por la Costa Brava y ad\u00e9ntrate con nosotros en el Tri\u00e1ngulo Daliniano, los tres lugares m\u00e1s emblem\u00e1ticos donde <strong>Salvador Dal\u00ed <\/strong>vivi\u00f3 y cre\u00f3 gran parte de su obra.<\/p>\n<p>El Costa Brava \u2013 Dal\u00ed Cycling Tour comienza en Castell\u00f3 d\u2019Emp\u00faries, antigua capital del condado de Ampurias durante la Edad Media. Destinaremos cuatro d\u00edas a descubrir el norte de la provincia de Girona. Pedalearemos hasta el punto m\u00e1s oriental de la pen\u00ednsula ib\u00e9rica, el <g id=\"gid_0\">Cap de Creus<\/g>, y visitaremos el pintoresco pueblo de Cadaqu\u00e9s, donde Dal\u00ed pas\u00f3 los veranos de su infancia, y Portlligat, donde vivi\u00f3 de adulto y pint\u00f3 algunos de sus paisajes m\u00e1s c\u00e9lebres.    Disfrutaremos de rutas espectaculares con vistas al<strong> Mediterr\u00e1neo<\/strong> y a la frontera con Francia.<\/p>\n<p>Seguiremos el rastro de la historia de esta regi\u00f3n: desde los \u00edberos, la primera civilizaci\u00f3n que habit\u00f3 estas tierras, hasta los griegos y romanos que llegaron a Hispania y fundaron la ciudad de Emporion en el siglo VI a.C. Tambi\u00e9n visitaremos una bodega de la D.O. Empord\u00e0 y el Museo Dal\u00ed de Figueres. <\/p>\n<p>En el ecuador de nuestra aventura, nos dirigiremos a la ciudad de Girona. Nos alojaremos en el Hotel Historic o el Hotel Nord 1901, y disfrutaremos de rutas donde se entrenan los ciclistas profesionales. Los puertos de Mare de D\u00e9u del Mont y Rocacorba son los que muchos prueban antes de competir en el Tour de Francia.  <\/p>\n<p>Despu\u00e9s continuaremos hacia el castillo de P\u00fabol, la residencia de Gala, esposa de Dal\u00ed. Dal\u00ed compr\u00f3 este castillo del siglo XI en 1969 como regalo para su esposa y musa Gala. Lo decor\u00f3 con su estilo \u00fanico y exc\u00e9ntrico y parece que solo pod\u00eda visitarlo con permiso escrito de Gala. <\/p>\n<p>El Costa Brava \u2013 Dal\u00ed Cycling Tour es un tour personalizado, con una duraci\u00f3n m\u00ednima de cuatro d\u00edas, durante los que visitaremos el Tri\u00e1ngulo Daliniano. Las rutas nos llevar\u00e1n a P\u00fabol, Figueres, Cadaqu\u00e9s y Portlligat. Durante el trayecto disfrutaremos de la gastronom\u00eda de la zona y visitaremos algunos de los lugares m\u00e1s emblem\u00e1ticos de la vida del artista.  <\/p>\n<p>&nbsp;<\/p>\n<h4><span style=\"color: #d9272e;\"><strong>Otras actividades que puedes incluir en tu tour:<\/strong><\/span><\/h4>\n<h6>Visita a la bodega de Perelada: cata del vino favorito de Dal\u00ed en el encantador pueblo de Perelada, cerca de Figueres.<\/h6>\n<h6>Santuario dels \u00c0ngels: el lugar donde Dal\u00ed y Gala se casaron, en las afueras de Girona.<\/h6>\n<p>&nbsp;<\/p>\n<p><strong><span style=\"color: #000000;\">Opcional:<\/span><\/strong><\/p>\n<p>A\u00f1ade un gu\u00eda oficial experto en Dal\u00ed a tus visitas a los <a href=\"https:\/\/www.salvador-dali.org\/en\/museums\/dali-theatre-museum-in-figueres\/\" target=\"_blank\" rel=\"noopener noreferrer\">museos <\/a>de Figueres y P\u00fabol. En Portlligat, la visita guiada ya est\u00e1 incluida.[\/vc_column_text][\/vc_column][\/vc_row][vc_row css=\u00bb.vc_custom_1578069042235{margin-top: 40px !important;margin-bottom: 40px !important;}\u00bb][vc_column][\/vc_column][\/vc_row]<\/p>\n<\/div>","protected":false},"excerpt":{"rendered":"<p>[vc_row][vc_column][rev_slider_vc alias=\u00bbdali\u00bb][\/vc_column][\/vc_row][vc_row css=\u00bb.vc_custom_1575567979760{margin-top: 40px !important;}\u00bb][vc_column][\/vc_column][\/vc_row][vc_row css=\u00bb.vc_custom_1544103354063{margin-top: 20px !important;margin-right: 10px !important;}\u00bb][vc_column width=\u00bb1\/2&#8243;][vc_single_image image=\u00bb32802&#8243; img_size=\u00bblarge\u00bb css_animation=\u00bbleft-to-right\u00bb][\/vc_column][vc_column width=\u00bb1\/2&#8243;][vc_column_text css=\u00bb\u00bb] COSTA BRAVA &#8211; DAL\u00cd CYCLING TOUR Pedalea por la Costa Brava y ad\u00e9ntrate con nosotros en el Tri\u00e1ngulo Daliniano, los tres lugares m\u00e1s emblem\u00e1ticos donde Salvador Dal\u00ed vivi\u00f3 y cre\u00f3 gran parte de su obra. El Costa Brava \u2013 [&hellip;]<\/p>\n","protected":false},"author":1,"featured_media":0,"parent":0,"menu_order":0,"comment_status":"closed","ping_status":"closed","template":"","meta":{"ngg_post_thumbnail":0,"footnotes":""},"class_list":["post-33487","page","type-page","status-publish","hentry"],"yoast_head":"<!-- This site is optimized with the Yoast SEO Premium plugin v27.2 (Yoast SEO v27.2) - https:\/\/yoast.com\/product\/yoast-seo-premium-wordpress\/ -->\n<title>Costa Brava y Ruta Dal\u00ed en bicicleta | El Tri\u00e1ngulo Daliniano<\/title>\n<meta name=\"description\" content=\"Pedalea por la Costa Brava y explora el Tri\u00e1ngulo Daliniano \u2014 arte, cultura, mar y rutas ciclistas inolvidables.\" \/>\n<meta name=\"robots\" content=\"index, follow, max-snippet:-1, max-image-preview:large, max-video-preview:-1\" \/>\n<link rel=\"canonical\" href=\"https:\/\/bikecat.com\/es\/costa-brava-dali-cycling-tour\" \/>\n<meta property=\"og:locale\" content=\"es_ES\" \/>\n<meta property=\"og:type\" content=\"article\" \/>\n<meta property=\"og:title\" content=\"Costa Brava - Dal\u00ed Cycling Tour\" \/>\n<meta property=\"og:description\" content=\"COSTA BRAVA - DAL\u00cd CYCLING TOUR Pedalea por la Costa Brava y ad\u00e9ntrate con nosotros en el Tri\u00e1ngulo Daliniano, los tres lugares m\u00e1s emblem\u00e1ticos donde\" \/>\n<meta property=\"og:url\" content=\"https:\/\/bikecat.com\/es\/costa-brava-dali-cycling-tour\" \/>\n<meta property=\"og:site_name\" content=\"Bikecat\" \/>\n<meta property=\"article:publisher\" content=\"https:\/\/www.facebook.com\/Bikecat.TOURS\/\" \/>\n<meta property=\"article:modified_time\" content=\"2025-11-08T14:10:37+00:00\" \/>\n<meta property=\"og:image\" content=\"https:\/\/bikecat.com\/wp-content\/uploads\/2019\/12\/Salvador-Dali-Bikecat-Cycling-Tour.jpg\" \/>\n\t<meta property=\"og:image:width\" content=\"900\" \/>\n\t<meta property=\"og:image:height\" content=\"1300\" \/>\n\t<meta property=\"og:image:type\" content=\"image\/jpeg\" \/>\n<meta name=\"twitter:card\" content=\"summary_large_image\" \/>\n<meta name=\"twitter:site\" content=\"@bikecatgirona\" \/>\n<meta name=\"twitter:label1\" content=\"Tiempo de lectura\" \/>\n\t<meta name=\"twitter:data1\" content=\"3 minutos\" \/>\n<script type=\"application\/ld+json\" class=\"yoast-schema-graph\">{\"@context\":\"https:\/\/schema.org\",\"@graph\":[{\"@type\":\"WebPage\",\"@id\":\"https:\/\/bikecat.com\/es\/costa-brava-dali-cycling-tour\",\"url\":\"https:\/\/bikecat.com\/es\/costa-brava-dali-cycling-tour\",\"name\":\"Costa Brava y Ruta Dal\u00ed en bicicleta | El Tri\u00e1ngulo Daliniano\",\"isPartOf\":{\"@id\":\"https:\/\/bikecat.com\/#website\"},\"datePublished\":\"2019-01-24T10:55:06+00:00\",\"dateModified\":\"2025-11-08T14:10:37+00:00\",\"description\":\"Pedalea por la Costa Brava y explora el Tri\u00e1ngulo Daliniano \u2014 arte, cultura, mar y rutas ciclistas inolvidables.\",\"breadcrumb\":{\"@id\":\"https:\/\/bikecat.com\/es\/costa-brava-dali-cycling-tour#breadcrumb\"},\"inLanguage\":\"es\",\"potentialAction\":[{\"@type\":\"ReadAction\",\"target\":[\"https:\/\/bikecat.com\/es\/costa-brava-dali-cycling-tour\"]}]},{\"@type\":\"BreadcrumbList\",\"@id\":\"https:\/\/bikecat.com\/es\/costa-brava-dali-cycling-tour#breadcrumb\",\"itemListElement\":[{\"@type\":\"ListItem\",\"position\":1,\"name\":\"Portada\",\"item\":\"https:\/\/bikecat.com\/es\"},{\"@type\":\"ListItem\",\"position\":2,\"name\":\"Costa Brava &#8211; Dal\u00ed Cycling Tour\"}]},{\"@type\":\"WebSite\",\"@id\":\"https:\/\/bikecat.com\/#website\",\"url\":\"https:\/\/bikecat.com\/\",\"name\":\"Bikecat\",\"description\":\"Bikecat Custom Cycling Tours  - Unique and Exclusive Custom Cycling Tours\",\"publisher\":{\"@id\":\"https:\/\/bikecat.com\/#organization\"},\"potentialAction\":[{\"@type\":\"SearchAction\",\"target\":{\"@type\":\"EntryPoint\",\"urlTemplate\":\"https:\/\/bikecat.com\/?s={search_term_string}\"},\"query-input\":{\"@type\":\"PropertyValueSpecification\",\"valueRequired\":true,\"valueName\":\"search_term_string\"}}],\"inLanguage\":\"es\"},{\"@type\":\"Organization\",\"@id\":\"https:\/\/bikecat.com\/#organization\",\"name\":\"Bikecat Cycling Tours\",\"url\":\"https:\/\/bikecat.com\/\",\"logo\":{\"@type\":\"ImageObject\",\"inLanguage\":\"es\",\"@id\":\"https:\/\/bikecat.com\/#\/schema\/logo\/image\/\",\"url\":\"https:\/\/bikecat.com\/wp-content\/uploads\/2018\/11\/headerlogo-1.png\",\"contentUrl\":\"https:\/\/bikecat.com\/wp-content\/uploads\/2018\/11\/headerlogo-1.png\",\"width\":130,\"height\":55,\"caption\":\"Bikecat Cycling Tours\"},\"image\":{\"@id\":\"https:\/\/bikecat.com\/#\/schema\/logo\/image\/\"},\"sameAs\":[\"https:\/\/www.facebook.com\/Bikecat.TOURS\/\",\"https:\/\/x.com\/bikecatgirona\",\"https:\/\/www.instagram.com\/bikecat_cycling_tours\/\"]}]}<\/script>\n<!-- \/ Yoast SEO Premium plugin. -->","yoast_head_json":{"title":"Costa Brava y Ruta Dal\u00ed en bicicleta | El Tri\u00e1ngulo Daliniano","description":"Pedalea por la Costa Brava y explora el Tri\u00e1ngulo Daliniano \u2014 arte, cultura, mar y rutas ciclistas inolvidables.","robots":{"index":"index","follow":"follow","max-snippet":"max-snippet:-1","max-image-preview":"max-image-preview:large","max-video-preview":"max-video-preview:-1"},"canonical":"https:\/\/bikecat.com\/es\/costa-brava-dali-cycling-tour","og_locale":"es_ES","og_type":"article","og_title":"Costa Brava - Dal\u00ed Cycling Tour","og_description":"COSTA BRAVA - DAL\u00cd CYCLING TOUR Pedalea por la Costa Brava y ad\u00e9ntrate con nosotros en el Tri\u00e1ngulo Daliniano, los tres lugares m\u00e1s emblem\u00e1ticos donde","og_url":"https:\/\/bikecat.com\/es\/costa-brava-dali-cycling-tour","og_site_name":"Bikecat","article_publisher":"https:\/\/www.facebook.com\/Bikecat.TOURS\/","article_modified_time":"2025-11-08T14:10:37+00:00","og_image":[{"width":900,"height":1300,"url":"https:\/\/bikecat.com\/wp-content\/uploads\/2019\/12\/Salvador-Dali-Bikecat-Cycling-Tour.jpg","type":"image\/jpeg"}],"twitter_card":"summary_large_image","twitter_site":"@bikecatgirona","twitter_misc":{"Tiempo de lectura":"3 minutos"},"schema":{"@context":"https:\/\/schema.org","@graph":[{"@type":"WebPage","@id":"https:\/\/bikecat.com\/es\/costa-brava-dali-cycling-tour","url":"https:\/\/bikecat.com\/es\/costa-brava-dali-cycling-tour","name":"Costa Brava y Ruta Dal\u00ed en bicicleta | El Tri\u00e1ngulo Daliniano","isPartOf":{"@id":"https:\/\/bikecat.com\/#website"},"datePublished":"2019-01-24T10:55:06+00:00","dateModified":"2025-11-08T14:10:37+00:00","description":"Pedalea por la Costa Brava y explora el Tri\u00e1ngulo Daliniano \u2014 arte, cultura, mar y rutas ciclistas inolvidables.","breadcrumb":{"@id":"https:\/\/bikecat.com\/es\/costa-brava-dali-cycling-tour#breadcrumb"},"inLanguage":"es","potentialAction":[{"@type":"ReadAction","target":["https:\/\/bikecat.com\/es\/costa-brava-dali-cycling-tour"]}]},{"@type":"BreadcrumbList","@id":"https:\/\/bikecat.com\/es\/costa-brava-dali-cycling-tour#breadcrumb","itemListElement":[{"@type":"ListItem","position":1,"name":"Portada","item":"https:\/\/bikecat.com\/es"},{"@type":"ListItem","position":2,"name":"Costa Brava &#8211; Dal\u00ed Cycling Tour"}]},{"@type":"WebSite","@id":"https:\/\/bikecat.com\/#website","url":"https:\/\/bikecat.com\/","name":"Bikecat","description":"Bikecat Custom Cycling Tours  - Unique and Exclusive Custom Cycling Tours","publisher":{"@id":"https:\/\/bikecat.com\/#organization"},"potentialAction":[{"@type":"SearchAction","target":{"@type":"EntryPoint","urlTemplate":"https:\/\/bikecat.com\/?s={search_term_string}"},"query-input":{"@type":"PropertyValueSpecification","valueRequired":true,"valueName":"search_term_string"}}],"inLanguage":"es"},{"@type":"Organization","@id":"https:\/\/bikecat.com\/#organization","name":"Bikecat Cycling Tours","url":"https:\/\/bikecat.com\/","logo":{"@type":"ImageObject","inLanguage":"es","@id":"https:\/\/bikecat.com\/#\/schema\/logo\/image\/","url":"https:\/\/bikecat.com\/wp-content\/uploads\/2018\/11\/headerlogo-1.png","contentUrl":"https:\/\/bikecat.com\/wp-content\/uploads\/2018\/11\/headerlogo-1.png","width":130,"height":55,"caption":"Bikecat Cycling Tours"},"image":{"@id":"https:\/\/bikecat.com\/#\/schema\/logo\/image\/"},"sameAs":["https:\/\/www.facebook.com\/Bikecat.TOURS\/","https:\/\/x.com\/bikecatgirona","https:\/\/www.instagram.com\/bikecat_cycling_tours\/"]}]}},"_links":{"self":[{"href":"https:\/\/bikecat.com\/es\/wp-json\/wp\/v2\/pages\/33487","targetHints":{"allow":["GET"]}}],"collection":[{"href":"https:\/\/bikecat.com\/es\/wp-json\/wp\/v2\/pages"}],"about":[{"href":"https:\/\/bikecat.com\/es\/wp-json\/wp\/v2\/types\/page"}],"author":[{"embeddable":true,"href":"https:\/\/bikecat.com\/es\/wp-json\/wp\/v2\/users\/1"}],"replies":[{"embeddable":true,"href":"https:\/\/bikecat.com\/es\/wp-json\/wp\/v2\/comments?post=33487"}],"version-history":[{"count":4,"href":"https:\/\/bikecat.com\/es\/wp-json\/wp\/v2\/pages\/33487\/revisions"}],"predecessor-version":[{"id":44612,"href":"https:\/\/bikecat.com\/es\/wp-json\/wp\/v2\/pages\/33487\/revisions\/44612"}],"wp:attachment":[{"href":"https:\/\/bikecat.com\/es\/wp-json\/wp\/v2\/media?parent=33487"}],"curies":[{"name":"wp","href":"https:\/\/api.w.org\/{rel}","templated":true}]}}