{"id":33437,"date":"2019-01-24T10:57:31","date_gmt":"2019-01-24T10:57:31","guid":{"rendered":"https:\/\/bikecat.com\/trans-pyrenees-cycling-tour"},"modified":"2026-02-18T11:58:41","modified_gmt":"2026-02-18T11:58:41","slug":"trans-pyrenees-cycling-tour","status":"publish","type":"page","link":"https:\/\/bikecat.com\/es\/trans-pyrenees-cycling-tour","title":{"rendered":"Trans Pyrenees Cycling Tour"},"content":{"rendered":"<div class=\"wpb-content-wrapper\"><p>[vc_row][vc_column][rev_slider_vc alias=\u00bbtranspirinaica\u00bb][\/vc_column][\/vc_row][vc_row css=\u00bb.vc_custom_1575567780126{margin-top: 40px !important;}\u00bb][vc_column][\/vc_column][\/vc_row][vc_row css=\u00bb.vc_custom_1544103354063{margin-top: 20px !important;margin-right: 10px !important;}\u00bb][vc_column width=\u00bb1\/2&#8243;][vc_single_image image=\u00bb32746&#8243; img_size=\u00bblarge\u00bb css_animation=\u00bbleft-to-right\u00bb][\/vc_column][vc_column width=\u00bb1\/2&#8243;][vc_column_text css=\u00bb\u00bb]<\/p>\n<h1><span style=\"color: #d9272e;\"><strong>Trans Pyrenees Cycling Tour<\/strong><\/span><\/h1>\n<p>La \u201c<strong>Transpirenaica<\/strong>\u201d, o <strong>Trans Pyrenees Cycling Tour,<\/strong> te llevar\u00e1 desde el mar Mediterr\u00e1neo hasta el oc\u00e9ano Atl\u00e1ntico recorriendo la vertiente sur de los Pirineos.<\/p>\n<p>En este viaje, pedalearemos por las carreteras m\u00e1s tranquilas y espectaculares para llevarte desde el Pirineo Oriental hasta San Sebasti\u00e1n, en el Pa\u00eds Vasco.<\/p>\n<p>Nos tomaremos el tiempo necesario para sumergirnos en la riqueza cultural, la diversidad de lenguas y la personalidad gastron\u00f3mica de Arag\u00f3n, los Altos Pirineos franceses, Navarra y Euskadi.[\/vc_column_text][\/vc_column][\/vc_row][vc_row css=\u00bb.vc_custom_1577134379519{margin-right: 10px !important;}\u00bb][vc_column width=\u00bb1\/2&#8243;][vc_single_image image=\u00bb32632&#8243; img_size=\u00bblarge\u00bb css_animation=\u00bbleft-to-right\u00bb][vc_single_image image=\u00bb45021&#8243; img_size=\u00bblarge\u00bb css_animation=\u00bbleft-to-right\u00bb css=\u00bb\u00bb][\/vc_column][vc_column width=\u00bb1\/2&#8243;][vc_column_text css=\u00bb\u00bb]<\/p>\n<h4 style=\"text-align: left;\"><span style=\"color: #d9272e;\"><strong>Nuestra filosof\u00eda<\/strong><\/span><\/h4>\n<p>Tras organizar el \u00abCoast to Coast\u00bb original, nos dimos cuenta de que no era exactamente el tipo de vacaciones relajadas que busc\u00e1bamos. Por eso dise\u00f1amos nuestra propia versi\u00f3n de la Transpirenaica: partimos de un pueblo con encanto en pleno coraz\u00f3n del Pirineo y avanzamos hacia San Sebasti\u00e1n sin prisas, pasando un par de noches en cada lugar para saborear los contrastes de cada regi\u00f3n.  <\/p>\n<p>Con los a\u00f1os hemos ido puliendo este viaje para garantizar que la ruta sea desafiante e impresionante a partes iguales, siempre maridada con una experiencia culinaria de alto nivel. En Bikecat seleccionamos las carreteras m\u00e1s rec\u00f3nditas y bonitas para combinarlas con la mejor cocina de cada zona. <\/p>\n<p>Ofrecemos <strong>dos versiones <\/strong>del Trans Pyrenees Cycling Tour; ambas con inicio en un peque\u00f1o pueblo del Pirineo aragon\u00e9s.<\/p>\n<h4 style=\"text-align: left;\"><span style=\"color: #d9272e;\"><strong>Transpirenaica espa\u00f1ola o francesa<\/strong><\/span><\/h4>\n<ul>\n<li><strong>Spanish Trans Pyrenees:<\/strong> Para explorar la cara m\u00e1s salvaje y desconocida de la cordillera. Pedalea por carreteras solitarias, con un tr\u00e1fico casi inexistente, entre yacimientos hist\u00f3ricos y paisajes llenos de contrastes <\/li>\n<li><strong>French Trans Pyrenees: <\/strong>Situada en los Hautes-Pyr\u00e9n\u00e9es, esta ruta incluye algunos de los puertos m\u00e1s legendarios del Tour de Francia: Aspin, Tourmalet, Hautacam y Aubisque, entre otros.<\/li>\n<\/ul>\n<p>&nbsp;<\/p>\n<p>Ambos itinerarios tienen en com\u00fan Roncesvalles, el punto de partida de las rutas m\u00e1s populares del <strong>Camino de Santiago<\/strong>, y terminan en la ciudad de San Sebasti\u00e1n.<\/p>\n<p><strong>Importante: <\/strong>Debido a la variabilidad del tiempo en alta monta\u00f1a, este tour solo se programa desde finales de mayo hasta septiembre.[\/vc_column_text][\/vc_column][\/vc_row][vc_row css=\u00bb.vc_custom_1578068854700{margin-top: 40px !important;margin-bottom: 40px !important;}\u00bb][vc_column][\/vc_column][\/vc_row]<\/p>\n<\/div>","protected":false},"excerpt":{"rendered":"<p>[vc_row][vc_column][rev_slider_vc alias=\u00bbtranspirinaica\u00bb][\/vc_column][\/vc_row][vc_row css=\u00bb.vc_custom_1575567780126{margin-top: 40px !important;}\u00bb][vc_column][\/vc_column][\/vc_row][vc_row css=\u00bb.vc_custom_1544103354063{margin-top: 20px !important;margin-right: 10px !important;}\u00bb][vc_column width=\u00bb1\/2&#8243;][vc_single_image image=\u00bb32746&#8243; img_size=\u00bblarge\u00bb css_animation=\u00bbleft-to-right\u00bb][\/vc_column][vc_column width=\u00bb1\/2&#8243;][vc_column_text css=\u00bb\u00bb] Trans Pyrenees Cycling Tour La \u201cTranspirenaica\u201d, o Trans Pyrenees Cycling Tour, te llevar\u00e1 desde el mar Mediterr\u00e1neo hasta el oc\u00e9ano Atl\u00e1ntico recorriendo la vertiente sur de los Pirineos. En este viaje, pedalearemos por las carreteras m\u00e1s tranquilas y espectaculares [&hellip;]<\/p>\n","protected":false},"author":1,"featured_media":0,"parent":0,"menu_order":0,"comment_status":"closed","ping_status":"closed","template":"","meta":{"ngg_post_thumbnail":0,"footnotes":""},"class_list":["post-33437","page","type-page","status-publish","hentry"],"yoast_head":"<!-- This site is optimized with the Yoast SEO Premium plugin v27.2 (Yoast SEO v27.2) - https:\/\/yoast.com\/product\/yoast-seo-premium-wordpress\/ -->\n<title>Trans Pyrenees Cycling Tour: de costa a costa<\/title>\n<meta name=\"description\" content=\"Descubre la Transpirenaica con Bikecat. Elige entre la ruta espa\u00f1ola o francesa con puertos legendarios y la mejor cocina local.\" \/>\n<meta name=\"robots\" content=\"index, follow, max-snippet:-1, max-image-preview:large, max-video-preview:-1\" \/>\n<link rel=\"canonical\" href=\"https:\/\/bikecat.com\/es\/trans-pyrenees-cycling-tour\" \/>\n<meta property=\"og:locale\" content=\"es_ES\" \/>\n<meta property=\"og:type\" content=\"article\" \/>\n<meta property=\"og:title\" content=\"Trans Pyrenees Cycling Tour\" \/>\n<meta property=\"og:description\" content=\"Trans Pyrenees Cycling Tour La \u201cTranspirenaica\u201d, o Trans Pyrenees Cycling Tour, te llevar\u00e1 desde el mar Mediterr\u00e1neo hasta el oc\u00e9ano Atl\u00e1ntico recorriendo\" \/>\n<meta property=\"og:url\" content=\"https:\/\/bikecat.com\/es\/trans-pyrenees-cycling-tour\" \/>\n<meta property=\"og:site_name\" content=\"Bikecat\" \/>\n<meta property=\"article:publisher\" content=\"https:\/\/www.facebook.com\/Bikecat.TOURS\/\" \/>\n<meta property=\"article:modified_time\" content=\"2026-02-18T11:58:41+00:00\" \/>\n<meta property=\"og:image\" content=\"https:\/\/bikecat.com\/wp-content\/uploads\/2019\/12\/Bikecat-Sud-de-France-Cycling-Tour-2.jpg\" \/>\n\t<meta property=\"og:image:width\" content=\"1920\" \/>\n\t<meta property=\"og:image:height\" content=\"576\" \/>\n\t<meta property=\"og:image:type\" content=\"image\/jpeg\" \/>\n<meta name=\"twitter:card\" content=\"summary_large_image\" \/>\n<meta name=\"twitter:site\" content=\"@bikecatgirona\" \/>\n<meta name=\"twitter:label1\" content=\"Tiempo de lectura\" \/>\n\t<meta name=\"twitter:data1\" content=\"2 minutos\" \/>\n<script type=\"application\/ld+json\" class=\"yoast-schema-graph\">{\"@context\":\"https:\/\/schema.org\",\"@graph\":[{\"@type\":\"WebPage\",\"@id\":\"https:\/\/bikecat.com\/es\/trans-pyrenees-cycling-tour\",\"url\":\"https:\/\/bikecat.com\/es\/trans-pyrenees-cycling-tour\",\"name\":\"Trans Pyrenees Cycling Tour: de costa a costa\",\"isPartOf\":{\"@id\":\"https:\/\/bikecat.com\/#website\"},\"datePublished\":\"2019-01-24T10:57:31+00:00\",\"dateModified\":\"2026-02-18T11:58:41+00:00\",\"description\":\"Descubre la Transpirenaica con Bikecat. Elige entre la ruta espa\u00f1ola o francesa con puertos legendarios y la mejor cocina local.\",\"breadcrumb\":{\"@id\":\"https:\/\/bikecat.com\/es\/trans-pyrenees-cycling-tour#breadcrumb\"},\"inLanguage\":\"es\",\"potentialAction\":[{\"@type\":\"ReadAction\",\"target\":[\"https:\/\/bikecat.com\/es\/trans-pyrenees-cycling-tour\"]}]},{\"@type\":\"BreadcrumbList\",\"@id\":\"https:\/\/bikecat.com\/es\/trans-pyrenees-cycling-tour#breadcrumb\",\"itemListElement\":[{\"@type\":\"ListItem\",\"position\":1,\"name\":\"Portada\",\"item\":\"https:\/\/bikecat.com\/es\"},{\"@type\":\"ListItem\",\"position\":2,\"name\":\"Trans Pyrenees Cycling Tour\"}]},{\"@type\":\"WebSite\",\"@id\":\"https:\/\/bikecat.com\/#website\",\"url\":\"https:\/\/bikecat.com\/\",\"name\":\"Bikecat\",\"description\":\"Bikecat Custom Cycling Tours  - Unique and Exclusive Custom Cycling Tours\",\"publisher\":{\"@id\":\"https:\/\/bikecat.com\/#organization\"},\"potentialAction\":[{\"@type\":\"SearchAction\",\"target\":{\"@type\":\"EntryPoint\",\"urlTemplate\":\"https:\/\/bikecat.com\/?s={search_term_string}\"},\"query-input\":{\"@type\":\"PropertyValueSpecification\",\"valueRequired\":true,\"valueName\":\"search_term_string\"}}],\"inLanguage\":\"es\"},{\"@type\":\"Organization\",\"@id\":\"https:\/\/bikecat.com\/#organization\",\"name\":\"Bikecat Cycling Tours\",\"url\":\"https:\/\/bikecat.com\/\",\"logo\":{\"@type\":\"ImageObject\",\"inLanguage\":\"es\",\"@id\":\"https:\/\/bikecat.com\/#\/schema\/logo\/image\/\",\"url\":\"https:\/\/bikecat.com\/wp-content\/uploads\/2018\/11\/headerlogo-1.png\",\"contentUrl\":\"https:\/\/bikecat.com\/wp-content\/uploads\/2018\/11\/headerlogo-1.png\",\"width\":130,\"height\":55,\"caption\":\"Bikecat Cycling Tours\"},\"image\":{\"@id\":\"https:\/\/bikecat.com\/#\/schema\/logo\/image\/\"},\"sameAs\":[\"https:\/\/www.facebook.com\/Bikecat.TOURS\/\",\"https:\/\/x.com\/bikecatgirona\",\"https:\/\/www.instagram.com\/bikecat_cycling_tours\/\"]}]}<\/script>\n<!-- \/ Yoast SEO Premium plugin. -->","yoast_head_json":{"title":"Trans Pyrenees Cycling Tour: de costa a costa","description":"Descubre la Transpirenaica con Bikecat. Elige entre la ruta espa\u00f1ola o francesa con puertos legendarios y la mejor cocina local.","robots":{"index":"index","follow":"follow","max-snippet":"max-snippet:-1","max-image-preview":"max-image-preview:large","max-video-preview":"max-video-preview:-1"},"canonical":"https:\/\/bikecat.com\/es\/trans-pyrenees-cycling-tour","og_locale":"es_ES","og_type":"article","og_title":"Trans Pyrenees Cycling Tour","og_description":"Trans Pyrenees Cycling Tour La \u201cTranspirenaica\u201d, o Trans Pyrenees Cycling Tour, te llevar\u00e1 desde el mar Mediterr\u00e1neo hasta el oc\u00e9ano Atl\u00e1ntico recorriendo","og_url":"https:\/\/bikecat.com\/es\/trans-pyrenees-cycling-tour","og_site_name":"Bikecat","article_publisher":"https:\/\/www.facebook.com\/Bikecat.TOURS\/","article_modified_time":"2026-02-18T11:58:41+00:00","og_image":[{"width":1920,"height":576,"url":"https:\/\/bikecat.com\/wp-content\/uploads\/2019\/12\/Bikecat-Sud-de-France-Cycling-Tour-2.jpg","type":"image\/jpeg"}],"twitter_card":"summary_large_image","twitter_site":"@bikecatgirona","twitter_misc":{"Tiempo de lectura":"2 minutos"},"schema":{"@context":"https:\/\/schema.org","@graph":[{"@type":"WebPage","@id":"https:\/\/bikecat.com\/es\/trans-pyrenees-cycling-tour","url":"https:\/\/bikecat.com\/es\/trans-pyrenees-cycling-tour","name":"Trans Pyrenees Cycling Tour: de costa a costa","isPartOf":{"@id":"https:\/\/bikecat.com\/#website"},"datePublished":"2019-01-24T10:57:31+00:00","dateModified":"2026-02-18T11:58:41+00:00","description":"Descubre la Transpirenaica con Bikecat. Elige entre la ruta espa\u00f1ola o francesa con puertos legendarios y la mejor cocina local.","breadcrumb":{"@id":"https:\/\/bikecat.com\/es\/trans-pyrenees-cycling-tour#breadcrumb"},"inLanguage":"es","potentialAction":[{"@type":"ReadAction","target":["https:\/\/bikecat.com\/es\/trans-pyrenees-cycling-tour"]}]},{"@type":"BreadcrumbList","@id":"https:\/\/bikecat.com\/es\/trans-pyrenees-cycling-tour#breadcrumb","itemListElement":[{"@type":"ListItem","position":1,"name":"Portada","item":"https:\/\/bikecat.com\/es"},{"@type":"ListItem","position":2,"name":"Trans Pyrenees Cycling Tour"}]},{"@type":"WebSite","@id":"https:\/\/bikecat.com\/#website","url":"https:\/\/bikecat.com\/","name":"Bikecat","description":"Bikecat Custom Cycling Tours  - Unique and Exclusive Custom Cycling Tours","publisher":{"@id":"https:\/\/bikecat.com\/#organization"},"potentialAction":[{"@type":"SearchAction","target":{"@type":"EntryPoint","urlTemplate":"https:\/\/bikecat.com\/?s={search_term_string}"},"query-input":{"@type":"PropertyValueSpecification","valueRequired":true,"valueName":"search_term_string"}}],"inLanguage":"es"},{"@type":"Organization","@id":"https:\/\/bikecat.com\/#organization","name":"Bikecat Cycling Tours","url":"https:\/\/bikecat.com\/","logo":{"@type":"ImageObject","inLanguage":"es","@id":"https:\/\/bikecat.com\/#\/schema\/logo\/image\/","url":"https:\/\/bikecat.com\/wp-content\/uploads\/2018\/11\/headerlogo-1.png","contentUrl":"https:\/\/bikecat.com\/wp-content\/uploads\/2018\/11\/headerlogo-1.png","width":130,"height":55,"caption":"Bikecat Cycling Tours"},"image":{"@id":"https:\/\/bikecat.com\/#\/schema\/logo\/image\/"},"sameAs":["https:\/\/www.facebook.com\/Bikecat.TOURS\/","https:\/\/x.com\/bikecatgirona","https:\/\/www.instagram.com\/bikecat_cycling_tours\/"]}]}},"_links":{"self":[{"href":"https:\/\/bikecat.com\/es\/wp-json\/wp\/v2\/pages\/33437","targetHints":{"allow":["GET"]}}],"collection":[{"href":"https:\/\/bikecat.com\/es\/wp-json\/wp\/v2\/pages"}],"about":[{"href":"https:\/\/bikecat.com\/es\/wp-json\/wp\/v2\/types\/page"}],"author":[{"embeddable":true,"href":"https:\/\/bikecat.com\/es\/wp-json\/wp\/v2\/users\/1"}],"replies":[{"embeddable":true,"href":"https:\/\/bikecat.com\/es\/wp-json\/wp\/v2\/comments?post=33437"}],"version-history":[{"count":4,"href":"https:\/\/bikecat.com\/es\/wp-json\/wp\/v2\/pages\/33437\/revisions"}],"predecessor-version":[{"id":45033,"href":"https:\/\/bikecat.com\/es\/wp-json\/wp\/v2\/pages\/33437\/revisions\/45033"}],"wp:attachment":[{"href":"https:\/\/bikecat.com\/es\/wp-json\/wp\/v2\/media?parent=33437"}],"curies":[{"name":"wp","href":"https:\/\/api.w.org\/{rel}","templated":true}]}}