{"id":33417,"date":"2019-01-24T10:50:10","date_gmt":"2019-01-24T10:50:10","guid":{"rendered":"https:\/\/bikecat.com\/girona-cycling-tour"},"modified":"2025-11-05T16:15:58","modified_gmt":"2025-11-05T16:15:58","slug":"girona-cycling-tour","status":"publish","type":"page","link":"https:\/\/bikecat.com\/es\/girona-cycling-tour","title":{"rendered":"Ruta ciclista por Gerona"},"content":{"rendered":"<div class=\"wpb-content-wrapper\"><p>[vc_row][vc_column][rev_slider_vc alias=\u00bbgirona\u00bb][\/vc_column][\/vc_row][vc_row css=\u00bb.vc_custom_1544101512496{margin-top: 30px !important;}\u00bb][vc_column][\/vc_column][\/vc_row][vc_row css=\u00bb.vc_custom_1544103354063{margin-top: 20px !important;margin-right: 10px !important;}\u00bb][vc_column width=\u00bb1\/2&#8243;][vc_single_image image=\u00bb33014&#8243; img_size=\u00bblarge\u00bb css_animation=\u00bbleft-to-right\u00bb][vc_single_image image=\u00bb44553&#8243; img_size=\u00bblarge\u00bb css_animation=\u00bbleft-to-right\u00bb][vc_single_image image=\u00bb44550&#8243; img_size=\u00bblarge\u00bb css_animation=\u00bbleft-to-right\u00bb][\/vc_column][vc_column width=\u00bb1\/2&#8243;][vc_column_text]<\/p>\n<h1><span style=\"color: #d9272e; font-size: 24pt; font-family: Raleway, geneva, sans-serif;\"><strong>GIRONA CYCLING TOUR<\/strong><\/span><\/h1>\n<p>El Girona Cycling Tour es tu oportunidad para venir a pedalear en el lugar elegido por muchos ciclistas profesionales, con el toque \u00fanico que s\u00f3lo los gu\u00edas locales pueden ofrecer.<\/p>\n<p>A finales de los a\u00f1os noventa, varios ciclistas norteamericanos se establecieron en Girona. George Hincapie, Michael Barry junto con Dede Barry, Freddie Rodriguez, el director del equipo US Postal Johnny Weltz y, especialmente, Lance Armstrong, proyectaron este destino a nivel internacional.<\/p>\n<p>Un equipo de desarrollo estadounidense estableci\u00f3 su base en el casco antiguo. Inicialmente llamado Tiaa-Cref, con el paso de los a\u00f1os se convirti\u00f3 en un equipo profesional de primera clase de la UCI, ahora llamado EF Pro Cycling Team.<\/p>\n<p>Actualmente hay m\u00e1s de 200 ciclistas profesionales europeos, australianos y norteamericanos con sede en Girona. Puedes encontrarlos f\u00e1cilmente paseando por la ciudad o entrenando por sus carreteras.<\/p>\n<p>&nbsp;<\/p>\n<h4><span style=\"color: #d9272e;\"><strong>Girona Tour<\/strong><\/span><\/h4>\n<p>El tour est\u00e1ndar de Girona tiene una duraci\u00f3n de 8 d\u00edas y 7 noches, y sus rutas est\u00e1n dise\u00f1adas para que disfrutes y descubras los secretos mejor guardados de esta tierra, paisajes espectaculares y carreteras secundarias incre\u00edbles. Este es el punto de partida perfecto para dise\u00f1ar tu tour personalizado en Girona.<\/p>\n<p>Nos encantar\u00e1 darte la bienvenida a Girona, una ciudad con encanto situada a medio camino entre Barcelona y los Pirineos, con condiciones inmejorables para la pr\u00e1ctica del ciclismo. Nos alojaremos en el coraz\u00f3n del casco antiguo, en el mismo hotel donde <strong>muchos ciclistas profesionales<\/strong> se han hospedado durante las dos \u00faltimas d\u00e9cadas.<\/p>\n<p>Y para completar la experiencia, te llevaremos a degustar la mejor gastronom\u00eda local. Restaurantes cuidadosamente seleccionados a lo largo de las rutas y cenas relajadas al final del d\u00eda son la combinaci\u00f3n perfecta para unas jornadas de ciclismo inolvidables.<\/p>\n<p>&nbsp;<\/p>\n<blockquote><p>\u00abAbrimos nuestra ciudad para ti, como hicimos al principio, cuando empezaron a venir los primeros profesionales. Pedaleando con ellos, compartiendo los lugares que amamos, nuestras costumbres, cultura, estilo de vida relajado, y muchos restaurantes y caf\u00e9s locales&#8230;\u00bb<\/p>\n<p>Ricard Huelamo &#8211; <a href=\"http:\/\/www.clinicarihuma.com\/\">Clinica Rihuma<\/a><\/p><\/blockquote>\n<p>&nbsp;<\/p>\n<p>Durante el tour visitaremos pueblos y lugares \u00fanicos: desde la costa rocosa de la <strong>Costa Brava<\/strong> hasta los Pirineos, pasando por las monta\u00f1as del Montseny y la singular regi\u00f3n volc\u00e1nica de La Garrotxa.<\/p>\n<p>Pon a prueba tus piernas en las mismas subidas donde entrenan los profesionales: Els \u00c0ngels, Sant Hilari, Amer, Sant Grau o el <strong>m\u00edtico Rocacorba<\/strong>. \u00a1Hay tantas opciones que no podr\u00e1s completarlas todas en una semana!<\/p>\n<p>El itinerario combina etapas de monta\u00f1a y recorridos m\u00e1s suaves, pensados para mejorar fuerza y resistencia. Facilitamos, as\u00ed, una recuperaci\u00f3n \u00f3ptima y un rendimiento constante durante todos los d\u00edas del tour. Todos los detalles del Girona Cycling Tour puede personalizarse seg\u00fan tus necesidades.<\/p>\n<h6>Un gu\u00eda experimentado te acompa\u00f1ar\u00e1 todos los d\u00edas, explicando las caracter\u00edsticas, dificultades y curiosidades de cada ruta.<\/h6>\n<h6>Una furgoneta de apoyo con comida, bebida, botiqu\u00edn y todo lo necesario seguir\u00e1 cada recorrido para brindarte comodidad y seguridad.<\/h6>\n<p>[\/vc_column_text][\/vc_column][\/vc_row][vc_row css=\u00bb.vc_custom_1578067605874{margin-top: 40px !important;margin-bottom: 40px !important;}\u00bb][vc_column][\/vc_column][\/vc_row]<\/p>\n<\/div>","protected":false},"excerpt":{"rendered":"<p>[vc_row][vc_column][rev_slider_vc alias=\u00bbgirona\u00bb][\/vc_column][\/vc_row][vc_row css=\u00bb.vc_custom_1544101512496{margin-top: 30px !important;}\u00bb][vc_column][\/vc_column][\/vc_row][vc_row css=\u00bb.vc_custom_1544103354063{margin-top: 20px !important;margin-right: 10px !important;}\u00bb][vc_column width=\u00bb1\/2&#8243;][vc_single_image image=\u00bb33014&#8243; img_size=\u00bblarge\u00bb css_animation=\u00bbleft-to-right\u00bb][vc_single_image image=\u00bb44553&#8243; img_size=\u00bblarge\u00bb css_animation=\u00bbleft-to-right\u00bb][vc_single_image image=\u00bb44550&#8243; img_size=\u00bblarge\u00bb css_animation=\u00bbleft-to-right\u00bb][\/vc_column][vc_column width=\u00bb1\/2&#8243;][vc_column_text] GIRONA CYCLING TOUR El Girona Cycling Tour es tu oportunidad para venir a pedalear en el lugar elegido por muchos ciclistas profesionales, con el toque \u00fanico que s\u00f3lo los gu\u00edas locales pueden ofrecer. A [&hellip;]<\/p>\n","protected":false},"author":1,"featured_media":0,"parent":0,"menu_order":0,"comment_status":"closed","ping_status":"closed","template":"","meta":{"ngg_post_thumbnail":0,"footnotes":""},"class_list":["post-33417","page","type-page","status-publish","hentry"],"yoast_head":"<!-- This site is optimized with the Yoast SEO Premium plugin v27.2 (Yoast SEO v27.2) - https:\/\/yoast.com\/product\/yoast-seo-premium-wordpress\/ -->\n<title>Tour en bicicleta por Girona - La ruta insignia de Bikecat: pedalea con los locales<\/title>\n<meta name=\"description\" content=\"El Girona Cycling Tour de Bikecat es tu oportunidad para venir a pedalear donde lo hacen muchos ciclistas profesionales, con el toque local de nuestros gu\u00edas.\" \/>\n<meta name=\"robots\" content=\"index, follow, max-snippet:-1, max-image-preview:large, max-video-preview:-1\" \/>\n<link rel=\"canonical\" href=\"https:\/\/bikecat.com\/es\/girona-cycling-tour\" \/>\n<meta property=\"og:locale\" content=\"es_ES\" \/>\n<meta property=\"og:type\" content=\"article\" \/>\n<meta property=\"og:title\" content=\"Ruta ciclista por Gerona\" \/>\n<meta property=\"og:description\" content=\"GIRONA CYCLING TOUR El Girona Cycling Tour es tu oportunidad para venir a pedalear en el lugar elegido por muchos ciclistas profesionales, con el toque\" \/>\n<meta property=\"og:url\" content=\"https:\/\/bikecat.com\/es\/girona-cycling-tour\" \/>\n<meta property=\"og:site_name\" content=\"Bikecat\" \/>\n<meta property=\"article:publisher\" content=\"https:\/\/www.facebook.com\/Bikecat.TOURS\/\" \/>\n<meta property=\"article:modified_time\" content=\"2025-11-05T16:15:58+00:00\" \/>\n<meta property=\"og:image\" content=\"https:\/\/bikecat.com\/wp-content\/uploads\/2020\/01\/Bikecat-Girona.jpg\" \/>\n\t<meta property=\"og:image:width\" content=\"975\" \/>\n\t<meta property=\"og:image:height\" content=\"716\" \/>\n\t<meta property=\"og:image:type\" content=\"image\/jpeg\" \/>\n<meta name=\"twitter:card\" content=\"summary_large_image\" \/>\n<meta name=\"twitter:site\" content=\"@bikecatgirona\" \/>\n<meta name=\"twitter:label1\" content=\"Tiempo de lectura\" \/>\n\t<meta name=\"twitter:data1\" content=\"3 minutos\" \/>\n<script type=\"application\/ld+json\" class=\"yoast-schema-graph\">{\"@context\":\"https:\/\/schema.org\",\"@graph\":[{\"@type\":\"WebPage\",\"@id\":\"https:\/\/bikecat.com\/es\/girona-cycling-tour\",\"url\":\"https:\/\/bikecat.com\/es\/girona-cycling-tour\",\"name\":\"Tour en bicicleta por Girona - La ruta insignia de Bikecat: pedalea con los locales\",\"isPartOf\":{\"@id\":\"https:\/\/bikecat.com\/#website\"},\"datePublished\":\"2019-01-24T10:50:10+00:00\",\"dateModified\":\"2025-11-05T16:15:58+00:00\",\"description\":\"El Girona Cycling Tour de Bikecat es tu oportunidad para venir a pedalear donde lo hacen muchos ciclistas profesionales, con el toque local de nuestros gu\u00edas.\",\"breadcrumb\":{\"@id\":\"https:\/\/bikecat.com\/es\/girona-cycling-tour#breadcrumb\"},\"inLanguage\":\"es\",\"potentialAction\":[{\"@type\":\"ReadAction\",\"target\":[\"https:\/\/bikecat.com\/es\/girona-cycling-tour\"]}]},{\"@type\":\"BreadcrumbList\",\"@id\":\"https:\/\/bikecat.com\/es\/girona-cycling-tour#breadcrumb\",\"itemListElement\":[{\"@type\":\"ListItem\",\"position\":1,\"name\":\"Portada\",\"item\":\"https:\/\/bikecat.com\/es\"},{\"@type\":\"ListItem\",\"position\":2,\"name\":\"Ruta ciclista por Gerona\"}]},{\"@type\":\"WebSite\",\"@id\":\"https:\/\/bikecat.com\/#website\",\"url\":\"https:\/\/bikecat.com\/\",\"name\":\"Bikecat\",\"description\":\"Bikecat Custom Cycling Tours  - Unique and Exclusive Custom Cycling Tours\",\"publisher\":{\"@id\":\"https:\/\/bikecat.com\/#organization\"},\"potentialAction\":[{\"@type\":\"SearchAction\",\"target\":{\"@type\":\"EntryPoint\",\"urlTemplate\":\"https:\/\/bikecat.com\/?s={search_term_string}\"},\"query-input\":{\"@type\":\"PropertyValueSpecification\",\"valueRequired\":true,\"valueName\":\"search_term_string\"}}],\"inLanguage\":\"es\"},{\"@type\":\"Organization\",\"@id\":\"https:\/\/bikecat.com\/#organization\",\"name\":\"Bikecat Cycling Tours\",\"url\":\"https:\/\/bikecat.com\/\",\"logo\":{\"@type\":\"ImageObject\",\"inLanguage\":\"es\",\"@id\":\"https:\/\/bikecat.com\/#\/schema\/logo\/image\/\",\"url\":\"https:\/\/bikecat.com\/wp-content\/uploads\/2018\/11\/headerlogo-1.png\",\"contentUrl\":\"https:\/\/bikecat.com\/wp-content\/uploads\/2018\/11\/headerlogo-1.png\",\"width\":130,\"height\":55,\"caption\":\"Bikecat Cycling Tours\"},\"image\":{\"@id\":\"https:\/\/bikecat.com\/#\/schema\/logo\/image\/\"},\"sameAs\":[\"https:\/\/www.facebook.com\/Bikecat.TOURS\/\",\"https:\/\/x.com\/bikecatgirona\",\"https:\/\/www.instagram.com\/bikecat_cycling_tours\/\"]}]}<\/script>\n<!-- \/ Yoast SEO Premium plugin. -->","yoast_head_json":{"title":"Tour en bicicleta por Girona - La ruta insignia de Bikecat: pedalea con los locales","description":"El Girona Cycling Tour de Bikecat es tu oportunidad para venir a pedalear donde lo hacen muchos ciclistas profesionales, con el toque local de nuestros gu\u00edas.","robots":{"index":"index","follow":"follow","max-snippet":"max-snippet:-1","max-image-preview":"max-image-preview:large","max-video-preview":"max-video-preview:-1"},"canonical":"https:\/\/bikecat.com\/es\/girona-cycling-tour","og_locale":"es_ES","og_type":"article","og_title":"Ruta ciclista por Gerona","og_description":"GIRONA CYCLING TOUR El Girona Cycling Tour es tu oportunidad para venir a pedalear en el lugar elegido por muchos ciclistas profesionales, con el toque","og_url":"https:\/\/bikecat.com\/es\/girona-cycling-tour","og_site_name":"Bikecat","article_publisher":"https:\/\/www.facebook.com\/Bikecat.TOURS\/","article_modified_time":"2025-11-05T16:15:58+00:00","og_image":[{"width":975,"height":716,"url":"https:\/\/bikecat.com\/wp-content\/uploads\/2020\/01\/Bikecat-Girona.jpg","type":"image\/jpeg"}],"twitter_card":"summary_large_image","twitter_site":"@bikecatgirona","twitter_misc":{"Tiempo de lectura":"3 minutos"},"schema":{"@context":"https:\/\/schema.org","@graph":[{"@type":"WebPage","@id":"https:\/\/bikecat.com\/es\/girona-cycling-tour","url":"https:\/\/bikecat.com\/es\/girona-cycling-tour","name":"Tour en bicicleta por Girona - La ruta insignia de Bikecat: pedalea con los locales","isPartOf":{"@id":"https:\/\/bikecat.com\/#website"},"datePublished":"2019-01-24T10:50:10+00:00","dateModified":"2025-11-05T16:15:58+00:00","description":"El Girona Cycling Tour de Bikecat es tu oportunidad para venir a pedalear donde lo hacen muchos ciclistas profesionales, con el toque local de nuestros gu\u00edas.","breadcrumb":{"@id":"https:\/\/bikecat.com\/es\/girona-cycling-tour#breadcrumb"},"inLanguage":"es","potentialAction":[{"@type":"ReadAction","target":["https:\/\/bikecat.com\/es\/girona-cycling-tour"]}]},{"@type":"BreadcrumbList","@id":"https:\/\/bikecat.com\/es\/girona-cycling-tour#breadcrumb","itemListElement":[{"@type":"ListItem","position":1,"name":"Portada","item":"https:\/\/bikecat.com\/es"},{"@type":"ListItem","position":2,"name":"Ruta ciclista por Gerona"}]},{"@type":"WebSite","@id":"https:\/\/bikecat.com\/#website","url":"https:\/\/bikecat.com\/","name":"Bikecat","description":"Bikecat Custom Cycling Tours  - Unique and Exclusive Custom Cycling Tours","publisher":{"@id":"https:\/\/bikecat.com\/#organization"},"potentialAction":[{"@type":"SearchAction","target":{"@type":"EntryPoint","urlTemplate":"https:\/\/bikecat.com\/?s={search_term_string}"},"query-input":{"@type":"PropertyValueSpecification","valueRequired":true,"valueName":"search_term_string"}}],"inLanguage":"es"},{"@type":"Organization","@id":"https:\/\/bikecat.com\/#organization","name":"Bikecat Cycling Tours","url":"https:\/\/bikecat.com\/","logo":{"@type":"ImageObject","inLanguage":"es","@id":"https:\/\/bikecat.com\/#\/schema\/logo\/image\/","url":"https:\/\/bikecat.com\/wp-content\/uploads\/2018\/11\/headerlogo-1.png","contentUrl":"https:\/\/bikecat.com\/wp-content\/uploads\/2018\/11\/headerlogo-1.png","width":130,"height":55,"caption":"Bikecat Cycling Tours"},"image":{"@id":"https:\/\/bikecat.com\/#\/schema\/logo\/image\/"},"sameAs":["https:\/\/www.facebook.com\/Bikecat.TOURS\/","https:\/\/x.com\/bikecatgirona","https:\/\/www.instagram.com\/bikecat_cycling_tours\/"]}]}},"_links":{"self":[{"href":"https:\/\/bikecat.com\/es\/wp-json\/wp\/v2\/pages\/33417","targetHints":{"allow":["GET"]}}],"collection":[{"href":"https:\/\/bikecat.com\/es\/wp-json\/wp\/v2\/pages"}],"about":[{"href":"https:\/\/bikecat.com\/es\/wp-json\/wp\/v2\/types\/page"}],"author":[{"embeddable":true,"href":"https:\/\/bikecat.com\/es\/wp-json\/wp\/v2\/users\/1"}],"replies":[{"embeddable":true,"href":"https:\/\/bikecat.com\/es\/wp-json\/wp\/v2\/comments?post=33417"}],"version-history":[{"count":7,"href":"https:\/\/bikecat.com\/es\/wp-json\/wp\/v2\/pages\/33417\/revisions"}],"predecessor-version":[{"id":44560,"href":"https:\/\/bikecat.com\/es\/wp-json\/wp\/v2\/pages\/33417\/revisions\/44560"}],"wp:attachment":[{"href":"https:\/\/bikecat.com\/es\/wp-json\/wp\/v2\/media?parent=33417"}],"curies":[{"name":"wp","href":"https:\/\/api.w.org\/{rel}","templated":true}]}}