{"id":33403,"date":"2019-12-05T17:52:32","date_gmt":"2019-12-05T17:52:32","guid":{"rendered":"https:\/\/bikecat.com\/cantabria-and-asturias-cycling-tour"},"modified":"2025-11-07T11:06:24","modified_gmt":"2025-11-07T11:06:24","slug":"cantabria-and-asturias-cycling-tour","status":"publish","type":"page","link":"https:\/\/bikecat.com\/es\/cantabria-and-asturias-cycling-tour","title":{"rendered":"Tour en bicicleta por Cantabria y Asturias"},"content":{"rendered":"<div class=\"wpb-content-wrapper\"><p>[vc_row][vc_column][rev_slider_vc alias=\u00bbcantabria\u00bb][\/vc_column][\/vc_row][vc_row css=\u00bb.vc_custom_1575568350047{margin-top: 40px !important;}\u00bb][vc_column][\/vc_column][\/vc_row][vc_row css=\u00bb.vc_custom_1544103354063{margin-top: 20px !important;margin-right: 10px !important;}\u00bb][vc_column width=\u00bb1\/2&#8243;][vc_single_image image=\u00bb44574&#8243; img_size=\u00bblarge\u00bb css_animation=\u00bbleft-to-right\u00bb css=\u00bb\u00bb][vc_single_image image=\u00bb44577&#8243; img_size=\u00bblarge\u00bb css_animation=\u00bbleft-to-right\u00bb css=\u00bb\u00bb][\/vc_column][vc_column width=\u00bb1\/2&#8243;][vc_column_text css=\u00bb\u00bb]<\/p>\n<h1><span style=\"color: #d9272e; font-size: 24pt; font-family: Raleway, geneva, sans-serif;\"><strong>CANTABRIA Y ASTURIAS&nbsp;<\/strong><\/span><\/h1>\n<p>Hay momentos en los que so\u00f1amos con pedalear por carreteras que suben y bajan entre monta\u00f1as infinitas, cubiertas de verdes praderas y espesos bosques.<\/p>\n<p>Los ciclistas libran aqu\u00ed sus batallas en los puertos m\u00e1s duros, esfuerzos que quedan grabados para siempre en la memoria. Cuando <strong>La Vuelta a Espa\u00f1a<\/strong> llega a estas tierras, el espect\u00e1culo est\u00e1 asegurado. <\/p>\n<p>Queremos llevarte a descubrir los paisajes impresionantes de Cantabria y Asturias, hogar de<strong> algunas de las ascensiones m\u00e1s m\u00edticas<\/strong> de La Vuelta.<\/p>\n<p>Desde los pastos pasiegos, al sur de Santander, atravesaremos los Picos de Europa hasta los Lagos de Covadonga y terminaremos en Gij\u00f3n, junto al mar Cant\u00e1brico.<\/p>\n<p>Coronar las cumbres y contemplar las vistas majestuosas de las monta\u00f1as que nos rodean es la mejor recompensa al esfuerzo.<\/p>\n<p>La tranquilidad de estas carreteras secundarias, que dibujan un itinerario lleno de encanto por el noroeste de Espa\u00f1a, unida a los alojamientos exclusivos y a la rica y generosa gastronom\u00eda de la zona, convierten este recorrido en una <strong>experiencia imprescindible <\/strong>para cualquier amante del ciclismo.<\/p>\n<p>&nbsp;[\/vc_column_text][\/vc_column][\/vc_row][vc_row css=\u00bb.vc_custom_1578068921004{margin-top: 40px !important;margin-bottom: 40px !important;}\u00bb][vc_column][\/vc_column][\/vc_row]<\/p>\n<\/div>","protected":false},"excerpt":{"rendered":"<p>[vc_row][vc_column][rev_slider_vc alias=\u00bbcantabria\u00bb][\/vc_column][\/vc_row][vc_row css=\u00bb.vc_custom_1575568350047{margin-top: 40px !important;}\u00bb][vc_column][\/vc_column][\/vc_row][vc_row css=\u00bb.vc_custom_1544103354063{margin-top: 20px !important;margin-right: 10px !important;}\u00bb][vc_column width=\u00bb1\/2&#8243;][vc_single_image image=\u00bb44574&#8243; img_size=\u00bblarge\u00bb css_animation=\u00bbleft-to-right\u00bb css=\u00bb\u00bb][vc_single_image image=\u00bb44577&#8243; img_size=\u00bblarge\u00bb css_animation=\u00bbleft-to-right\u00bb css=\u00bb\u00bb][\/vc_column][vc_column width=\u00bb1\/2&#8243;][vc_column_text css=\u00bb\u00bb] CANTABRIA Y ASTURIAS&nbsp; Hay momentos en los que so\u00f1amos con pedalear por carreteras que suben y bajan entre monta\u00f1as infinitas, cubiertas de verdes praderas y espesos bosques. Los ciclistas libran aqu\u00ed sus batallas en [&hellip;]<\/p>\n","protected":false},"author":1,"featured_media":0,"parent":0,"menu_order":0,"comment_status":"closed","ping_status":"closed","template":"","meta":{"ngg_post_thumbnail":0,"footnotes":""},"class_list":["post-33403","page","type-page","status-publish","hentry"],"yoast_head":"<!-- This site is optimized with the Yoast SEO Premium plugin v27.2 (Yoast SEO v27.2) - https:\/\/yoast.com\/product\/yoast-seo-premium-wordpress\/ -->\n<title>Tour en bicicleta por Cantabria y Asturias - Bikecat Tours en bicicleta personalizados<\/title>\n<meta name=\"description\" content=\"Disfruta del tour en bicicleta por Cantabria y Asturias de Bikecat Los impresionantes paisajes de Cantabria y Asturias albergan las subidas m\u00e1s \u00e9picas de La Vuelta a Espa\u00f1a.\" \/>\n<meta name=\"robots\" content=\"index, follow, max-snippet:-1, max-image-preview:large, max-video-preview:-1\" \/>\n<link rel=\"canonical\" href=\"https:\/\/bikecat.com\/es\/cantabria-and-asturias-cycling-tour\" \/>\n<meta property=\"og:locale\" content=\"es_ES\" \/>\n<meta property=\"og:type\" content=\"article\" \/>\n<meta property=\"og:title\" content=\"Tour en bicicleta por Cantabria y Asturias\" \/>\n<meta property=\"og:description\" content=\"CANTABRIA Y ASTURIAS&nbsp; Hay momentos en los que so\u00f1amos con pedalear por carreteras que suben y bajan entre monta\u00f1as infinitas, cubiertas de verdes\" \/>\n<meta property=\"og:url\" content=\"https:\/\/bikecat.com\/es\/cantabria-and-asturias-cycling-tour\" \/>\n<meta property=\"og:site_name\" content=\"Bikecat\" \/>\n<meta property=\"article:publisher\" content=\"https:\/\/www.facebook.com\/Bikecat.TOURS\/\" \/>\n<meta property=\"article:modified_time\" content=\"2025-11-07T11:06:24+00:00\" \/>\n<meta property=\"og:image\" content=\"https:\/\/bikecat.com\/wp-content\/uploads\/2019\/12\/Logo-Bikecat-Cycling-Tours.jpg\" \/>\n\t<meta property=\"og:image:width\" content=\"591\" \/>\n\t<meta property=\"og:image:height\" content=\"354\" \/>\n\t<meta property=\"og:image:type\" content=\"image\/jpeg\" \/>\n<meta name=\"twitter:card\" content=\"summary_large_image\" \/>\n<meta name=\"twitter:site\" content=\"@bikecatgirona\" \/>\n<meta name=\"twitter:label1\" content=\"Tiempo de lectura\" \/>\n\t<meta name=\"twitter:data1\" content=\"1 minuto\" \/>\n<script type=\"application\/ld+json\" class=\"yoast-schema-graph\">{\"@context\":\"https:\/\/schema.org\",\"@graph\":[{\"@type\":\"WebPage\",\"@id\":\"https:\/\/bikecat.com\/es\/cantabria-and-asturias-cycling-tour\",\"url\":\"https:\/\/bikecat.com\/es\/cantabria-and-asturias-cycling-tour\",\"name\":\"Tour en bicicleta por Cantabria y Asturias - Bikecat Tours en bicicleta personalizados\",\"isPartOf\":{\"@id\":\"https:\/\/bikecat.com\/#website\"},\"datePublished\":\"2019-12-05T17:52:32+00:00\",\"dateModified\":\"2025-11-07T11:06:24+00:00\",\"description\":\"Disfruta del tour en bicicleta por Cantabria y Asturias de Bikecat Los impresionantes paisajes de Cantabria y Asturias albergan las subidas m\u00e1s \u00e9picas de La Vuelta a Espa\u00f1a.\",\"breadcrumb\":{\"@id\":\"https:\/\/bikecat.com\/es\/cantabria-and-asturias-cycling-tour#breadcrumb\"},\"inLanguage\":\"es\",\"potentialAction\":[{\"@type\":\"ReadAction\",\"target\":[\"https:\/\/bikecat.com\/es\/cantabria-and-asturias-cycling-tour\"]}]},{\"@type\":\"BreadcrumbList\",\"@id\":\"https:\/\/bikecat.com\/es\/cantabria-and-asturias-cycling-tour#breadcrumb\",\"itemListElement\":[{\"@type\":\"ListItem\",\"position\":1,\"name\":\"Portada\",\"item\":\"https:\/\/bikecat.com\/es\"},{\"@type\":\"ListItem\",\"position\":2,\"name\":\"Tour en bicicleta por Cantabria y Asturias\"}]},{\"@type\":\"WebSite\",\"@id\":\"https:\/\/bikecat.com\/#website\",\"url\":\"https:\/\/bikecat.com\/\",\"name\":\"Bikecat\",\"description\":\"Bikecat Custom Cycling Tours  - Unique and Exclusive Custom Cycling Tours\",\"publisher\":{\"@id\":\"https:\/\/bikecat.com\/#organization\"},\"potentialAction\":[{\"@type\":\"SearchAction\",\"target\":{\"@type\":\"EntryPoint\",\"urlTemplate\":\"https:\/\/bikecat.com\/?s={search_term_string}\"},\"query-input\":{\"@type\":\"PropertyValueSpecification\",\"valueRequired\":true,\"valueName\":\"search_term_string\"}}],\"inLanguage\":\"es\"},{\"@type\":\"Organization\",\"@id\":\"https:\/\/bikecat.com\/#organization\",\"name\":\"Bikecat Cycling Tours\",\"url\":\"https:\/\/bikecat.com\/\",\"logo\":{\"@type\":\"ImageObject\",\"inLanguage\":\"es\",\"@id\":\"https:\/\/bikecat.com\/#\/schema\/logo\/image\/\",\"url\":\"https:\/\/bikecat.com\/wp-content\/uploads\/2018\/11\/headerlogo-1.png\",\"contentUrl\":\"https:\/\/bikecat.com\/wp-content\/uploads\/2018\/11\/headerlogo-1.png\",\"width\":130,\"height\":55,\"caption\":\"Bikecat Cycling Tours\"},\"image\":{\"@id\":\"https:\/\/bikecat.com\/#\/schema\/logo\/image\/\"},\"sameAs\":[\"https:\/\/www.facebook.com\/Bikecat.TOURS\/\",\"https:\/\/x.com\/bikecatgirona\",\"https:\/\/www.instagram.com\/bikecat_cycling_tours\/\"]}]}<\/script>\n<!-- \/ Yoast SEO Premium plugin. -->","yoast_head_json":{"title":"Tour en bicicleta por Cantabria y Asturias - Bikecat Tours en bicicleta personalizados","description":"Disfruta del tour en bicicleta por Cantabria y Asturias de Bikecat Los impresionantes paisajes de Cantabria y Asturias albergan las subidas m\u00e1s \u00e9picas de La Vuelta a Espa\u00f1a.","robots":{"index":"index","follow":"follow","max-snippet":"max-snippet:-1","max-image-preview":"max-image-preview:large","max-video-preview":"max-video-preview:-1"},"canonical":"https:\/\/bikecat.com\/es\/cantabria-and-asturias-cycling-tour","og_locale":"es_ES","og_type":"article","og_title":"Tour en bicicleta por Cantabria y Asturias","og_description":"CANTABRIA Y ASTURIAS&nbsp; Hay momentos en los que so\u00f1amos con pedalear por carreteras que suben y bajan entre monta\u00f1as infinitas, cubiertas de verdes","og_url":"https:\/\/bikecat.com\/es\/cantabria-and-asturias-cycling-tour","og_site_name":"Bikecat","article_publisher":"https:\/\/www.facebook.com\/Bikecat.TOURS\/","article_modified_time":"2025-11-07T11:06:24+00:00","og_image":[{"width":591,"height":354,"url":"https:\/\/bikecat.com\/wp-content\/uploads\/2019\/12\/Logo-Bikecat-Cycling-Tours.jpg","type":"image\/jpeg"}],"twitter_card":"summary_large_image","twitter_site":"@bikecatgirona","twitter_misc":{"Tiempo de lectura":"1 minuto"},"schema":{"@context":"https:\/\/schema.org","@graph":[{"@type":"WebPage","@id":"https:\/\/bikecat.com\/es\/cantabria-and-asturias-cycling-tour","url":"https:\/\/bikecat.com\/es\/cantabria-and-asturias-cycling-tour","name":"Tour en bicicleta por Cantabria y Asturias - Bikecat Tours en bicicleta personalizados","isPartOf":{"@id":"https:\/\/bikecat.com\/#website"},"datePublished":"2019-12-05T17:52:32+00:00","dateModified":"2025-11-07T11:06:24+00:00","description":"Disfruta del tour en bicicleta por Cantabria y Asturias de Bikecat Los impresionantes paisajes de Cantabria y Asturias albergan las subidas m\u00e1s \u00e9picas de La Vuelta a Espa\u00f1a.","breadcrumb":{"@id":"https:\/\/bikecat.com\/es\/cantabria-and-asturias-cycling-tour#breadcrumb"},"inLanguage":"es","potentialAction":[{"@type":"ReadAction","target":["https:\/\/bikecat.com\/es\/cantabria-and-asturias-cycling-tour"]}]},{"@type":"BreadcrumbList","@id":"https:\/\/bikecat.com\/es\/cantabria-and-asturias-cycling-tour#breadcrumb","itemListElement":[{"@type":"ListItem","position":1,"name":"Portada","item":"https:\/\/bikecat.com\/es"},{"@type":"ListItem","position":2,"name":"Tour en bicicleta por Cantabria y Asturias"}]},{"@type":"WebSite","@id":"https:\/\/bikecat.com\/#website","url":"https:\/\/bikecat.com\/","name":"Bikecat","description":"Bikecat Custom Cycling Tours  - Unique and Exclusive Custom Cycling Tours","publisher":{"@id":"https:\/\/bikecat.com\/#organization"},"potentialAction":[{"@type":"SearchAction","target":{"@type":"EntryPoint","urlTemplate":"https:\/\/bikecat.com\/?s={search_term_string}"},"query-input":{"@type":"PropertyValueSpecification","valueRequired":true,"valueName":"search_term_string"}}],"inLanguage":"es"},{"@type":"Organization","@id":"https:\/\/bikecat.com\/#organization","name":"Bikecat Cycling Tours","url":"https:\/\/bikecat.com\/","logo":{"@type":"ImageObject","inLanguage":"es","@id":"https:\/\/bikecat.com\/#\/schema\/logo\/image\/","url":"https:\/\/bikecat.com\/wp-content\/uploads\/2018\/11\/headerlogo-1.png","contentUrl":"https:\/\/bikecat.com\/wp-content\/uploads\/2018\/11\/headerlogo-1.png","width":130,"height":55,"caption":"Bikecat Cycling Tours"},"image":{"@id":"https:\/\/bikecat.com\/#\/schema\/logo\/image\/"},"sameAs":["https:\/\/www.facebook.com\/Bikecat.TOURS\/","https:\/\/x.com\/bikecatgirona","https:\/\/www.instagram.com\/bikecat_cycling_tours\/"]}]}},"_links":{"self":[{"href":"https:\/\/bikecat.com\/es\/wp-json\/wp\/v2\/pages\/33403","targetHints":{"allow":["GET"]}}],"collection":[{"href":"https:\/\/bikecat.com\/es\/wp-json\/wp\/v2\/pages"}],"about":[{"href":"https:\/\/bikecat.com\/es\/wp-json\/wp\/v2\/types\/page"}],"author":[{"embeddable":true,"href":"https:\/\/bikecat.com\/es\/wp-json\/wp\/v2\/users\/1"}],"replies":[{"embeddable":true,"href":"https:\/\/bikecat.com\/es\/wp-json\/wp\/v2\/comments?post=33403"}],"version-history":[{"count":10,"href":"https:\/\/bikecat.com\/es\/wp-json\/wp\/v2\/pages\/33403\/revisions"}],"predecessor-version":[{"id":44589,"href":"https:\/\/bikecat.com\/es\/wp-json\/wp\/v2\/pages\/33403\/revisions\/44589"}],"wp:attachment":[{"href":"https:\/\/bikecat.com\/es\/wp-json\/wp\/v2\/media?parent=33403"}],"curies":[{"name":"wp","href":"https:\/\/api.w.org\/{rel}","templated":true}]}}