{"id":33389,"date":"2018-11-27T15:09:11","date_gmt":"2018-11-27T15:09:11","guid":{"rendered":"https:\/\/bikecat.com\/bikecat-cycling-tours"},"modified":"2025-02-26T07:55:15","modified_gmt":"2025-02-26T07:55:15","slug":"bikecat-cycling-tours","status":"publish","type":"page","link":"https:\/\/bikecat.com\/es\/bikecat-cycling-tours","title":{"rendered":"Bikecat Tours en Bicicleta"},"content":{"rendered":"<div class=\"wpb-content-wrapper\"><p>[vc_row full_width=\u00bbstretch_row\u00bb css=\u00bb.vc_custom_1637172659585{padding-bottom: 20px !important;}\u00bb][vc_column][vc_column_text]\n\t\t\t\t<p class=\"rs-p-wp-fix\"><\/p>\n\t\t\t\t<sr7-module data-alias=\"tours\" data-id=\"2\" id=\"SR7_2_1\" class=\"rs-ov-hidden\" data-version=\"6.7.51\">\n\t\t\t\t\t<sr7-adjuster><\/sr7-adjuster>\n\t\t\t\t\t<sr7-content>\n\t\t\t\t\t\t<sr7-slide id=\"SR7_2_1-2\" data-key=\"2\">\n\t\t\t\t\t\t\t<sr7-bg id=\"SR7_2_1-2-4\" class=\"sr7-layer\"><noscript><img decoding=\"async\" src=\"https:\/\/bikecat.com\/wp-content\/uploads\/2020\/01\/Bikecat-Luxury-Custom-Cycling-Tours.jpg\" alt=\"Bikecat Luxury support - Custom Cycling Tours\" title=\"Bikecat-Luxury-Custom-Cycling-Tours\"><\/noscript><\/sr7-bg>\n\t\t\t\t\t\t\t<sr7-txt id=\"SR7_2_1-2-1\" class=\"sr7-layer\">TOURS<\/sr7-txt>\n\t\t\t\t\t\t<\/sr7-slide>\n\t\t\t\t\t\t<sr7-slide id=\"SR7_2_1-1\" data-key=\"1\">\n\t\t\t\t\t\t\t<sr7-bg id=\"SR7_2_1-1-4\" class=\"sr7-layer\"><noscript><img decoding=\"async\" src=\"https:\/\/bikecat.com\/wp-content\/uploads\/2020\/01\/Bikecat-Cuisine-2.jpg\" alt=\"Fine dining experiences with Bikecat Cycling Tours\" title=\"Bikecat-Cuisine-2\"><\/noscript><\/sr7-bg>\n\t\t\t\t\t\t\t<sr7-txt id=\"SR7_2_1-1-1\" class=\"sr7-layer\">TOURS<\/sr7-txt>\n\t\t\t\t\t\t<\/sr7-slide>\n\t\t\t\t\t\t<sr7-slide id=\"SR7_2_1-3\" data-key=\"3\">\n\t\t\t\t\t\t\t<sr7-bg id=\"SR7_2_1-3-4\" class=\"sr7-layer\"><noscript><img decoding=\"async\" src=\"https:\/\/bikecat.com\/wp-content\/uploads\/2020\/01\/Bikecat-Trans-Pyrenees-Cycling-Tours.jpg\" alt=\"Amazing Tranquil Roads and Backroads\" title=\"Bikecat-Trans-Pyrenees-Cycling-Tours\"><\/noscript><\/sr7-bg>\n\t\t\t\t\t\t\t<sr7-txt id=\"SR7_2_1-3-1\" class=\"sr7-layer\">TOURS<\/sr7-txt>\n\t\t\t\t\t\t<\/sr7-slide>\n\t\t\t\t\t\t<sr7-slide id=\"SR7_2_1-4\" data-key=\"4\">\n\t\t\t\t\t\t\t<sr7-bg id=\"SR7_2_1-4-4\" class=\"sr7-layer\"><noscript><img decoding=\"async\" src=\"https:\/\/bikecat.com\/wp-content\/uploads\/2020\/01\/Bikecat-Local-Guides-in-Girona.jpg\" alt=\"Bikecat Professional Local guides in Girona\" title=\"Bikecat-Local-Guides-in-Girona\"><\/noscript><\/sr7-bg>\n\t\t\t\t\t\t\t<sr7-txt id=\"SR7_2_1-4-1\" class=\"sr7-layer\">TOURS<\/sr7-txt>\n\t\t\t\t\t\t<\/sr7-slide>\n\t\t\t\t\t\t<sr7-slide id=\"SR7_2_1-7\" data-key=\"7\">\n\t\t\t\t\t\t\t<sr7-bg id=\"SR7_2_1-7-4\" class=\"sr7-layer\"><noscript><img decoding=\"async\" src=\"https:\/\/bikecat.com\/wp-content\/uploads\/2020\/01\/Bikecat-headquarters.jpg\" alt=\"Bikecat Cycling in Girona Bike Shop\" title=\"Bikecat-headquarters\"><\/noscript><\/sr7-bg>\n\t\t\t\t\t\t\t<sr7-txt id=\"SR7_2_1-7-1\" class=\"sr7-layer\">TOURS<\/sr7-txt>\n\t\t\t\t\t\t<\/sr7-slide>\n\t\t\t\t\t\t<sr7-slide id=\"SR7_2_1-5\" data-key=\"5\">\n\t\t\t\t\t\t\t<sr7-bg id=\"SR7_2_1-5-4\" class=\"sr7-layer\"><noscript><img decoding=\"async\" src=\"https:\/\/bikecat.com\/wp-content\/uploads\/2020\/01\/Bikecat-Custom-cycling-tours-friendship.jpg\" alt=\"Friendship - riding with friends\" title=\"Bikecat-Custom-cycling-tours-friendship\"><\/noscript><\/sr7-bg>\n\t\t\t\t\t\t\t<sr7-txt id=\"SR7_2_1-5-1\" class=\"sr7-layer\">TOURS<\/sr7-txt>\n\t\t\t\t\t\t<\/sr7-slide>\n\t\t\t\t\t\t<sr7-slide id=\"SR7_2_1-8\" data-key=\"8\">\n\t\t\t\t\t\t\t<sr7-bg id=\"SR7_2_1-8-4\" class=\"sr7-layer\"><noscript><img decoding=\"async\" src=\"https:\/\/bikecat.com\/wp-content\/uploads\/2020\/01\/Bikecat-Accommodation-2.jpg\" alt=\"Boutique Hotels and Luxury Villas\" title=\"Bikecat-Accommodation-2\"><\/noscript><\/sr7-bg>\n\t\t\t\t\t\t\t<sr7-txt id=\"SR7_2_1-8-1\" class=\"sr7-layer\">TOURS<\/sr7-txt>\n\t\t\t\t\t\t<\/sr7-slide>\n\t\t\t\t\t\t<sr7-slide id=\"SR7_2_1-6\" data-key=\"6\">\n\t\t\t\t\t\t\t<sr7-bg id=\"SR7_2_1-6-4\" class=\"sr7-layer\"><noscript><img decoding=\"async\" src=\"https:\/\/bikecat.com\/wp-content\/uploads\/2020\/01\/Bikecat-Girona-Cycling-Tour-43.jpg\" alt=\"\" title=\"Bikecat Cycling Tour Photography\"><\/noscript><\/sr7-bg>\n\t\t\t\t\t\t\t<sr7-txt id=\"SR7_2_1-6-1\" class=\"sr7-layer\">TOURS<\/sr7-txt>\n\t\t\t\t\t\t<\/sr7-slide>\n\t\t\t\t\t\t<sr7-slide id=\"SR7_2_1-190\" data-key=\"190\">\n\t\t\t\t\t\t<\/sr7-slide>\n\t\t\t\t\t<\/sr7-content>\n\t\t\t\t\t<image_lists style=\"display:none\">\n\t\t\t\t\t\t<img data-src=\"\/\/bikecat.com\/wp-content\/uploads\/2020\/01\/Bikecat-Cuisine-2.jpg\" width=\"0\" height=\"0\" data-dbsrc=\"Ly9iaWtlY2F0LmNvbS93cC1jb250ZW50L3VwbG9hZHMvMjAyMC8wMS9CaWtlY2F0LUN1aXNpbmUtMi5qcGc=\"\/>\n\t\t\t\t\t\t<img data-src=\"\/\/bikecat.com\/wp-content\/uploads\/2020\/01\/Bikecat-Luxury-Custom-Cycling-Tours.jpg\" width=\"0\" height=\"0\" data-dbsrc=\"Ly9iaWtlY2F0LmNvbS93cC1jb250ZW50L3VwbG9hZHMvMjAyMC8wMS9CaWtlY2F0LUx1eHVyeS1DdXN0b20tQ3ljbGluZy1Ub3Vycy5qcGc=\"\/>\n\t\t\t\t\t\t<img data-src=\"\/\/bikecat.com\/wp-content\/uploads\/2020\/01\/Bikecat-Trans-Pyrenees-Cycling-Tours.jpg\" width=\"0\" height=\"0\" data-dbsrc=\"Ly9iaWtlY2F0LmNvbS93cC1jb250ZW50L3VwbG9hZHMvMjAyMC8wMS9CaWtlY2F0LVRyYW5zLVB5cmVuZWVzLUN5Y2xpbmctVG91cnMuanBn\"\/>\n\t\t\t\t\t\t<img data-src=\"\/\/bikecat.com\/wp-content\/uploads\/2020\/01\/Bikecat-Local-Guides-in-Girona.jpg\" width=\"0\" height=\"0\" data-dbsrc=\"Ly9iaWtlY2F0LmNvbS93cC1jb250ZW50L3VwbG9hZHMvMjAyMC8wMS9CaWtlY2F0LUxvY2FsLUd1aWRlcy1pbi1HaXJvbmEuanBn\"\/>\n\t\t\t\t\t\t<img data-src=\"\/\/bikecat.com\/wp-content\/uploads\/2020\/01\/Bikecat-Custom-cycling-tours-friendship.jpg\" width=\"0\" height=\"0\" data-dbsrc=\"Ly9iaWtlY2F0LmNvbS93cC1jb250ZW50L3VwbG9hZHMvMjAyMC8wMS9CaWtlY2F0LUN1c3RvbS1jeWNsaW5nLXRvdXJzLWZyaWVuZHNoaXAuanBn\"\/>\n\t\t\t\t\t\t<img data-src=\"\/\/bikecat.com\/wp-content\/uploads\/2020\/01\/Bikecat-Girona-Cycling-Tour-43.jpg\" width=\"0\" height=\"0\" data-dbsrc=\"Ly9iaWtlY2F0LmNvbS93cC1jb250ZW50L3VwbG9hZHMvMjAyMC8wMS9CaWtlY2F0LUdpcm9uYS1DeWNsaW5nLVRvdXItNDMuanBn\"\/>\n\t\t\t\t\t\t<img data-src=\"\/\/bikecat.com\/wp-content\/uploads\/2020\/01\/Bikecat-headquarters.jpg\" width=\"0\" height=\"0\" data-dbsrc=\"Ly9iaWtlY2F0LmNvbS93cC1jb250ZW50L3VwbG9hZHMvMjAyMC8wMS9CaWtlY2F0LWhlYWRxdWFydGVycy5qcGc=\"\/>\n\t\t\t\t\t\t<img data-src=\"\/\/bikecat.com\/wp-content\/uploads\/2020\/01\/Bikecat-Accommodation-2.jpg\" width=\"0\" height=\"0\" data-dbsrc=\"Ly9iaWtlY2F0LmNvbS93cC1jb250ZW50L3VwbG9hZHMvMjAyMC8wMS9CaWtlY2F0LUFjY29tbW9kYXRpb24tMi5qcGc=\"\/>\n\t\t\t\t\t<\/image_lists>\n\t\t\t\t<\/sr7-module>\n\t\t\t\t<script>\n\t\t\t\t\twindow.SR7 ??={};SR7.PMH ??={}; SR7.PMH[\"SR7_2_1\"] = {cn:100,state:false,fn: function() { if (window._tpt!==undefined && window._tpt.prepareModuleHeight !== undefined) {  _tpt.prepareModuleHeight({id:\"SR7_2_1\",type:'standard',shdw:'0',gh:[500,500,413,314,194],gw:[1240,1240,1024,778,480],vpt:['-200px'],size:{fullWidth:true, fullHeight:false},mh:'0',onh:0,onw:0,bg:{color:'{\"type\":\"solid\",\"orig\":\"rgba(0, 0, 0, 0)\",\"string\":\"rgba(0, 0, 0, 0)\"}'},plType:'2',plColor:'#FFFFFF'});   SR7.PMH[\"SR7_2_1\"].state=true;} else if(SR7.PMH[\"SR7_2_1\"].cn-->0)\tsetTimeout( SR7.PMH[\"SR7_2_1\"].fn,19);}};SR7.PMH[\"SR7_2_1\" ].fn();\n\t\t\t\t<\/script>\n[\/vc_column_text][\/vc_column][\/vc_row][vc_row css=\u00bb.vc_custom_1543611730396{padding-bottom: 20px !important;}\u00bb][vc_column css=\u00bb.vc_custom_1543633263586{margin-top: 0px !important;border-top-width: 0px !important;padding-top: 0px !important;}\u00bb][\/vc_column][\/vc_row][vc_row css=\u00bb.vc_custom_1544101463741{margin-top: 30px !important;}\u00bb][vc_column][\/vc_column][\/vc_row][vc_row css=\u00bb.vc_custom_1544028814689{margin-right: 10px !important;}\u00bb][vc_column width=\u00bb1\/2&#8243;][vc_single_image image=\u00bb3249&#8243; img_size=\u00bblarge\u00bb][\/vc_column][vc_column width=\u00bb1\/2&#8243;][vc_column_text css=\u00bb\u00bb]<\/p>\n<h1><span style=\"color: #d9272e;\"><strong>Bikecat Tours en Bicicleta<\/strong><\/span><\/h1>\n<p><strong>Bikecat<\/strong> ofrece tours de ciclismo \u00fanicos y personalizados para entusiastas de la bicicleta, equipos, clubes y grupos de amigos amantes de este deporte y el entorno m\u00e1gico que rodea este deporte.<\/p>\n<p>Desde 2005, Bikecat es el pionero de las rutas y vacaciones en bicicleta en Girona con gu\u00edas locales. A lo largo de los a\u00f1os hemos ido ampliando las rutas para cubrir m\u00e1s territorio y seguimos ofreciendo nuevos destinos para vuestro pr\u00f3ximo viaje.<\/p>\n<p>Proporcionamos un servicio de alta calidad y trabajamos duro para ofrecerte la mejor experiencia de viaje y ciclismo. No s\u00f3lo disfrutar\u00e1s de algunas de las mejores rutas del mundo, sino que tambi\u00e9n te sentir\u00e1s parte de nuestra familia y amigos. Compartiremos contigo lo mejor de nuestro pa\u00eds y te dejaremos con ganas de volver a este \u00fanico y especial destino que es nuestra casa.<\/p>\n<p>Las rutas en bicicleta que realizamos no tienen similares, ya que prestamos especial atenci\u00f3n en la planificaci\u00f3n de cada detalle de su viaje, atendiendo vuestras necesidades y adaptando los recorridos y restaurantes, as\u00ed como hoteles y actividades complementarias.<\/p>\n<p>Viajar\u00e9is con <strong><a href=\"https:\/\/bikecat.com\/es\/about-bikecat\">gu\u00edas locales<\/a><\/strong> y profesionales, junto a ellos descubrir\u00e9is hermosas carreteras secundarias, degustar\u00e9is la m\u00e1s exquisita cocina regional y os relajar\u00e9is en los lujosos hoteles seleccionados para vuestro recorrido \u00fanico.<\/p>\n<p>Os garantizamos que os llevar\u00e9is muchos y buenos recuerdos de vuestro viaje, de la gente que conocer\u00e9is y de las cenas que celebremos y, por supuesto, de la fotograf\u00eda de Bikecat.&nbsp;<strong><a href=\"https:\/\/bikecat.com\/es\/bikecat-photography-gallery\">Fotograf\u00eda de Bikecat.<\/a><\/strong> Nos encargaremos de capturar la belleza de todos esos momentos que bien seguro vais a querer compartir con amigos y familiares en su regreso a casa.<\/p>\n<p>&nbsp;<\/p>\n<p><span style=\"font-size: 14pt;\"><em><strong>Cada viaje en bicicleta Bikecat es diferente, \u00fanico y especial, es para ti.<\/strong><\/em><\/span><\/p>\n<p>&nbsp;<\/p>\n<p>Estamos orgullosos de ofrecerte una <strong>emocionante lista de destinos<\/strong> que seguro que llevar\u00e1n t\u00fa ciclismo a otro nivel.<\/p>\n<p>Elige uno de los siguientes destinos y nosotros nos encargaremos de ayudarte a decidir las etapas y de preparar su libro de ruta con mapas detallados, perfiles, puntos destacados de las rutas y espectaculares fotograf\u00edas. Cada detalle del tour se adapta a tus necesidades.<\/p>\n<h6><a href=\"https:\/\/bikecat.com\/girona\">Girona<\/a><\/h6>\n<h6><a href=\"https:\/\/bikecat.com\/es\/priorat-wine-tour\">Ruta del vino por el Priorat<\/a><\/h6>\n<h6><a href=\"https:\/\/bikecat.com\/trans-pyrenees\">TRANS-PIRINEOS<\/a><\/h6>\n<h6><a href=\"https:\/\/bikecat.com\/es\/the-conan-tour\">CONAN TOUR<\/a><\/h6>\n<h6><a href=\"https:\/\/bikecat.com\/cantabria-asturias-cycling-tour\">Cantabria y Asturias<\/a><\/h6>\n<h6><a href=\"https:\/\/bikecat.com\/sud-de-france\">Sur de Francia<\/a><\/h6>\n<h6><a href=\"https:\/\/bikecat.com\/es\/gravel\">Girona Gravel Tour<\/a><\/h6>\n<h6><a href=\"https:\/\/bikecat.com\/best-of-girona\">PIRINEOS A COSTA BRAVA<\/a><\/h6>\n<h6><a href=\"https:\/\/bikecat.com\/costa-brava-dali\">Costa Brava &#8211; Dali<\/a><\/h6>\n<h6><a href=\"https:\/\/bikecat.com\/es\/senegal_experience\">Experiencia en Senegal con Bicicletas Sin Fronteras<\/a><\/h6>\n<h6><a href=\"https:\/\/bikecat.com\/es\/mallorca_cycling_tour\">Mallorca Cycling Tour<\/a><\/h6>\n<p>[\/vc_column_text][vc_separator color=\u00bbblack\u00bb style=\u00bbdotted\u00bb][vc_column_text]<strong>Actividades para acompa\u00f1antes:<\/strong><\/p>\n<p>Trae a tu familia o a tu pareja y vendr\u00e1n a disfrutar de las espectaculares vistas de esta tierra sin necesidad de pedalear. Los llevaremos a la Costa Brava, Barcelona, pueblos hist\u00f3ricos y mucho m\u00e1s. Al final del d\u00eda se reunir\u00e1n con su familia para disfrutar de sus vacaciones y de la buena comida y vinos de la zona.[\/vc_column_text][\/vc_column][\/vc_row][vc_row css=\u00bb.vc_custom_1575569528151{margin-top: 40px !important;}\u00bb][vc_column][\/vc_column][\/vc_row]<\/p>\n<\/div>","protected":false},"excerpt":{"rendered":"<p>[vc_row full_width=\u00bbstretch_row\u00bb css=\u00bb.vc_custom_1637172659585{padding-bottom: 20px !important;}\u00bb][vc_column][vc_column_text][\/vc_column_text][\/vc_column][\/vc_row][vc_row css=\u00bb.vc_custom_1543611730396{padding-bottom: 20px !important;}\u00bb][vc_column css=\u00bb.vc_custom_1543633263586{margin-top: 0px !important;border-top-width: 0px !important;padding-top: 0px !important;}\u00bb][\/vc_column][\/vc_row][vc_row css=\u00bb.vc_custom_1544101463741{margin-top: 30px !important;}\u00bb][vc_column][\/vc_column][\/vc_row][vc_row css=\u00bb.vc_custom_1544028814689{margin-right: 10px !important;}\u00bb][vc_column width=\u00bb1\/2&#8243;][vc_single_image image=\u00bb3249&#8243; img_size=\u00bblarge\u00bb][\/vc_column][vc_column width=\u00bb1\/2&#8243;][vc_column_text css=\u00bb\u00bb] Bikecat Tours en Bicicleta Bikecat ofrece tours de ciclismo \u00fanicos y personalizados para entusiastas de la bicicleta, equipos, clubes y grupos de amigos amantes de este deporte y el [&hellip;]<\/p>\n","protected":false},"author":1,"featured_media":0,"parent":0,"menu_order":0,"comment_status":"closed","ping_status":"closed","template":"","meta":{"ngg_post_thumbnail":0,"footnotes":""},"class_list":["post-33389","page","type-page","status-publish","hentry"],"yoast_head":"<!-- This site is optimized with the Yoast SEO Premium plugin v27.2 (Yoast SEO v27.2) - https:\/\/yoast.com\/product\/yoast-seo-premium-wordpress\/ -->\n<title>Bikecat Cycling Tours: recorridos en bicicleta \u00fanicos y personalizados<\/title>\n<meta name=\"description\" content=\"Bikecat ofrece recorridos en bicicleta personalizados y \u00fanicos para los entusiastas de la bicicleta. Viaja con gu\u00edas locales, descubre incre\u00edbles caminos secundarios y disfruta de exquisita comida y hoteles.\" \/>\n<meta name=\"robots\" content=\"index, follow, max-snippet:-1, max-image-preview:large, max-video-preview:-1\" \/>\n<link rel=\"canonical\" href=\"https:\/\/bikecat.com\/es\/bikecat-cycling-tours\" \/>\n<meta property=\"og:locale\" content=\"es_ES\" \/>\n<meta property=\"og:type\" content=\"article\" \/>\n<meta property=\"og:title\" content=\"Bikecat Tours en Bicicleta\" \/>\n<meta property=\"og:description\" content=\"Bikecat Tours en Bicicleta Bikecat ofrece tours de ciclismo \u00fanicos y personalizados para entusiastas de la bicicleta, equipos, clubes y grupos de amigos\" \/>\n<meta property=\"og:url\" content=\"https:\/\/bikecat.com\/es\/bikecat-cycling-tours\" \/>\n<meta property=\"og:site_name\" content=\"Bikecat\" \/>\n<meta property=\"article:publisher\" content=\"https:\/\/www.facebook.com\/Bikecat.TOURS\/\" \/>\n<meta property=\"article:modified_time\" content=\"2025-02-26T07:55:15+00:00\" \/>\n<meta property=\"og:image\" content=\"https:\/\/bikecat.com\/wp-content\/uploads\/2020\/01\/Bikecat-Girona-Cycling-Tour-43.jpg\" \/>\n\t<meta property=\"og:image:width\" content=\"1920\" \/>\n\t<meta property=\"og:image:height\" content=\"576\" \/>\n\t<meta property=\"og:image:type\" content=\"image\/jpeg\" \/>\n<meta name=\"twitter:card\" content=\"summary_large_image\" \/>\n<meta name=\"twitter:site\" content=\"@bikecatgirona\" \/>\n<meta name=\"twitter:label1\" content=\"Tiempo de lectura\" \/>\n\t<meta name=\"twitter:data1\" content=\"3 minutos\" \/>\n<script type=\"application\/ld+json\" class=\"yoast-schema-graph\">{\"@context\":\"https:\/\/schema.org\",\"@graph\":[{\"@type\":\"WebPage\",\"@id\":\"https:\/\/bikecat.com\/es\/bikecat-cycling-tours\",\"url\":\"https:\/\/bikecat.com\/es\/bikecat-cycling-tours\",\"name\":\"Bikecat Cycling Tours: recorridos en bicicleta \u00fanicos y personalizados\",\"isPartOf\":{\"@id\":\"https:\/\/bikecat.com\/#website\"},\"datePublished\":\"2018-11-27T15:09:11+00:00\",\"dateModified\":\"2025-02-26T07:55:15+00:00\",\"description\":\"Bikecat ofrece recorridos en bicicleta personalizados y \u00fanicos para los entusiastas de la bicicleta. Viaja con gu\u00edas locales, descubre incre\u00edbles caminos secundarios y disfruta de exquisita comida y hoteles.\",\"breadcrumb\":{\"@id\":\"https:\/\/bikecat.com\/es\/bikecat-cycling-tours#breadcrumb\"},\"inLanguage\":\"es\",\"potentialAction\":[{\"@type\":\"ReadAction\",\"target\":[\"https:\/\/bikecat.com\/es\/bikecat-cycling-tours\"]}]},{\"@type\":\"BreadcrumbList\",\"@id\":\"https:\/\/bikecat.com\/es\/bikecat-cycling-tours#breadcrumb\",\"itemListElement\":[{\"@type\":\"ListItem\",\"position\":1,\"name\":\"Portada\",\"item\":\"https:\/\/bikecat.com\/es\"},{\"@type\":\"ListItem\",\"position\":2,\"name\":\"Bikecat Tours en Bicicleta\"}]},{\"@type\":\"WebSite\",\"@id\":\"https:\/\/bikecat.com\/#website\",\"url\":\"https:\/\/bikecat.com\/\",\"name\":\"Bikecat\",\"description\":\"Bikecat Custom Cycling Tours  - Unique and Exclusive Custom Cycling Tours\",\"publisher\":{\"@id\":\"https:\/\/bikecat.com\/#organization\"},\"potentialAction\":[{\"@type\":\"SearchAction\",\"target\":{\"@type\":\"EntryPoint\",\"urlTemplate\":\"https:\/\/bikecat.com\/?s={search_term_string}\"},\"query-input\":{\"@type\":\"PropertyValueSpecification\",\"valueRequired\":true,\"valueName\":\"search_term_string\"}}],\"inLanguage\":\"es\"},{\"@type\":\"Organization\",\"@id\":\"https:\/\/bikecat.com\/#organization\",\"name\":\"Bikecat Cycling Tours\",\"url\":\"https:\/\/bikecat.com\/\",\"logo\":{\"@type\":\"ImageObject\",\"inLanguage\":\"es\",\"@id\":\"https:\/\/bikecat.com\/#\/schema\/logo\/image\/\",\"url\":\"https:\/\/bikecat.com\/wp-content\/uploads\/2018\/11\/headerlogo-1.png\",\"contentUrl\":\"https:\/\/bikecat.com\/wp-content\/uploads\/2018\/11\/headerlogo-1.png\",\"width\":130,\"height\":55,\"caption\":\"Bikecat Cycling Tours\"},\"image\":{\"@id\":\"https:\/\/bikecat.com\/#\/schema\/logo\/image\/\"},\"sameAs\":[\"https:\/\/www.facebook.com\/Bikecat.TOURS\/\",\"https:\/\/x.com\/bikecatgirona\",\"https:\/\/www.instagram.com\/bikecat_cycling_tours\/\"]}]}<\/script>\n<!-- \/ Yoast SEO Premium plugin. -->","yoast_head_json":{"title":"Bikecat Cycling Tours: recorridos en bicicleta \u00fanicos y personalizados","description":"Bikecat ofrece recorridos en bicicleta personalizados y \u00fanicos para los entusiastas de la bicicleta. Viaja con gu\u00edas locales, descubre incre\u00edbles caminos secundarios y disfruta de exquisita comida y hoteles.","robots":{"index":"index","follow":"follow","max-snippet":"max-snippet:-1","max-image-preview":"max-image-preview:large","max-video-preview":"max-video-preview:-1"},"canonical":"https:\/\/bikecat.com\/es\/bikecat-cycling-tours","og_locale":"es_ES","og_type":"article","og_title":"Bikecat Tours en Bicicleta","og_description":"Bikecat Tours en Bicicleta Bikecat ofrece tours de ciclismo \u00fanicos y personalizados para entusiastas de la bicicleta, equipos, clubes y grupos de amigos","og_url":"https:\/\/bikecat.com\/es\/bikecat-cycling-tours","og_site_name":"Bikecat","article_publisher":"https:\/\/www.facebook.com\/Bikecat.TOURS\/","article_modified_time":"2025-02-26T07:55:15+00:00","og_image":[{"width":1920,"height":576,"url":"https:\/\/bikecat.com\/wp-content\/uploads\/2020\/01\/Bikecat-Girona-Cycling-Tour-43.jpg","type":"image\/jpeg"}],"twitter_card":"summary_large_image","twitter_site":"@bikecatgirona","twitter_misc":{"Tiempo de lectura":"3 minutos"},"schema":{"@context":"https:\/\/schema.org","@graph":[{"@type":"WebPage","@id":"https:\/\/bikecat.com\/es\/bikecat-cycling-tours","url":"https:\/\/bikecat.com\/es\/bikecat-cycling-tours","name":"Bikecat Cycling Tours: recorridos en bicicleta \u00fanicos y personalizados","isPartOf":{"@id":"https:\/\/bikecat.com\/#website"},"datePublished":"2018-11-27T15:09:11+00:00","dateModified":"2025-02-26T07:55:15+00:00","description":"Bikecat ofrece recorridos en bicicleta personalizados y \u00fanicos para los entusiastas de la bicicleta. Viaja con gu\u00edas locales, descubre incre\u00edbles caminos secundarios y disfruta de exquisita comida y hoteles.","breadcrumb":{"@id":"https:\/\/bikecat.com\/es\/bikecat-cycling-tours#breadcrumb"},"inLanguage":"es","potentialAction":[{"@type":"ReadAction","target":["https:\/\/bikecat.com\/es\/bikecat-cycling-tours"]}]},{"@type":"BreadcrumbList","@id":"https:\/\/bikecat.com\/es\/bikecat-cycling-tours#breadcrumb","itemListElement":[{"@type":"ListItem","position":1,"name":"Portada","item":"https:\/\/bikecat.com\/es"},{"@type":"ListItem","position":2,"name":"Bikecat Tours en Bicicleta"}]},{"@type":"WebSite","@id":"https:\/\/bikecat.com\/#website","url":"https:\/\/bikecat.com\/","name":"Bikecat","description":"Bikecat Custom Cycling Tours  - Unique and Exclusive Custom Cycling Tours","publisher":{"@id":"https:\/\/bikecat.com\/#organization"},"potentialAction":[{"@type":"SearchAction","target":{"@type":"EntryPoint","urlTemplate":"https:\/\/bikecat.com\/?s={search_term_string}"},"query-input":{"@type":"PropertyValueSpecification","valueRequired":true,"valueName":"search_term_string"}}],"inLanguage":"es"},{"@type":"Organization","@id":"https:\/\/bikecat.com\/#organization","name":"Bikecat Cycling Tours","url":"https:\/\/bikecat.com\/","logo":{"@type":"ImageObject","inLanguage":"es","@id":"https:\/\/bikecat.com\/#\/schema\/logo\/image\/","url":"https:\/\/bikecat.com\/wp-content\/uploads\/2018\/11\/headerlogo-1.png","contentUrl":"https:\/\/bikecat.com\/wp-content\/uploads\/2018\/11\/headerlogo-1.png","width":130,"height":55,"caption":"Bikecat Cycling Tours"},"image":{"@id":"https:\/\/bikecat.com\/#\/schema\/logo\/image\/"},"sameAs":["https:\/\/www.facebook.com\/Bikecat.TOURS\/","https:\/\/x.com\/bikecatgirona","https:\/\/www.instagram.com\/bikecat_cycling_tours\/"]}]}},"_links":{"self":[{"href":"https:\/\/bikecat.com\/es\/wp-json\/wp\/v2\/pages\/33389","targetHints":{"allow":["GET"]}}],"collection":[{"href":"https:\/\/bikecat.com\/es\/wp-json\/wp\/v2\/pages"}],"about":[{"href":"https:\/\/bikecat.com\/es\/wp-json\/wp\/v2\/types\/page"}],"author":[{"embeddable":true,"href":"https:\/\/bikecat.com\/es\/wp-json\/wp\/v2\/users\/1"}],"replies":[{"embeddable":true,"href":"https:\/\/bikecat.com\/es\/wp-json\/wp\/v2\/comments?post=33389"}],"version-history":[{"count":0,"href":"https:\/\/bikecat.com\/es\/wp-json\/wp\/v2\/pages\/33389\/revisions"}],"wp:attachment":[{"href":"https:\/\/bikecat.com\/es\/wp-json\/wp\/v2\/media?parent=33389"}],"curies":[{"name":"wp","href":"https:\/\/api.w.org\/{rel}","templated":true}]}}