{"id":33377,"date":"2019-01-24T10:53:53","date_gmt":"2019-01-24T10:53:53","guid":{"rendered":"https:\/\/bikecat.com\/best-of-girona-cycling-tour"},"modified":"2025-11-07T15:47:00","modified_gmt":"2025-11-07T15:47:00","slug":"best-of-girona-cycling-tour","status":"publish","type":"page","link":"https:\/\/bikecat.com\/es\/best-of-girona-cycling-tour","title":{"rendered":"Tour en bicicleta Best of Girona"},"content":{"rendered":"<div class=\"wpb-content-wrapper\"><p>[vc_row][vc_column][rev_slider_vc alias=\u00bbbestofgirona\u00bb][\/vc_column][\/vc_row][vc_row css=\u00bb.vc_custom_1577118969893{margin-top: 40px !important;}\u00bb][vc_column][\/vc_column][\/vc_row][vc_row css=\u00bb.vc_custom_1577119033672{margin-top: 20px !important;margin-right: 10px !important;}\u00bb][vc_column width=\u00bb1\/2&#8243;][vc_single_image image=\u00bb33018&#8243; img_size=\u00bblarge\u00bb css_animation=\u00bbleft-to-right\u00bb][\/vc_column][vc_column width=\u00bb1\/2&#8243;][vc_column_text css=\u00bb\u00bb]<\/p>\n<h1><span style=\"color: #d9272e; font-size: 24pt; font-family: Raleway, geneva, sans-serif;\"><strong>Tour Best of Girona<\/strong><\/span><\/h1>\n<h4><span style=\"color: #d9272e;\"><strong>De los Pirineos a la Costa Brava<\/strong><\/span><\/h4>\n<p>Cuando ya hayas vivido la experiencia de pedalear por Girona, te proponemos ir un poco m\u00e1s all\u00e1. Este tour te lleva desde las monta\u00f1as <g id=\"gid_0\">del Pirineo hasta la Costa Brava:<\/g> una ruta espectacular para descubrir lo mejor de la provincia de Girona.  <\/p>\n<p>Comenzaremos nuestro viaje en el Pirineo, alojados en la localidad de Puigcerd\u00e0, capital de la Cerdanya, con sus amplias plazas, calles peatonales y un entorno natural impresionante. Puigcerd\u00e0 es el lugar donde muchos ciclistas profesionales afincados en Girona se instalan para entrenar durante el inicio de la temporada. Disfrutaremos de paisajes de alta monta\u00f1a y ascenderemos puertos como Pailh\u00e8res y Puymorens, incluidos en pasadas ediciones de <a href=\"https:\/\/www.letour.fr\/en\/\" target=\"_blank\" rel=\"noopener noreferrer\">Le Tour de France.<\/a>  <\/p>\n<p>El tercer d\u00eda dejaremos atr\u00e1s el Pirineo para descender hacia el Prepirineo, hasta el tranquilo valle d&#8217;en Bas, donde nos espera una merecida jornada de descanso.<\/p>\n<p>Durante los tres \u00faltimos d\u00edas de viaje, nos dirigiremos hacia la costa en una ruta espectacular por carreteras secundarias y las monta\u00f1as del Collsacabra. Nos alojaremos en la localidad costera de Palam\u00f3s, con sus magn\u00edficas playas, sus calles comerciales llenas de encanto y su ambiente acogedor: el lugar perfecto para celebrar el final de una semana inolvidable de ciclismo. <\/p>\n<p>Desde Palam\u00f3s, pedalearemos a lo largo de la Costa Brava, disfrutando de la cocina marinera t\u00edpica de la zona y contemplando la llegada de los barcos de pesca al puerto.<\/p>\n<p>&nbsp;<\/p>\n<p style=\"text-align: left;\"><span style=\"font-size: 14pt;\"><em><span style=\"color: #000000;\"><strong>Todo el sabor de la provincia de Girona<\/strong><\/span><\/em><\/span><\/p>\n<p>&nbsp;<\/p>\n<p>Como todos nuestros viajes, este es un tour totalmente personalizado. Las localizaciones de los hoteles o los pueblos pueden variar seg\u00fan tus preferencias. Dado que empezamos en el Pirineo, existen algunas restricciones de fechas por motivos meteorol\u00f3gicos. Los meses recomendados son de mediados de mayo a mediados de septiembre.[\/vc_column_text][\/vc_column][\/vc_row][vc_row css=\u00bb.vc_custom_1578069062832{margin-top: 40px !important;margin-bottom: 40px !important;}\u00bb][vc_column][\/vc_column][\/vc_row]<\/p>\n<\/div>","protected":false},"excerpt":{"rendered":"<p>[vc_row][vc_column][rev_slider_vc alias=\u00bbbestofgirona\u00bb][\/vc_column][\/vc_row][vc_row css=\u00bb.vc_custom_1577118969893{margin-top: 40px !important;}\u00bb][vc_column][\/vc_column][\/vc_row][vc_row css=\u00bb.vc_custom_1577119033672{margin-top: 20px !important;margin-right: 10px !important;}\u00bb][vc_column width=\u00bb1\/2&#8243;][vc_single_image image=\u00bb33018&#8243; img_size=\u00bblarge\u00bb css_animation=\u00bbleft-to-right\u00bb][\/vc_column][vc_column width=\u00bb1\/2&#8243;][vc_column_text css=\u00bb\u00bb] Tour Best of Girona De los Pirineos a la Costa Brava Cuando ya hayas vivido la experiencia de pedalear por Girona, te proponemos ir un poco m\u00e1s all\u00e1. Este tour te lleva desde las monta\u00f1as del Pirineo hasta la [&hellip;]<\/p>\n","protected":false},"author":1,"featured_media":0,"parent":0,"menu_order":0,"comment_status":"closed","ping_status":"closed","template":"","meta":{"ngg_post_thumbnail":0,"footnotes":""},"class_list":["post-33377","page","type-page","status-publish","hentry"],"yoast_head":"<!-- This site is optimized with the Yoast SEO Premium plugin v27.2 (Yoast SEO v27.2) - https:\/\/yoast.com\/product\/yoast-seo-premium-wordpress\/ -->\n<title>Best of Girona Cycling Tour | De los Pirineos a la Costa Brava<\/title>\n<meta name=\"description\" content=\"Descubre Girona en bicicleta \u2014 del Pirineo a la Costa Brava. Un tour en bicicleta \u00fanico por carreteras \u00fanicas y la autenticidad de los paisajes catalanes.\" \/>\n<meta name=\"robots\" content=\"index, follow, max-snippet:-1, max-image-preview:large, max-video-preview:-1\" \/>\n<link rel=\"canonical\" href=\"https:\/\/bikecat.com\/es\/best-of-girona-cycling-tour\" \/>\n<meta property=\"og:locale\" content=\"es_ES\" \/>\n<meta property=\"og:type\" content=\"article\" \/>\n<meta property=\"og:title\" content=\"Tour en bicicleta Best of Girona\" \/>\n<meta property=\"og:description\" content=\"Tour Best of Girona De los Pirineos a la Costa Brava Cuando ya hayas vivido la experiencia de pedalear por Girona, te proponemos ir un poco m\u00e1s all\u00e1. Este\" \/>\n<meta property=\"og:url\" content=\"https:\/\/bikecat.com\/es\/best-of-girona-cycling-tour\" \/>\n<meta property=\"og:site_name\" content=\"Bikecat\" \/>\n<meta property=\"article:publisher\" content=\"https:\/\/www.facebook.com\/Bikecat.TOURS\/\" \/>\n<meta property=\"article:modified_time\" content=\"2025-11-07T15:47:00+00:00\" \/>\n<meta property=\"og:image\" content=\"https:\/\/bikecat.com\/wp-content\/uploads\/2018\/11\/Bikecat-Custom-Cycling-Tours-8b.jpg\" \/>\n\t<meta property=\"og:image:width\" content=\"1920\" \/>\n\t<meta property=\"og:image:height\" content=\"576\" \/>\n\t<meta property=\"og:image:type\" content=\"image\/jpeg\" \/>\n<meta name=\"twitter:card\" content=\"summary_large_image\" \/>\n<meta name=\"twitter:site\" content=\"@bikecatgirona\" \/>\n<meta name=\"twitter:label1\" content=\"Tiempo de lectura\" \/>\n\t<meta name=\"twitter:data1\" content=\"2 minutos\" \/>\n<script type=\"application\/ld+json\" class=\"yoast-schema-graph\">{\"@context\":\"https:\/\/schema.org\",\"@graph\":[{\"@type\":\"WebPage\",\"@id\":\"https:\/\/bikecat.com\/es\/best-of-girona-cycling-tour\",\"url\":\"https:\/\/bikecat.com\/es\/best-of-girona-cycling-tour\",\"name\":\"Best of Girona Cycling Tour | De los Pirineos a la Costa Brava\",\"isPartOf\":{\"@id\":\"https:\/\/bikecat.com\/#website\"},\"datePublished\":\"2019-01-24T10:53:53+00:00\",\"dateModified\":\"2025-11-07T15:47:00+00:00\",\"description\":\"Descubre Girona en bicicleta \u2014 del Pirineo a la Costa Brava. Un tour en bicicleta \u00fanico por carreteras \u00fanicas y la autenticidad de los paisajes catalanes.\",\"breadcrumb\":{\"@id\":\"https:\/\/bikecat.com\/es\/best-of-girona-cycling-tour#breadcrumb\"},\"inLanguage\":\"es\",\"potentialAction\":[{\"@type\":\"ReadAction\",\"target\":[\"https:\/\/bikecat.com\/es\/best-of-girona-cycling-tour\"]}]},{\"@type\":\"BreadcrumbList\",\"@id\":\"https:\/\/bikecat.com\/es\/best-of-girona-cycling-tour#breadcrumb\",\"itemListElement\":[{\"@type\":\"ListItem\",\"position\":1,\"name\":\"Portada\",\"item\":\"https:\/\/bikecat.com\/es\"},{\"@type\":\"ListItem\",\"position\":2,\"name\":\"Tour en bicicleta Best of Girona\"}]},{\"@type\":\"WebSite\",\"@id\":\"https:\/\/bikecat.com\/#website\",\"url\":\"https:\/\/bikecat.com\/\",\"name\":\"Bikecat\",\"description\":\"Bikecat Custom Cycling Tours  - Unique and Exclusive Custom Cycling Tours\",\"publisher\":{\"@id\":\"https:\/\/bikecat.com\/#organization\"},\"potentialAction\":[{\"@type\":\"SearchAction\",\"target\":{\"@type\":\"EntryPoint\",\"urlTemplate\":\"https:\/\/bikecat.com\/?s={search_term_string}\"},\"query-input\":{\"@type\":\"PropertyValueSpecification\",\"valueRequired\":true,\"valueName\":\"search_term_string\"}}],\"inLanguage\":\"es\"},{\"@type\":\"Organization\",\"@id\":\"https:\/\/bikecat.com\/#organization\",\"name\":\"Bikecat Cycling Tours\",\"url\":\"https:\/\/bikecat.com\/\",\"logo\":{\"@type\":\"ImageObject\",\"inLanguage\":\"es\",\"@id\":\"https:\/\/bikecat.com\/#\/schema\/logo\/image\/\",\"url\":\"https:\/\/bikecat.com\/wp-content\/uploads\/2018\/11\/headerlogo-1.png\",\"contentUrl\":\"https:\/\/bikecat.com\/wp-content\/uploads\/2018\/11\/headerlogo-1.png\",\"width\":130,\"height\":55,\"caption\":\"Bikecat Cycling Tours\"},\"image\":{\"@id\":\"https:\/\/bikecat.com\/#\/schema\/logo\/image\/\"},\"sameAs\":[\"https:\/\/www.facebook.com\/Bikecat.TOURS\/\",\"https:\/\/x.com\/bikecatgirona\",\"https:\/\/www.instagram.com\/bikecat_cycling_tours\/\"]}]}<\/script>\n<!-- \/ Yoast SEO Premium plugin. -->","yoast_head_json":{"title":"Best of Girona Cycling Tour | De los Pirineos a la Costa Brava","description":"Descubre Girona en bicicleta \u2014 del Pirineo a la Costa Brava. Un tour en bicicleta \u00fanico por carreteras \u00fanicas y la autenticidad de los paisajes catalanes.","robots":{"index":"index","follow":"follow","max-snippet":"max-snippet:-1","max-image-preview":"max-image-preview:large","max-video-preview":"max-video-preview:-1"},"canonical":"https:\/\/bikecat.com\/es\/best-of-girona-cycling-tour","og_locale":"es_ES","og_type":"article","og_title":"Tour en bicicleta Best of Girona","og_description":"Tour Best of Girona De los Pirineos a la Costa Brava Cuando ya hayas vivido la experiencia de pedalear por Girona, te proponemos ir un poco m\u00e1s all\u00e1. Este","og_url":"https:\/\/bikecat.com\/es\/best-of-girona-cycling-tour","og_site_name":"Bikecat","article_publisher":"https:\/\/www.facebook.com\/Bikecat.TOURS\/","article_modified_time":"2025-11-07T15:47:00+00:00","og_image":[{"width":1920,"height":576,"url":"https:\/\/bikecat.com\/wp-content\/uploads\/2018\/11\/Bikecat-Custom-Cycling-Tours-8b.jpg","type":"image\/jpeg"}],"twitter_card":"summary_large_image","twitter_site":"@bikecatgirona","twitter_misc":{"Tiempo de lectura":"2 minutos"},"schema":{"@context":"https:\/\/schema.org","@graph":[{"@type":"WebPage","@id":"https:\/\/bikecat.com\/es\/best-of-girona-cycling-tour","url":"https:\/\/bikecat.com\/es\/best-of-girona-cycling-tour","name":"Best of Girona Cycling Tour | De los Pirineos a la Costa Brava","isPartOf":{"@id":"https:\/\/bikecat.com\/#website"},"datePublished":"2019-01-24T10:53:53+00:00","dateModified":"2025-11-07T15:47:00+00:00","description":"Descubre Girona en bicicleta \u2014 del Pirineo a la Costa Brava. Un tour en bicicleta \u00fanico por carreteras \u00fanicas y la autenticidad de los paisajes catalanes.","breadcrumb":{"@id":"https:\/\/bikecat.com\/es\/best-of-girona-cycling-tour#breadcrumb"},"inLanguage":"es","potentialAction":[{"@type":"ReadAction","target":["https:\/\/bikecat.com\/es\/best-of-girona-cycling-tour"]}]},{"@type":"BreadcrumbList","@id":"https:\/\/bikecat.com\/es\/best-of-girona-cycling-tour#breadcrumb","itemListElement":[{"@type":"ListItem","position":1,"name":"Portada","item":"https:\/\/bikecat.com\/es"},{"@type":"ListItem","position":2,"name":"Tour en bicicleta Best of Girona"}]},{"@type":"WebSite","@id":"https:\/\/bikecat.com\/#website","url":"https:\/\/bikecat.com\/","name":"Bikecat","description":"Bikecat Custom Cycling Tours  - Unique and Exclusive Custom Cycling Tours","publisher":{"@id":"https:\/\/bikecat.com\/#organization"},"potentialAction":[{"@type":"SearchAction","target":{"@type":"EntryPoint","urlTemplate":"https:\/\/bikecat.com\/?s={search_term_string}"},"query-input":{"@type":"PropertyValueSpecification","valueRequired":true,"valueName":"search_term_string"}}],"inLanguage":"es"},{"@type":"Organization","@id":"https:\/\/bikecat.com\/#organization","name":"Bikecat Cycling Tours","url":"https:\/\/bikecat.com\/","logo":{"@type":"ImageObject","inLanguage":"es","@id":"https:\/\/bikecat.com\/#\/schema\/logo\/image\/","url":"https:\/\/bikecat.com\/wp-content\/uploads\/2018\/11\/headerlogo-1.png","contentUrl":"https:\/\/bikecat.com\/wp-content\/uploads\/2018\/11\/headerlogo-1.png","width":130,"height":55,"caption":"Bikecat Cycling Tours"},"image":{"@id":"https:\/\/bikecat.com\/#\/schema\/logo\/image\/"},"sameAs":["https:\/\/www.facebook.com\/Bikecat.TOURS\/","https:\/\/x.com\/bikecatgirona","https:\/\/www.instagram.com\/bikecat_cycling_tours\/"]}]}},"_links":{"self":[{"href":"https:\/\/bikecat.com\/es\/wp-json\/wp\/v2\/pages\/33377","targetHints":{"allow":["GET"]}}],"collection":[{"href":"https:\/\/bikecat.com\/es\/wp-json\/wp\/v2\/pages"}],"about":[{"href":"https:\/\/bikecat.com\/es\/wp-json\/wp\/v2\/types\/page"}],"author":[{"embeddable":true,"href":"https:\/\/bikecat.com\/es\/wp-json\/wp\/v2\/users\/1"}],"replies":[{"embeddable":true,"href":"https:\/\/bikecat.com\/es\/wp-json\/wp\/v2\/comments?post=33377"}],"version-history":[{"count":4,"href":"https:\/\/bikecat.com\/es\/wp-json\/wp\/v2\/pages\/33377\/revisions"}],"predecessor-version":[{"id":44599,"href":"https:\/\/bikecat.com\/es\/wp-json\/wp\/v2\/pages\/33377\/revisions\/44599"}],"wp:attachment":[{"href":"https:\/\/bikecat.com\/es\/wp-json\/wp\/v2\/media?parent=33377"}],"curies":[{"name":"wp","href":"https:\/\/api.w.org\/{rel}","templated":true}]}}