{"id":33326,"date":"2019-12-05T17:53:47","date_gmt":"2019-12-05T17:53:47","guid":{"rendered":"https:\/\/bikecat.com\/sud-de-france-cycling-tour"},"modified":"2025-11-25T12:04:01","modified_gmt":"2025-11-25T12:04:01","slug":"sud-de-france-cycling-tour","status":"publish","type":"page","link":"https:\/\/bikecat.com\/es\/sud-de-france-cycling-tour","title":{"rendered":"Sud de France Cycling Tour"},"content":{"rendered":"<div class=\"wpb-content-wrapper\"><p>[vc_row][vc_column][rev_slider_vc alias=\u00bbfrance\u00bb][\/vc_column][\/vc_row][vc_row css=\u00bb.vc_custom_1575568424509{margin-top: 40px !important;}\u00bb][vc_column][\/vc_column][\/vc_row][vc_row css=\u00bb.vc_custom_1544103354063{margin-top: 20px !important;margin-right: 10px !important;}\u00bb][vc_column width=\u00bb1\/2&#8243;][vc_single_image image=\u00bb32860&#8243; img_size=\u00bblarge\u00bb css_animation=\u00bbleft-to-right\u00bb][\/vc_column][vc_column width=\u00bb1\/2&#8243;][vc_column_text css=\u00bb\u00bb]<\/p>\n<h1><span style=\"color: #d9272e; font-size: 24pt; font-family: Raleway, geneva, sans-serif;\"><strong>Tour del Sur de Francia<\/strong><\/span><\/h1>\n<p>Descubre el sur de Francia con Bikecat: desde incre\u00edbles ascensos en los Pirineos y el hist\u00f3rico pueblo fortificado de Carcassonne, hasta el pintoresco pueblo mediterr\u00e1neo de Collioure.<\/p>\n<p style=\"text-align: left;\"><span style=\"font-size: 14pt;\"><b><i>\u201cPetits saveurs de La France\u201d<\/i><\/b><\/span><\/p>\n<p>Empezamos el Sud de France Cycling Tour aloj\u00e1ndonos en la ciudad termal de Ax-les-Thermes, situada en el valle de Ax junto al r\u00edo Ari\u00e8ge, en la regi\u00f3n de Midi-Pyr\u00e9n\u00e9es.<\/p>\n<p>Desde Ax, podemos acceder a muchos ascensos legendarios del <a href=\"https:\/\/www.letour.fr\/en\/\">Tour de France<\/a>: Plateau de Beille, Pahli\u00e8res, Ax-3-Domaines, Col de Puymorens o Col de Chioula.<\/p>\n<p>Descubre carreteras secundarias tranquilas y peque\u00f1os pueblos con castillos en lo alto de las colinas mientras pedaleamos por el campo y los vi\u00f1edos de Languedoc-Roussillon, rumbo a nuestro siguiente hotel en <strong>Carcassonne<\/strong>. Visita la cima del periodo medieval en la fortaleza que domina la ciudad.  La ciudadela medieval de Carcassonne es <strong>Patrimonio de la Humanidad de la UNESCO.<\/strong><\/p>\n<p>De camino a la costa, pasaremos junto a imponentes castillos c\u00e1taros, por las impresionantes Gorges de Galamus y por la encantadora ciudad de Ceret, famosa por sus cerezas y su ambiente bohemio.<\/p>\n<p>Rel\u00e1jate al llegar al Mediterr\u00e1neo, en el singular y art\u00edstico pueblo de <strong>Collioure<\/strong>, con sus casas de colores pastel y aguas turquesa.<\/p>\n<p>Durante el tour, disfrutar\u00e1s de la t\u00edpica pasteler\u00eda francesa, fruta de temporada ass\u00ed como su deliciosa cocina y vino por la noche.<\/p>\n<p>El Sud de France Cycling Tour es un viaje dise\u00f1ado a medida para ti y tu grupo.<\/p>\n<p><strong>Para saber m\u00e1s sobre este viaje,<\/strong><br \/>\n<strong>ponte en contacto con nosotros en <a href=\"mailto:info@bikecat.com\">info@bikecat.com<\/a>&nbsp;o llamando al +34 639 82 92 72<\/strong>[\/vc_column_text][\/vc_column][\/vc_row][vc_row css=\u00bb.vc_custom_1578069102309{margin-top: 40px !important;margin-bottom: 40px !important;}\u00bb][vc_column][\/vc_column][\/vc_row]<\/p>\n<\/div>","protected":false},"excerpt":{"rendered":"<p>[vc_row][vc_column][rev_slider_vc alias=\u00bbfrance\u00bb][\/vc_column][\/vc_row][vc_row css=\u00bb.vc_custom_1575568424509{margin-top: 40px !important;}\u00bb][vc_column][\/vc_column][\/vc_row][vc_row css=\u00bb.vc_custom_1544103354063{margin-top: 20px !important;margin-right: 10px !important;}\u00bb][vc_column width=\u00bb1\/2&#8243;][vc_single_image image=\u00bb32860&#8243; img_size=\u00bblarge\u00bb css_animation=\u00bbleft-to-right\u00bb][\/vc_column][vc_column width=\u00bb1\/2&#8243;][vc_column_text css=\u00bb\u00bb] Tour del Sur de Francia Descubre el sur de Francia con Bikecat: desde incre\u00edbles ascensos en los Pirineos y el hist\u00f3rico pueblo fortificado de Carcassonne, hasta el pintoresco pueblo mediterr\u00e1neo de Collioure. \u201cPetits saveurs de La France\u201d Empezamos el [&hellip;]<\/p>\n","protected":false},"author":1,"featured_media":0,"parent":0,"menu_order":0,"comment_status":"closed","ping_status":"closed","template":"","meta":{"ngg_post_thumbnail":0,"footnotes":""},"class_list":["post-33326","page","type-page","status-publish","hentry"],"yoast_head":"<!-- This site is optimized with the Yoast SEO Premium plugin v27.2 (Yoast SEO v27.2) - https:\/\/yoast.com\/product\/yoast-seo-premium-wordpress\/ -->\n<title>Sud de France Cycling Tour | De los Pirineos al Mediterr\u00e1neo<\/title>\n<meta name=\"description\" content=\"Descubre el Sud de France Cycling Tour: ascensos en los Pirineos, Carcasona medieval y el encanto mediterr\u00e1neo de Collioure.\" \/>\n<meta name=\"robots\" content=\"index, follow, max-snippet:-1, max-image-preview:large, max-video-preview:-1\" \/>\n<link rel=\"canonical\" href=\"https:\/\/bikecat.com\/es\/sud-de-france-cycling-tour\" \/>\n<meta property=\"og:locale\" content=\"es_ES\" \/>\n<meta property=\"og:type\" content=\"article\" \/>\n<meta property=\"og:title\" content=\"Sud de France Cycling Tour\" \/>\n<meta property=\"og:description\" content=\"Tour del Sur de Francia Descubre el sur de Francia con Bikecat: desde incre\u00edbles ascensos en los Pirineos y el hist\u00f3rico pueblo fortificado de\" \/>\n<meta property=\"og:url\" content=\"https:\/\/bikecat.com\/es\/sud-de-france-cycling-tour\" \/>\n<meta property=\"og:site_name\" content=\"Bikecat\" \/>\n<meta property=\"article:publisher\" content=\"https:\/\/www.facebook.com\/Bikecat.TOURS\/\" \/>\n<meta property=\"article:modified_time\" content=\"2025-11-25T12:04:01+00:00\" \/>\n<meta property=\"og:image\" content=\"https:\/\/bikecat.com\/wp-content\/uploads\/2019\/12\/Bikecat-Sud-de-France-Cycling-Tour-5.jpg\" \/>\n\t<meta property=\"og:image:width\" content=\"1920\" \/>\n\t<meta property=\"og:image:height\" content=\"576\" \/>\n\t<meta property=\"og:image:type\" content=\"image\/jpeg\" \/>\n<meta name=\"twitter:card\" content=\"summary_large_image\" \/>\n<meta name=\"twitter:site\" content=\"@bikecatgirona\" \/>\n<meta name=\"twitter:label1\" content=\"Tiempo de lectura\" \/>\n\t<meta name=\"twitter:data1\" content=\"2 minutos\" \/>\n<script type=\"application\/ld+json\" class=\"yoast-schema-graph\">{\"@context\":\"https:\/\/schema.org\",\"@graph\":[{\"@type\":\"WebPage\",\"@id\":\"https:\/\/bikecat.com\/es\/sud-de-france-cycling-tour\",\"url\":\"https:\/\/bikecat.com\/es\/sud-de-france-cycling-tour\",\"name\":\"Sud de France Cycling Tour | De los Pirineos al Mediterr\u00e1neo\",\"isPartOf\":{\"@id\":\"https:\/\/bikecat.com\/#website\"},\"datePublished\":\"2019-12-05T17:53:47+00:00\",\"dateModified\":\"2025-11-25T12:04:01+00:00\",\"description\":\"Descubre el Sud de France Cycling Tour: ascensos en los Pirineos, Carcasona medieval y el encanto mediterr\u00e1neo de Collioure.\",\"breadcrumb\":{\"@id\":\"https:\/\/bikecat.com\/es\/sud-de-france-cycling-tour#breadcrumb\"},\"inLanguage\":\"es\",\"potentialAction\":[{\"@type\":\"ReadAction\",\"target\":[\"https:\/\/bikecat.com\/es\/sud-de-france-cycling-tour\"]}]},{\"@type\":\"BreadcrumbList\",\"@id\":\"https:\/\/bikecat.com\/es\/sud-de-france-cycling-tour#breadcrumb\",\"itemListElement\":[{\"@type\":\"ListItem\",\"position\":1,\"name\":\"Portada\",\"item\":\"https:\/\/bikecat.com\/es\"},{\"@type\":\"ListItem\",\"position\":2,\"name\":\"Sud de France Cycling Tour\"}]},{\"@type\":\"WebSite\",\"@id\":\"https:\/\/bikecat.com\/#website\",\"url\":\"https:\/\/bikecat.com\/\",\"name\":\"Bikecat\",\"description\":\"Bikecat Custom Cycling Tours  - Unique and Exclusive Custom Cycling Tours\",\"publisher\":{\"@id\":\"https:\/\/bikecat.com\/#organization\"},\"potentialAction\":[{\"@type\":\"SearchAction\",\"target\":{\"@type\":\"EntryPoint\",\"urlTemplate\":\"https:\/\/bikecat.com\/?s={search_term_string}\"},\"query-input\":{\"@type\":\"PropertyValueSpecification\",\"valueRequired\":true,\"valueName\":\"search_term_string\"}}],\"inLanguage\":\"es\"},{\"@type\":\"Organization\",\"@id\":\"https:\/\/bikecat.com\/#organization\",\"name\":\"Bikecat Cycling Tours\",\"url\":\"https:\/\/bikecat.com\/\",\"logo\":{\"@type\":\"ImageObject\",\"inLanguage\":\"es\",\"@id\":\"https:\/\/bikecat.com\/#\/schema\/logo\/image\/\",\"url\":\"https:\/\/bikecat.com\/wp-content\/uploads\/2018\/11\/headerlogo-1.png\",\"contentUrl\":\"https:\/\/bikecat.com\/wp-content\/uploads\/2018\/11\/headerlogo-1.png\",\"width\":130,\"height\":55,\"caption\":\"Bikecat Cycling Tours\"},\"image\":{\"@id\":\"https:\/\/bikecat.com\/#\/schema\/logo\/image\/\"},\"sameAs\":[\"https:\/\/www.facebook.com\/Bikecat.TOURS\/\",\"https:\/\/x.com\/bikecatgirona\",\"https:\/\/www.instagram.com\/bikecat_cycling_tours\/\"]}]}<\/script>\n<!-- \/ Yoast SEO Premium plugin. -->","yoast_head_json":{"title":"Sud de France Cycling Tour | De los Pirineos al Mediterr\u00e1neo","description":"Descubre el Sud de France Cycling Tour: ascensos en los Pirineos, Carcasona medieval y el encanto mediterr\u00e1neo de Collioure.","robots":{"index":"index","follow":"follow","max-snippet":"max-snippet:-1","max-image-preview":"max-image-preview:large","max-video-preview":"max-video-preview:-1"},"canonical":"https:\/\/bikecat.com\/es\/sud-de-france-cycling-tour","og_locale":"es_ES","og_type":"article","og_title":"Sud de France Cycling Tour","og_description":"Tour del Sur de Francia Descubre el sur de Francia con Bikecat: desde incre\u00edbles ascensos en los Pirineos y el hist\u00f3rico pueblo fortificado de","og_url":"https:\/\/bikecat.com\/es\/sud-de-france-cycling-tour","og_site_name":"Bikecat","article_publisher":"https:\/\/www.facebook.com\/Bikecat.TOURS\/","article_modified_time":"2025-11-25T12:04:01+00:00","og_image":[{"width":1920,"height":576,"url":"https:\/\/bikecat.com\/wp-content\/uploads\/2019\/12\/Bikecat-Sud-de-France-Cycling-Tour-5.jpg","type":"image\/jpeg"}],"twitter_card":"summary_large_image","twitter_site":"@bikecatgirona","twitter_misc":{"Tiempo de lectura":"2 minutos"},"schema":{"@context":"https:\/\/schema.org","@graph":[{"@type":"WebPage","@id":"https:\/\/bikecat.com\/es\/sud-de-france-cycling-tour","url":"https:\/\/bikecat.com\/es\/sud-de-france-cycling-tour","name":"Sud de France Cycling Tour | De los Pirineos al Mediterr\u00e1neo","isPartOf":{"@id":"https:\/\/bikecat.com\/#website"},"datePublished":"2019-12-05T17:53:47+00:00","dateModified":"2025-11-25T12:04:01+00:00","description":"Descubre el Sud de France Cycling Tour: ascensos en los Pirineos, Carcasona medieval y el encanto mediterr\u00e1neo de Collioure.","breadcrumb":{"@id":"https:\/\/bikecat.com\/es\/sud-de-france-cycling-tour#breadcrumb"},"inLanguage":"es","potentialAction":[{"@type":"ReadAction","target":["https:\/\/bikecat.com\/es\/sud-de-france-cycling-tour"]}]},{"@type":"BreadcrumbList","@id":"https:\/\/bikecat.com\/es\/sud-de-france-cycling-tour#breadcrumb","itemListElement":[{"@type":"ListItem","position":1,"name":"Portada","item":"https:\/\/bikecat.com\/es"},{"@type":"ListItem","position":2,"name":"Sud de France Cycling Tour"}]},{"@type":"WebSite","@id":"https:\/\/bikecat.com\/#website","url":"https:\/\/bikecat.com\/","name":"Bikecat","description":"Bikecat Custom Cycling Tours  - Unique and Exclusive Custom Cycling Tours","publisher":{"@id":"https:\/\/bikecat.com\/#organization"},"potentialAction":[{"@type":"SearchAction","target":{"@type":"EntryPoint","urlTemplate":"https:\/\/bikecat.com\/?s={search_term_string}"},"query-input":{"@type":"PropertyValueSpecification","valueRequired":true,"valueName":"search_term_string"}}],"inLanguage":"es"},{"@type":"Organization","@id":"https:\/\/bikecat.com\/#organization","name":"Bikecat Cycling Tours","url":"https:\/\/bikecat.com\/","logo":{"@type":"ImageObject","inLanguage":"es","@id":"https:\/\/bikecat.com\/#\/schema\/logo\/image\/","url":"https:\/\/bikecat.com\/wp-content\/uploads\/2018\/11\/headerlogo-1.png","contentUrl":"https:\/\/bikecat.com\/wp-content\/uploads\/2018\/11\/headerlogo-1.png","width":130,"height":55,"caption":"Bikecat Cycling Tours"},"image":{"@id":"https:\/\/bikecat.com\/#\/schema\/logo\/image\/"},"sameAs":["https:\/\/www.facebook.com\/Bikecat.TOURS\/","https:\/\/x.com\/bikecatgirona","https:\/\/www.instagram.com\/bikecat_cycling_tours\/"]}]}},"_links":{"self":[{"href":"https:\/\/bikecat.com\/es\/wp-json\/wp\/v2\/pages\/33326","targetHints":{"allow":["GET"]}}],"collection":[{"href":"https:\/\/bikecat.com\/es\/wp-json\/wp\/v2\/pages"}],"about":[{"href":"https:\/\/bikecat.com\/es\/wp-json\/wp\/v2\/types\/page"}],"author":[{"embeddable":true,"href":"https:\/\/bikecat.com\/es\/wp-json\/wp\/v2\/users\/1"}],"replies":[{"embeddable":true,"href":"https:\/\/bikecat.com\/es\/wp-json\/wp\/v2\/comments?post=33326"}],"version-history":[{"count":4,"href":"https:\/\/bikecat.com\/es\/wp-json\/wp\/v2\/pages\/33326\/revisions"}],"predecessor-version":[{"id":44732,"href":"https:\/\/bikecat.com\/es\/wp-json\/wp\/v2\/pages\/33326\/revisions\/44732"}],"wp:attachment":[{"href":"https:\/\/bikecat.com\/es\/wp-json\/wp\/v2\/media?parent=33326"}],"curies":[{"name":"wp","href":"https:\/\/api.w.org\/{rel}","templated":true}]}}