{"id":33318,"date":"2019-01-24T11:22:52","date_gmt":"2019-01-24T11:22:52","guid":{"rendered":"https:\/\/bikecat.com\/priorat-wine-tour"},"modified":"2025-11-19T11:42:49","modified_gmt":"2025-11-19T11:42:49","slug":"priorat-wine-tour","status":"publish","type":"page","link":"https:\/\/bikecat.com\/es\/priorat-wine-tour","title":{"rendered":"Priorat Wine Tour"},"content":{"rendered":"<div class=\"wpb-content-wrapper\"><p>[vc_row][vc_column][rev_slider_vc alias=\u00bbpriorat\u00bb][\/vc_column][\/vc_row][vc_row css=\u00bb.vc_custom_1575567660075{margin-top: 40px !important;}\u00bb][vc_column][\/vc_column][\/vc_row][vc_row css=\u00bb.vc_custom_1544103354063{margin-top: 20px !important;margin-right: 10px !important;}\u00bb][vc_column width=\u00bb1\/2&#8243;][vc_single_image image=\u00bb32820&#8243; img_size=\u00bblarge\u00bb css_animation=\u00bbleft-to-right\u00bb][\/vc_column][vc_column width=\u00bb1\/2&#8243;][vc_column_text css=\u00bb\u00bb]<\/p>\n<h1><span style=\"color: #d9272e; font-size: 24pt; font-family: Raleway, geneva, sans-serif;\"><strong>PRIORAT&nbsp;<\/strong><\/span><span style=\"color: #d9272e; font-size: 24pt; font-family: Raleway, geneva, sans-serif;\"><strong>WINE TOUR<br \/>\n<\/strong><\/span><\/h1>\n<p>Bikecat ofrece una propuesta muy especial para descubrir Catalu\u00f1a pedaleando entre algunos de los mejores vi\u00f1edos de Espa\u00f1a.<br \/>\n&nbsp;<br \/>\nAprender\u00e1s y explorar\u00e1s este mundo guiado por expertos y elaboradores de vino locales, disfrutando del confort de tus hoteles y de la costa Mediterr\u00e1nea mientras te acompa\u00f1amos a visitar cuatro de las regiones vin\u00edcolas m\u00e1s destacadas del pa\u00eds: las <strong>D.O. PRIORAT, MONTSANT, PENED\u00c8S y CAVA.<\/strong> Un recorrido para descubrir paisajes espectaculares, gastronom\u00eda de primer nivel y la cultura que define Catalu\u00f1a.<br \/>\n&nbsp;<br \/>\nHemos dise\u00f1ado un viaje de 8 d\u00edas \/ 7 noches y 6 jornadas de ciclismo. Te recogeremos en Barcelona y te trasladaremos a Falset, donde pasaremos tres noches para explorar a fondo las magn\u00edficas zonas del Priorat y el Montsant. All\u00ed conoceremos el proceso de elaboraci\u00f3n del vino en esta peque\u00f1a regi\u00f3n y degustaremos algunas de sus referencias m\u00e1s reconocidas.  <\/p>\n<p>Nuestra siguiente parada ser\u00e1 La Selva del Camp, donde nos alojaremos en un hotel de lujo y visitaremos el cercano Monasterio de Poblet. Descubrir\u00e1s los encantos de las Monta\u00f1as de Prades y las sorpresas que ofrece este entorno.<\/p>\n<p>Despu\u00e9s pedalearemos hasta nuestro destino final junto al mar: Sitges, un animado y pintoresco pueblo pesquero que nos servir\u00e1 de base para explorar las regiones vecinas del Pened\u00e8s y del Cava. Recorreremos amplias extensiones de vi\u00f1edos y disfrutaremos de la visita a alguna de sus bodegas por el camino. <\/p>\n<p align=\"justify\">Para completar la experiencia, incluimos los cl\u00e1sicos de Bikecat: restaurantes cuidadosamente seleccionados a lo largo de la ruta y cenas relajadas al final de cada d\u00eda, la combinaci\u00f3n perfecta de ciclismo, vino y gastronom\u00eda.<\/p>\n<p>[\/vc_column_text][\/vc_column][\/vc_row][vc_row css=\u00bb.vc_custom_1544103354063{margin-top: 20px !important;margin-right: 10px !important;}\u00bb][vc_column width=\u00bb1\/2&#8243;][vc_single_image image=\u00bb33016&#8243; img_size=\u00bblarge\u00bb css_animation=\u00bbleft-to-right\u00bb][\/vc_column][vc_column width=\u00bb1\/2&#8243;][vc_column_text css=\u00bb\u00bb]<\/p>\n<h4 align=\"justify\"><span style=\"color: #d9272e;\"><strong>Las rutas<\/strong><\/span><\/h4>\n<p><em>Desde peque\u00f1o, los monasterios de <a href=\"https:\/\/www.larutadelcister.info\/en\"><strong>La Ruta del Cister<\/strong><\/a> y las sierras del Montsant y de Prades han despertado mi imaginaci\u00f3n. Me sent\u00eda como un explorador al descubrir estos lugares m\u00e1gicos tras cruzar bosques y monta\u00f1as v\u00edrgenes.<\/em><br \/>\n<em>&nbsp;<\/em><br \/>\n<em>A\u00f1os m\u00e1s tarde, nuestro creciente inter\u00e9s por el mundo del vino nos llev\u00f3 de nuevo hasta aqu\u00ed. Haber entrenado y competido en la zona en el pasado motiv\u00f3 nuestra decisi\u00f3n de combinar el ciclismo con la exploraci\u00f3n de estos tesoros escondidos. <\/em><\/p>\n<p><em>As\u00ed naci\u00f3 este tour, pensado tanto para ciclistas como para amantes del vino. \u00danete con tus amigos o tu grupeta para vivir una experiencia realmente \u00fanica. <\/em><\/p>\n<p><em>Durante el Priorat Wine Tour, empezaremos con rutas exigentes por las pronunciadas laderas de las zonas vin\u00edcolas del Montsant y el Priorat. Las carreteras remotas ser\u00e1n nuestra puerta a la aventura, y los pueblos y monasterios del camino nos revelar\u00e1n la historia milenaria de este territorio. Las colinas salvajes y el paisaje abrupto nos contar\u00e1n, a su manera, la historia del vino que nace aqu\u00ed.  <\/em><\/p>\n<p><em>Terminaremos el viaje en la <strong>costa Mediterr\u00e1nea<\/strong>, pedaleando entre extensos vi\u00f1edos tierra adentro, donde se elabora el Cava. Visitaremos algunas de las caves y bodegas m\u00e1s emblem\u00e1ticas del Pened\u00e8s.<\/em><\/p>\n<p align=\"justify\">&nbsp;<\/p>\n<p style=\"text-align: right;\"><em>Jaume Cabruja<\/em><\/p>\n<p>[\/vc_column_text][\/vc_column][\/vc_row][vc_row css=\u00bb.vc_custom_1544103354063{margin-top: 20px !important;margin-right: 10px !important;}\u00bb][vc_column width=\u00bb1\/2&#8243;][vc_single_image image=\u00bb32822&#8243; img_size=\u00bblarge\u00bb css_animation=\u00bbleft-to-right\u00bb][\/vc_column][vc_column width=\u00bb1\/2&#8243;][vc_column_text css=\u00bb\u00bb]<\/p>\n<h4><span style=\"color: #d9272e;\"><strong>El vino<\/strong><\/span><\/h4>\n<p>El vino se cultiva en esta regi\u00f3n desde tiempos prerromanos y ha sobrevivido a invasiones b\u00e1rbaras, al dominio musulm\u00e1n e incluso a la plaga de filoxera del siglo XIX.<\/p>\n<p>Ahora que la fama internacional llega a estos pueblos tradicionalmente tranquilos, tienes la oportunidad de visitar sus bodegas antes de que se vuelvan demasiado populares. Podr\u00e1s hablar con los agricultores y elaboradores locales que gestionan todo el proceso y observar el brillo en sus ojos mientras pruebas sus vinos.<br \/>\n&nbsp;[\/vc_column_text][\/vc_column][\/vc_row][vc_row css=\u00bb.vc_custom_1578068834022{margin-top: 40px !important;margin-bottom: 40px !important;}\u00bb][vc_column][\/vc_column][\/vc_row]<\/p>\n<\/div>","protected":false},"excerpt":{"rendered":"<p>[vc_row][vc_column][rev_slider_vc alias=\u00bbpriorat\u00bb][\/vc_column][\/vc_row][vc_row css=\u00bb.vc_custom_1575567660075{margin-top: 40px !important;}\u00bb][vc_column][\/vc_column][\/vc_row][vc_row css=\u00bb.vc_custom_1544103354063{margin-top: 20px !important;margin-right: 10px !important;}\u00bb][vc_column width=\u00bb1\/2&#8243;][vc_single_image image=\u00bb32820&#8243; img_size=\u00bblarge\u00bb css_animation=\u00bbleft-to-right\u00bb][\/vc_column][vc_column width=\u00bb1\/2&#8243;][vc_column_text css=\u00bb\u00bb] PRIORAT&nbsp;WINE TOUR Bikecat ofrece una propuesta muy especial para descubrir Catalu\u00f1a pedaleando entre algunos de los mejores vi\u00f1edos de Espa\u00f1a. &nbsp; Aprender\u00e1s y explorar\u00e1s este mundo guiado por expertos y elaboradores de vino locales, disfrutando del confort de tus [&hellip;]<\/p>\n","protected":false},"author":1,"featured_media":0,"parent":0,"menu_order":0,"comment_status":"closed","ping_status":"closed","template":"","meta":{"ngg_post_thumbnail":0,"footnotes":""},"class_list":["post-33318","page","type-page","status-publish","hentry"],"yoast_head":"<!-- This site is optimized with the Yoast SEO Premium plugin v27.2 (Yoast SEO v27.2) - https:\/\/yoast.com\/product\/yoast-seo-premium-wordpress\/ -->\n<title>Priorat Wine Tour | Ciclismo, vino y cultura en Catalu\u00f1a<\/title>\n<meta name=\"description\" content=\"Priorat Wine Tour \u2014 Descubre las regiones vin\u00edcolas de Catalu\u00f1a y disfruta de una combinaci\u00f3n \u00fanica de ciclismo, cultura y gastronom\u00eda.\" \/>\n<meta name=\"robots\" content=\"index, follow, max-snippet:-1, max-image-preview:large, max-video-preview:-1\" \/>\n<link rel=\"canonical\" href=\"https:\/\/bikecat.com\/es\/priorat-wine-tour\" \/>\n<meta property=\"og:locale\" content=\"es_ES\" \/>\n<meta property=\"og:type\" content=\"article\" \/>\n<meta property=\"og:title\" content=\"Priorat Wine Tour\" \/>\n<meta property=\"og:description\" content=\"PRIORAT&nbsp;WINE TOUR Bikecat ofrece una propuesta muy especial para descubrir Catalu\u00f1a pedaleando entre algunos de los mejores vi\u00f1edos de Espa\u00f1a. &nbsp;\" \/>\n<meta property=\"og:url\" content=\"https:\/\/bikecat.com\/es\/priorat-wine-tour\" \/>\n<meta property=\"og:site_name\" content=\"Bikecat\" \/>\n<meta property=\"article:publisher\" content=\"https:\/\/www.facebook.com\/Bikecat.TOURS\/\" \/>\n<meta property=\"article:modified_time\" content=\"2025-11-19T11:42:49+00:00\" \/>\n<meta property=\"og:image\" content=\"https:\/\/bikecat.com\/wp-content\/uploads\/2019\/12\/Bikecat-Priorat-Wine-Tour-4.jpg\" \/>\n\t<meta property=\"og:image:width\" content=\"1920\" \/>\n\t<meta property=\"og:image:height\" content=\"576\" \/>\n\t<meta property=\"og:image:type\" content=\"image\/jpeg\" \/>\n<meta name=\"twitter:card\" content=\"summary_large_image\" \/>\n<meta name=\"twitter:site\" content=\"@bikecatgirona\" \/>\n<meta name=\"twitter:label1\" content=\"Tiempo de lectura\" \/>\n\t<meta name=\"twitter:data1\" content=\"4 minutos\" \/>\n<script type=\"application\/ld+json\" class=\"yoast-schema-graph\">{\"@context\":\"https:\/\/schema.org\",\"@graph\":[{\"@type\":\"WebPage\",\"@id\":\"https:\/\/bikecat.com\/es\/priorat-wine-tour\",\"url\":\"https:\/\/bikecat.com\/es\/priorat-wine-tour\",\"name\":\"Priorat Wine Tour | Ciclismo, vino y cultura en Catalu\u00f1a\",\"isPartOf\":{\"@id\":\"https:\/\/bikecat.com\/#website\"},\"datePublished\":\"2019-01-24T11:22:52+00:00\",\"dateModified\":\"2025-11-19T11:42:49+00:00\",\"description\":\"Priorat Wine Tour \u2014 Descubre las regiones vin\u00edcolas de Catalu\u00f1a y disfruta de una combinaci\u00f3n \u00fanica de ciclismo, cultura y gastronom\u00eda.\",\"breadcrumb\":{\"@id\":\"https:\/\/bikecat.com\/es\/priorat-wine-tour#breadcrumb\"},\"inLanguage\":\"es\",\"potentialAction\":[{\"@type\":\"ReadAction\",\"target\":[\"https:\/\/bikecat.com\/es\/priorat-wine-tour\"]}]},{\"@type\":\"BreadcrumbList\",\"@id\":\"https:\/\/bikecat.com\/es\/priorat-wine-tour#breadcrumb\",\"itemListElement\":[{\"@type\":\"ListItem\",\"position\":1,\"name\":\"Portada\",\"item\":\"https:\/\/bikecat.com\/es\"},{\"@type\":\"ListItem\",\"position\":2,\"name\":\"Priorat Wine Tour\"}]},{\"@type\":\"WebSite\",\"@id\":\"https:\/\/bikecat.com\/#website\",\"url\":\"https:\/\/bikecat.com\/\",\"name\":\"Bikecat\",\"description\":\"Bikecat Custom Cycling Tours  - Unique and Exclusive Custom Cycling Tours\",\"publisher\":{\"@id\":\"https:\/\/bikecat.com\/#organization\"},\"potentialAction\":[{\"@type\":\"SearchAction\",\"target\":{\"@type\":\"EntryPoint\",\"urlTemplate\":\"https:\/\/bikecat.com\/?s={search_term_string}\"},\"query-input\":{\"@type\":\"PropertyValueSpecification\",\"valueRequired\":true,\"valueName\":\"search_term_string\"}}],\"inLanguage\":\"es\"},{\"@type\":\"Organization\",\"@id\":\"https:\/\/bikecat.com\/#organization\",\"name\":\"Bikecat Cycling Tours\",\"url\":\"https:\/\/bikecat.com\/\",\"logo\":{\"@type\":\"ImageObject\",\"inLanguage\":\"es\",\"@id\":\"https:\/\/bikecat.com\/#\/schema\/logo\/image\/\",\"url\":\"https:\/\/bikecat.com\/wp-content\/uploads\/2018\/11\/headerlogo-1.png\",\"contentUrl\":\"https:\/\/bikecat.com\/wp-content\/uploads\/2018\/11\/headerlogo-1.png\",\"width\":130,\"height\":55,\"caption\":\"Bikecat Cycling Tours\"},\"image\":{\"@id\":\"https:\/\/bikecat.com\/#\/schema\/logo\/image\/\"},\"sameAs\":[\"https:\/\/www.facebook.com\/Bikecat.TOURS\/\",\"https:\/\/x.com\/bikecatgirona\",\"https:\/\/www.instagram.com\/bikecat_cycling_tours\/\"]}]}<\/script>\n<!-- \/ Yoast SEO Premium plugin. -->","yoast_head_json":{"title":"Priorat Wine Tour | Ciclismo, vino y cultura en Catalu\u00f1a","description":"Priorat Wine Tour \u2014 Descubre las regiones vin\u00edcolas de Catalu\u00f1a y disfruta de una combinaci\u00f3n \u00fanica de ciclismo, cultura y gastronom\u00eda.","robots":{"index":"index","follow":"follow","max-snippet":"max-snippet:-1","max-image-preview":"max-image-preview:large","max-video-preview":"max-video-preview:-1"},"canonical":"https:\/\/bikecat.com\/es\/priorat-wine-tour","og_locale":"es_ES","og_type":"article","og_title":"Priorat Wine Tour","og_description":"PRIORAT&nbsp;WINE TOUR Bikecat ofrece una propuesta muy especial para descubrir Catalu\u00f1a pedaleando entre algunos de los mejores vi\u00f1edos de Espa\u00f1a. &nbsp;","og_url":"https:\/\/bikecat.com\/es\/priorat-wine-tour","og_site_name":"Bikecat","article_publisher":"https:\/\/www.facebook.com\/Bikecat.TOURS\/","article_modified_time":"2025-11-19T11:42:49+00:00","og_image":[{"width":1920,"height":576,"url":"https:\/\/bikecat.com\/wp-content\/uploads\/2019\/12\/Bikecat-Priorat-Wine-Tour-4.jpg","type":"image\/jpeg"}],"twitter_card":"summary_large_image","twitter_site":"@bikecatgirona","twitter_misc":{"Tiempo de lectura":"4 minutos"},"schema":{"@context":"https:\/\/schema.org","@graph":[{"@type":"WebPage","@id":"https:\/\/bikecat.com\/es\/priorat-wine-tour","url":"https:\/\/bikecat.com\/es\/priorat-wine-tour","name":"Priorat Wine Tour | Ciclismo, vino y cultura en Catalu\u00f1a","isPartOf":{"@id":"https:\/\/bikecat.com\/#website"},"datePublished":"2019-01-24T11:22:52+00:00","dateModified":"2025-11-19T11:42:49+00:00","description":"Priorat Wine Tour \u2014 Descubre las regiones vin\u00edcolas de Catalu\u00f1a y disfruta de una combinaci\u00f3n \u00fanica de ciclismo, cultura y gastronom\u00eda.","breadcrumb":{"@id":"https:\/\/bikecat.com\/es\/priorat-wine-tour#breadcrumb"},"inLanguage":"es","potentialAction":[{"@type":"ReadAction","target":["https:\/\/bikecat.com\/es\/priorat-wine-tour"]}]},{"@type":"BreadcrumbList","@id":"https:\/\/bikecat.com\/es\/priorat-wine-tour#breadcrumb","itemListElement":[{"@type":"ListItem","position":1,"name":"Portada","item":"https:\/\/bikecat.com\/es"},{"@type":"ListItem","position":2,"name":"Priorat Wine Tour"}]},{"@type":"WebSite","@id":"https:\/\/bikecat.com\/#website","url":"https:\/\/bikecat.com\/","name":"Bikecat","description":"Bikecat Custom Cycling Tours  - Unique and Exclusive Custom Cycling Tours","publisher":{"@id":"https:\/\/bikecat.com\/#organization"},"potentialAction":[{"@type":"SearchAction","target":{"@type":"EntryPoint","urlTemplate":"https:\/\/bikecat.com\/?s={search_term_string}"},"query-input":{"@type":"PropertyValueSpecification","valueRequired":true,"valueName":"search_term_string"}}],"inLanguage":"es"},{"@type":"Organization","@id":"https:\/\/bikecat.com\/#organization","name":"Bikecat Cycling Tours","url":"https:\/\/bikecat.com\/","logo":{"@type":"ImageObject","inLanguage":"es","@id":"https:\/\/bikecat.com\/#\/schema\/logo\/image\/","url":"https:\/\/bikecat.com\/wp-content\/uploads\/2018\/11\/headerlogo-1.png","contentUrl":"https:\/\/bikecat.com\/wp-content\/uploads\/2018\/11\/headerlogo-1.png","width":130,"height":55,"caption":"Bikecat Cycling Tours"},"image":{"@id":"https:\/\/bikecat.com\/#\/schema\/logo\/image\/"},"sameAs":["https:\/\/www.facebook.com\/Bikecat.TOURS\/","https:\/\/x.com\/bikecatgirona","https:\/\/www.instagram.com\/bikecat_cycling_tours\/"]}]}},"_links":{"self":[{"href":"https:\/\/bikecat.com\/es\/wp-json\/wp\/v2\/pages\/33318","targetHints":{"allow":["GET"]}}],"collection":[{"href":"https:\/\/bikecat.com\/es\/wp-json\/wp\/v2\/pages"}],"about":[{"href":"https:\/\/bikecat.com\/es\/wp-json\/wp\/v2\/types\/page"}],"author":[{"embeddable":true,"href":"https:\/\/bikecat.com\/es\/wp-json\/wp\/v2\/users\/1"}],"replies":[{"embeddable":true,"href":"https:\/\/bikecat.com\/es\/wp-json\/wp\/v2\/comments?post=33318"}],"version-history":[{"count":12,"href":"https:\/\/bikecat.com\/es\/wp-json\/wp\/v2\/pages\/33318\/revisions"}],"predecessor-version":[{"id":44683,"href":"https:\/\/bikecat.com\/es\/wp-json\/wp\/v2\/pages\/33318\/revisions\/44683"}],"wp:attachment":[{"href":"https:\/\/bikecat.com\/es\/wp-json\/wp\/v2\/media?parent=33318"}],"curies":[{"name":"wp","href":"https:\/\/api.w.org\/{rel}","templated":true}]}}