{"id":33310,"date":"2019-01-24T10:59:10","date_gmt":"2019-01-24T10:59:10","guid":{"rendered":"https:\/\/bikecat.com\/the-conan-tour"},"modified":"2025-11-19T13:14:19","modified_gmt":"2025-11-19T13:14:19","slug":"the-conan-tour","status":"publish","type":"page","link":"https:\/\/bikecat.com\/es\/the-conan-tour","title":{"rendered":"Conan Tour"},"content":{"rendered":"<div class=\"wpb-content-wrapper\"><p>[vc_row][vc_column][rev_slider_vc alias=\u00bbconan\u00bb][\/vc_column][\/vc_row][vc_row css=\u00bb.vc_custom_1575567899584{margin-top: 40px !important;}\u00bb][vc_column][\/vc_column][\/vc_row][vc_row css=\u00bb.vc_custom_1544103354063{margin-top: 20px !important;margin-right: 10px !important;}\u00bb][vc_column width=\u00bb1\/2&#8243;][vc_single_image image=\u00bb32868&#8243; img_size=\u00bblarge\u00bb css_animation=\u00bbleft-to-right\u00bb][\/vc_column][vc_column width=\u00bb1\/2&#8243;][vc_column_text css=\u00bb\u00bb]<\/p>\n<h1><span style=\"color: #d9272e;\"><strong>CONAN TOUR<\/strong><\/span><\/h1>\n<p>El Conan Cycling Tour es un itinerario a trav\u00e9s de la historia de Espa\u00f1a.<\/p>\n<p>Empezamos la aventura en <strong>Teruel<\/strong>, en el sur de Arag\u00f3n. La poblaci\u00f3n musulmana que vivi\u00f3 durante la Reconquista imprimi\u00f3 a la ciudad el arte mud\u00e9jar, una simbiosis entre los estilos cristiano e isl\u00e1mico.<\/p>\n<p>Pedaleamos hacia las monta\u00f1as, atravesando los pinares del Rodeno y encontrando cuevas prehist\u00f3ricas y numerosos ejemplos de arte rupestre hasta llegar a <strong>Albarrac\u00edn<\/strong>. Protegido por magn\u00edficas murallas en lo alto de la cresta, este pueblo medieval escondido es un tesoro en s\u00ed mismo. <\/p>\n<p>Situado en una de las zonas m\u00e1s solitarias y desoladas de Espa\u00f1a, Albarrac\u00edn es un digno candidato al t\u00edtulo de <strong>pueblo m\u00e1s bonito del pa\u00eds.<\/strong><\/p>\n<p>Cruzar los profundos bosques y las crestas escarpadas de la Sierra de Albarrac\u00edn, a 1.200 metros sobre el nivel del mar, es solo parte de la aventura que nos llevar\u00e1 hacia nuestra \u00faltima conquista: <strong>Cuenca<\/strong>, en Castilla-La Mancha.<\/p>\n<p>Encajada entre los ca\u00f1ones de los r\u00edos J\u00facar y Hu\u00e9car, Cuenca es <strong>Patrimonio de la Humanidad de la <strong>UNESCO<\/strong><\/strong>. Su casco hist\u00f3rico se asoma a las paredes rocosas del ca\u00f1\u00f3n, en pleno coraz\u00f3n de la Sierra de Cuenca. La catedral, las Casas Colgadas y sus calles empedradas emocionar\u00e1n incluso al ciclista m\u00e1s duro. <\/p>\n<p>Desde aqu\u00ed partimos hacia nuestra misi\u00f3n final: La Ciudad Encantada, un magn\u00edfico paraje natural donde recuperaremos la espada de Conan.<\/p>\n<p><span style=\"font-size: 14pt;\"><em><strong>\u2026\u00bfTe he contado ya que Conan el B\u00e1rbaro se rod\u00f3 all\u00ed?<\/strong><\/em><\/span>[\/vc_column_text][\/vc_column][\/vc_row][vc_row css=\u00bb.vc_custom_1578068874362{margin-top: 40px !important;margin-bottom: 40px !important;}\u00bb][vc_column][\/vc_column][\/vc_row]<\/p>\n<\/div>","protected":false},"excerpt":{"rendered":"<p>[vc_row][vc_column][rev_slider_vc alias=\u00bbconan\u00bb][\/vc_column][\/vc_row][vc_row css=\u00bb.vc_custom_1575567899584{margin-top: 40px !important;}\u00bb][vc_column][\/vc_column][\/vc_row][vc_row css=\u00bb.vc_custom_1544103354063{margin-top: 20px !important;margin-right: 10px !important;}\u00bb][vc_column width=\u00bb1\/2&#8243;][vc_single_image image=\u00bb32868&#8243; img_size=\u00bblarge\u00bb css_animation=\u00bbleft-to-right\u00bb][\/vc_column][vc_column width=\u00bb1\/2&#8243;][vc_column_text css=\u00bb\u00bb] CONAN TOUR El Conan Cycling Tour es un itinerario a trav\u00e9s de la historia de Espa\u00f1a. Empezamos la aventura en Teruel, en el sur de Arag\u00f3n. La poblaci\u00f3n musulmana que vivi\u00f3 durante la Reconquista imprimi\u00f3 a la ciudad el [&hellip;]<\/p>\n","protected":false},"author":1,"featured_media":0,"parent":0,"menu_order":0,"comment_status":"closed","ping_status":"closed","template":"","meta":{"ngg_post_thumbnail":0,"footnotes":""},"class_list":["post-33310","page","type-page","status-publish","hentry"],"yoast_head":"<!-- This site is optimized with the Yoast SEO Premium plugin v27.2 (Yoast SEO v27.2) - https:\/\/yoast.com\/product\/yoast-seo-premium-wordpress\/ -->\n<title>Conan Cycling Tour | Historia y paisajes \u00e9picos de Espa\u00f1a<\/title>\n<meta name=\"description\" content=\"Conan Cycling Tour: arte mud\u00e9jar, pueblos medievales, bosques y los ca\u00f1ones de Cuenca, hasta la m\u00edtica Ciudad Encantada.\" \/>\n<meta name=\"robots\" content=\"index, follow, max-snippet:-1, max-image-preview:large, max-video-preview:-1\" \/>\n<link rel=\"canonical\" href=\"https:\/\/bikecat.com\/es\/the-conan-tour\" \/>\n<meta property=\"og:locale\" content=\"es_ES\" \/>\n<meta property=\"og:type\" content=\"article\" \/>\n<meta property=\"og:title\" content=\"Conan Tour\" \/>\n<meta property=\"og:description\" content=\"CONAN TOUR El Conan Cycling Tour es un itinerario a trav\u00e9s de la historia de Espa\u00f1a. Empezamos la aventura en Teruel, en el sur de Arag\u00f3n. La poblaci\u00f3n\" \/>\n<meta property=\"og:url\" content=\"https:\/\/bikecat.com\/es\/the-conan-tour\" \/>\n<meta property=\"og:site_name\" content=\"Bikecat\" \/>\n<meta property=\"article:publisher\" content=\"https:\/\/www.facebook.com\/Bikecat.TOURS\/\" \/>\n<meta property=\"article:modified_time\" content=\"2025-11-19T13:14:19+00:00\" \/>\n<meta property=\"og:image\" content=\"https:\/\/bikecat.com\/wp-content\/uploads\/2019\/12\/Bikecat-The-Conan-Tour-13.jpg\" \/>\n\t<meta property=\"og:image:width\" content=\"1920\" \/>\n\t<meta property=\"og:image:height\" content=\"576\" \/>\n\t<meta property=\"og:image:type\" content=\"image\/jpeg\" \/>\n<meta name=\"twitter:card\" content=\"summary_large_image\" \/>\n<meta name=\"twitter:site\" content=\"@bikecatgirona\" \/>\n<meta name=\"twitter:label1\" content=\"Tiempo de lectura\" \/>\n\t<meta name=\"twitter:data1\" content=\"2 minutos\" \/>\n<script type=\"application\/ld+json\" class=\"yoast-schema-graph\">{\"@context\":\"https:\/\/schema.org\",\"@graph\":[{\"@type\":\"WebPage\",\"@id\":\"https:\/\/bikecat.com\/es\/the-conan-tour\",\"url\":\"https:\/\/bikecat.com\/es\/the-conan-tour\",\"name\":\"Conan Cycling Tour | Historia y paisajes \u00e9picos de Espa\u00f1a\",\"isPartOf\":{\"@id\":\"https:\/\/bikecat.com\/#website\"},\"datePublished\":\"2019-01-24T10:59:10+00:00\",\"dateModified\":\"2025-11-19T13:14:19+00:00\",\"description\":\"Conan Cycling Tour: arte mud\u00e9jar, pueblos medievales, bosques y los ca\u00f1ones de Cuenca, hasta la m\u00edtica Ciudad Encantada.\",\"breadcrumb\":{\"@id\":\"https:\/\/bikecat.com\/es\/the-conan-tour#breadcrumb\"},\"inLanguage\":\"es\",\"potentialAction\":[{\"@type\":\"ReadAction\",\"target\":[\"https:\/\/bikecat.com\/es\/the-conan-tour\"]}]},{\"@type\":\"BreadcrumbList\",\"@id\":\"https:\/\/bikecat.com\/es\/the-conan-tour#breadcrumb\",\"itemListElement\":[{\"@type\":\"ListItem\",\"position\":1,\"name\":\"Portada\",\"item\":\"https:\/\/bikecat.com\/es\"},{\"@type\":\"ListItem\",\"position\":2,\"name\":\"Conan Tour\"}]},{\"@type\":\"WebSite\",\"@id\":\"https:\/\/bikecat.com\/#website\",\"url\":\"https:\/\/bikecat.com\/\",\"name\":\"Bikecat\",\"description\":\"Bikecat Custom Cycling Tours  - Unique and Exclusive Custom Cycling Tours\",\"publisher\":{\"@id\":\"https:\/\/bikecat.com\/#organization\"},\"potentialAction\":[{\"@type\":\"SearchAction\",\"target\":{\"@type\":\"EntryPoint\",\"urlTemplate\":\"https:\/\/bikecat.com\/?s={search_term_string}\"},\"query-input\":{\"@type\":\"PropertyValueSpecification\",\"valueRequired\":true,\"valueName\":\"search_term_string\"}}],\"inLanguage\":\"es\"},{\"@type\":\"Organization\",\"@id\":\"https:\/\/bikecat.com\/#organization\",\"name\":\"Bikecat Cycling Tours\",\"url\":\"https:\/\/bikecat.com\/\",\"logo\":{\"@type\":\"ImageObject\",\"inLanguage\":\"es\",\"@id\":\"https:\/\/bikecat.com\/#\/schema\/logo\/image\/\",\"url\":\"https:\/\/bikecat.com\/wp-content\/uploads\/2018\/11\/headerlogo-1.png\",\"contentUrl\":\"https:\/\/bikecat.com\/wp-content\/uploads\/2018\/11\/headerlogo-1.png\",\"width\":130,\"height\":55,\"caption\":\"Bikecat Cycling Tours\"},\"image\":{\"@id\":\"https:\/\/bikecat.com\/#\/schema\/logo\/image\/\"},\"sameAs\":[\"https:\/\/www.facebook.com\/Bikecat.TOURS\/\",\"https:\/\/x.com\/bikecatgirona\",\"https:\/\/www.instagram.com\/bikecat_cycling_tours\/\"]}]}<\/script>\n<!-- \/ Yoast SEO Premium plugin. -->","yoast_head_json":{"title":"Conan Cycling Tour | Historia y paisajes \u00e9picos de Espa\u00f1a","description":"Conan Cycling Tour: arte mud\u00e9jar, pueblos medievales, bosques y los ca\u00f1ones de Cuenca, hasta la m\u00edtica Ciudad Encantada.","robots":{"index":"index","follow":"follow","max-snippet":"max-snippet:-1","max-image-preview":"max-image-preview:large","max-video-preview":"max-video-preview:-1"},"canonical":"https:\/\/bikecat.com\/es\/the-conan-tour","og_locale":"es_ES","og_type":"article","og_title":"Conan Tour","og_description":"CONAN TOUR El Conan Cycling Tour es un itinerario a trav\u00e9s de la historia de Espa\u00f1a. Empezamos la aventura en Teruel, en el sur de Arag\u00f3n. La poblaci\u00f3n","og_url":"https:\/\/bikecat.com\/es\/the-conan-tour","og_site_name":"Bikecat","article_publisher":"https:\/\/www.facebook.com\/Bikecat.TOURS\/","article_modified_time":"2025-11-19T13:14:19+00:00","og_image":[{"width":1920,"height":576,"url":"https:\/\/bikecat.com\/wp-content\/uploads\/2019\/12\/Bikecat-The-Conan-Tour-13.jpg","type":"image\/jpeg"}],"twitter_card":"summary_large_image","twitter_site":"@bikecatgirona","twitter_misc":{"Tiempo de lectura":"2 minutos"},"schema":{"@context":"https:\/\/schema.org","@graph":[{"@type":"WebPage","@id":"https:\/\/bikecat.com\/es\/the-conan-tour","url":"https:\/\/bikecat.com\/es\/the-conan-tour","name":"Conan Cycling Tour | Historia y paisajes \u00e9picos de Espa\u00f1a","isPartOf":{"@id":"https:\/\/bikecat.com\/#website"},"datePublished":"2019-01-24T10:59:10+00:00","dateModified":"2025-11-19T13:14:19+00:00","description":"Conan Cycling Tour: arte mud\u00e9jar, pueblos medievales, bosques y los ca\u00f1ones de Cuenca, hasta la m\u00edtica Ciudad Encantada.","breadcrumb":{"@id":"https:\/\/bikecat.com\/es\/the-conan-tour#breadcrumb"},"inLanguage":"es","potentialAction":[{"@type":"ReadAction","target":["https:\/\/bikecat.com\/es\/the-conan-tour"]}]},{"@type":"BreadcrumbList","@id":"https:\/\/bikecat.com\/es\/the-conan-tour#breadcrumb","itemListElement":[{"@type":"ListItem","position":1,"name":"Portada","item":"https:\/\/bikecat.com\/es"},{"@type":"ListItem","position":2,"name":"Conan Tour"}]},{"@type":"WebSite","@id":"https:\/\/bikecat.com\/#website","url":"https:\/\/bikecat.com\/","name":"Bikecat","description":"Bikecat Custom Cycling Tours  - Unique and Exclusive Custom Cycling Tours","publisher":{"@id":"https:\/\/bikecat.com\/#organization"},"potentialAction":[{"@type":"SearchAction","target":{"@type":"EntryPoint","urlTemplate":"https:\/\/bikecat.com\/?s={search_term_string}"},"query-input":{"@type":"PropertyValueSpecification","valueRequired":true,"valueName":"search_term_string"}}],"inLanguage":"es"},{"@type":"Organization","@id":"https:\/\/bikecat.com\/#organization","name":"Bikecat Cycling Tours","url":"https:\/\/bikecat.com\/","logo":{"@type":"ImageObject","inLanguage":"es","@id":"https:\/\/bikecat.com\/#\/schema\/logo\/image\/","url":"https:\/\/bikecat.com\/wp-content\/uploads\/2018\/11\/headerlogo-1.png","contentUrl":"https:\/\/bikecat.com\/wp-content\/uploads\/2018\/11\/headerlogo-1.png","width":130,"height":55,"caption":"Bikecat Cycling Tours"},"image":{"@id":"https:\/\/bikecat.com\/#\/schema\/logo\/image\/"},"sameAs":["https:\/\/www.facebook.com\/Bikecat.TOURS\/","https:\/\/x.com\/bikecatgirona","https:\/\/www.instagram.com\/bikecat_cycling_tours\/"]}]}},"_links":{"self":[{"href":"https:\/\/bikecat.com\/es\/wp-json\/wp\/v2\/pages\/33310","targetHints":{"allow":["GET"]}}],"collection":[{"href":"https:\/\/bikecat.com\/es\/wp-json\/wp\/v2\/pages"}],"about":[{"href":"https:\/\/bikecat.com\/es\/wp-json\/wp\/v2\/types\/page"}],"author":[{"embeddable":true,"href":"https:\/\/bikecat.com\/es\/wp-json\/wp\/v2\/users\/1"}],"replies":[{"embeddable":true,"href":"https:\/\/bikecat.com\/es\/wp-json\/wp\/v2\/comments?post=33310"}],"version-history":[{"count":4,"href":"https:\/\/bikecat.com\/es\/wp-json\/wp\/v2\/pages\/33310\/revisions"}],"predecessor-version":[{"id":44693,"href":"https:\/\/bikecat.com\/es\/wp-json\/wp\/v2\/pages\/33310\/revisions\/44693"}],"wp:attachment":[{"href":"https:\/\/bikecat.com\/es\/wp-json\/wp\/v2\/media?parent=33310"}],"curies":[{"name":"wp","href":"https:\/\/api.w.org\/{rel}","templated":true}]}}