{"id":33170,"date":"2018-11-27T15:09:40","date_gmt":"2018-11-27T15:09:40","guid":{"rendered":"https:\/\/bikecat.com\/bike-shop-in-girona"},"modified":"2024-06-17T11:24:00","modified_gmt":"2024-06-17T11:24:00","slug":"bike-shop-in-girona","status":"publish","type":"page","link":"https:\/\/bikecat.com\/es\/bike-shop-in-girona","title":{"rendered":"Bikecat Bike Shop en Girona"},"content":{"rendered":"<div class=\"wpb-content-wrapper\"><p>[vc_row full_width=\u00bbstretch_row\u00bb][vc_column][vc_column_text]\n\t\t\t\t<p class=\"rs-p-wp-fix\"><\/p>\n\t\t\t\t<sr7-module data-alias=\"shop\" data-id=\"18\" id=\"SR7_18_1\" class=\"rs-ov-hidden\" data-version=\"6.7.51\">\n\t\t\t\t\t<sr7-adjuster><\/sr7-adjuster>\n\t\t\t\t\t<sr7-content>\n\t\t\t\t\t\t<sr7-slide id=\"SR7_18_1-70\" data-key=\"70\">\n\t\t\t\t\t\t\t<sr7-bg id=\"SR7_18_1-70-11\" class=\"sr7-layer\"><noscript><img decoding=\"async\" src=\"https:\/\/bikecat.com\/wp-content\/uploads\/2019\/12\/Bikecat-Bike-shop-in-girona-1.jpg\" alt=\"Bikecat Cycling Tours Headquarters in Girona\" title=\"Bikecat-Bike-shop-in-girona-1\"><\/noscript><\/sr7-bg>\n\t\t\t\t\t\t\t<sr7-txt id=\"SR7_18_1-70-1\" class=\"sr7-layer\">SHOP<\/sr7-txt>\n\t\t\t\t\t\t<\/sr7-slide>\n\t\t\t\t\t\t<sr7-slide id=\"SR7_18_1-71\" data-key=\"71\">\n\t\t\t\t\t\t\t<sr7-bg id=\"SR7_18_1-71-11\" class=\"sr7-layer\"><noscript><img decoding=\"async\" src=\"https:\/\/bikecat.com\/wp-content\/uploads\/2019\/12\/Bikecat-Bike-shop-in-girona-3-scaled.jpg\" alt=\"Bikecat Girona Cycling clothing\" title=\"Bikecat-Bike-shop-in-girona-3\"><\/noscript><\/sr7-bg>\n\t\t\t\t\t\t\t<sr7-txt id=\"SR7_18_1-71-1\" class=\"sr7-layer\">SHOP<\/sr7-txt>\n\t\t\t\t\t\t<\/sr7-slide>\n\t\t\t\t\t\t<sr7-slide id=\"SR7_18_1-69\" data-key=\"69\">\n\t\t\t\t\t\t\t<sr7-bg id=\"SR7_18_1-69-11\" class=\"sr7-layer\"><noscript><img decoding=\"async\" src=\"https:\/\/bikecat.com\/wp-content\/uploads\/2019\/12\/Bikecat-Bike-shop-in-girona-7.jpg\" alt=\"Bikecat Botiga Ciclista - Private events\" title=\"Bikecat-Bike-shop-in-girona-7\"><\/noscript><\/sr7-bg>\n\t\t\t\t\t\t\t<sr7-txt id=\"SR7_18_1-69-1\" class=\"sr7-layer\">SHOP<\/sr7-txt>\n\t\t\t\t\t\t<\/sr7-slide>\n\t\t\t\t\t\t<sr7-slide id=\"SR7_18_1-68\" data-key=\"68\">\n\t\t\t\t\t\t\t<sr7-bg id=\"SR7_18_1-68-11\" class=\"sr7-layer\"><noscript><img decoding=\"async\" src=\"https:\/\/bikecat.com\/wp-content\/uploads\/2019\/12\/Bikecat-Bike-shop-in-girona-2.jpg\" alt=\"Bikecat Cycling Tours clothing\" title=\"Bikecat-Bike-shop-in-girona-2\"><\/noscript><\/sr7-bg>\n\t\t\t\t\t\t\t<sr7-txt id=\"SR7_18_1-68-1\" class=\"sr7-layer\">SHOP<\/sr7-txt>\n\t\t\t\t\t\t<\/sr7-slide>\n\t\t\t\t\t\t<sr7-slide id=\"SR7_18_1-104\" data-key=\"104\">\n\t\t\t\t\t\t\t<sr7-bg id=\"SR7_18_1-104-1\" class=\"sr7-layer\"><noscript><img decoding=\"async\" src=\"https:\/\/bikecat.com\/wp-content\/uploads\/2019\/12\/Bikecat-Bike-shop-in-girona-8.jpg\" alt=\"Bikecat Bike Shop - group meeting\" title=\"Bikecat-Bike-shop-in-girona-8\"><\/noscript><\/sr7-bg>\n\t\t\t\t\t\t<\/sr7-slide>\n\t\t\t\t\t\t<sr7-slide id=\"SR7_18_1-118\" data-key=\"118\">\n\t\t\t\t\t\t\t<sr7-bg id=\"SR7_18_1-118-1\" class=\"sr7-layer\"><noscript><img decoding=\"async\" src=\"https:\/\/bikecat.com\/wp-content\/uploads\/2019\/12\/Bikecat-Bike-shop-in-girona-9.jpg\" alt=\"returning to BIkecat Bike shop in Girona\" title=\"Bikecat-Bike-shop-in-girona-9\"><\/noscript><\/sr7-bg>\n\t\t\t\t\t\t<\/sr7-slide>\n\t\t\t\t\t\t<sr7-slide id=\"SR7_18_1-202\" data-key=\"202\">\n\t\t\t\t\t\t<\/sr7-slide>\n\t\t\t\t\t<\/sr7-content>\n\t\t\t\t\t<image_lists style=\"display:none\">\n\t\t\t\t\t\t<img data-src=\"\/\/bikecat.com\/wp-content\/uploads\/2019\/12\/Bikecat-Bike-shop-in-girona-2.jpg\" width=\"0\" height=\"0\" data-dbsrc=\"Ly9iaWtlY2F0LmNvbS93cC1jb250ZW50L3VwbG9hZHMvMjAxOS8xMi9CaWtlY2F0LUJpa2Utc2hvcC1pbi1naXJvbmEtMi5qcGc=\"\/>\n\t\t\t\t\t\t<img data-src=\"\/\/bikecat.com\/wp-content\/uploads\/2019\/12\/Bikecat-Bike-shop-in-girona-7.jpg\" width=\"0\" height=\"0\" data-dbsrc=\"Ly9iaWtlY2F0LmNvbS93cC1jb250ZW50L3VwbG9hZHMvMjAxOS8xMi9CaWtlY2F0LUJpa2Utc2hvcC1pbi1naXJvbmEtNy5qcGc=\"\/>\n\t\t\t\t\t\t<img data-src=\"\/\/bikecat.com\/wp-content\/uploads\/2019\/12\/Bikecat-Bike-shop-in-girona-1.jpg\" width=\"0\" height=\"0\" data-dbsrc=\"Ly9iaWtlY2F0LmNvbS93cC1jb250ZW50L3VwbG9hZHMvMjAxOS8xMi9CaWtlY2F0LUJpa2Utc2hvcC1pbi1naXJvbmEtMS5qcGc=\"\/>\n\t\t\t\t\t\t<img data-src=\"\/\/bikecat.com\/wp-content\/uploads\/2019\/12\/Bikecat-Bike-shop-in-girona-3-scaled.jpg\" width=\"0\" height=\"0\" data-dbsrc=\"Ly9iaWtlY2F0LmNvbS93cC1jb250ZW50L3VwbG9hZHMvMjAxOS8xMi9CaWtlY2F0LUJpa2Utc2hvcC1pbi1naXJvbmEtMy1zY2FsZWQuanBn\"\/>\n\t\t\t\t\t\t<img data-src=\"\/\/bikecat.com\/wp-content\/uploads\/2019\/12\/Bikecat-Bike-shop-in-girona-8.jpg\" width=\"0\" height=\"0\" data-dbsrc=\"Ly9iaWtlY2F0LmNvbS93cC1jb250ZW50L3VwbG9hZHMvMjAxOS8xMi9CaWtlY2F0LUJpa2Utc2hvcC1pbi1naXJvbmEtOC5qcGc=\"\/>\n\t\t\t\t\t\t<img data-src=\"\/\/bikecat.com\/wp-content\/uploads\/2019\/12\/Bikecat-Bike-shop-in-girona-9.jpg\" width=\"0\" height=\"0\" data-dbsrc=\"Ly9iaWtlY2F0LmNvbS93cC1jb250ZW50L3VwbG9hZHMvMjAxOS8xMi9CaWtlY2F0LUJpa2Utc2hvcC1pbi1naXJvbmEtOS5qcGc=\"\/>\n\t\t\t\t\t<\/image_lists>\n\t\t\t\t<\/sr7-module>\n\t\t\t\t<script>\n\t\t\t\t\twindow.SR7 ??={};SR7.PMH ??={}; SR7.PMH[\"SR7_18_1\"] = {cn:100,state:false,fn: function() { if (window._tpt!==undefined && window._tpt.prepareModuleHeight !== undefined) {  _tpt.prepareModuleHeight({id:\"SR7_18_1\",el:[500,500,300,300,300],type:'standard',shdw:'0',gh:[500,500,413,314,194],gw:[1240,1240,1024,778,480],vpt:['-200px'],size:{fullWidth:true, fullHeight:false},mh:'0',onh:0,onw:0,bg:{color:'{\"orig\":\"transparent\",\"type\":\"solid\",\"string\":\"transparent\"}'},plType:'-1',plColor:'#FFFFFF'});   SR7.PMH[\"SR7_18_1\"].state=true;} else if(SR7.PMH[\"SR7_18_1\"].cn-->0)\tsetTimeout( SR7.PMH[\"SR7_18_1\"].fn,19);}};SR7.PMH[\"SR7_18_1\" ].fn();\n\t\t\t\t<\/script>\n[\/vc_column_text][\/vc_column][\/vc_row][vc_row css=\u00bb.vc_custom_1575566782871{margin-top: 40px !important;}\u00bb][vc_column][\/vc_column][\/vc_row][vc_row css=\u00bb.vc_custom_1544103343365{margin-top: 20px !important;margin-right: 10px !important;}\u00bb][vc_column width=\u00bb1\/3&#8243;][vc_column_text]<\/p>\n<h4><span style=\"color: #d9272e;\"><strong>TIENDA DE BICICLETAS BIKECAT EN GIRONA<\/strong><\/span><\/h4>\n<p>La tienda Bikecat en Girona est\u00e1 abierta desde hace m\u00e1s de 15 a\u00f1os, tenemos mucha experiencia organizando <a href=\"https:\/\/bikecat.com\/es\/bikecat-cycling-tours\">rutas y excursiones ciclistas a medida<\/a>, por Girona y alrededores. Trabajamos con las mejores tiendas de bicicletas, empresas y equipos de Estados Unidos y Canad\u00e1.<\/p>\n<p>La tienda de Bikecat es una <strong>Boutique Ciclista<\/strong> \u00fanica, situada en el coraz\u00f3n del casco antiguo de la ciudad de Girona exactamente en; Pujada de Sant Feliu 23 (Sobre el Bar Cerveseria <a href=\"http:\/\/www.eldoll.cat\/\" target=\"_blank\" rel=\"noopener noreferrer\">\u00abEl Doll\u00bb<\/a>).<\/p>\n<p>Te invitamos a pasar y tomar un caf\u00e9 en nuestro centro ciclista, donde encontrar\u00e1s todo el material y accesorios b\u00e1sicos para tus salidas, ropa de ciclismo, ropa casual, nuestra agencia de viajes y la sede del club ciclista Bikecat.<\/p>\n<p>&nbsp;<\/p>\n<p style=\"text-align: left;\"><span style=\"font-size: 14pt;\"><em><strong>\u00a1Un local especialmente dedicado a los ciclistas!<\/strong><\/em><\/span><\/p>\n<p>&nbsp;<\/p>\n<p>La tienda de Bikecat es un lugar para pasar el rato, ver las mejores carreras ciclistas por televisi\u00f3n, planificar tus salidas y disfrutar de la vida del <em>Barri Vell<\/em> pasando por delante de los grandes ventanales. Te sentir\u00e1s como en casa.<\/p>\n<p>La tienda actual de Bikecat tiene algo de glamour en el ciclismo, ya que una vez sirvi\u00f3 como sede del <a href=\"https:\/\/en.wikipedia.org\/wiki\/EF_Education_First_Pro_Cycling\" target=\"_blank\" rel=\"noopener noreferrer\">equipo de ciclismo TIAA-CREF de Slipstream<\/a>, el equipo que m\u00e1s tarde evolucion\u00f3 en Garmin y recientemente, EF Pro Cycling.<\/p>\n<p>Visita nuestra <a href=\"https:\/\/shop.bikecat.com\/\" target=\"_blank\" rel=\"noopener noreferrer\">tienda online<\/a> para hacer tu pedido[\/vc_column_text][\/vc_column][vc_column width=\u00bb2\/3&#8243;][vc_column_text]<\/p>\n<h4 style=\"text-align: center;\"><span style=\"color: #c70000;\"><a style=\"color: #c70000;\" href=\"http:\/\/shop.bikecat.com\"><strong>&gt;&gt; comprar online &lt;&lt;<\/strong><\/a><\/span><\/h4>\n<p>[\/vc_column_text][vc_single_image image=\u00bb14722&#8243; img_size=\u00bblarge\u00bb alignment=\u00bbright\u00bb onclick=\u00bbcustom_link\u00bb img_link_target=\u00bb_blank\u00bb css_animation=\u00bbbounceInRight\u00bb link=\u00bbhttp:\/\/shop.bikecat.com\u00bb][\/vc_column][\/vc_row][vc_row css=\u00bb.vc_custom_1575566782871{margin-top: 40px !important;}\u00bb][vc_column][\/vc_column][\/vc_row]<\/p>\n<\/div>","protected":false},"excerpt":{"rendered":"<p>[vc_row full_width=\u00bbstretch_row\u00bb][vc_column][vc_column_text][\/vc_column_text][\/vc_column][\/vc_row][vc_row css=\u00bb.vc_custom_1575566782871{margin-top: 40px !important;}\u00bb][vc_column][\/vc_column][\/vc_row][vc_row css=\u00bb.vc_custom_1544103343365{margin-top: 20px !important;margin-right: 10px !important;}\u00bb][vc_column width=\u00bb1\/3&#8243;][vc_column_text] TIENDA DE BICICLETAS BIKECAT EN GIRONA La tienda Bikecat en Girona est\u00e1 abierta desde hace m\u00e1s de 15 a\u00f1os, tenemos mucha experiencia organizando rutas y excursiones ciclistas a medida, por Girona y alrededores. Trabajamos con las mejores tiendas de bicicletas, empresas y equipos de [&hellip;]<\/p>\n","protected":false},"author":1,"featured_media":0,"parent":0,"menu_order":0,"comment_status":"closed","ping_status":"closed","template":"","meta":{"ngg_post_thumbnail":0,"footnotes":""},"class_list":["post-33170","page","type-page","status-publish","hentry"],"yoast_head":"<!-- This site is optimized with the Yoast SEO Premium plugin v27.2 (Yoast SEO v27.2) - https:\/\/yoast.com\/product\/yoast-seo-premium-wordpress\/ -->\n<title>Bikecat Bike Shop en Girona - Bikecat Tours en bicicleta personalizados<\/title>\n<meta name=\"description\" content=\"M\u00e1s que una tienda de bicicletas en Girona - Un espacio de encuentro, ropa de ciclismo, camisetas de Girona y todo lo que necesite para sus paseos y bicicleta.\" \/>\n<meta name=\"robots\" content=\"index, follow, max-snippet:-1, max-image-preview:large, max-video-preview:-1\" \/>\n<link rel=\"canonical\" href=\"https:\/\/bikecat.com\/es\/bike-shop-in-girona\" \/>\n<meta property=\"og:locale\" content=\"es_ES\" \/>\n<meta property=\"og:type\" content=\"article\" \/>\n<meta property=\"og:title\" content=\"Bikecat Bike Shop en Girona\" \/>\n<meta property=\"og:description\" content=\"TIENDA DE BICICLETAS BIKECAT EN GIRONA La tienda Bikecat en Girona est\u00e1 abierta desde hace m\u00e1s de 15 a\u00f1os, tenemos mucha experiencia organizando rutas y\" \/>\n<meta property=\"og:url\" content=\"https:\/\/bikecat.com\/es\/bike-shop-in-girona\" \/>\n<meta property=\"og:site_name\" content=\"Bikecat\" \/>\n<meta property=\"article:publisher\" content=\"https:\/\/www.facebook.com\/Bikecat.TOURS\/\" \/>\n<meta property=\"article:modified_time\" content=\"2024-06-17T11:24:00+00:00\" \/>\n<meta property=\"og:image\" content=\"https:\/\/bikecat.com\/wp-content\/uploads\/2019\/12\/Bikecat-Bike-shop-in-girona-1.jpg\" \/>\n\t<meta property=\"og:image:width\" content=\"1920\" \/>\n\t<meta property=\"og:image:height\" content=\"576\" \/>\n\t<meta property=\"og:image:type\" content=\"image\/jpeg\" \/>\n<meta name=\"twitter:card\" content=\"summary_large_image\" \/>\n<meta name=\"twitter:site\" content=\"@bikecatgirona\" \/>\n<meta name=\"twitter:label1\" content=\"Tiempo de lectura\" \/>\n\t<meta name=\"twitter:data1\" content=\"1 minuto\" \/>\n<script type=\"application\/ld+json\" class=\"yoast-schema-graph\">{\"@context\":\"https:\/\/schema.org\",\"@graph\":[{\"@type\":\"WebPage\",\"@id\":\"https:\/\/bikecat.com\/es\/bike-shop-in-girona\",\"url\":\"https:\/\/bikecat.com\/es\/bike-shop-in-girona\",\"name\":\"Bikecat Bike Shop en Girona - Bikecat Tours en bicicleta personalizados\",\"isPartOf\":{\"@id\":\"https:\/\/bikecat.com\/#website\"},\"datePublished\":\"2018-11-27T15:09:40+00:00\",\"dateModified\":\"2024-06-17T11:24:00+00:00\",\"description\":\"M\u00e1s que una tienda de bicicletas en Girona - Un espacio de encuentro, ropa de ciclismo, camisetas de Girona y todo lo que necesite para sus paseos y bicicleta.\",\"breadcrumb\":{\"@id\":\"https:\/\/bikecat.com\/es\/bike-shop-in-girona#breadcrumb\"},\"inLanguage\":\"es\",\"potentialAction\":[{\"@type\":\"ReadAction\",\"target\":[\"https:\/\/bikecat.com\/es\/bike-shop-in-girona\"]}]},{\"@type\":\"BreadcrumbList\",\"@id\":\"https:\/\/bikecat.com\/es\/bike-shop-in-girona#breadcrumb\",\"itemListElement\":[{\"@type\":\"ListItem\",\"position\":1,\"name\":\"Portada\",\"item\":\"https:\/\/bikecat.com\/es\"},{\"@type\":\"ListItem\",\"position\":2,\"name\":\"Bikecat Bike Shop en Girona\"}]},{\"@type\":\"WebSite\",\"@id\":\"https:\/\/bikecat.com\/#website\",\"url\":\"https:\/\/bikecat.com\/\",\"name\":\"Bikecat\",\"description\":\"Bikecat Custom Cycling Tours  - Unique and Exclusive Custom Cycling Tours\",\"publisher\":{\"@id\":\"https:\/\/bikecat.com\/#organization\"},\"potentialAction\":[{\"@type\":\"SearchAction\",\"target\":{\"@type\":\"EntryPoint\",\"urlTemplate\":\"https:\/\/bikecat.com\/?s={search_term_string}\"},\"query-input\":{\"@type\":\"PropertyValueSpecification\",\"valueRequired\":true,\"valueName\":\"search_term_string\"}}],\"inLanguage\":\"es\"},{\"@type\":\"Organization\",\"@id\":\"https:\/\/bikecat.com\/#organization\",\"name\":\"Bikecat Cycling Tours\",\"url\":\"https:\/\/bikecat.com\/\",\"logo\":{\"@type\":\"ImageObject\",\"inLanguage\":\"es\",\"@id\":\"https:\/\/bikecat.com\/#\/schema\/logo\/image\/\",\"url\":\"https:\/\/bikecat.com\/wp-content\/uploads\/2018\/11\/headerlogo-1.png\",\"contentUrl\":\"https:\/\/bikecat.com\/wp-content\/uploads\/2018\/11\/headerlogo-1.png\",\"width\":130,\"height\":55,\"caption\":\"Bikecat Cycling Tours\"},\"image\":{\"@id\":\"https:\/\/bikecat.com\/#\/schema\/logo\/image\/\"},\"sameAs\":[\"https:\/\/www.facebook.com\/Bikecat.TOURS\/\",\"https:\/\/x.com\/bikecatgirona\",\"https:\/\/www.instagram.com\/bikecat_cycling_tours\/\"]}]}<\/script>\n<!-- \/ Yoast SEO Premium plugin. -->","yoast_head_json":{"title":"Bikecat Bike Shop en Girona - Bikecat Tours en bicicleta personalizados","description":"M\u00e1s que una tienda de bicicletas en Girona - Un espacio de encuentro, ropa de ciclismo, camisetas de Girona y todo lo que necesite para sus paseos y bicicleta.","robots":{"index":"index","follow":"follow","max-snippet":"max-snippet:-1","max-image-preview":"max-image-preview:large","max-video-preview":"max-video-preview:-1"},"canonical":"https:\/\/bikecat.com\/es\/bike-shop-in-girona","og_locale":"es_ES","og_type":"article","og_title":"Bikecat Bike Shop en Girona","og_description":"TIENDA DE BICICLETAS BIKECAT EN GIRONA La tienda Bikecat en Girona est\u00e1 abierta desde hace m\u00e1s de 15 a\u00f1os, tenemos mucha experiencia organizando rutas y","og_url":"https:\/\/bikecat.com\/es\/bike-shop-in-girona","og_site_name":"Bikecat","article_publisher":"https:\/\/www.facebook.com\/Bikecat.TOURS\/","article_modified_time":"2024-06-17T11:24:00+00:00","og_image":[{"width":1920,"height":576,"url":"https:\/\/bikecat.com\/wp-content\/uploads\/2019\/12\/Bikecat-Bike-shop-in-girona-1.jpg","type":"image\/jpeg"}],"twitter_card":"summary_large_image","twitter_site":"@bikecatgirona","twitter_misc":{"Tiempo de lectura":"1 minuto"},"schema":{"@context":"https:\/\/schema.org","@graph":[{"@type":"WebPage","@id":"https:\/\/bikecat.com\/es\/bike-shop-in-girona","url":"https:\/\/bikecat.com\/es\/bike-shop-in-girona","name":"Bikecat Bike Shop en Girona - Bikecat Tours en bicicleta personalizados","isPartOf":{"@id":"https:\/\/bikecat.com\/#website"},"datePublished":"2018-11-27T15:09:40+00:00","dateModified":"2024-06-17T11:24:00+00:00","description":"M\u00e1s que una tienda de bicicletas en Girona - Un espacio de encuentro, ropa de ciclismo, camisetas de Girona y todo lo que necesite para sus paseos y bicicleta.","breadcrumb":{"@id":"https:\/\/bikecat.com\/es\/bike-shop-in-girona#breadcrumb"},"inLanguage":"es","potentialAction":[{"@type":"ReadAction","target":["https:\/\/bikecat.com\/es\/bike-shop-in-girona"]}]},{"@type":"BreadcrumbList","@id":"https:\/\/bikecat.com\/es\/bike-shop-in-girona#breadcrumb","itemListElement":[{"@type":"ListItem","position":1,"name":"Portada","item":"https:\/\/bikecat.com\/es"},{"@type":"ListItem","position":2,"name":"Bikecat Bike Shop en Girona"}]},{"@type":"WebSite","@id":"https:\/\/bikecat.com\/#website","url":"https:\/\/bikecat.com\/","name":"Bikecat","description":"Bikecat Custom Cycling Tours  - Unique and Exclusive Custom Cycling Tours","publisher":{"@id":"https:\/\/bikecat.com\/#organization"},"potentialAction":[{"@type":"SearchAction","target":{"@type":"EntryPoint","urlTemplate":"https:\/\/bikecat.com\/?s={search_term_string}"},"query-input":{"@type":"PropertyValueSpecification","valueRequired":true,"valueName":"search_term_string"}}],"inLanguage":"es"},{"@type":"Organization","@id":"https:\/\/bikecat.com\/#organization","name":"Bikecat Cycling Tours","url":"https:\/\/bikecat.com\/","logo":{"@type":"ImageObject","inLanguage":"es","@id":"https:\/\/bikecat.com\/#\/schema\/logo\/image\/","url":"https:\/\/bikecat.com\/wp-content\/uploads\/2018\/11\/headerlogo-1.png","contentUrl":"https:\/\/bikecat.com\/wp-content\/uploads\/2018\/11\/headerlogo-1.png","width":130,"height":55,"caption":"Bikecat Cycling Tours"},"image":{"@id":"https:\/\/bikecat.com\/#\/schema\/logo\/image\/"},"sameAs":["https:\/\/www.facebook.com\/Bikecat.TOURS\/","https:\/\/x.com\/bikecatgirona","https:\/\/www.instagram.com\/bikecat_cycling_tours\/"]}]}},"_links":{"self":[{"href":"https:\/\/bikecat.com\/es\/wp-json\/wp\/v2\/pages\/33170","targetHints":{"allow":["GET"]}}],"collection":[{"href":"https:\/\/bikecat.com\/es\/wp-json\/wp\/v2\/pages"}],"about":[{"href":"https:\/\/bikecat.com\/es\/wp-json\/wp\/v2\/types\/page"}],"author":[{"embeddable":true,"href":"https:\/\/bikecat.com\/es\/wp-json\/wp\/v2\/users\/1"}],"replies":[{"embeddable":true,"href":"https:\/\/bikecat.com\/es\/wp-json\/wp\/v2\/comments?post=33170"}],"version-history":[{"count":0,"href":"https:\/\/bikecat.com\/es\/wp-json\/wp\/v2\/pages\/33170\/revisions"}],"wp:attachment":[{"href":"https:\/\/bikecat.com\/es\/wp-json\/wp\/v2\/media?parent=33170"}],"curies":[{"name":"wp","href":"https:\/\/api.w.org\/{rel}","templated":true}]}}