{"id":33148,"date":"2018-11-27T15:09:20","date_gmt":"2018-11-27T15:09:20","guid":{"rendered":"https:\/\/bikecat.com\/girona-guided-rides"},"modified":"2024-06-25T09:42:23","modified_gmt":"2024-06-25T09:42:23","slug":"girona-guided-rides","status":"publish","type":"page","link":"https:\/\/bikecat.com\/es\/girona-guided-rides","title":{"rendered":"Rutas guiadas en Girona"},"content":{"rendered":"<div class=\"wpb-content-wrapper\"><p>[vc_row][vc_column][rev_slider_vc alias=\u00bbrides\u00bb][\/vc_column][\/vc_row][vc_row css=\u00bb.vc_custom_1575566807553{margin-top: 40px !important;}\u00bb][vc_column][\/vc_column][\/vc_row][vc_row css=\u00bb.vc_custom_1548418826396{margin-top: 20px !important;margin-right: 20px !important;}\u00bb][vc_column width=\u00bb1\/2&#8243;][vc_single_image image=\u00bb3165&#8243; img_size=\u00bblarge\u00bb css_animation=\u00bbleft-to-right\u00bb][\/vc_column][vc_column width=\u00bb1\/2&#8243;][vc_column_text css_animation=\u00bbright-to-left\u00bb]<\/p>\n<h1><span style=\"color: #d9272e; font-size: 24pt; font-family: Raleway, geneva, sans-serif;\"><strong>RUTAS GUIADAS EN GIRONA<\/strong><\/span><\/h1>\n<p>Si est\u00e1s de visita en Girona y quieres rodar con la bicicleta donde lo hacen los profesionales, \u00fanete a las rutas guiadas de Bikecat y si\u00e9ntete como uno de ellos.<\/p>\n<p>&nbsp;<\/p>\n<p><span style=\"font-size: 14pt;\"><em><strong>Bikecat ofrece rutas exclusivas y personalizadas por Girona<\/strong> y sus alrededores.<\/em><\/span><\/p>\n<p>&nbsp;<\/p>\n<p>Aprovecha tu tiempo al m\u00e1ximo en Girona rodando con nosotros. Nuestro conocimiento y entusiasmo por el ciclismo y esta regi\u00f3n, te llevar\u00e1 a descubrir los secretos de esta tierra, sus espectaculares paisajes y sus incre\u00edbles carreteras secundarias.<\/p>\n<p>Nuestras rutas guiadas est\u00e1n <strong>organizadas por <a href=\"https:\/\/bikecat.com\/es\/about-bikecat\">gu\u00edas locales<\/a>.<\/strong> Todos nuestros gu\u00edas tienen licencia y est\u00e1n certificados por la <a href=\"https:\/\/www.ciclisme.cat\/\" target=\"_blank\" rel=\"noopener noreferrer\">Federaci\u00f3n de Ciclismo<\/a> y el Gobierno. Un servicio profesional como ning\u00fan otro.<\/p>\n<p><strong>Los recorridos guiados de Bikecat<\/strong> est\u00e1n pensados para el ciclista recreativo de nivel intermedio o avanzado, que busca un recorrido adaptado a su nivel sin dejar de disfrutar del entorno y las vistas que rodean la ciudad y alrededores. Elige entre nuestra gran variedad de rutas de 40 a 100 quil\u00f3metros o m\u00e1s y diferentes perfiles para desafiar tus habilidades.<\/p>\n<p>\u00a1Nos gusta mantener las cosas divertidas!<\/p>\n<p><a href=\"mailto:info@bikecat.com\"><strong>Ponte en contacto con nosotros<\/strong><\/a> para obtener m\u00e1s informaci\u00f3n y reservar vuestra aventura. Llamar\/whatsapp al +34 639 82 92 72[\/vc_column_text][\/vc_column][\/vc_row][vc_row css=\u00bb.vc_custom_1548418826396{margin-top: 20px !important;margin-right: 20px !important;}\u00bb][vc_column width=\u00bb1\/2&#8243;][vc_single_image image=\u00bb36348&#8243; img_size=\u00bblarge\u00bb css_animation=\u00bbleft-to-right\u00bb css=\u00bb\u00bb][\/vc_column][vc_column width=\u00bb1\/2&#8243;][vc_column_text css_animation=\u00bbright-to-left\u00bb]<strong>\u00bfQu\u00e9 incluye?<\/strong><\/p>\n<h6>Un gu\u00eda local experimentado ir\u00e1 contigo y\/o con tus amigos\/acompa\u00f1antes, te guiar\u00e1 e indicar\u00e1 las caracter\u00edsticas y dificultades de las rutas.<\/h6>\n<h6>Pausa para caf\u00e9 y\/o almuerzo con las rutas guiadas de d\u00eda completo.<\/h6>\n<h6>Asistencia Mec\u00e1nica<\/h6>\n<h6>Barritas energ\u00e9ticas, geles y bebidas deportivas.<\/h6>\n<h6>Veh\u00edculo de apoyo opcional con comida, bebidas, kit de primeros auxilios y m\u00e1s, para seguir cada recorrido.<\/h6>\n<p>&nbsp;<\/p>\n<p><strong>Opciones:<\/strong><\/p>\n<h6>Bicicleta de alquiler<\/h6>\n<h6>Veh\u00edculo de apoyo desde 120\u20ac por grupo.<\/h6>\n<h6>Paquetes especiales para grupos (4+) y varios d\u00edas.<\/h6>\n<p>[\/vc_column_text][\/vc_column][\/vc_row][vc_row css=\u00bb.vc_custom_1580829874819{margin-top: 40px !important;margin-right: 20px !important;}\u00bb][vc_column][vc_separator color=\u00bbblack\u00bb style=\u00bbdotted\u00bb][\/vc_column][\/vc_row][vc_row css=\u00bb.vc_custom_1578925742990{margin-top: 40px !important;margin-right: 20px !important;margin-bottom: 40px !important;}\u00bb][vc_column width=\u00bb1\/2&#8243;][vc_column_text css_animation=\u00bbright-to-left\u00bb]<\/p>\n<h1><span style=\"color: #d9272e; font-size: 24pt; font-family: Raleway, geneva, sans-serif;\"><strong>BICICLETAS DE ALQUILER BIKECAT<\/strong><\/span><\/h1>\n<p class=\"p1\">En Bikecat ofrecemos <strong>alquiler de bicicletas de alta gama<\/strong> para las rutas y paseos guiados en Girona. Si no quieres viajar con tu propia bicicleta, te ofrecemos las mejores opciones de alquiler de bicicletas de carretera en Girona.<\/p>\n<p class=\"p1\">Cuidamos cada bicicleta de carreras antes y despu\u00e9s de los paseos. La limpieza y ajustes se realizan como si fuera tu propia bicicleta.<\/p>\n<p class=\"p1\"><strong>Tienes estas opciones:<\/strong><\/p>\n<p>[\/vc_column_text][\/vc_column][vc_column width=\u00bb1\/3&#8243;][vc_column_text css_animation=\u00bbright-to-left\u00bb]<\/p>\n<blockquote>\n<p class=\"p1\"><span style=\"font-size: 18pt;\"><strong><br \/>\nAhora es tu momento<br \/>\nmontar como un profesional<\/strong><\/span><\/p>\n<p>&nbsp;<\/p><\/blockquote>\n<p>[\/vc_column_text][\/vc_column][\/vc_row][vc_row content_placement=\u00bbbottom\u00bb css=\u00bb.vc_custom_1544120296415{margin-top: 20px !important;margin-right: 10px !important;}\u00bb][vc_column width=\u00bb1\/2&#8243;][vc_single_image image=\u00bb18859&#8243; img_size=\u00bblarge\u00bb css_animation=\u00bbleft-to-right\u00bb][\/vc_column][vc_column width=\u00bb1\/2&#8243;][vc_column_text css_animation=\u00bbright-to-left\u00bb]<strong>ORBEA ORCA &#8211; LA BICICLETA DE CARRERAS M\u00c1S LIGERA Y POTENTE<\/strong><\/p>\n<p><a href=\"https:\/\/www.orbea.com\/us-en\/bicicletas\/carretera\/orca\/\" target=\"_blank\" rel=\"noopener\"><strong>ORBEA ORCA &#8211; M10i LTD<\/strong><\/a> con <a href=\"https:\/\/bike.shimano.com\/\" target=\"_blank\" rel=\"noopener\">Shimano Dura Ace Di2<\/a><br \/>\nEl rendimiento, la tecnolog\u00eda y el estilo siempre han sido los pilares del ciclismo. Puede que no compitamos, pero nos encanta la sensaci\u00f3n de una bicicleta de carreras: la Orca es ligera, r\u00e1pida y hermosa. Los atletas profesionales, los guerreros de fin de semana y los ciclistas amateurs tienen algo en com\u00fan: amamos las bicicletas tanto como el estilo de vida.<\/p>\n<p>Benef\u00edciese de una conducci\u00f3n m\u00e1s suave, ingenier\u00eda avanzada y ventaja aerodin\u00e1mica. Flexibilidad y rendimiento, garantizamos que Orca se adapta a la m\u00e1s amplia gama de ciclistas. Ofrecemos soluciones \u00fanicas de ajuste de manillar y potencia porque no todos buscamos la misma posici\u00f3n de conducci\u00f3n, queremos la bicicleta m\u00e1s r\u00e1pida que se adapte. La Orca es una bicicleta de carreras personalizada, moderna y capaz que nos entusiasma para conducirla exactamente como nos gusta. \u200b<\/p>\n<p class=\"p1\">Todas nuestras bicicletas de alquiler en Girona est\u00e1n puestas a punto para ofrecer un rendimiento excelente y acompa\u00f1arte en <a href=\"https:\/\/bikecat.com\/es\/bikecat-cycling-tours\" target=\"_blank\" rel=\"noopener\">tus vacaciones..<\/a><\/p>\n<h5 class=\"p1\"><strong><span style=\"color: #ff0000;\">ORBEA ORCA M10iLTD<\/span>&nbsp;<span class=\"s1\">@460\u20ac\/semana<\/span><\/strong><\/h5>\n<p>[\/vc_column_text][\/vc_column][\/vc_row][vc_row content_placement=\u00bbbottom\u00bb css=\u00bb.vc_custom_1577986055457{margin-top: 40px !important;margin-right: 10px !important;}\u00bb][vc_column width=\u00bb1\/2&#8243;][\/vc_column][vc_column width=\u00bb1\/2&#8243;][vc_single_image image=\u00bb18864&#8243; img_size=\u00bblarge\u00bb css_animation=\u00bbright-to-left\u00bb][vc_column_text]* Las bicicletas Bikecat Rental en Girona s\u00f3lo est\u00e1n disponibles para nuestras <a href=\"https:\/\/bikecat.com\/es\/girona-guided-rides\" target=\"_blank\" rel=\"noopener\">rutas<\/a> y <a href=\"https:\/\/bikecat.com\/es\/tour-destinations\" target=\"_blank\" rel=\"noopener\">paseos guiados.<\/a> D\u00eda adicional 40 euros.[\/vc_column_text][vc_separator color=\u00bbcustom\u00bb accent_color=\u00bb#939393&#8243;][\/vc_column][\/vc_row][vc_row content_placement=\u00bbmiddle\u00bb css=\u00bb.vc_custom_1701431521082{margin-top: 20px !important;margin-right: 10px !important;}\u00bb][vc_column width=\u00bb1\/2&#8243;][vc_single_image image=\u00bb32594&#8243; img_size=\u00bblarge\u00bb css_animation=\u00bbleft-to-right\u00bb][\/vc_column][vc_column width=\u00bb1\/2&#8243;][vc_column_text css_animation=\u00bbright-to-left\u00bb]<\/p>\n<p class=\"p1\"><strong><a href=\"https:\/\/www.orbea.com\/\" target=\"_blank\" rel=\"noopener\">ORBEA ORCA &#8211; EQUIPO M20i<\/a> con <a href=\"https:\/\/bike.shimano.com\/\" target=\"_blank\" rel=\"noopener\">Shimano Ultegra Di2<\/a><\/strong><\/p>\n<h5 class=\"p1\"><strong><span style=\"color: #ff0000;\">ORBEA ORCA M20i TEAM ULTEGRA<\/span>&nbsp;<span class=\"s1\">@390\u20ac\/semana<\/span><\/strong><\/h5>\n<p>[\/vc_column_text][vc_single_image image=\u00bb32595&#8243; img_size=\u00bblarge\u00bb][vc_column_text]* Las bicicletas Bikecat Rental en Girona s\u00f3lo est\u00e1n disponibles para nuestras <a href=\"https:\/\/bikecat.com\/es\/girona-guided-rides\" target=\"_blank\" rel=\"noopener\">rutas<\/a> y <a href=\"https:\/\/bikecat.com\/es\/tour-destinations\" target=\"_blank\" rel=\"noopener\">paseos guiados.<\/a> D\u00eda adicional 40 euros.[\/vc_column_text][\/vc_column][\/vc_row][vc_row content_placement=\u00bbmiddle\u00bb css=\u00bb.vc_custom_1701431361346{margin-top: 20px !important;margin-right: 10px !important;}\u00bb][vc_column width=\u00bb1\/2&#8243;][vc_single_image image=\u00bb32596&#8243; img_size=\u00bblarge\u00bb css_animation=\u00bbleft-to-right\u00bb][\/vc_column][vc_column width=\u00bb1\/2&#8243;][vc_column_text css_animation=\u00bbright-to-left\u00bb]<strong><a href=\"https:\/\/www.canyon.com\/en-us\/electric-bikes\/electric-gravel-bikes\/\" target=\"_blank\" rel=\"noopener\">CANYON GRIAL ON<\/a> &#8211; e.bike<\/strong><\/p>\n<p class=\"p1\">Estamos agregando algunas bicicletas m\u00e1s a nuestra colecci\u00f3n y ahora puedes montar la nueva bicicleta el\u00e9ctrica <strong>Canyon Grail.ON CF 8.<\/strong><\/p>\n<p>R\u00e1pida en el asfalto. Estable sobre grava. La Grail:ON CF 8 es una bicicleta de gravel el\u00e9ctrica que puede hacerlo todo. \u200b Con enorme potencia, estabilidad y control, sal y practica m\u00e1s de la conducci\u00f3n que te gusta.<\/p>\n<p>La bater\u00eda y el motor son potentes y duraderos. Con un peso total de menos de 17,4 kilogramos, la Grail:ON es una de las bicicletas el\u00e9ctricas para gravel m\u00e1s ligeras. La combinaci\u00f3n del manillar de dos pisos que amortigua las vibraciones y los frenos de disco te proporciona m\u00e1s control sobre la bicicleta.&nbsp;<\/p>\n<h5 class=\"p1\"><strong><span style=\"color: #ff0000;\">CA\u00d1\u00d3N GRIAL EN CF<\/span>&nbsp;<span class=\"s1\">@460\u20ac\/semana<\/span><\/strong><\/h5>\n<p>[\/vc_column_text][\/vc_column][\/vc_row][vc_row content_placement=\u00bbbottom\u00bb css=\u00bb.vc_custom_1577986055457{margin-top: 40px !important;margin-right: 10px !important;}\u00bb][vc_column width=\u00bb1\/2&#8243;][\/vc_column][vc_column width=\u00bb1\/2&#8243;][vc_single_image image=\u00bb32593&#8243; img_size=\u00bblarge\u00bb css_animation=\u00bbright-to-left\u00bb][vc_column_text]*Las bicicletas Bikecat Rental en Girona s\u00f3lo est\u00e1n disponibles para nuestras rutas y paseos guiados. D\u00eda adicional 30 euros.[\/vc_column_text][vc_separator color=\u00bbcustom\u00bb accent_color=\u00bb#939393&#8243;][\/vc_column][\/vc_row][vc_row css=\u00bb.vc_custom_1579004260512{margin-top: 80px !important;margin-right: 10px !important;}\u00bb][vc_column width=\u00bb1\/2&#8243;][vc_column_text css_animation=\u00bbleft-to-right\u00bb]<\/p>\n<h4><span style=\"color: #d9272e;\"><strong>Ajustes de la bicicleta:<\/strong><\/span><\/h4>\n<p>Cuando se alquila una bicicleta con nosotros, queremos asegurarnos de que se ajuste lo m\u00e1s cerca posible de su bicicleta particular.<\/p>\n<p><strong>Toma nota de la configuraci\u00f3n de tu bicicleta<\/strong><\/p>\n<p>Hay ciertas dimensiones que no cambian; simplemente mueves las cosas para que se ajusten a un marco en particular. A continuaci\u00f3n se muestra una plantilla que utilizan muchos equipos. Muestra las dimensiones cr\u00edticas junto con otra informaci\u00f3n sobre la configuraci\u00f3n de una bicicleta. Esto es necesario para adaptarle una bicicleta.<\/p>\n<p><strong>Las medidas:<\/strong>&nbsp;Por favor, anota y env\u00edanos la siguiente informaci\u00f3n de tu bicicleta actual.<br \/>\nTu puedes&nbsp;<a title=\"Gu\u00eda de medidas\" href=\"https:\/\/bikecat.com\/wp-content\/uploads\/2020\/01\/Bikecat-Measurements-guide.pdf\" target=\"_blank\" rel=\"noopener noreferrer\">Descargue el formulario de medici\u00f3n aqu\u00ed.<\/a><\/p>\n<p><strong>Recuerda traer tus propios pedales<\/strong>&nbsp; te recomendamos tu sill\u00edn tambi\u00e9n.[\/vc_column_text][\/vc_column][vc_column width=\u00bb1\/2&#8243;][vc_single_image image=\u00bb3415&#8243; img_size=\u00bblarge\u00bb css_animation=\u00bbright-to-left\u00bb css=\u00bb.vc_custom_1578049800755{padding-top: 20px !important;padding-right: 20px !important;padding-bottom: 20px !important;padding-left: 20px !important;}\u00bb][\/vc_column][\/vc_row][vc_row css=\u00bb.vc_custom_1579004288953{margin-top: 40px !important;margin-right: 10px !important;}\u00bb][vc_column width=\u00bb1\/2&#8243; css=\u00bb.vc_custom_1579004085369{margin-right: 10px !important;}\u00bb][vc_single_image image=\u00bb3408&#8243; img_size=\u00bblarge\u00bb css_animation=\u00bbleft-to-right\u00bb][\/vc_column][vc_column width=\u00bb1\/2&#8243;][vc_column_text css_animation=\u00bbright-to-left\u00bb]<strong>A<\/strong>&nbsp;Altura del sill\u00edn: desde el centro del eje del pedalier en l\u00ednea recta hacia arriba a trav\u00e9s del cuadro y la tija del sill\u00edn hasta el sill\u00edn \u200b<br \/>\n<strong>B<\/strong>&nbsp;Altura de la barra: desde la mitad del eje delantero en l\u00ednea recta hacia arriba a trav\u00e9s de los tubos del cabezal hasta la parte superior del v\u00e1stago<br \/>\n<strong>C<\/strong>&nbsp;Alcance: desde la punta del sill\u00edn hasta el centro de las barras<br \/>\n<strong>D<\/strong>&nbsp;Retroceso: desde la punta del sill\u00edn hasta una l\u00ednea tomada desde el centro del eje BB<br \/>\n<strong>E<\/strong>&nbsp;Suelta. Diferencia de altura entre la punta del sill\u00edn y la parte superior del manillar[\/vc_column_text][\/vc_column][\/vc_row][vc_row css=\u00bb.vc_custom_1575645341495{margin-top: 40px !important;}\u00bb][vc_column][\/vc_column][\/vc_row]<\/p>\n<\/div>","protected":false},"excerpt":{"rendered":"<p>[vc_row][vc_column][rev_slider_vc alias=\u00bbrides\u00bb][\/vc_column][\/vc_row][vc_row css=\u00bb.vc_custom_1575566807553{margin-top: 40px !important;}\u00bb][vc_column][\/vc_column][\/vc_row][vc_row css=\u00bb.vc_custom_1548418826396{margin-top: 20px !important;margin-right: 20px !important;}\u00bb][vc_column width=\u00bb1\/2&#8243;][vc_single_image image=\u00bb3165&#8243; img_size=\u00bblarge\u00bb css_animation=\u00bbleft-to-right\u00bb][\/vc_column][vc_column width=\u00bb1\/2&#8243;][vc_column_text css_animation=\u00bbright-to-left\u00bb] RUTAS GUIADAS EN GIRONA Si est\u00e1s de visita en Girona y quieres rodar con la bicicleta donde lo hacen los profesionales, \u00fanete a las rutas guiadas de Bikecat y si\u00e9ntete como uno de ellos. &nbsp; Bikecat ofrece rutas exclusivas [&hellip;]<\/p>\n","protected":false},"author":1,"featured_media":0,"parent":0,"menu_order":0,"comment_status":"closed","ping_status":"closed","template":"","meta":{"ngg_post_thumbnail":0,"footnotes":""},"class_list":["post-33148","page","type-page","status-publish","hentry"],"yoast_head":"<!-- This site is optimized with the Yoast SEO Premium plugin v27.2 (Yoast SEO v27.2) - https:\/\/yoast.com\/product\/yoast-seo-premium-wordpress\/ -->\n<title>Paseos Guiados en Girona - Viaja con los Gu\u00edas Locales<\/title>\n<meta name=\"description\" content=\"Si est\u00e1s de visita en Girona y quieres montar en bicicleta donde lo hacen los profesionales, \u00fanete a las rutas guiadas en Bikecat Aproveche al m\u00e1ximo su tiempo viajando con gu\u00edas locales certificados.\" \/>\n<meta name=\"robots\" content=\"index, follow, max-snippet:-1, max-image-preview:large, max-video-preview:-1\" \/>\n<link rel=\"canonical\" href=\"https:\/\/bikecat.com\/es\/girona-guided-rides\" \/>\n<meta property=\"og:locale\" content=\"es_ES\" \/>\n<meta property=\"og:type\" content=\"article\" \/>\n<meta property=\"og:title\" content=\"Rutas guiadas en Girona\" \/>\n<meta property=\"og:description\" content=\"RUTAS GUIADAS EN GIRONA Si est\u00e1s de visita en Girona y quieres rodar con la bicicleta donde lo hacen los profesionales, \u00fanete a las rutas guiadas de\" \/>\n<meta property=\"og:url\" content=\"https:\/\/bikecat.com\/es\/girona-guided-rides\" \/>\n<meta property=\"og:site_name\" content=\"Bikecat\" \/>\n<meta property=\"article:publisher\" content=\"https:\/\/www.facebook.com\/Bikecat.TOURS\/\" \/>\n<meta property=\"article:modified_time\" content=\"2024-06-25T09:42:23+00:00\" \/>\n<meta property=\"og:image\" content=\"https:\/\/bikecat.com\/wp-content\/uploads\/2020\/01\/Bikecat-local-guides-1.jpg\" \/>\n\t<meta property=\"og:image:width\" content=\"1920\" \/>\n\t<meta property=\"og:image:height\" content=\"576\" \/>\n\t<meta property=\"og:image:type\" content=\"image\/jpeg\" \/>\n<meta name=\"twitter:card\" content=\"summary_large_image\" \/>\n<meta name=\"twitter:site\" content=\"@bikecatgirona\" \/>\n<meta name=\"twitter:label1\" content=\"Tiempo de lectura\" \/>\n\t<meta name=\"twitter:data1\" content=\"7 minutos\" \/>\n<script type=\"application\/ld+json\" class=\"yoast-schema-graph\">{\"@context\":\"https:\/\/schema.org\",\"@graph\":[{\"@type\":\"WebPage\",\"@id\":\"https:\/\/bikecat.com\/es\/girona-guided-rides\",\"url\":\"https:\/\/bikecat.com\/es\/girona-guided-rides\",\"name\":\"Paseos Guiados en Girona - Viaja con los Gu\u00edas Locales\",\"isPartOf\":{\"@id\":\"https:\/\/bikecat.com\/#website\"},\"datePublished\":\"2018-11-27T15:09:20+00:00\",\"dateModified\":\"2024-06-25T09:42:23+00:00\",\"description\":\"Si est\u00e1s de visita en Girona y quieres montar en bicicleta donde lo hacen los profesionales, \u00fanete a las rutas guiadas en Bikecat Aproveche al m\u00e1ximo su tiempo viajando con gu\u00edas locales certificados.\",\"breadcrumb\":{\"@id\":\"https:\/\/bikecat.com\/es\/girona-guided-rides#breadcrumb\"},\"inLanguage\":\"es\",\"potentialAction\":[{\"@type\":\"ReadAction\",\"target\":[\"https:\/\/bikecat.com\/es\/girona-guided-rides\"]}]},{\"@type\":\"BreadcrumbList\",\"@id\":\"https:\/\/bikecat.com\/es\/girona-guided-rides#breadcrumb\",\"itemListElement\":[{\"@type\":\"ListItem\",\"position\":1,\"name\":\"Portada\",\"item\":\"https:\/\/bikecat.com\/es\"},{\"@type\":\"ListItem\",\"position\":2,\"name\":\"Rutas guiadas en Girona\"}]},{\"@type\":\"WebSite\",\"@id\":\"https:\/\/bikecat.com\/#website\",\"url\":\"https:\/\/bikecat.com\/\",\"name\":\"Bikecat\",\"description\":\"Bikecat Custom Cycling Tours  - Unique and Exclusive Custom Cycling Tours\",\"publisher\":{\"@id\":\"https:\/\/bikecat.com\/#organization\"},\"potentialAction\":[{\"@type\":\"SearchAction\",\"target\":{\"@type\":\"EntryPoint\",\"urlTemplate\":\"https:\/\/bikecat.com\/?s={search_term_string}\"},\"query-input\":{\"@type\":\"PropertyValueSpecification\",\"valueRequired\":true,\"valueName\":\"search_term_string\"}}],\"inLanguage\":\"es\"},{\"@type\":\"Organization\",\"@id\":\"https:\/\/bikecat.com\/#organization\",\"name\":\"Bikecat Cycling Tours\",\"url\":\"https:\/\/bikecat.com\/\",\"logo\":{\"@type\":\"ImageObject\",\"inLanguage\":\"es\",\"@id\":\"https:\/\/bikecat.com\/#\/schema\/logo\/image\/\",\"url\":\"https:\/\/bikecat.com\/wp-content\/uploads\/2018\/11\/headerlogo-1.png\",\"contentUrl\":\"https:\/\/bikecat.com\/wp-content\/uploads\/2018\/11\/headerlogo-1.png\",\"width\":130,\"height\":55,\"caption\":\"Bikecat Cycling Tours\"},\"image\":{\"@id\":\"https:\/\/bikecat.com\/#\/schema\/logo\/image\/\"},\"sameAs\":[\"https:\/\/www.facebook.com\/Bikecat.TOURS\/\",\"https:\/\/x.com\/bikecatgirona\",\"https:\/\/www.instagram.com\/bikecat_cycling_tours\/\"]}]}<\/script>\n<!-- \/ Yoast SEO Premium plugin. -->","yoast_head_json":{"title":"Paseos Guiados en Girona - Viaja con los Gu\u00edas Locales","description":"Si est\u00e1s de visita en Girona y quieres montar en bicicleta donde lo hacen los profesionales, \u00fanete a las rutas guiadas en Bikecat Aproveche al m\u00e1ximo su tiempo viajando con gu\u00edas locales certificados.","robots":{"index":"index","follow":"follow","max-snippet":"max-snippet:-1","max-image-preview":"max-image-preview:large","max-video-preview":"max-video-preview:-1"},"canonical":"https:\/\/bikecat.com\/es\/girona-guided-rides","og_locale":"es_ES","og_type":"article","og_title":"Rutas guiadas en Girona","og_description":"RUTAS GUIADAS EN GIRONA Si est\u00e1s de visita en Girona y quieres rodar con la bicicleta donde lo hacen los profesionales, \u00fanete a las rutas guiadas de","og_url":"https:\/\/bikecat.com\/es\/girona-guided-rides","og_site_name":"Bikecat","article_publisher":"https:\/\/www.facebook.com\/Bikecat.TOURS\/","article_modified_time":"2024-06-25T09:42:23+00:00","og_image":[{"width":1920,"height":576,"url":"https:\/\/bikecat.com\/wp-content\/uploads\/2020\/01\/Bikecat-local-guides-1.jpg","type":"image\/jpeg"}],"twitter_card":"summary_large_image","twitter_site":"@bikecatgirona","twitter_misc":{"Tiempo de lectura":"7 minutos"},"schema":{"@context":"https:\/\/schema.org","@graph":[{"@type":"WebPage","@id":"https:\/\/bikecat.com\/es\/girona-guided-rides","url":"https:\/\/bikecat.com\/es\/girona-guided-rides","name":"Paseos Guiados en Girona - Viaja con los Gu\u00edas Locales","isPartOf":{"@id":"https:\/\/bikecat.com\/#website"},"datePublished":"2018-11-27T15:09:20+00:00","dateModified":"2024-06-25T09:42:23+00:00","description":"Si est\u00e1s de visita en Girona y quieres montar en bicicleta donde lo hacen los profesionales, \u00fanete a las rutas guiadas en Bikecat Aproveche al m\u00e1ximo su tiempo viajando con gu\u00edas locales certificados.","breadcrumb":{"@id":"https:\/\/bikecat.com\/es\/girona-guided-rides#breadcrumb"},"inLanguage":"es","potentialAction":[{"@type":"ReadAction","target":["https:\/\/bikecat.com\/es\/girona-guided-rides"]}]},{"@type":"BreadcrumbList","@id":"https:\/\/bikecat.com\/es\/girona-guided-rides#breadcrumb","itemListElement":[{"@type":"ListItem","position":1,"name":"Portada","item":"https:\/\/bikecat.com\/es"},{"@type":"ListItem","position":2,"name":"Rutas guiadas en Girona"}]},{"@type":"WebSite","@id":"https:\/\/bikecat.com\/#website","url":"https:\/\/bikecat.com\/","name":"Bikecat","description":"Bikecat Custom Cycling Tours  - Unique and Exclusive Custom Cycling Tours","publisher":{"@id":"https:\/\/bikecat.com\/#organization"},"potentialAction":[{"@type":"SearchAction","target":{"@type":"EntryPoint","urlTemplate":"https:\/\/bikecat.com\/?s={search_term_string}"},"query-input":{"@type":"PropertyValueSpecification","valueRequired":true,"valueName":"search_term_string"}}],"inLanguage":"es"},{"@type":"Organization","@id":"https:\/\/bikecat.com\/#organization","name":"Bikecat Cycling Tours","url":"https:\/\/bikecat.com\/","logo":{"@type":"ImageObject","inLanguage":"es","@id":"https:\/\/bikecat.com\/#\/schema\/logo\/image\/","url":"https:\/\/bikecat.com\/wp-content\/uploads\/2018\/11\/headerlogo-1.png","contentUrl":"https:\/\/bikecat.com\/wp-content\/uploads\/2018\/11\/headerlogo-1.png","width":130,"height":55,"caption":"Bikecat Cycling Tours"},"image":{"@id":"https:\/\/bikecat.com\/#\/schema\/logo\/image\/"},"sameAs":["https:\/\/www.facebook.com\/Bikecat.TOURS\/","https:\/\/x.com\/bikecatgirona","https:\/\/www.instagram.com\/bikecat_cycling_tours\/"]}]}},"_links":{"self":[{"href":"https:\/\/bikecat.com\/es\/wp-json\/wp\/v2\/pages\/33148","targetHints":{"allow":["GET"]}}],"collection":[{"href":"https:\/\/bikecat.com\/es\/wp-json\/wp\/v2\/pages"}],"about":[{"href":"https:\/\/bikecat.com\/es\/wp-json\/wp\/v2\/types\/page"}],"author":[{"embeddable":true,"href":"https:\/\/bikecat.com\/es\/wp-json\/wp\/v2\/users\/1"}],"replies":[{"embeddable":true,"href":"https:\/\/bikecat.com\/es\/wp-json\/wp\/v2\/comments?post=33148"}],"version-history":[{"count":0,"href":"https:\/\/bikecat.com\/es\/wp-json\/wp\/v2\/pages\/33148\/revisions"}],"wp:attachment":[{"href":"https:\/\/bikecat.com\/es\/wp-json\/wp\/v2\/media?parent=33148"}],"curies":[{"name":"wp","href":"https:\/\/api.w.org\/{rel}","templated":true}]}}