{"id":33134,"date":"2019-01-24T10:57:51","date_gmt":"2019-01-24T10:57:51","guid":{"rendered":"https:\/\/bikecat.com\/gravel"},"modified":"2025-11-11T09:29:36","modified_gmt":"2025-11-11T09:29:36","slug":"girona-gravel-tour","status":"publish","type":"page","link":"https:\/\/bikecat.com\/es\/girona-gravel-tour","title":{"rendered":"Girona Gravel Tour"},"content":{"rendered":"<div class=\"wpb-content-wrapper\"><p>[vc_row][vc_column][rev_slider_vc alias=\u00bbgravel\u00bb][\/vc_column][\/vc_row][vc_row css=\u00bb.vc_custom_1575568136764{margin-top: 40px !important;}\u00bb][vc_column][\/vc_column][\/vc_row][vc_row css=\u00bb.vc_custom_1575568136764{margin-top: 40px !important;}\u00bb][vc_column width=\u00bb1\/2&#8243;][vc_single_image source=\u00bbexternal_link\u00bb custom_src=\u00bbhttps:\/\/bikecat.com\/wp-content\/uploads\/2020\/11\/Bikecat-Gravel-Tour-with-Jordi.jpg\u00bb][\/vc_column][vc_column width=\u00bb1\/2&#8243;][vc_column_text css=\u00bb\u00bb]<\/p>\n<h1><span style=\"color: #d9272e;\"><strong>GIRONA GRAVEL TOUR<\/strong><\/span><\/h1>\n<p>En invierno, durante la temporada baja, nos gustaba salir a pedalear con profesionales y amigos a un ritmo m\u00e1s relajado. Era el momento perfecto para desconectar, compartir kil\u00f3metros y descubrir nuevas rutas para futuros tours.<\/p>\n<p>A veces, cuando la carretera terminaba pero el camino segu\u00eda sin asfaltar, simplemente continu\u00e1bamos adelante con nuestras bicicletas de carretera (\u00a1y por entonces nadie llevaba GPS!). La sensaci\u00f3n de aventura y descubrimiento superaba con creces la frustraci\u00f3n de perderse o tener que dar la vuelta.<\/p>\n<p>Muchos de aquellos caminos de tierra conectaban con otras carreteras, creando rutas incre\u00edbles que de otra forma habr\u00edan sido imposibles de unir.<\/p>\n<p>Ahora, reunimos toda esta experiencia para ofrecerte algunas de las mejores rutas que se pueden hacer en la zona de Girona, sin importar el terreno. El Girona Gravel Tour es una aventura \u00e9pica que puedes disfrutar con una bicicleta de gravel o, si te atreves, con una bici de carretera \u2014como en los viejos tiempos.<\/p>\n<p>&nbsp;[\/vc_column_text][\/vc_column][\/vc_row][vc_row css=\u00bb.vc_custom_1605628115654{margin-top: 20px !important;}\u00bb][vc_column width=\u00bb1\/2&#8243;][vc_single_image source=\u00bbexternal_link\u00bb custom_src=\u00bbhttps:\/\/bikecat.com\/wp-content\/uploads\/2020\/11\/GravelJordi-Bikecat-Gravel-Tour-in-Girona.jpg\u00bb][\/vc_column][vc_column width=\u00bb1\/2&#8243;][vc_column_text css=\u00bb\u00bb]<\/p>\n<h4><span style=\"color: #d9272e;\"><strong>Gravel Jordi<\/strong><\/span><\/h4>\n<p>Una de las personas que hacen posible este tour es Jordi, tambi\u00e9n conocido como Bombero Jordi o<strong> Gravel Jordi<\/strong>. Forma parte de la familia Bikecat desde 2008 y, s\u00ed, es un bombero en activo \u2014por lo que estar\u00e1s en muy buenas manos rodando junto a \u00e9l.<\/p>\n<p>Creci\u00f3 en Santa Coloma de Farners, un peque\u00f1o pueblo al sur de Girona. Ya de ni\u00f1o exploraba caminos y carreteras por toda la provincia, y con los a\u00f1os ha llegadoa convertirse en un gran conocedor del territorio y sus rutas, tanto asfaltadas como de tierra.<\/p>\n<p>Cuando los primeros ciclistas profesionales llegaron a Girona, hace m\u00e1s de veinte a\u00f1os, Jordi \u2014<strong>el local<\/strong>\u2014 pas\u00f3 a formar parte del colectivo r\u00e1pidamente. Ellos necesitaban rutas, \u00a1y \u00e9l se las sab\u00eda todas!<\/p>\n<p>Aquella peque\u00f1a comunidad ciclista acab\u00f3 forjando grandes amistades entre sus miembros. Destaca la de Jordi con el canadiense <strong>Michael Barry<\/strong>, con quien sigue manteniendo una estrecha relaci\u00f3n y a quien ha visitado con su familia en Canad\u00e1.<\/p>\n<p>Juntos exploraban Girona con bicicletas de ciclocross (cuando a\u00fan nadie hablaba de gravel). Sab\u00edan cu\u00e1ndo y desde d\u00f3nde sal\u00edan, pero nunca a qu\u00e9 hora regresar\u00edan. Sab\u00edan cu\u00e1ndo y desde d\u00f3nde sal\u00edan, pero nunca a qu\u00e9 hora regresar\u00edan.<\/p>\n<p>En 2015, Jordi decidi\u00f3 crear como reto personal: la <strong>Pirinexus 360 Challenge.<\/strong> Esta prueba de ultramarat\u00f3n de gravel recorre toda la provincia de Girona y se celebra cada a\u00f1o.<\/p>\n<p>Nick Legan la incluy\u00f3 en su libro <a href=\"https:\/\/www.velopress.com\/books\/gravel-cycling\/\">The Complete Guide to Gravel Racing and Adventure Bikepacking.<\/a><\/p>\n<p>Desde 2017, Jordi tambi\u00e9n dise\u00f1a y dirige los eventos de gravel del festival <strong>Sea Otter Europe<\/strong>.<\/p>\n<p>Adem\u00e1s, es fundador y presidente del Girona Gravel Club, desde el que organiza salidas por la regi\u00f3n. Una manera de pedalear con amigos, descubrir nuevos caminos y compartir el esp\u00edritu de descubrimiento que lo empez\u00f3 todo \u2014un verdadero homenaje a aquellas primeras salidas con Michael Barry, <strong>\u00fanicas y \u00e9picas.<\/strong><\/p>\n<p>Con el creciente inter\u00e9s por el gravel, queremos que m\u00e1s personas puedan disfrutar de su experiencia y profundo conocimiento del territorio.<\/p>\n<p>Por eso ofrecemos rutas y tours de gravel 100% personalizados en Girona, guiados por el mismo esp\u00edritu de aventura y curiosidad de los inicios.[\/vc_column_text][\/vc_column][\/vc_row][vc_row css=\u00bb.vc_custom_1578069083548{margin-top: 40px !important;margin-bottom: 40px !important;}\u00bb][vc_column][\/vc_column][\/vc_row]<\/p>\n<\/div>","protected":false},"excerpt":{"rendered":"<p>[vc_row][vc_column][rev_slider_vc alias=\u00bbgravel\u00bb][\/vc_column][\/vc_row][vc_row css=\u00bb.vc_custom_1575568136764{margin-top: 40px !important;}\u00bb][vc_column][\/vc_column][\/vc_row][vc_row css=\u00bb.vc_custom_1575568136764{margin-top: 40px !important;}\u00bb][vc_column width=\u00bb1\/2&#8243;][vc_single_image source=\u00bbexternal_link\u00bb custom_src=\u00bbhttps:\/\/bikecat.com\/wp-content\/uploads\/2020\/11\/Bikecat-Gravel-Tour-with-Jordi.jpg\u00bb][\/vc_column][vc_column width=\u00bb1\/2&#8243;][vc_column_text css=\u00bb\u00bb] GIRONA GRAVEL TOUR En invierno, durante la temporada baja, nos gustaba salir a pedalear con profesionales y amigos a un ritmo m\u00e1s relajado. Era el momento perfecto para desconectar, compartir kil\u00f3metros y descubrir nuevas rutas para futuros tours. A veces, cuando la [&hellip;]<\/p>\n","protected":false},"author":1,"featured_media":0,"parent":0,"menu_order":0,"comment_status":"closed","ping_status":"closed","template":"","meta":{"ngg_post_thumbnail":0,"footnotes":""},"class_list":["post-33134","page","type-page","status-publish","hentry"],"yoast_head":"<!-- This site is optimized with the Yoast SEO Premium plugin v27.2 (Yoast SEO v27.2) - https:\/\/yoast.com\/product\/yoast-seo-premium-wordpress\/ -->\n<title>Girona Gravel Tour | Rutas personalizadas de gravel en Girona<\/title>\n<meta name=\"description\" content=\"Descubre el Girona Gravel Tour \u2014 caminos escondidos, senderos de monta\u00f1a y rutas costeras en la provincia de Girona.\" \/>\n<meta name=\"robots\" content=\"index, follow, max-snippet:-1, max-image-preview:large, max-video-preview:-1\" \/>\n<link rel=\"canonical\" href=\"https:\/\/bikecat.com\/es\/girona-gravel-tour\" \/>\n<meta property=\"og:locale\" content=\"es_ES\" \/>\n<meta property=\"og:type\" content=\"article\" \/>\n<meta property=\"og:title\" content=\"Girona Gravel Tour\" \/>\n<meta property=\"og:description\" content=\"GIRONA GRAVEL TOUR En invierno, durante la temporada baja, nos gustaba salir a pedalear con profesionales y amigos a un ritmo m\u00e1s relajado. Era el momento\" \/>\n<meta property=\"og:url\" content=\"https:\/\/bikecat.com\/es\/girona-gravel-tour\" \/>\n<meta property=\"og:site_name\" content=\"Bikecat\" \/>\n<meta property=\"article:publisher\" content=\"https:\/\/www.facebook.com\/Bikecat.TOURS\/\" \/>\n<meta property=\"article:modified_time\" content=\"2025-11-11T09:29:36+00:00\" \/>\n<meta property=\"og:image\" content=\"https:\/\/bikecat.com\/wp-content\/uploads\/2020\/11\/Girona-Gravel-Tour-By-Bikecat.jpg\" \/>\n\t<meta property=\"og:image:width\" content=\"975\" \/>\n\t<meta property=\"og:image:height\" content=\"540\" \/>\n\t<meta property=\"og:image:type\" content=\"image\/jpeg\" \/>\n<meta name=\"twitter:card\" content=\"summary_large_image\" \/>\n<meta name=\"twitter:site\" content=\"@bikecatgirona\" \/>\n<meta name=\"twitter:label1\" content=\"Tiempo de lectura\" \/>\n\t<meta name=\"twitter:data1\" content=\"3 minutos\" \/>\n<script type=\"application\/ld+json\" class=\"yoast-schema-graph\">{\"@context\":\"https:\/\/schema.org\",\"@graph\":[{\"@type\":\"WebPage\",\"@id\":\"https:\/\/bikecat.com\/es\/girona-gravel-tour\",\"url\":\"https:\/\/bikecat.com\/es\/girona-gravel-tour\",\"name\":\"Girona Gravel Tour | Rutas personalizadas de gravel en Girona\",\"isPartOf\":{\"@id\":\"https:\/\/bikecat.com\/#website\"},\"datePublished\":\"2019-01-24T10:57:51+00:00\",\"dateModified\":\"2025-11-11T09:29:36+00:00\",\"description\":\"Descubre el Girona Gravel Tour \u2014 caminos escondidos, senderos de monta\u00f1a y rutas costeras en la provincia de Girona.\",\"breadcrumb\":{\"@id\":\"https:\/\/bikecat.com\/es\/girona-gravel-tour#breadcrumb\"},\"inLanguage\":\"es\",\"potentialAction\":[{\"@type\":\"ReadAction\",\"target\":[\"https:\/\/bikecat.com\/es\/girona-gravel-tour\"]}]},{\"@type\":\"BreadcrumbList\",\"@id\":\"https:\/\/bikecat.com\/es\/girona-gravel-tour#breadcrumb\",\"itemListElement\":[{\"@type\":\"ListItem\",\"position\":1,\"name\":\"Portada\",\"item\":\"https:\/\/bikecat.com\/es\"},{\"@type\":\"ListItem\",\"position\":2,\"name\":\"Girona Gravel Tour\"}]},{\"@type\":\"WebSite\",\"@id\":\"https:\/\/bikecat.com\/#website\",\"url\":\"https:\/\/bikecat.com\/\",\"name\":\"Bikecat\",\"description\":\"Bikecat Custom Cycling Tours  - Unique and Exclusive Custom Cycling Tours\",\"publisher\":{\"@id\":\"https:\/\/bikecat.com\/#organization\"},\"potentialAction\":[{\"@type\":\"SearchAction\",\"target\":{\"@type\":\"EntryPoint\",\"urlTemplate\":\"https:\/\/bikecat.com\/?s={search_term_string}\"},\"query-input\":{\"@type\":\"PropertyValueSpecification\",\"valueRequired\":true,\"valueName\":\"search_term_string\"}}],\"inLanguage\":\"es\"},{\"@type\":\"Organization\",\"@id\":\"https:\/\/bikecat.com\/#organization\",\"name\":\"Bikecat Cycling Tours\",\"url\":\"https:\/\/bikecat.com\/\",\"logo\":{\"@type\":\"ImageObject\",\"inLanguage\":\"es\",\"@id\":\"https:\/\/bikecat.com\/#\/schema\/logo\/image\/\",\"url\":\"https:\/\/bikecat.com\/wp-content\/uploads\/2018\/11\/headerlogo-1.png\",\"contentUrl\":\"https:\/\/bikecat.com\/wp-content\/uploads\/2018\/11\/headerlogo-1.png\",\"width\":130,\"height\":55,\"caption\":\"Bikecat Cycling Tours\"},\"image\":{\"@id\":\"https:\/\/bikecat.com\/#\/schema\/logo\/image\/\"},\"sameAs\":[\"https:\/\/www.facebook.com\/Bikecat.TOURS\/\",\"https:\/\/x.com\/bikecatgirona\",\"https:\/\/www.instagram.com\/bikecat_cycling_tours\/\"]}]}<\/script>\n<!-- \/ Yoast SEO Premium plugin. -->","yoast_head_json":{"title":"Girona Gravel Tour | Rutas personalizadas de gravel en Girona","description":"Descubre el Girona Gravel Tour \u2014 caminos escondidos, senderos de monta\u00f1a y rutas costeras en la provincia de Girona.","robots":{"index":"index","follow":"follow","max-snippet":"max-snippet:-1","max-image-preview":"max-image-preview:large","max-video-preview":"max-video-preview:-1"},"canonical":"https:\/\/bikecat.com\/es\/girona-gravel-tour","og_locale":"es_ES","og_type":"article","og_title":"Girona Gravel Tour","og_description":"GIRONA GRAVEL TOUR En invierno, durante la temporada baja, nos gustaba salir a pedalear con profesionales y amigos a un ritmo m\u00e1s relajado. Era el momento","og_url":"https:\/\/bikecat.com\/es\/girona-gravel-tour","og_site_name":"Bikecat","article_publisher":"https:\/\/www.facebook.com\/Bikecat.TOURS\/","article_modified_time":"2025-11-11T09:29:36+00:00","og_image":[{"width":975,"height":540,"url":"https:\/\/bikecat.com\/wp-content\/uploads\/2020\/11\/Girona-Gravel-Tour-By-Bikecat.jpg","type":"image\/jpeg"}],"twitter_card":"summary_large_image","twitter_site":"@bikecatgirona","twitter_misc":{"Tiempo de lectura":"3 minutos"},"schema":{"@context":"https:\/\/schema.org","@graph":[{"@type":"WebPage","@id":"https:\/\/bikecat.com\/es\/girona-gravel-tour","url":"https:\/\/bikecat.com\/es\/girona-gravel-tour","name":"Girona Gravel Tour | Rutas personalizadas de gravel en Girona","isPartOf":{"@id":"https:\/\/bikecat.com\/#website"},"datePublished":"2019-01-24T10:57:51+00:00","dateModified":"2025-11-11T09:29:36+00:00","description":"Descubre el Girona Gravel Tour \u2014 caminos escondidos, senderos de monta\u00f1a y rutas costeras en la provincia de Girona.","breadcrumb":{"@id":"https:\/\/bikecat.com\/es\/girona-gravel-tour#breadcrumb"},"inLanguage":"es","potentialAction":[{"@type":"ReadAction","target":["https:\/\/bikecat.com\/es\/girona-gravel-tour"]}]},{"@type":"BreadcrumbList","@id":"https:\/\/bikecat.com\/es\/girona-gravel-tour#breadcrumb","itemListElement":[{"@type":"ListItem","position":1,"name":"Portada","item":"https:\/\/bikecat.com\/es"},{"@type":"ListItem","position":2,"name":"Girona Gravel Tour"}]},{"@type":"WebSite","@id":"https:\/\/bikecat.com\/#website","url":"https:\/\/bikecat.com\/","name":"Bikecat","description":"Bikecat Custom Cycling Tours  - Unique and Exclusive Custom Cycling Tours","publisher":{"@id":"https:\/\/bikecat.com\/#organization"},"potentialAction":[{"@type":"SearchAction","target":{"@type":"EntryPoint","urlTemplate":"https:\/\/bikecat.com\/?s={search_term_string}"},"query-input":{"@type":"PropertyValueSpecification","valueRequired":true,"valueName":"search_term_string"}}],"inLanguage":"es"},{"@type":"Organization","@id":"https:\/\/bikecat.com\/#organization","name":"Bikecat Cycling Tours","url":"https:\/\/bikecat.com\/","logo":{"@type":"ImageObject","inLanguage":"es","@id":"https:\/\/bikecat.com\/#\/schema\/logo\/image\/","url":"https:\/\/bikecat.com\/wp-content\/uploads\/2018\/11\/headerlogo-1.png","contentUrl":"https:\/\/bikecat.com\/wp-content\/uploads\/2018\/11\/headerlogo-1.png","width":130,"height":55,"caption":"Bikecat Cycling Tours"},"image":{"@id":"https:\/\/bikecat.com\/#\/schema\/logo\/image\/"},"sameAs":["https:\/\/www.facebook.com\/Bikecat.TOURS\/","https:\/\/x.com\/bikecatgirona","https:\/\/www.instagram.com\/bikecat_cycling_tours\/"]}]}},"_links":{"self":[{"href":"https:\/\/bikecat.com\/es\/wp-json\/wp\/v2\/pages\/33134","targetHints":{"allow":["GET"]}}],"collection":[{"href":"https:\/\/bikecat.com\/es\/wp-json\/wp\/v2\/pages"}],"about":[{"href":"https:\/\/bikecat.com\/es\/wp-json\/wp\/v2\/types\/page"}],"author":[{"embeddable":true,"href":"https:\/\/bikecat.com\/es\/wp-json\/wp\/v2\/users\/1"}],"replies":[{"embeddable":true,"href":"https:\/\/bikecat.com\/es\/wp-json\/wp\/v2\/comments?post=33134"}],"version-history":[{"count":4,"href":"https:\/\/bikecat.com\/es\/wp-json\/wp\/v2\/pages\/33134\/revisions"}],"predecessor-version":[{"id":44627,"href":"https:\/\/bikecat.com\/es\/wp-json\/wp\/v2\/pages\/33134\/revisions\/44627"}],"wp:attachment":[{"href":"https:\/\/bikecat.com\/es\/wp-json\/wp\/v2\/media?parent=33134"}],"curies":[{"name":"wp","href":"https:\/\/api.w.org\/{rel}","templated":true}]}}