{"id":33118,"date":"2018-11-27T15:10:09","date_gmt":"2018-11-27T15:10:09","guid":{"rendered":"https:\/\/bikecat.com\/about-bikecat"},"modified":"2025-02-17T10:17:34","modified_gmt":"2025-02-17T10:17:34","slug":"about-bikecat","status":"publish","type":"page","link":"https:\/\/bikecat.com\/es\/about-bikecat","title":{"rendered":"ACERCA DE NOSOTROS"},"content":{"rendered":"<div class=\"wpb-content-wrapper\"><p>[vc_row][vc_column][rev_slider_vc alias=\u00bbabout\u00bb][\/vc_column][\/vc_row][vc_row css=\u00bb.vc_custom_1575638806042{margin-top: 40px !important;}\u00bb][vc_column][\/vc_column][\/vc_row][vc_row css=\u00bb.vc_custom_1579007704986{margin-right: 10px !important;}\u00bb][vc_column width=\u00bb1\/6&#8243;][vc_single_image image=\u00bb32&#8243; img_size=\u00bblarge\u00bb css_animation=\u00bbleft-to-right\u00bb][\/vc_column][vc_column width=\u00bb5\/6&#8243;][vc_column_text css_animation=\u00bbright-to-left\u00bb]<span style=\"font-size: 12pt;\">Bikecat Cycling Tours SL con sede en Girona, somos la \u00fanica empresa dirigida \u00edntegramente por gu\u00edas locales.<\/span><br \/>\n<span style=\"font-size: 12pt;\">El ciclismo en Girona y la Costa Brava es un destino muy popular entre las empresas de tours en bicicleta.<\/span><br \/>\n<span style=\"font-size: 12pt;\">Desde el principio, nosotros hemos cre\u00eddo que la mejor manera de disfrutar y experimentar un tour en bicicleta es compartirlo con los locales.<\/span><br \/>\n<span style=\"font-size: 12pt;\">&nbsp;<\/span><br \/>\n<span style=\"font-size: 12pt;\">Las caracter\u00edsticas que nos definen son la atenci\u00f3n en los detalles, la personalizaci\u00f3n y la pasi\u00f3n que ponemos en nuestros tours. <a href=\"https:\/\/bikecat.com\/es\/bikecat-cycling-tours\">Bikecat cycling Tours.<\/a><\/span><br \/>\n<span style=\"font-size: 12pt;\">El equipo de Bikecat est\u00e1 formado por un grupo de amigos, apasionados por este deporte y a los que les encanta compartir su casa y sus lugares favoritos.<\/span>[\/vc_column_text][\/vc_column][\/vc_row][vc_row css=\u00bb.vc_custom_1579008391248{margin-top: 40px !important;}\u00bb][vc_column][vc_column_text]<\/p>\n<h2>NUESTRO EQUIPO<\/h2>\n<p>[\/vc_column_text][\/vc_column][\/vc_row][vc_row css=\u00bb.vc_custom_1579007782135{margin-top: 20px !important;margin-right: 10px !important;margin-bottom: 20px !important;}\u00bb][vc_column width=\u00bb1\/2&#8243;][vc_row_inner css=\u00bb.vc_custom_1575640020357{padding-bottom: 20px !important;}\u00bb][vc_column_inner width=\u00bb1\/4&#8243;][vc_single_image image=\u00bb38493&#8243; img_size=\u00bblarge\u00bb css_animation=\u00bbleft-to-right\u00bb css=\u00bb\u00bb][\/vc_column_inner][vc_column_inner width=\u00bb3\/4&#8243;][vc_column_text css_animation=\u00bbright-to-left\u00bb]<\/p>\n<h5><span style=\"color: #d9272e;\"><strong>Jaume Cabruja<\/strong><\/span><\/h5>\n<p>Nacido en Barcelona, Jaume creci\u00f3 entre la capital catalana y Girona, donde pronto empez\u00f3 a competir en bicicleta de carretera. Despu\u00e9s de graduarse como Ingeniero Qu\u00edmico (<a href=\"https:\/\/www.iqs.edu\/en\">IQS)<\/a>, tuvo la oportunidad de trabajar y viajar por muchos pa\u00edses, llevando siempre una bicicleta consigo.<\/p>\n<p>Le gusta desafiarse a s\u00ed mismo en cualquier lugar y en cualquier momento: Australia, Venezuela, Nueva Zelanda, Borneo, Dinamarca y Estados Unidos. Compartiendo su inter\u00e9s y entusiasmo por este deporte y su sentido del humor, concibi\u00f3 la idea de Bikecat Cycling Tours.<\/p>\n<p>Al dominar el ingl\u00e9s, el espa\u00f1ol y el catal\u00e1n (la lengua de la regi\u00f3n), Jaume disfruta compartiendo las maravillas de su tierra y pasando tiempo con la gente que viene a pedalear con \u00e9l.[\/vc_column_text][\/vc_column_inner][\/vc_row_inner][vc_row_inner css=\u00bb.vc_custom_1575640147894{padding-bottom: 20px !important;}\u00bb][vc_column_inner width=\u00bb1\/4&#8243;][vc_single_image image=\u00bb38502&#8243; img_size=\u00bblarge\u00bb css_animation=\u00bbleft-to-right\u00bb css=\u00bb\u00bb][\/vc_column_inner][vc_column_inner width=\u00bb3\/4&#8243;][vc_column_text css_animation=\u00bbright-to-left\u00bb]<\/p>\n<h5><span style=\"color: #d9272e;\"><strong>Josep Aromir<\/strong><\/span><\/h5>\n<p>Josep creci\u00f3 en Tossa del Mar y se cri\u00f3 entre la monta\u00f1a y el mar.<\/p>\n<p>Siempre ha tenido un gran amor por la naturaleza y el deporte. Esto le llev\u00f3 a ser T\u00e9cnico Deportivo y a estudiar Ciencias de la Actividad F\u00edsica y Deporte (CAFE) en la Universidad EUSES de Girona. Posteriormente, se licenci\u00f3 en quiropr\u00e1ctica y masaje deportivo.<\/p>\n<p>Josep lleva muchos a\u00f1os entrenando con bicicletas de monta\u00f1a y de carretera y su inter\u00e9s por este deporte no ha dejado de crecer. Le encanta compartir este deporte y disfrutar del compa\u00f1erismo en las salidas.[\/vc_column_text][\/vc_column_inner][\/vc_row_inner][vc_row_inner css=\u00bb.vc_custom_1575640166411{padding-bottom: 20px !important;}\u00bb][vc_column_inner width=\u00bb1\/4&#8243;][vc_single_image image=\u00bb38499&#8243; img_size=\u00bblarge\u00bb css_animation=\u00bbleft-to-right\u00bb css=\u00bb\u00bb][\/vc_column_inner][vc_column_inner width=\u00bb3\/4&#8243;][vc_column_text css_animation=\u00bbright-to-left\u00bb]<\/p>\n<h5><span style=\"color: #d9272e;\"><strong>Nick Whitelaw<\/strong><\/span><\/h5>\n<p>Nick ha estado rodeado de bicicletas toda su vida. Comenz\u00f3 a montar en bicicleta de monta\u00f1a cuando era ni\u00f1o con su hermano mayor y sus amigos. Le encantan todas las modalidades de ciclismo, desde sufrir en el asfalto, a bajar dando saltos en la monta\u00f1a o poner a prueba el equilibrio en la bici de trial.<\/p>\n<p>Nick trabaja como instructor de bicicleta de monta\u00f1a para ni\u00f1os y como gu\u00eda de ciclismo y MTB. Ha hecho dos veces el Camino de Santiago en bicicleta, m\u00e1s de 1.000 Km, y considera que la bicicleta es la mejor manera de descubrir nuevos lugares. Es licenciado en administraci\u00f3n de empresas y gu\u00eda ciclista certificado.<\/p>\n<p>A Nick le encanta compartir su pasi\u00f3n por la cultura y las tradiciones catalanas y conoce los mejores lugares para visitar.<\/p>\n<p>Le gusta trabajar con Bikecat porque tienen la misma manera de entender lo que debe ser un gran recorrido en bicicleta y hacer que la gente local comparta sus conocimientos sobre la zona, las atracciones, los pueblos, la cultura y la cocina.[\/vc_column_text][\/vc_column_inner][\/vc_row_inner][\/vc_column][vc_column width=\u00bb1\/2&#8243;][vc_row_inner css=\u00bb.vc_custom_1575640137789{padding-bottom: 20px !important;}\u00bb][vc_column_inner width=\u00bb1\/4&#8243;][vc_single_image image=\u00bb38487&#8243; img_size=\u00bblarge\u00bb css_animation=\u00bbleft-to-right\u00bb css=\u00bb\u00bb][\/vc_column_inner][vc_column_inner width=\u00bb3\/4&#8243;][vc_column_text css_animation=\u00bbright-to-left\u00bb]<\/p>\n<h5><span style=\"color: #d9272e;\"><strong>Debbie Stein<\/strong><\/span><\/h5>\n<p>Originaria de Carolina del Sur, es licenciada en Literatura y Traducci\u00f3n Francesa por la USC en Columbia, Carolina del Sur. Ha viajado a Francia todos los a\u00f1os desde entonces hasta que conoci\u00f3 a Jaume, con lo que empez\u00f3 a viajar tambi\u00e9n por Espa\u00f1a. Ha trabajado como profesora de franc\u00e9s de secundaria en Nueva Jersey durante 5 a\u00f1os, en Recursos Humanos, y es voluntaria cuando puede en el Corkscrew Swamp Sanctuary en Naples, FL.<\/p>\n<p>Desde que vive en Girona, ha aprendido el catal\u00e1n y el espa\u00f1ol, y su franc\u00e9s se ha ido oxidando desde entonces. A Debbie le encanta estar al aire libre y le gusta nadar, correr, hacer senderismo y montar en bicicleta.<\/p>\n<p>Compagina sus dos pasiones fuera de la bicicleta que son viajar y disfrutar de todas las aventuras que conlleva tener un hijo peque\u00f1o. Con Bikecat es gu\u00eda de ciclismo y se esmera en planificar y organizar actividades para que los acompa\u00f1antes de los ciclistas, adem\u00e1s de todos los que est\u00e1n fuera de las rutas, disfruten de sus vacaciones.[\/vc_column_text][\/vc_column_inner][\/vc_row_inner][vc_row_inner css=\u00bb.vc_custom_1575640156876{padding-bottom: 20px !important;}\u00bb][vc_column_inner width=\u00bb1\/4&#8243;][vc_single_image image=\u00bb38496&#8243; img_size=\u00bblarge\u00bb css_animation=\u00bbleft-to-right\u00bb css=\u00bb\u00bb][\/vc_column_inner][vc_column_inner width=\u00bb3\/4&#8243;][vc_column_text css_animation=\u00bbright-to-left\u00bb]<\/p>\n<h5><span style=\"color: #d9272e;\"><strong>Jordi Cantal<\/strong><\/span><\/h5>\n<p>Como la mayor\u00eda de los chavales de un pueblo de por aqu\u00ed, toda su juventud la pas\u00f3 sobre una bicicleta. Tanto, que no tiene ni idea de cu\u00e1ndo empez\u00f3 a montar en bici. Se compr\u00f3 su primera bicicleta de monta\u00f1a a los 18 a\u00f1os con su primer sueldo de Guardabosques, y luego empez\u00f3 a competir en pruebas locales.<\/p>\n<p>Combin\u00f3 la bicicleta de monta\u00f1a con la escalada, el senderismo y el esqu\u00ed. En 1995, empez\u00f3 a estudiar Geolog\u00eda y el ciclismo qued\u00f3 relegado durante un tiempo. Unos a\u00f1os m\u00e1s tarde, se incorpor\u00f3 a los bomberos y, gracias a la gran cantidad de tiempo libre de esta profesi\u00f3n, ahora puede hacer salidas serias tres o cuatro d\u00edas a la semana.<\/p>\n<p>Desde 2002, va a ver el Tour pedaleando entre las cumbres de los Alpes y los Pirineos. Ahora, con Bikecat Cycling Tours, puede disfrutar y compartir este deporte con todos vosotros.[\/vc_column_text][\/vc_column_inner][\/vc_row_inner][vc_row_inner css=\u00bb.vc_custom_1575640156876{padding-bottom: 20px !important;}\u00bb][vc_column_inner width=\u00bb1\/4&#8243;][vc_single_image image=\u00bb38490&#8243; img_size=\u00bblarge\u00bb css_animation=\u00bbleft-to-right\u00bb css=\u00bb\u00bb][\/vc_column_inner][vc_column_inner width=\u00bb3\/4&#8243;][vc_column_text css_animation=\u00bbright-to-left\u00bb css=\u00bb\u00bb]<\/p>\n<h5><span style=\"color: #d9272e;\"><strong>Eudald Vilas<\/strong><\/span><\/h5>\n<p>Criado en Girona y desde peque\u00f1o mantuvo un fuerte v\u00ednculo con la regi\u00f3n volc\u00e1nica de la Garrotxa, de donde proviene su familia, donde, de ni\u00f1o, comenz\u00f3 a practicar el ciclismo de monta\u00f1a.<\/p>\n<p>Le gustan tanto el ciclismo de monta\u00f1a como el de carretera, la nataci\u00f3n y el senderismo; todos los deportes que le permitan descubrir y disfrutar de la naturaleza.<\/p>\n<p>Cuando termin\u00f3 el instituto, ingres\u00f3 en la Escuela T\u00e9cnica Superior de Girona (ETG) donde se form\u00f3 como electromec\u00e1nico de veh\u00edculos. Su experiencia como mec\u00e1nico en Volvo y reparando sus bicicletas y las de sus amigos perfeccion\u00f3 su experiencia.<\/p>\n<p>En Bikecat, Eudald te dar\u00e1 la bienvenida cuando visites nuestra tienda en Girona, as\u00ed como tambi\u00e9n har\u00e1 de mec\u00e1nico para cuidar las bicicletas en la tienda y durante las rutas.[\/vc_column_text][\/vc_column_inner][\/vc_row_inner][\/vc_column][\/vc_row][vc_row css=\u00bb.vc_custom_1580816564527{margin-top: 40px !important;margin-right: 10px !important;}\u00bb][vc_column][vc_separator color=\u00bbblack\u00bb style=\u00bbdotted\u00bb][\/vc_column][\/vc_row][vc_row css=\u00bb.vc_custom_1579008447357{margin-top: 40px !important;}\u00bb][vc_column][vc_column_text css_animation=\u00bbleft-to-right\u00bb]<\/p>\n<h2>Bikecat en los medios<\/h2>\n<p>[\/vc_column_text][\/vc_column][\/vc_row][vc_row css=\u00bb.vc_custom_1579007827185{margin-top: 40px !important;margin-right: 10px !important;}\u00bb][vc_column width=\u00bb1\/2&#8243; css=\u00bb.vc_custom_1579008255900{margin-bottom: 40px !important;}\u00bb][vc_row_inner][vc_column_inner width=\u00bb2\/3&#8243;][vc_column_text css_animation=\u00bbleft-to-right\u00bb]<\/p>\n<h5><span style=\"color: #d9272e; font-size: 12pt;\"><strong>Bienvenido a ProVille \/ Revista Ciclista<\/strong><\/span><\/h5>\n<p>El pasado mes de octubre salimos con algunos chicos de&nbsp;<a title=\"Cyclist Magazine UK\" href=\"http:\/\/cyclistmag.co.uk\/\" target=\"_blank\" rel=\"noopener noreferrer\">Cyclist Magazine,<\/a> una nueva revista ciclista con sede en Londres. Ten\u00edan previsto un recorrido muy ambicioso de unos 160 km con dos buenas subidas, Amer y Rocacorba.<\/p>\n<p>Ir en bicicleta por la ciudad catalana de Girona no es como hacerlo en cualquier otro lugar. No es simplemente que el clima sea mejor que en la mayor\u00eda de los lugares, aunque la fresca ma\u00f1ana de oto\u00f1o cuando nos reunimos para nuestro paseo es perfecta para pasar un d\u00eda en bicicleta&#8230; <a title=\"Cyclist Magazine Art\u00edculo Girona\" href=\"https:\/\/bikecat.com\/wp-content\/uploads\/2020\/01\/Cyclist-Magazine-Girona.pdf\" target=\"_blank\" rel=\"noopener noreferrer\">Lea el art\u00edculo completo aqu\u00ed.<\/a><\/p>\n<p>Palabras de&nbsp;<strong>Mark Bailey<\/strong>&nbsp;Photography<strong>&nbsp;Paul Calver<\/strong>. En enero de 2013 se public\u00f3 el n\u00famero 3 de la Revista Cyclist que cubre Bikecat y el ciclismo en Girona.[\/vc_column_text][\/vc_column_inner][vc_column_inner width=\u00bb1\/3&#8243;][vc_single_image image=\u00bb3575&#8243; img_size=\u00bblarge\u00bb css_animation=\u00bbbottom-to-top\u00bb][\/vc_column_inner][\/vc_row_inner][\/vc_column][vc_column width=\u00bb1\/2&#8243;][vc_row_inner][vc_column_inner][vc_column_text css_animation=\u00bbright-to-left\u00bb]<\/p>\n<h5><span style=\"color: #d9272e; font-size: 12pt;\"><strong>Magia en las Monta\u00f1as \/ Carretera CC<\/strong><\/span><\/h5>\n<p>En mayo, James Warrener vino a dar una vuelta y escribi\u00f3 un art\u00edculo en la revista online Road CC.<\/p>\n<p>\u2026\u00a1\u00a1La oportunidad de pasar un d\u00eda haciendo una salida guiada en bicicleta y entrenamiento con Bikecat con sede en Girona, durante las vacaciones, fue un regalo de cumplea\u00f1os demasiado bueno como para perd\u00e9rselo!!<\/p>\n<p>\u00a1\u00a1\u00a1La primera subida \u201cde verdad\u201d lleg\u00f3 despu\u00e9s de una subida del 12% que no contaba!!! era una carretera concurrida por celebridades como Michael Barry, George Hincapie y Bradley Wiggins. De hecho, creo que localmente se la conoce como Hincapie Hill. El camino estaba marcado con cuentas atr\u00e1s \u201cGPM (Punto Rey de las Monta\u00f1as) 6km\u201d y sorprendentemente en esta subida actu\u00f3 como motivaci\u00f3n.<br \/>\nLea el art\u00edculo completo en l\u00ednea en&nbsp;<a title=\"Magic in the Mountains\" href=\"http:\/\/road.cc\/content\/blog\/58934-magic-mountains\" target=\"_blank\" rel=\"noopener noreferrer\">www.road.cc<\/a> by James Warrener.[\/vc_column_text][\/vc_column_inner][\/vc_row_inner][\/vc_column][\/vc_row][vc_row css=\u00bb.vc_custom_1579007836330{margin-top: 40px !important;margin-right: 10px !important;margin-bottom: 40px !important;}\u00bb][vc_column width=\u00bb1\/2&#8243; css=\u00bb.vc_custom_1579008317649{margin-bottom: 40px !important;}\u00bb][vc_row_inner][vc_column_inner][vc_column_text css_animation=\u00bbleft-to-right\u00bb]<\/p>\n<h5><span style=\"color: #d9272e; font-size: 12pt;\"><strong>Viajes: Mis vacaciones en Girona \/ PEZ Cycling<\/strong><\/span><\/h5>\n<p>PEZ-Fan y el destacado chef de San Francisco, Thom Fox, realizaron recientemente su primer viaje en bicicleta a Europa. Lo bueno para nosotros es que eligi\u00f3 Girona, Espa\u00f1a, como base, y mejor a\u00fan, que cont\u00f3 sus experiencias viajando en bicicleta y recorriendo la zona. Todas y todos deber\u00edamos hacer esto &#8230; pronto.<\/p>\n<p>\u2026En el recorrido grupal de ese d\u00eda se incluyeron la campeona nacional femenina del Critireum de EE. UU., Theresa Cliff-Ryan, su esposo Gary (un corredor de velocidad en pista) y nada menos que Freddie Rodr\u00edguez. De hecho, este fue el primer campo de entrenamiento anual Fast Freddie &#8211; BikeCat.&nbsp;<a title=\"Pez Cycling Art\u00edculo sobre Girona\" href=\"http:\/\/www.pezcyclingnews.com\/?pg=fullstory&amp;id=4476&amp;status\" target=\"_blank\" rel=\"noopener noreferrer\">Pez Cycling Art\u00edculo completo.<\/a>[\/vc_column_text][\/vc_column_inner][\/vc_row_inner][\/vc_column][vc_column width=\u00bb1\/2&#8243;][vc_row_inner][vc_column_inner width=\u00bb2\/3&#8243;][vc_column_text css_animation=\u00bbbottom-to-top\u00bb]<\/p>\n<h5><span style=\"color: #d9272e; font-size: 12pt;\"><strong>Girona, Espa\u00f1a: Montando en los patios traseros de los profesionales \/<br \/>\nCanadian Cycling Magazine<\/strong><\/span><\/h5>\n<p>Michael Barry, residente de Girona desde hace mucho tiempo, escribi\u00f3 un art\u00edculo sobre el ciclismo en Girona, Espa\u00f1a. Es un art\u00edculo de viajes escrito para la revista Canadian Cycling. Incluye algunas fotos de su esposa, Dede Barry, y de un amigo, Jordi Cantal, que tambi\u00e9n ha estado en muchos de los tours de Bikecat en Girona.<\/p>\n<p>Estoy publicando el&nbsp;<a title=\"Montar en el patio trasero del profesional. Canadian Cycling Magazine\" href=\"http:\/\/bikecat.com\/wp-content\/uploads\/2020\/01\/Canada-Cycling-bikecat.pdf\" target=\"_blank\" rel=\"noopener noreferrer\">art\u00edculo completo aqu\u00ed.<\/a> O lea la versi\u00f3n en l\u00ednea en&nbsp;<a title=\"Canadian Cyclist Magazine\" href=\"https:\/\/cyclingmagazine.ca\/\" target=\"_blank\" rel=\"noopener noreferrer\">Canadian Cycling Magazine.<\/a>[\/vc_column_text][\/vc_column_inner][vc_column_inner width=\u00bb1\/3&#8243;][vc_single_image image=\u00bb3576&#8243; img_size=\u00bblarge\u00bb css_animation=\u00bbright-to-left\u00bb][\/vc_column_inner][\/vc_row_inner][\/vc_column][\/vc_row]<\/p>\n<\/div>","protected":false},"excerpt":{"rendered":"<p>[vc_row][vc_column][rev_slider_vc alias=\u00bbabout\u00bb][\/vc_column][\/vc_row][vc_row css=\u00bb.vc_custom_1575638806042{margin-top: 40px !important;}\u00bb][vc_column][\/vc_column][\/vc_row][vc_row css=\u00bb.vc_custom_1579007704986{margin-right: 10px !important;}\u00bb][vc_column width=\u00bb1\/6&#8243;][vc_single_image image=\u00bb32&#8243; img_size=\u00bblarge\u00bb css_animation=\u00bbleft-to-right\u00bb][\/vc_column][vc_column width=\u00bb5\/6&#8243;][vc_column_text css_animation=\u00bbright-to-left\u00bb]Bikecat Cycling Tours SL con sede en Girona, somos la \u00fanica empresa dirigida \u00edntegramente por gu\u00edas locales. El ciclismo en Girona y la Costa Brava es un destino muy popular entre las empresas de tours en bicicleta. Desde el principio, nosotros hemos [&hellip;]<\/p>\n","protected":false},"author":1,"featured_media":0,"parent":0,"menu_order":0,"comment_status":"closed","ping_status":"closed","template":"","meta":{"ngg_post_thumbnail":0,"footnotes":""},"class_list":["post-33118","page","type-page","status-publish","hentry"],"yoast_head":"<!-- This site is optimized with the Yoast SEO Premium plugin v27.2 (Yoast SEO v27.2) - https:\/\/yoast.com\/product\/yoast-seo-premium-wordpress\/ -->\n<title>Sobre Bikecat - Tus gu\u00edas ciclistas locales en Girona<\/title>\n<meta name=\"description\" content=\"Bikecat Cycling Tours SL con sede en Girona, somos la \u00fanica empresa dirigida \u00edntegramente por gu\u00edas locales. Dirigido por gu\u00edas locales profesionales que compartir\u00e1n su hogar y su cultura para una experiencia inolvidable.\" \/>\n<meta name=\"robots\" content=\"index, follow, max-snippet:-1, max-image-preview:large, max-video-preview:-1\" \/>\n<link rel=\"canonical\" href=\"https:\/\/bikecat.com\/es\/about-bikecat\" \/>\n<meta property=\"og:locale\" content=\"es_ES\" \/>\n<meta property=\"og:type\" content=\"article\" \/>\n<meta property=\"og:title\" content=\"ACERCA DE NOSOTROS\" \/>\n<meta property=\"og:description\" content=\"Bikecat Cycling Tours SL con sede en Girona, somos la \u00fanica empresa dirigida \u00edntegramente por gu\u00edas locales. El ciclismo en Girona y la Costa Brava es un\" \/>\n<meta property=\"og:url\" content=\"https:\/\/bikecat.com\/es\/about-bikecat\" \/>\n<meta property=\"og:site_name\" content=\"Bikecat\" \/>\n<meta property=\"article:publisher\" content=\"https:\/\/www.facebook.com\/Bikecat.TOURS\/\" \/>\n<meta property=\"article:modified_time\" content=\"2025-02-17T10:17:34+00:00\" \/>\n<meta property=\"og:image\" content=\"https:\/\/bikecat.com\/wp-content\/uploads\/2019\/12\/The-Local-guides-in-Girona.jpg\" \/>\n\t<meta property=\"og:image:width\" content=\"900\" \/>\n\t<meta property=\"og:image:height\" content=\"936\" \/>\n\t<meta property=\"og:image:type\" content=\"image\/jpeg\" \/>\n<meta name=\"twitter:card\" content=\"summary_large_image\" \/>\n<meta name=\"twitter:image\" content=\"https:\/\/bikecat.com\/wp-content\/uploads\/2020\/01\/Mariposa-Cycling-tours-the-Team.jpg\" \/>\n<meta name=\"twitter:site\" content=\"@bikecatgirona\" \/>\n<meta name=\"twitter:label1\" content=\"Tiempo de lectura\" \/>\n\t<meta name=\"twitter:data1\" content=\"9 minutos\" \/>\n<script type=\"application\/ld+json\" class=\"yoast-schema-graph\">{\"@context\":\"https:\/\/schema.org\",\"@graph\":[{\"@type\":\"WebPage\",\"@id\":\"https:\/\/bikecat.com\/es\/about-bikecat\",\"url\":\"https:\/\/bikecat.com\/es\/about-bikecat\",\"name\":\"Sobre Bikecat - Tus gu\u00edas ciclistas locales en Girona\",\"isPartOf\":{\"@id\":\"https:\/\/bikecat.com\/#website\"},\"datePublished\":\"2018-11-27T15:10:09+00:00\",\"dateModified\":\"2025-02-17T10:17:34+00:00\",\"description\":\"Bikecat Cycling Tours SL con sede en Girona, somos la \u00fanica empresa dirigida \u00edntegramente por gu\u00edas locales. Dirigido por gu\u00edas locales profesionales que compartir\u00e1n su hogar y su cultura para una experiencia inolvidable.\",\"breadcrumb\":{\"@id\":\"https:\/\/bikecat.com\/es\/about-bikecat#breadcrumb\"},\"inLanguage\":\"es\",\"potentialAction\":[{\"@type\":\"ReadAction\",\"target\":[\"https:\/\/bikecat.com\/es\/about-bikecat\"]}]},{\"@type\":\"BreadcrumbList\",\"@id\":\"https:\/\/bikecat.com\/es\/about-bikecat#breadcrumb\",\"itemListElement\":[{\"@type\":\"ListItem\",\"position\":1,\"name\":\"Portada\",\"item\":\"https:\/\/bikecat.com\/es\"},{\"@type\":\"ListItem\",\"position\":2,\"name\":\"ACERCA DE NOSOTROS\"}]},{\"@type\":\"WebSite\",\"@id\":\"https:\/\/bikecat.com\/#website\",\"url\":\"https:\/\/bikecat.com\/\",\"name\":\"Bikecat\",\"description\":\"Bikecat Custom Cycling Tours  - Unique and Exclusive Custom Cycling Tours\",\"publisher\":{\"@id\":\"https:\/\/bikecat.com\/#organization\"},\"potentialAction\":[{\"@type\":\"SearchAction\",\"target\":{\"@type\":\"EntryPoint\",\"urlTemplate\":\"https:\/\/bikecat.com\/?s={search_term_string}\"},\"query-input\":{\"@type\":\"PropertyValueSpecification\",\"valueRequired\":true,\"valueName\":\"search_term_string\"}}],\"inLanguage\":\"es\"},{\"@type\":\"Organization\",\"@id\":\"https:\/\/bikecat.com\/#organization\",\"name\":\"Bikecat Cycling Tours\",\"url\":\"https:\/\/bikecat.com\/\",\"logo\":{\"@type\":\"ImageObject\",\"inLanguage\":\"es\",\"@id\":\"https:\/\/bikecat.com\/#\/schema\/logo\/image\/\",\"url\":\"https:\/\/bikecat.com\/wp-content\/uploads\/2018\/11\/headerlogo-1.png\",\"contentUrl\":\"https:\/\/bikecat.com\/wp-content\/uploads\/2018\/11\/headerlogo-1.png\",\"width\":130,\"height\":55,\"caption\":\"Bikecat Cycling Tours\"},\"image\":{\"@id\":\"https:\/\/bikecat.com\/#\/schema\/logo\/image\/\"},\"sameAs\":[\"https:\/\/www.facebook.com\/Bikecat.TOURS\/\",\"https:\/\/x.com\/bikecatgirona\",\"https:\/\/www.instagram.com\/bikecat_cycling_tours\/\"]}]}<\/script>\n<!-- \/ Yoast SEO Premium plugin. -->","yoast_head_json":{"title":"Sobre Bikecat - Tus gu\u00edas ciclistas locales en Girona","description":"Bikecat Cycling Tours SL con sede en Girona, somos la \u00fanica empresa dirigida \u00edntegramente por gu\u00edas locales. Dirigido por gu\u00edas locales profesionales que compartir\u00e1n su hogar y su cultura para una experiencia inolvidable.","robots":{"index":"index","follow":"follow","max-snippet":"max-snippet:-1","max-image-preview":"max-image-preview:large","max-video-preview":"max-video-preview:-1"},"canonical":"https:\/\/bikecat.com\/es\/about-bikecat","og_locale":"es_ES","og_type":"article","og_title":"ACERCA DE NOSOTROS","og_description":"Bikecat Cycling Tours SL con sede en Girona, somos la \u00fanica empresa dirigida \u00edntegramente por gu\u00edas locales. El ciclismo en Girona y la Costa Brava es un","og_url":"https:\/\/bikecat.com\/es\/about-bikecat","og_site_name":"Bikecat","article_publisher":"https:\/\/www.facebook.com\/Bikecat.TOURS\/","article_modified_time":"2025-02-17T10:17:34+00:00","og_image":[{"width":900,"height":936,"url":"https:\/\/bikecat.com\/wp-content\/uploads\/2019\/12\/The-Local-guides-in-Girona.jpg","type":"image\/jpeg"}],"twitter_card":"summary_large_image","twitter_image":"https:\/\/bikecat.com\/wp-content\/uploads\/2020\/01\/Mariposa-Cycling-tours-the-Team.jpg","twitter_site":"@bikecatgirona","twitter_misc":{"Tiempo de lectura":"9 minutos"},"schema":{"@context":"https:\/\/schema.org","@graph":[{"@type":"WebPage","@id":"https:\/\/bikecat.com\/es\/about-bikecat","url":"https:\/\/bikecat.com\/es\/about-bikecat","name":"Sobre Bikecat - Tus gu\u00edas ciclistas locales en Girona","isPartOf":{"@id":"https:\/\/bikecat.com\/#website"},"datePublished":"2018-11-27T15:10:09+00:00","dateModified":"2025-02-17T10:17:34+00:00","description":"Bikecat Cycling Tours SL con sede en Girona, somos la \u00fanica empresa dirigida \u00edntegramente por gu\u00edas locales. Dirigido por gu\u00edas locales profesionales que compartir\u00e1n su hogar y su cultura para una experiencia inolvidable.","breadcrumb":{"@id":"https:\/\/bikecat.com\/es\/about-bikecat#breadcrumb"},"inLanguage":"es","potentialAction":[{"@type":"ReadAction","target":["https:\/\/bikecat.com\/es\/about-bikecat"]}]},{"@type":"BreadcrumbList","@id":"https:\/\/bikecat.com\/es\/about-bikecat#breadcrumb","itemListElement":[{"@type":"ListItem","position":1,"name":"Portada","item":"https:\/\/bikecat.com\/es"},{"@type":"ListItem","position":2,"name":"ACERCA DE NOSOTROS"}]},{"@type":"WebSite","@id":"https:\/\/bikecat.com\/#website","url":"https:\/\/bikecat.com\/","name":"Bikecat","description":"Bikecat Custom Cycling Tours  - Unique and Exclusive Custom Cycling Tours","publisher":{"@id":"https:\/\/bikecat.com\/#organization"},"potentialAction":[{"@type":"SearchAction","target":{"@type":"EntryPoint","urlTemplate":"https:\/\/bikecat.com\/?s={search_term_string}"},"query-input":{"@type":"PropertyValueSpecification","valueRequired":true,"valueName":"search_term_string"}}],"inLanguage":"es"},{"@type":"Organization","@id":"https:\/\/bikecat.com\/#organization","name":"Bikecat Cycling Tours","url":"https:\/\/bikecat.com\/","logo":{"@type":"ImageObject","inLanguage":"es","@id":"https:\/\/bikecat.com\/#\/schema\/logo\/image\/","url":"https:\/\/bikecat.com\/wp-content\/uploads\/2018\/11\/headerlogo-1.png","contentUrl":"https:\/\/bikecat.com\/wp-content\/uploads\/2018\/11\/headerlogo-1.png","width":130,"height":55,"caption":"Bikecat Cycling Tours"},"image":{"@id":"https:\/\/bikecat.com\/#\/schema\/logo\/image\/"},"sameAs":["https:\/\/www.facebook.com\/Bikecat.TOURS\/","https:\/\/x.com\/bikecatgirona","https:\/\/www.instagram.com\/bikecat_cycling_tours\/"]}]}},"_links":{"self":[{"href":"https:\/\/bikecat.com\/es\/wp-json\/wp\/v2\/pages\/33118","targetHints":{"allow":["GET"]}}],"collection":[{"href":"https:\/\/bikecat.com\/es\/wp-json\/wp\/v2\/pages"}],"about":[{"href":"https:\/\/bikecat.com\/es\/wp-json\/wp\/v2\/types\/page"}],"author":[{"embeddable":true,"href":"https:\/\/bikecat.com\/es\/wp-json\/wp\/v2\/users\/1"}],"replies":[{"embeddable":true,"href":"https:\/\/bikecat.com\/es\/wp-json\/wp\/v2\/comments?post=33118"}],"version-history":[{"count":0,"href":"https:\/\/bikecat.com\/es\/wp-json\/wp\/v2\/pages\/33118\/revisions"}],"wp:attachment":[{"href":"https:\/\/bikecat.com\/es\/wp-json\/wp\/v2\/media?parent=33118"}],"curies":[{"name":"wp","href":"https:\/\/api.w.org\/{rel}","templated":true}]}}