{"id":44703,"date":"2025-01-24T10:05:11","date_gmt":"2025-01-24T10:05:11","guid":{"rendered":"https:\/\/bikecat.com\/senegal-experience-bicicletas-sin-fronteras"},"modified":"2026-02-20T15:08:32","modified_gmt":"2026-02-20T15:08:32","slug":"senegal-experience-bicicletas-sin-fronteras","status":"publish","type":"page","link":"https:\/\/bikecat.com\/ca\/senegal-experience-bicicletas-sin-fronteras","title":{"rendered":"Senegal Experience amb Bicicletes Sense Fronteres"},"content":{"rendered":"<div class=\"wpb-content-wrapper\"><p>[vc_row][vc_column][rev_slider_vc alias=&#8221;senegal&#8221;][\/vc_column][\/vc_row][vc_row css=&#8221;.vc_custom_1544101512496{margin-top: 30px !important;}&#8221;][vc_column][\/vc_column][\/vc_row][vc_row css=&#8221;.vc_custom_1544103354063{margin-top: 20px !important;margin-right: 10px !important;}&#8221;][vc_column width=&#8221;1\/2&#8243;][vc_single_image image=&#8221;38187&#8243; img_size=&#8221;large&#8221; css_animation=&#8221;left-to-right&#8221; css=&#8221;&#8221;][\/vc_column][vc_column width=&#8221;1\/2&#8243;][vc_column_text css=&#8221;&#8221;]<\/p>\n<h1><span style=\"color: #d9272e; font-size: 24pt; font-family: Raleway, geneva, sans-serif;\"><strong>Senegal Experience amb Bicicletes Sense Fronteres<\/strong><\/span><\/h1>\n<p><strong><span style=\"color: #d9272e;\">El projecte Bicicletes Sense Fronteres<\/span><\/strong><\/p>\n<p><strong><a href=\"https:\/\/www.bicicletassinfronteras.org\/en\" target=\"_blank\" rel=\"noopener\">Bicicletes Sense Fronteres<\/a><\/strong> va ser fundada el 2012 per una parella local amb la visi\u00f3 d\u2019empoderar comunitats a trav\u00e9s de les bicicletes. El 2015, aquest comprom\u00eds els va portar al <strong>Senegal<\/strong>, on van iniciar el projecte <strong>\u201cBicicletes per a l\u2019Educaci\u00f3\u201d<\/strong>.<\/p>\n<p>Aquesta iniciativa ha tingut un impacte molt positiu pels estudiants, que anteriorment havien de caminar fins a 10 km (6 milles) per arribar a l\u2019escola. La reducci\u00f3 significativa del temps necessari de despla\u00e7ament contribueix a augmentar la seva energia per estudiar. El 2024, el projecte havia entregat 5.247 bicicletes \u201cBaobike\u201d, beneficiant m\u00e9s de 9.300 estudiants.<\/p>\n<p><strong><span style=\"color: #d9272e;\">La col\u00b7laboraci\u00f3 de Bikecat<\/span><\/strong><\/p>\n<p>Bikecat dona suport a Bicicletes Sense Fronteres, venent les seves samarretes i polseres a la botiga Bikecat de Girona i <strong>donant l\u20191% dels seus beneficis<\/strong> al projecte del Senegal. A Bikecat, busquem constantment noves maneres de recolzar la iniciativa, mitjan\u00e7ant campanyes de recaptaci\u00f3 i l&#8217;organitzaci\u00f3 de <strong>\u201cviatges amb \u00e0nima\u201d <\/strong>(viatges solidaris sense \u00e0nim de lucre) creats perqu\u00e8 puguis descobrir la seva feina a la regi\u00f3 de Palmarin, al Senegal.[\/vc_column_text][\/vc_column][\/vc_row][vc_row css=&#8221;.vc_custom_1544103354063{margin-top: 20px !important;margin-right: 10px !important;}&#8221;][vc_column width=&#8221;1\/2&#8243;][vc_single_image image=&#8221;38118&#8243; img_size=&#8221;large&#8221; css_animation=&#8221;left-to-right&#8221; css=&#8221;&#8221;][\/vc_column][vc_column width=&#8221;1\/2&#8243;][vc_column_text css=&#8221;&#8221;]<\/p>\n<h3><span style=\"color: #d9272e;\"><strong>El Viatge: Descobrir i Donar Suport<\/strong><\/span><\/h3>\n<p>Uneix-te a un viatge transformador al Senegal i dona suport al projecte <strong>Bicicletes per a l\u2019educaci\u00f3<\/strong>, que promou les bicicletes com una eina per millorar l\u2019acc\u00e9s a l\u2019educaci\u00f3 d\u2019infants i joves.<\/p>\n<p>La nostra col\u00b7laboraci\u00f3 amb Bikefriendly ens ha perm\u00e8s crear la Senegal Experience amb Bicicletas Sin Fronteras, amb la que podr\u00e0s gaudir de primera m\u00e0 de les impressionants rutes i paisatges del pa\u00eds. Durant el tour, els nostres col\u00b7laboradors de <strong>Bicicletas Sin Fronteras<\/strong> t\u2019acompanyaran a con\u00e8ixer algunes de les escoles que ja implementen el programa, mostrant-te l\u2019impacte real que t\u00e9 en l\u2019educaci\u00f3 i el dia a dia de les fam\u00edlies locals.[\/vc_column_text][\/vc_column][\/vc_row][vc_row css=&#8221;.vc_custom_1544103354063{margin-top: 20px !important;margin-right: 10px !important;}&#8221;][vc_column width=&#8221;1\/2&#8243;][vc_single_image image=&#8221;38209&#8243; img_size=&#8221;large&#8221; css_animation=&#8221;left-to-right&#8221; css=&#8221;&#8221;][vc_single_image image=&#8221;38445&#8243; img_size=&#8221;large&#8221; css_animation=&#8221;left-to-right&#8221; css=&#8221;&#8221;][\/vc_column][vc_column width=&#8221;1\/2&#8243;][vc_column_text css=&#8221;&#8221;]<\/p>\n<h3><span style=\"color: #d9272e;\"><strong>Detalls del Tour: Un Viatge amb Impacte<\/strong><\/span><\/h3>\n<p>Aquest viatge d\u2019una setmana comen\u00e7ar\u00e0 a l\u2019aeroport internacional Blaise Diagne de Dakar, des d\u2019on et traslladarem fins a Palmarin, al departament de Fatick.<\/p>\n<p>Les primeres quatre nits t&#8217;allotjar\u00e0s al m\u00e0gic <strong>ecolodge<\/strong> <strong>Collines de Niassam<\/strong>. Des d\u2019aqu\u00ed explorar\u00e0s la Reserva de la Biosfera del Delta del Sine-Saloum, <strong>Patrimoni de la Humanitat per la UNESCO<\/strong>, i descobrir\u00e0s la cultura de la zona sud de la Petite-C\u00f4te. Les rutes et portaran per paisatges salvatges espectaculars, boscos protegits, llacunes envoltades de manglars que acullen milers d\u2019ocells i platges infinites.<\/p>\n<p>A la segona part del tour ens endinsarem cap a l\u2019interior per quedar-nos al tranquil <strong>Souimanga Lodge<\/strong>, a Fimela. Aquest indret ofereix vistes impressionants sobre el riu Saloum i un acc\u00e9s privilegiat a algunes de les escoles m\u00e9s remotes on podr\u00e0s veure de prop l\u2019\u00e8xit del projecte Baobikes. Tamb\u00e9 visitarem l\u2019illa de petxines de <strong>Fadiouth<\/strong> i el bosc de baobabs dels voltants.<\/p>\n<p>Els beneficis del tour es destinen \u00edntegrament al patrocini de Baobikes a Palmarin. Els hotels escollits donen suport a l\u2019economia i l\u2019ocupaci\u00f3 locals, i han acordat donar una part dels seus beneficis a BSF.<\/p>\n<p>Amplia el teu viatge amb opcions de visitar Dakar o altres regions properes per enriquir encara m\u00e9s la teva experi\u00e8ncia al Senegal.<\/p>\n<p>Endinsa\u2019t en aquesta aventura amb sentit per la cultura i l\u2019educaci\u00f3 del Senegal mentre col\u00b7labores amb una causa que transforma vides.<\/p>\n<p>El projecte Bicicletes per a l&#8217;Educaci\u00f3 redueix significativament el temps de despla\u00e7ament dels estudiants, cosa que afavoreix una millor assist\u00e8ncia, menys fatiga i un major rendiment acad\u00e8mic. Donant suport a BSF amb aquest viatge, contribueixes directament a la continu\u00eftat d\u2019aquest projecte de gran valor. Tots els beneficis del viatge es donen \u00edntegrament a BSF.[\/vc_column_text][\/vc_column][\/vc_row][vc_row css=&#8221;.vc_custom_1578067605874{margin-top: 40px !important;margin-bottom: 40px !important;}&#8221;][vc_column][\/vc_column][\/vc_row]<\/p>\n<\/div>","protected":false},"excerpt":{"rendered":"<p>[vc_row][vc_column][rev_slider_vc alias=&#8221;senegal&#8221;][\/vc_column][\/vc_row][vc_row css=&#8221;.vc_custom_1544101512496{margin-top: 30px !important;}&#8221;][vc_column][\/vc_column][\/vc_row][vc_row css=&#8221;.vc_custom_1544103354063{margin-top: 20px !important;margin-right: 10px !important;}&#8221;][vc_column width=&#8221;1\/2&#8243;][vc_single_image image=&#8221;38187&#8243; img_size=&#8221;large&#8221; css_animation=&#8221;left-to-right&#8221; css=&#8221;&#8221;][\/vc_column][vc_column width=&#8221;1\/2&#8243;][vc_column_text css=&#8221;&#8221;] Senegal Experience amb Bicicletes Sense Fronteres El projecte Bicicletes Sense Fronteres Bicicletes Sense Fronteres va ser fundada el 2012 per una parella local amb la visi\u00f3 d\u2019empoderar comunitats a trav\u00e9s de les bicicletes. El 2015, aquest comprom\u00eds els [&hellip;]<\/p>\n","protected":false},"author":1,"featured_media":0,"parent":0,"menu_order":0,"comment_status":"closed","ping_status":"closed","template":"","meta":{"ngg_post_thumbnail":0,"footnotes":""},"class_list":["post-44703","page","type-page","status-publish","hentry"],"yoast_head":"<!-- This site is optimized with the Yoast SEO Premium plugin v27.2 (Yoast SEO v27.2) - https:\/\/yoast.com\/product\/yoast-seo-premium-wordpress\/ -->\n<title>Senegal Experience | Bikecat x Bicicletas Sin Fronteras<\/title>\n<meta name=\"description\" content=\"Descobreix la Senegal Experience amb Bicicletas Sin Fronteras: un viatge amb \u00e0nima que dona suport a l\u2019educaci\u00f3 i a les comunitats locals.\" \/>\n<meta name=\"robots\" content=\"index, follow, max-snippet:-1, max-image-preview:large, max-video-preview:-1\" \/>\n<link rel=\"canonical\" href=\"https:\/\/bikecat.com\/ca\/senegal-experience-bicicletas-sin-fronteras\" \/>\n<meta property=\"og:locale\" content=\"ca_ES\" \/>\n<meta property=\"og:type\" content=\"article\" \/>\n<meta property=\"og:title\" content=\"Senegal Experience amb Bicicletes Sense Fronteres\" \/>\n<meta property=\"og:description\" content=\"Senegal Experience amb Bicicletes Sense Fronteres El projecte Bicicletes Sense Fronteres Bicicletes Sense Fronteres va ser fundada el 2012 per una parella\" \/>\n<meta property=\"og:url\" content=\"https:\/\/bikecat.com\/ca\/senegal-experience-bicicletas-sin-fronteras\" \/>\n<meta property=\"og:site_name\" content=\"Bikecat\" \/>\n<meta property=\"article:publisher\" content=\"https:\/\/www.facebook.com\/Bikecat.TOURS\/\" \/>\n<meta property=\"article:modified_time\" content=\"2026-02-20T15:08:32+00:00\" \/>\n<meta property=\"og:image\" content=\"https:\/\/bikecat.com\/wp-content\/uploads\/2020\/01\/Bikecat-Girona.jpg\" \/>\n\t<meta property=\"og:image:width\" content=\"975\" \/>\n\t<meta property=\"og:image:height\" content=\"716\" \/>\n\t<meta property=\"og:image:type\" content=\"image\/jpeg\" \/>\n<meta name=\"twitter:card\" content=\"summary_large_image\" \/>\n<meta name=\"twitter:site\" content=\"@bikecatgirona\" \/>\n<meta name=\"twitter:label1\" content=\"Temps estimat de lectura\" \/>\n\t<meta name=\"twitter:data1\" content=\"4 minuts\" \/>\n<script type=\"application\/ld+json\" class=\"yoast-schema-graph\">{\"@context\":\"https:\/\/schema.org\",\"@graph\":[{\"@type\":\"WebPage\",\"@id\":\"https:\/\/bikecat.com\/ca\/senegal-experience-bicicletas-sin-fronteras\",\"url\":\"https:\/\/bikecat.com\/ca\/senegal-experience-bicicletas-sin-fronteras\",\"name\":\"Senegal Experience | Bikecat x Bicicletas Sin Fronteras\",\"isPartOf\":{\"@id\":\"https:\/\/bikecat.com\/#website\"},\"datePublished\":\"2025-01-24T10:05:11+00:00\",\"dateModified\":\"2026-02-20T15:08:32+00:00\",\"description\":\"Descobreix la Senegal Experience amb Bicicletas Sin Fronteras: un viatge amb \u00e0nima que dona suport a l\u2019educaci\u00f3 i a les comunitats locals.\",\"breadcrumb\":{\"@id\":\"https:\/\/bikecat.com\/ca\/senegal-experience-bicicletas-sin-fronteras#breadcrumb\"},\"inLanguage\":\"ca\",\"potentialAction\":[{\"@type\":\"ReadAction\",\"target\":[\"https:\/\/bikecat.com\/ca\/senegal-experience-bicicletas-sin-fronteras\"]}]},{\"@type\":\"BreadcrumbList\",\"@id\":\"https:\/\/bikecat.com\/ca\/senegal-experience-bicicletas-sin-fronteras#breadcrumb\",\"itemListElement\":[{\"@type\":\"ListItem\",\"position\":1,\"name\":\"Portada\",\"item\":\"https:\/\/bikecat.com\/ca\"},{\"@type\":\"ListItem\",\"position\":2,\"name\":\"Senegal Experience amb Bicicletes Sense Fronteres\"}]},{\"@type\":\"WebSite\",\"@id\":\"https:\/\/bikecat.com\/#website\",\"url\":\"https:\/\/bikecat.com\/\",\"name\":\"Bikecat\",\"description\":\"Bikecat Custom Cycling Tours  - Unique and Exclusive Custom Cycling Tours\",\"publisher\":{\"@id\":\"https:\/\/bikecat.com\/#organization\"},\"potentialAction\":[{\"@type\":\"SearchAction\",\"target\":{\"@type\":\"EntryPoint\",\"urlTemplate\":\"https:\/\/bikecat.com\/?s={search_term_string}\"},\"query-input\":{\"@type\":\"PropertyValueSpecification\",\"valueRequired\":true,\"valueName\":\"search_term_string\"}}],\"inLanguage\":\"ca\"},{\"@type\":\"Organization\",\"@id\":\"https:\/\/bikecat.com\/#organization\",\"name\":\"Bikecat Cycling Tours\",\"url\":\"https:\/\/bikecat.com\/\",\"logo\":{\"@type\":\"ImageObject\",\"inLanguage\":\"ca\",\"@id\":\"https:\/\/bikecat.com\/#\/schema\/logo\/image\/\",\"url\":\"https:\/\/bikecat.com\/wp-content\/uploads\/2018\/11\/headerlogo-1.png\",\"contentUrl\":\"https:\/\/bikecat.com\/wp-content\/uploads\/2018\/11\/headerlogo-1.png\",\"width\":130,\"height\":55,\"caption\":\"Bikecat Cycling Tours\"},\"image\":{\"@id\":\"https:\/\/bikecat.com\/#\/schema\/logo\/image\/\"},\"sameAs\":[\"https:\/\/www.facebook.com\/Bikecat.TOURS\/\",\"https:\/\/x.com\/bikecatgirona\",\"https:\/\/www.instagram.com\/bikecat_cycling_tours\/\"]}]}<\/script>\n<!-- \/ Yoast SEO Premium plugin. -->","yoast_head_json":{"title":"Senegal Experience | Bikecat x Bicicletas Sin Fronteras","description":"Descobreix la Senegal Experience amb Bicicletas Sin Fronteras: un viatge amb \u00e0nima que dona suport a l\u2019educaci\u00f3 i a les comunitats locals.","robots":{"index":"index","follow":"follow","max-snippet":"max-snippet:-1","max-image-preview":"max-image-preview:large","max-video-preview":"max-video-preview:-1"},"canonical":"https:\/\/bikecat.com\/ca\/senegal-experience-bicicletas-sin-fronteras","og_locale":"ca_ES","og_type":"article","og_title":"Senegal Experience amb Bicicletes Sense Fronteres","og_description":"Senegal Experience amb Bicicletes Sense Fronteres El projecte Bicicletes Sense Fronteres Bicicletes Sense Fronteres va ser fundada el 2012 per una parella","og_url":"https:\/\/bikecat.com\/ca\/senegal-experience-bicicletas-sin-fronteras","og_site_name":"Bikecat","article_publisher":"https:\/\/www.facebook.com\/Bikecat.TOURS\/","article_modified_time":"2026-02-20T15:08:32+00:00","og_image":[{"width":975,"height":716,"url":"https:\/\/bikecat.com\/wp-content\/uploads\/2020\/01\/Bikecat-Girona.jpg","type":"image\/jpeg"}],"twitter_card":"summary_large_image","twitter_site":"@bikecatgirona","twitter_misc":{"Temps estimat de lectura":"4 minuts"},"schema":{"@context":"https:\/\/schema.org","@graph":[{"@type":"WebPage","@id":"https:\/\/bikecat.com\/ca\/senegal-experience-bicicletas-sin-fronteras","url":"https:\/\/bikecat.com\/ca\/senegal-experience-bicicletas-sin-fronteras","name":"Senegal Experience | Bikecat x Bicicletas Sin Fronteras","isPartOf":{"@id":"https:\/\/bikecat.com\/#website"},"datePublished":"2025-01-24T10:05:11+00:00","dateModified":"2026-02-20T15:08:32+00:00","description":"Descobreix la Senegal Experience amb Bicicletas Sin Fronteras: un viatge amb \u00e0nima que dona suport a l\u2019educaci\u00f3 i a les comunitats locals.","breadcrumb":{"@id":"https:\/\/bikecat.com\/ca\/senegal-experience-bicicletas-sin-fronteras#breadcrumb"},"inLanguage":"ca","potentialAction":[{"@type":"ReadAction","target":["https:\/\/bikecat.com\/ca\/senegal-experience-bicicletas-sin-fronteras"]}]},{"@type":"BreadcrumbList","@id":"https:\/\/bikecat.com\/ca\/senegal-experience-bicicletas-sin-fronteras#breadcrumb","itemListElement":[{"@type":"ListItem","position":1,"name":"Portada","item":"https:\/\/bikecat.com\/ca"},{"@type":"ListItem","position":2,"name":"Senegal Experience amb Bicicletes Sense Fronteres"}]},{"@type":"WebSite","@id":"https:\/\/bikecat.com\/#website","url":"https:\/\/bikecat.com\/","name":"Bikecat","description":"Bikecat Custom Cycling Tours  - Unique and Exclusive Custom Cycling Tours","publisher":{"@id":"https:\/\/bikecat.com\/#organization"},"potentialAction":[{"@type":"SearchAction","target":{"@type":"EntryPoint","urlTemplate":"https:\/\/bikecat.com\/?s={search_term_string}"},"query-input":{"@type":"PropertyValueSpecification","valueRequired":true,"valueName":"search_term_string"}}],"inLanguage":"ca"},{"@type":"Organization","@id":"https:\/\/bikecat.com\/#organization","name":"Bikecat Cycling Tours","url":"https:\/\/bikecat.com\/","logo":{"@type":"ImageObject","inLanguage":"ca","@id":"https:\/\/bikecat.com\/#\/schema\/logo\/image\/","url":"https:\/\/bikecat.com\/wp-content\/uploads\/2018\/11\/headerlogo-1.png","contentUrl":"https:\/\/bikecat.com\/wp-content\/uploads\/2018\/11\/headerlogo-1.png","width":130,"height":55,"caption":"Bikecat Cycling Tours"},"image":{"@id":"https:\/\/bikecat.com\/#\/schema\/logo\/image\/"},"sameAs":["https:\/\/www.facebook.com\/Bikecat.TOURS\/","https:\/\/x.com\/bikecatgirona","https:\/\/www.instagram.com\/bikecat_cycling_tours\/"]}]}},"_links":{"self":[{"href":"https:\/\/bikecat.com\/ca\/wp-json\/wp\/v2\/pages\/44703","targetHints":{"allow":["GET"]}}],"collection":[{"href":"https:\/\/bikecat.com\/ca\/wp-json\/wp\/v2\/pages"}],"about":[{"href":"https:\/\/bikecat.com\/ca\/wp-json\/wp\/v2\/types\/page"}],"author":[{"embeddable":true,"href":"https:\/\/bikecat.com\/ca\/wp-json\/wp\/v2\/users\/1"}],"replies":[{"embeddable":true,"href":"https:\/\/bikecat.com\/ca\/wp-json\/wp\/v2\/comments?post=44703"}],"version-history":[{"count":8,"href":"https:\/\/bikecat.com\/ca\/wp-json\/wp\/v2\/pages\/44703\/revisions"}],"predecessor-version":[{"id":45039,"href":"https:\/\/bikecat.com\/ca\/wp-json\/wp\/v2\/pages\/44703\/revisions\/45039"}],"wp:attachment":[{"href":"https:\/\/bikecat.com\/ca\/wp-json\/wp\/v2\/media?parent=44703"}],"curies":[{"name":"wp","href":"https:\/\/api.w.org\/{rel}","templated":true}]}}