{"id":44649,"date":"2025-01-24T09:25:07","date_gmt":"2025-01-24T09:25:07","guid":{"rendered":"https:\/\/bikecat.com\/mallorca-cycling-tour"},"modified":"2025-11-11T13:38:54","modified_gmt":"2025-11-11T13:38:54","slug":"mallorca-cycling-tour","status":"publish","type":"page","link":"https:\/\/bikecat.com\/ca\/mallorca-cycling-tour","title":{"rendered":"Mallorca Cycling Tour"},"content":{"rendered":"<div class=\"wpb-content-wrapper\"><p>[vc_row][vc_column][rev_slider_vc alias=&#8221;mallorca&#8221;][\/vc_column][\/vc_row][vc_row css=&#8221;.vc_custom_1544101512496{margin-top: 30px !important;}&#8221;][vc_column][\/vc_column][\/vc_row][vc_row css=&#8221;.vc_custom_1544103354063{margin-top: 20px !important;margin-right: 10px !important;}&#8221;][vc_column width=&#8221;1\/2&#8243;][vc_single_image image=&#8221;38114&#8243; img_size=&#8221;large&#8221; css_animation=&#8221;left-to-right&#8221; css=&#8221;&#8221;][vc_single_image image=&#8221;44634&#8243; img_size=&#8221;large&#8221; css_animation=&#8221;left-to-right&#8221; css=&#8221;&#8221;][vc_single_image image=&#8221;44631&#8243; img_size=&#8221;large&#8221; css_animation=&#8221;left-to-right&#8221; css=&#8221;&#8221;][\/vc_column][vc_column width=&#8221;1\/2&#8243;][vc_column_text css=&#8221;&#8221;]<\/p>\n<h1><span style=\"color: #d9272e; font-size: 24pt; font-family: Raleway, geneva, sans-serif;\"><strong>MALLORCA CYCLING TOUR<\/strong><\/span><\/h1>\n<p>\u00c9s un fet: Mallorca s\u2019ha convertit en l\u2019illa del ciclisme. Les seves carreteres tranquil\u00b7les i sinuoses s\u00f3n un aut\u00e8ntic parad\u00eds: travessen oliveres, boscos i recorren la costa oferint vistes espectaculars. Els ciclistes poden gaudir tant d\u2019una ruta suau i planera vora el mar com d\u2019una jornada intensa per les muntanyes. A dia d&#8217;avui, Mallorca \u00e9s una destinaci\u00f3 imprescindible per a aficionats i per a equips professionals. I no destaca nom\u00e9s per les seves condicions ideals per al ciclisme: \u00e9s una terra rica que ofereix fruites, hortalisses i carns fresques i de qualitat que ens donaran energia per pedalar.    &nbsp;<\/p>\n<p>Generacions de ciclistes professionals han treballat la seva temporada a Mallorca entrenant en equip a l\u2019illa. Brad Wiggins i Jan Ullrich van entrenar-se a les seves carreteres per aconseguir les seves vict\u00f2ries al Tour de Fran\u00e7a. Mark Cavendish i Erik Zabel hi van fer el treball previ per fer-se amb una cl\u00e0ssica del ciclisme: la Mil\u00e0\u2013San Remo. &nbsp;<\/p>\n<p>Al llarga de la setmana, recorrerem l\u2019interior de l\u2019illa, fent parada en pobles amb segles d\u2019hist\u00f2ria per prendre un caf\u00e8 o dinar, superant els ports m\u00e9s emblem\u00e0tics i gaudint de descensos vertiginosos. Cada jornada del Mallorca Cycling Tour ens oferir\u00e0 noves aventures per desafiar-nos, enfortir el grup i descobrir l\u2019ess\u00e8ncia de Mallorca. <\/p>\n<p>&nbsp;<\/p>\n<h3><span style=\"color: #d9272e;\"><strong>El Tour<\/strong><\/span><\/h3>\n<p>Amb la Serra de Tramuntana com a escenari principal, hem dissenyat un tour que reuneix les rutes m\u00e9s ic\u00f2niques de l\u2019illa amb una immersi\u00f3 en la seva natura m\u00e9s aut\u00e8ntica i els paisatges espectaculars de la seva costa.<\/p>\n<p>Comencem al nord, prop de Sa Pobla, una de les zones agr\u00edcoles m\u00e9s importants de Mallorca, amb camps infinits de patates i carxofes. Aquest escenari, sobre el ques&#8217;alcen molins centenaris, \u00e9s a tan sols mitja hora en bicicleta de la costa nord, a prop de Pollen\u00e7a. <\/p>\n<p>Des d\u2019aquest punt, gaudirem de tres rutes concebudes per descobrir tota la diversitat del paisatge mallorqu\u00ed: des dels turons del cor de l\u2019illa fins al Santuari de Cura, pels penya-segats del punt m\u00e9s septentrional, el Far de Cap Formentor, i a trav\u00e9s dels camins vin\u00edcoles de Binissalem i els contraforts de la Serra de Tramuntana.<\/p>\n<p>Una ruta \u00e8pica per l\u2019interior de les muntanyes ens portar\u00e0 fins a la popular Sa Calobra. Des d\u2019all\u00e0 continuarem passant pels embassaments de C\u00faber i Gorg Blau, abans d&#8217;afrontar l\u2019impressionant descens fins al Port de S\u00f3ller i l\u2019espectacular Hotel Jumeirah, que es convertir\u00e0 en la nostra base durant els tres dies seg\u00fcents. <\/p>\n<p>L&#8217;aventura continua des del Port de S\u00f3ller: una ruta panor\u00e0mica per pobles de postal com Dei\u00e0, Valldemossa o la vall d\u2019Orient, i, per acabar, el millor: una incre\u00efble ruta de pujada i baixada amb vistes al mar per la costa sud-oestde l&#8217;illa.[\/vc_column_text][\/vc_column][\/vc_row][vc_row css=&#8221;.vc_custom_1578067605874{margin-top: 40px !important;margin-bottom: 40px !important;}&#8221;][vc_column][\/vc_column][\/vc_row]<\/p>\n<\/div>","protected":false},"excerpt":{"rendered":"<p>[vc_row][vc_column][rev_slider_vc alias=&#8221;mallorca&#8221;][\/vc_column][\/vc_row][vc_row css=&#8221;.vc_custom_1544101512496{margin-top: 30px !important;}&#8221;][vc_column][\/vc_column][\/vc_row][vc_row css=&#8221;.vc_custom_1544103354063{margin-top: 20px !important;margin-right: 10px !important;}&#8221;][vc_column width=&#8221;1\/2&#8243;][vc_single_image image=&#8221;38114&#8243; img_size=&#8221;large&#8221; css_animation=&#8221;left-to-right&#8221; css=&#8221;&#8221;][vc_single_image image=&#8221;44634&#8243; img_size=&#8221;large&#8221; css_animation=&#8221;left-to-right&#8221; css=&#8221;&#8221;][vc_single_image image=&#8221;44631&#8243; img_size=&#8221;large&#8221; css_animation=&#8221;left-to-right&#8221; css=&#8221;&#8221;][\/vc_column][vc_column width=&#8221;1\/2&#8243;][vc_column_text css=&#8221;&#8221;] MALLORCA CYCLING TOUR \u00c9s un fet: Mallorca s\u2019ha convertit en l\u2019illa del ciclisme. Les seves carreteres tranquil\u00b7les i sinuoses s\u00f3n un aut\u00e8ntic parad\u00eds: travessen oliveres, boscos i recorren la costa [&hellip;]<\/p>\n","protected":false},"author":1,"featured_media":0,"parent":0,"menu_order":0,"comment_status":"closed","ping_status":"closed","template":"","meta":{"ngg_post_thumbnail":0,"footnotes":""},"class_list":["post-44649","page","type-page","status-publish","hentry"],"yoast_head":"<!-- This site is optimized with the Yoast SEO Premium plugin v27.2 (Yoast SEO v27.2) - https:\/\/yoast.com\/product\/yoast-seo-premium-wordpress\/ -->\n<title>Mallorca Cycling Tour | Rutes \u00e8piques i paisatges espectaculars<\/title>\n<meta name=\"description\" content=\"Descobreix Mallorca en bicicleta \u2014 muntanyes, vinyes i costa mediterr\u00e0nia. Gaudeix del millor ciclisme a les Illes Balears.\" \/>\n<meta name=\"robots\" content=\"index, follow, max-snippet:-1, max-image-preview:large, max-video-preview:-1\" \/>\n<link rel=\"canonical\" href=\"https:\/\/bikecat.com\/ca\/mallorca-cycling-tour\" \/>\n<meta property=\"og:locale\" content=\"ca_ES\" \/>\n<meta property=\"og:type\" content=\"article\" \/>\n<meta property=\"og:title\" content=\"Mallorca Cycling Tour\" \/>\n<meta property=\"og:description\" content=\"MALLORCA CYCLING TOUR \u00c9s un fet: Mallorca s\u2019ha convertit en l\u2019illa del ciclisme. Les seves carreteres tranquil\u00b7les i sinuoses s\u00f3n un aut\u00e8ntic parad\u00eds:\" \/>\n<meta property=\"og:url\" content=\"https:\/\/bikecat.com\/ca\/mallorca-cycling-tour\" \/>\n<meta property=\"og:site_name\" content=\"Bikecat\" \/>\n<meta property=\"article:publisher\" content=\"https:\/\/www.facebook.com\/Bikecat.TOURS\/\" \/>\n<meta property=\"article:modified_time\" content=\"2025-11-11T13:38:54+00:00\" \/>\n<meta property=\"og:image\" content=\"https:\/\/bikecat.com\/wp-content\/uploads\/2020\/01\/Bikecat-Girona.jpg\" \/>\n<meta name=\"twitter:card\" content=\"summary_large_image\" \/>\n<meta name=\"twitter:site\" content=\"@bikecatgirona\" \/>\n<meta name=\"twitter:label1\" content=\"Temps estimat de lectura\" \/>\n\t<meta name=\"twitter:data1\" content=\"3 minuts\" \/>\n<script type=\"application\/ld+json\" class=\"yoast-schema-graph\">{\"@context\":\"https:\/\/schema.org\",\"@graph\":[{\"@type\":\"WebPage\",\"@id\":\"https:\/\/bikecat.com\/ca\/mallorca-cycling-tour\",\"url\":\"https:\/\/bikecat.com\/ca\/mallorca-cycling-tour\",\"name\":\"Mallorca Cycling Tour | Rutes \u00e8piques i paisatges espectaculars\",\"isPartOf\":{\"@id\":\"https:\/\/bikecat.com\/#website\"},\"datePublished\":\"2025-01-24T09:25:07+00:00\",\"dateModified\":\"2025-11-11T13:38:54+00:00\",\"description\":\"Descobreix Mallorca en bicicleta \u2014 muntanyes, vinyes i costa mediterr\u00e0nia. Gaudeix del millor ciclisme a les Illes Balears.\",\"breadcrumb\":{\"@id\":\"https:\/\/bikecat.com\/ca\/mallorca-cycling-tour#breadcrumb\"},\"inLanguage\":\"ca\",\"potentialAction\":[{\"@type\":\"ReadAction\",\"target\":[\"https:\/\/bikecat.com\/ca\/mallorca-cycling-tour\"]}]},{\"@type\":\"BreadcrumbList\",\"@id\":\"https:\/\/bikecat.com\/ca\/mallorca-cycling-tour#breadcrumb\",\"itemListElement\":[{\"@type\":\"ListItem\",\"position\":1,\"name\":\"Portada\",\"item\":\"https:\/\/bikecat.com\/ca\"},{\"@type\":\"ListItem\",\"position\":2,\"name\":\"Mallorca Cycling Tour\"}]},{\"@type\":\"WebSite\",\"@id\":\"https:\/\/bikecat.com\/#website\",\"url\":\"https:\/\/bikecat.com\/\",\"name\":\"Bikecat\",\"description\":\"Bikecat Custom Cycling Tours  - Unique and Exclusive Custom Cycling Tours\",\"publisher\":{\"@id\":\"https:\/\/bikecat.com\/#organization\"},\"potentialAction\":[{\"@type\":\"SearchAction\",\"target\":{\"@type\":\"EntryPoint\",\"urlTemplate\":\"https:\/\/bikecat.com\/?s={search_term_string}\"},\"query-input\":{\"@type\":\"PropertyValueSpecification\",\"valueRequired\":true,\"valueName\":\"search_term_string\"}}],\"inLanguage\":\"ca\"},{\"@type\":\"Organization\",\"@id\":\"https:\/\/bikecat.com\/#organization\",\"name\":\"Bikecat Cycling Tours\",\"url\":\"https:\/\/bikecat.com\/\",\"logo\":{\"@type\":\"ImageObject\",\"inLanguage\":\"ca\",\"@id\":\"https:\/\/bikecat.com\/#\/schema\/logo\/image\/\",\"url\":\"https:\/\/bikecat.com\/wp-content\/uploads\/2018\/11\/headerlogo-1.png\",\"contentUrl\":\"https:\/\/bikecat.com\/wp-content\/uploads\/2018\/11\/headerlogo-1.png\",\"width\":130,\"height\":55,\"caption\":\"Bikecat Cycling Tours\"},\"image\":{\"@id\":\"https:\/\/bikecat.com\/#\/schema\/logo\/image\/\"},\"sameAs\":[\"https:\/\/www.facebook.com\/Bikecat.TOURS\/\",\"https:\/\/x.com\/bikecatgirona\",\"https:\/\/www.instagram.com\/bikecat_cycling_tours\/\"]}]}<\/script>\n<!-- \/ Yoast SEO Premium plugin. -->","yoast_head_json":{"title":"Mallorca Cycling Tour | Rutes \u00e8piques i paisatges espectaculars","description":"Descobreix Mallorca en bicicleta \u2014 muntanyes, vinyes i costa mediterr\u00e0nia. Gaudeix del millor ciclisme a les Illes Balears.","robots":{"index":"index","follow":"follow","max-snippet":"max-snippet:-1","max-image-preview":"max-image-preview:large","max-video-preview":"max-video-preview:-1"},"canonical":"https:\/\/bikecat.com\/ca\/mallorca-cycling-tour","og_locale":"ca_ES","og_type":"article","og_title":"Mallorca Cycling Tour","og_description":"MALLORCA CYCLING TOUR \u00c9s un fet: Mallorca s\u2019ha convertit en l\u2019illa del ciclisme. Les seves carreteres tranquil\u00b7les i sinuoses s\u00f3n un aut\u00e8ntic parad\u00eds:","og_url":"https:\/\/bikecat.com\/ca\/mallorca-cycling-tour","og_site_name":"Bikecat","article_publisher":"https:\/\/www.facebook.com\/Bikecat.TOURS\/","article_modified_time":"2025-11-11T13:38:54+00:00","og_image":[{"url":"https:\/\/bikecat.com\/wp-content\/uploads\/2020\/01\/Bikecat-Girona.jpg","type":"","width":"","height":""}],"twitter_card":"summary_large_image","twitter_site":"@bikecatgirona","twitter_misc":{"Temps estimat de lectura":"3 minuts"},"schema":{"@context":"https:\/\/schema.org","@graph":[{"@type":"WebPage","@id":"https:\/\/bikecat.com\/ca\/mallorca-cycling-tour","url":"https:\/\/bikecat.com\/ca\/mallorca-cycling-tour","name":"Mallorca Cycling Tour | Rutes \u00e8piques i paisatges espectaculars","isPartOf":{"@id":"https:\/\/bikecat.com\/#website"},"datePublished":"2025-01-24T09:25:07+00:00","dateModified":"2025-11-11T13:38:54+00:00","description":"Descobreix Mallorca en bicicleta \u2014 muntanyes, vinyes i costa mediterr\u00e0nia. Gaudeix del millor ciclisme a les Illes Balears.","breadcrumb":{"@id":"https:\/\/bikecat.com\/ca\/mallorca-cycling-tour#breadcrumb"},"inLanguage":"ca","potentialAction":[{"@type":"ReadAction","target":["https:\/\/bikecat.com\/ca\/mallorca-cycling-tour"]}]},{"@type":"BreadcrumbList","@id":"https:\/\/bikecat.com\/ca\/mallorca-cycling-tour#breadcrumb","itemListElement":[{"@type":"ListItem","position":1,"name":"Portada","item":"https:\/\/bikecat.com\/ca"},{"@type":"ListItem","position":2,"name":"Mallorca Cycling Tour"}]},{"@type":"WebSite","@id":"https:\/\/bikecat.com\/#website","url":"https:\/\/bikecat.com\/","name":"Bikecat","description":"Bikecat Custom Cycling Tours  - Unique and Exclusive Custom Cycling Tours","publisher":{"@id":"https:\/\/bikecat.com\/#organization"},"potentialAction":[{"@type":"SearchAction","target":{"@type":"EntryPoint","urlTemplate":"https:\/\/bikecat.com\/?s={search_term_string}"},"query-input":{"@type":"PropertyValueSpecification","valueRequired":true,"valueName":"search_term_string"}}],"inLanguage":"ca"},{"@type":"Organization","@id":"https:\/\/bikecat.com\/#organization","name":"Bikecat Cycling Tours","url":"https:\/\/bikecat.com\/","logo":{"@type":"ImageObject","inLanguage":"ca","@id":"https:\/\/bikecat.com\/#\/schema\/logo\/image\/","url":"https:\/\/bikecat.com\/wp-content\/uploads\/2018\/11\/headerlogo-1.png","contentUrl":"https:\/\/bikecat.com\/wp-content\/uploads\/2018\/11\/headerlogo-1.png","width":130,"height":55,"caption":"Bikecat Cycling Tours"},"image":{"@id":"https:\/\/bikecat.com\/#\/schema\/logo\/image\/"},"sameAs":["https:\/\/www.facebook.com\/Bikecat.TOURS\/","https:\/\/x.com\/bikecatgirona","https:\/\/www.instagram.com\/bikecat_cycling_tours\/"]}]}},"_links":{"self":[{"href":"https:\/\/bikecat.com\/ca\/wp-json\/wp\/v2\/pages\/44649","targetHints":{"allow":["GET"]}}],"collection":[{"href":"https:\/\/bikecat.com\/ca\/wp-json\/wp\/v2\/pages"}],"about":[{"href":"https:\/\/bikecat.com\/ca\/wp-json\/wp\/v2\/types\/page"}],"author":[{"embeddable":true,"href":"https:\/\/bikecat.com\/ca\/wp-json\/wp\/v2\/users\/1"}],"replies":[{"embeddable":true,"href":"https:\/\/bikecat.com\/ca\/wp-json\/wp\/v2\/comments?post=44649"}],"version-history":[{"count":3,"href":"https:\/\/bikecat.com\/ca\/wp-json\/wp\/v2\/pages\/44649\/revisions"}],"predecessor-version":[{"id":44652,"href":"https:\/\/bikecat.com\/ca\/wp-json\/wp\/v2\/pages\/44649\/revisions\/44652"}],"wp:attachment":[{"href":"https:\/\/bikecat.com\/ca\/wp-json\/wp\/v2\/media?parent=44649"}],"curies":[{"name":"wp","href":"https:\/\/api.w.org\/{rel}","templated":true}]}}