{"id":44467,"date":"2025-11-04T11:42:19","date_gmt":"2025-11-04T11:42:19","guid":{"rendered":"https:\/\/bikecat.com\/?page_id=44467"},"modified":"2025-11-05T11:59:06","modified_gmt":"2025-11-05T11:59:06","slug":"the-fringe-tour","status":"publish","type":"page","link":"https:\/\/bikecat.com\/ca\/the-fringe-tour","title":{"rendered":"The Fringe Tour"},"content":{"rendered":"<div class=\"wpb-content-wrapper\"><p>[vc_row][vc_column][rev_slider_vc alias=&#8221;cantabria-and-asturias-cycling-tour-1&#8243;][\/vc_column][\/vc_row][vc_row css=&#8221;.vc_custom_1575568350047{margin-top: 40px !important;}&#8221;][vc_column][\/vc_column][\/vc_row][vc_row css=&#8221;.vc_custom_1544103354063{margin-top: 20px !important;margin-right: 10px !important;}&#8221;][vc_column width=&#8221;1\/2&#8243;][vc_single_image image=&#8221;44501&#8243; img_size=&#8221;large&#8221; css_animation=&#8221;left-to-right&#8221; css=&#8221;&#8221;][vc_single_image image=&#8221;44512&#8243; img_size=&#8221;large&#8221; css_animation=&#8221;left-to-right&#8221; css=&#8221;&#8221;][\/vc_column][vc_column width=&#8221;1\/2&#8243;][vc_column_text css=&#8221;&#8221;]<\/p>\n<h1><span style=\"color: #d9272e; font-size: 24pt; font-family: Raleway, geneva, sans-serif;\"><strong>THE FRINGE TOUR&nbsp;<\/strong><\/span><\/h1>\n<p>The Fringe proposa descobrir tres comunitats ben diferenciades d\u2019Espanya tot creuant-ne les seves fronteres. A The Fringe, per\u00f2, ens adonem que m\u00e9s que l\u00edmits, aquestes s\u00f3n franges o zones de transici\u00f3: \u00e0rees geogr\u00e0fiques on conflueixen regions, cultures, hist\u00f2ria i gastronomia.<\/p>\n<p>Pedalant pels seus eixos d\u2019uni\u00f3 \u2014les carreteres\u2014 coneixerem part de <strong>Catalunya, Arag\u00f3 i Val\u00e8ncia.<\/strong><\/p>\n<p>Aquest tour ens acosta a terres menys conegudes, allunyades de les aglomeracions per\u00f2 plenes de tresors en forma de natura, hist\u00f2ria i gastronomia.<\/p>\n<p>El Priorat, al bell mig de Catalunya, \u00e9s el punt d\u2019inici de la ruta.<strong><strong> Reconegut internacionalment pels seus vins<\/strong><\/strong>, el paisatge est\u00e0 marcat, com no podia ser d\u2019altra manera, per vinyes distribu\u00efdes en terrasses pronunciades.<\/p>\n<p>Despr\u00e9s d\u2019explorar el sud de Catalunya, arribem a <strong>Terol<\/strong>, al cor d\u2019Arag\u00f3. Aquesta ciutat \u00e9s una joia amagada que captiva els visitants amb paisatges impressionants, una <strong>hist\u00f2ria rica<\/strong>, gastronomia deliciosa i pobles amb encant. <\/p>\n<p>Cap a l\u2019est, tornem a creuar fronteres i entrem a <strong>Castell\u00f3<\/strong>, <strong>terra de contrastos<\/strong>. Aquesta prov\u00edncia del nord de Val\u00e8ncia ofereix 120 quil\u00f2metres de costa amb platges espectaculars i cales encantadores banyades pel Mediterrani. A l\u2019interior, destaca el Maestrat (o Maestrazgo), amb preciosos petits pobles plens d\u2019hist\u00f2ria, envoltats d\u2019un entorn natural impressionant.  <\/p>\n<p>Uneix-te a nosaltres en aquest viatge: pedala per terrenys fascinants mentre descobreixes les hist\u00f2ries que donen vida a aquestes regions captivadores!<\/p>\n<p>&nbsp;[\/vc_column_text][\/vc_column][\/vc_row][vc_row css=&#8221;.vc_custom_1578068921004{margin-top: 40px !important;margin-bottom: 40px !important;}&#8221;][vc_column][\/vc_column][\/vc_row]<\/p>\n<\/div>","protected":false},"excerpt":{"rendered":"<p>[vc_row][vc_column][rev_slider_vc alias=&#8221;cantabria-and-asturias-cycling-tour-1&#8243;][\/vc_column][\/vc_row][vc_row css=&#8221;.vc_custom_1575568350047{margin-top: 40px !important;}&#8221;][vc_column][\/vc_column][\/vc_row][vc_row css=&#8221;.vc_custom_1544103354063{margin-top: 20px !important;margin-right: 10px !important;}&#8221;][vc_column width=&#8221;1\/2&#8243;][vc_single_image image=&#8221;44501&#8243; img_size=&#8221;large&#8221; css_animation=&#8221;left-to-right&#8221; css=&#8221;&#8221;][vc_single_image image=&#8221;44512&#8243; img_size=&#8221;large&#8221; css_animation=&#8221;left-to-right&#8221; css=&#8221;&#8221;][\/vc_column][vc_column width=&#8221;1\/2&#8243;][vc_column_text css=&#8221;&#8221;] THE FRINGE TOUR&nbsp; The Fringe proposa descobrir tres comunitats ben diferenciades d\u2019Espanya tot creuant-ne les seves fronteres. A The Fringe, per\u00f2, ens adonem que m\u00e9s que l\u00edmits, aquestes s\u00f3n franges o zones de transici\u00f3: [&hellip;]<\/p>\n","protected":false},"author":1,"featured_media":0,"parent":0,"menu_order":0,"comment_status":"closed","ping_status":"closed","template":"","meta":{"ngg_post_thumbnail":0,"footnotes":""},"class_list":["post-44467","page","type-page","status-publish","hentry"],"yoast_head":"<!-- This site is optimized with the Yoast SEO Premium plugin v27.2 (Yoast SEO v27.2) - https:\/\/yoast.com\/product\/yoast-seo-premium-wordpress\/ -->\n<title>The Fringe Tour Espanya | Catalunya, Arago i Valencia<\/title>\n<meta name=\"description\" content=\"Pedala per Catalunya, Arag\u00f3 i Val\u00e8ncia \u2014 el Fringe Tour connecta paisatges, cultura i sabor.\" \/>\n<meta name=\"robots\" content=\"index, follow, max-snippet:-1, max-image-preview:large, max-video-preview:-1\" \/>\n<link rel=\"canonical\" href=\"https:\/\/bikecat.com\/ca\/the-fringe-tour\" \/>\n<meta property=\"og:locale\" content=\"ca_ES\" \/>\n<meta property=\"og:type\" content=\"article\" \/>\n<meta property=\"og:title\" content=\"The Fringe Tour\" \/>\n<meta property=\"og:description\" content=\"THE FRINGE TOUR&nbsp; The Fringe proposa descobrir tres comunitats ben diferenciades d\u2019Espanya tot creuant-ne les seves fronteres. A The Fringe, per\u00f2, ens\" \/>\n<meta property=\"og:url\" content=\"https:\/\/bikecat.com\/ca\/the-fringe-tour\" \/>\n<meta property=\"og:site_name\" content=\"Bikecat\" \/>\n<meta property=\"article:publisher\" content=\"https:\/\/www.facebook.com\/Bikecat.TOURS\/\" \/>\n<meta property=\"article:modified_time\" content=\"2025-11-05T11:59:06+00:00\" \/>\n<meta property=\"og:image\" content=\"https:\/\/bikecat.com\/wp-content\/uploads\/2019\/12\/Logo-Bikecat-Cycling-Tours.jpg\" \/>\n\t<meta property=\"og:image:width\" content=\"591\" \/>\n\t<meta property=\"og:image:height\" content=\"354\" \/>\n\t<meta property=\"og:image:type\" content=\"image\/jpeg\" \/>\n<meta name=\"twitter:card\" content=\"summary_large_image\" \/>\n<meta name=\"twitter:site\" content=\"@bikecatgirona\" \/>\n<meta name=\"twitter:label1\" content=\"Temps estimat de lectura\" \/>\n\t<meta name=\"twitter:data1\" content=\"2 minuts\" \/>\n<script type=\"application\/ld+json\" class=\"yoast-schema-graph\">{\"@context\":\"https:\/\/schema.org\",\"@graph\":[{\"@type\":\"WebPage\",\"@id\":\"https:\/\/bikecat.com\/ca\/the-fringe-tour\",\"url\":\"https:\/\/bikecat.com\/ca\/the-fringe-tour\",\"name\":\"The Fringe Tour Espanya | Catalunya, Arago i Valencia\",\"isPartOf\":{\"@id\":\"https:\/\/bikecat.com\/#website\"},\"datePublished\":\"2025-11-04T11:42:19+00:00\",\"dateModified\":\"2025-11-05T11:59:06+00:00\",\"description\":\"Pedala per Catalunya, Arag\u00f3 i Val\u00e8ncia \u2014 el Fringe Tour connecta paisatges, cultura i sabor.\",\"breadcrumb\":{\"@id\":\"https:\/\/bikecat.com\/ca\/the-fringe-tour#breadcrumb\"},\"inLanguage\":\"ca\",\"potentialAction\":[{\"@type\":\"ReadAction\",\"target\":[\"https:\/\/bikecat.com\/ca\/the-fringe-tour\"]}]},{\"@type\":\"BreadcrumbList\",\"@id\":\"https:\/\/bikecat.com\/ca\/the-fringe-tour#breadcrumb\",\"itemListElement\":[{\"@type\":\"ListItem\",\"position\":1,\"name\":\"Portada\",\"item\":\"https:\/\/bikecat.com\/ca\"},{\"@type\":\"ListItem\",\"position\":2,\"name\":\"The Fringe Tour\"}]},{\"@type\":\"WebSite\",\"@id\":\"https:\/\/bikecat.com\/#website\",\"url\":\"https:\/\/bikecat.com\/\",\"name\":\"Bikecat\",\"description\":\"Bikecat Custom Cycling Tours  - Unique and Exclusive Custom Cycling Tours\",\"publisher\":{\"@id\":\"https:\/\/bikecat.com\/#organization\"},\"potentialAction\":[{\"@type\":\"SearchAction\",\"target\":{\"@type\":\"EntryPoint\",\"urlTemplate\":\"https:\/\/bikecat.com\/?s={search_term_string}\"},\"query-input\":{\"@type\":\"PropertyValueSpecification\",\"valueRequired\":true,\"valueName\":\"search_term_string\"}}],\"inLanguage\":\"ca\"},{\"@type\":\"Organization\",\"@id\":\"https:\/\/bikecat.com\/#organization\",\"name\":\"Bikecat Cycling Tours\",\"url\":\"https:\/\/bikecat.com\/\",\"logo\":{\"@type\":\"ImageObject\",\"inLanguage\":\"ca\",\"@id\":\"https:\/\/bikecat.com\/#\/schema\/logo\/image\/\",\"url\":\"https:\/\/bikecat.com\/wp-content\/uploads\/2018\/11\/headerlogo-1.png\",\"contentUrl\":\"https:\/\/bikecat.com\/wp-content\/uploads\/2018\/11\/headerlogo-1.png\",\"width\":130,\"height\":55,\"caption\":\"Bikecat Cycling Tours\"},\"image\":{\"@id\":\"https:\/\/bikecat.com\/#\/schema\/logo\/image\/\"},\"sameAs\":[\"https:\/\/www.facebook.com\/Bikecat.TOURS\/\",\"https:\/\/x.com\/bikecatgirona\",\"https:\/\/www.instagram.com\/bikecat_cycling_tours\/\"]}]}<\/script>\n<!-- \/ Yoast SEO Premium plugin. -->","yoast_head_json":{"title":"The Fringe Tour Espanya | Catalunya, Arago i Valencia","description":"Pedala per Catalunya, Arag\u00f3 i Val\u00e8ncia \u2014 el Fringe Tour connecta paisatges, cultura i sabor.","robots":{"index":"index","follow":"follow","max-snippet":"max-snippet:-1","max-image-preview":"max-image-preview:large","max-video-preview":"max-video-preview:-1"},"canonical":"https:\/\/bikecat.com\/ca\/the-fringe-tour","og_locale":"ca_ES","og_type":"article","og_title":"The Fringe Tour","og_description":"THE FRINGE TOUR&nbsp; The Fringe proposa descobrir tres comunitats ben diferenciades d\u2019Espanya tot creuant-ne les seves fronteres. A The Fringe, per\u00f2, ens","og_url":"https:\/\/bikecat.com\/ca\/the-fringe-tour","og_site_name":"Bikecat","article_publisher":"https:\/\/www.facebook.com\/Bikecat.TOURS\/","article_modified_time":"2025-11-05T11:59:06+00:00","og_image":[{"width":591,"height":354,"url":"https:\/\/bikecat.com\/wp-content\/uploads\/2019\/12\/Logo-Bikecat-Cycling-Tours.jpg","type":"image\/jpeg"}],"twitter_card":"summary_large_image","twitter_site":"@bikecatgirona","twitter_misc":{"Temps estimat de lectura":"2 minuts"},"schema":{"@context":"https:\/\/schema.org","@graph":[{"@type":"WebPage","@id":"https:\/\/bikecat.com\/ca\/the-fringe-tour","url":"https:\/\/bikecat.com\/ca\/the-fringe-tour","name":"The Fringe Tour Espanya | Catalunya, Arago i Valencia","isPartOf":{"@id":"https:\/\/bikecat.com\/#website"},"datePublished":"2025-11-04T11:42:19+00:00","dateModified":"2025-11-05T11:59:06+00:00","description":"Pedala per Catalunya, Arag\u00f3 i Val\u00e8ncia \u2014 el Fringe Tour connecta paisatges, cultura i sabor.","breadcrumb":{"@id":"https:\/\/bikecat.com\/ca\/the-fringe-tour#breadcrumb"},"inLanguage":"ca","potentialAction":[{"@type":"ReadAction","target":["https:\/\/bikecat.com\/ca\/the-fringe-tour"]}]},{"@type":"BreadcrumbList","@id":"https:\/\/bikecat.com\/ca\/the-fringe-tour#breadcrumb","itemListElement":[{"@type":"ListItem","position":1,"name":"Portada","item":"https:\/\/bikecat.com\/ca"},{"@type":"ListItem","position":2,"name":"The Fringe Tour"}]},{"@type":"WebSite","@id":"https:\/\/bikecat.com\/#website","url":"https:\/\/bikecat.com\/","name":"Bikecat","description":"Bikecat Custom Cycling Tours  - Unique and Exclusive Custom Cycling Tours","publisher":{"@id":"https:\/\/bikecat.com\/#organization"},"potentialAction":[{"@type":"SearchAction","target":{"@type":"EntryPoint","urlTemplate":"https:\/\/bikecat.com\/?s={search_term_string}"},"query-input":{"@type":"PropertyValueSpecification","valueRequired":true,"valueName":"search_term_string"}}],"inLanguage":"ca"},{"@type":"Organization","@id":"https:\/\/bikecat.com\/#organization","name":"Bikecat Cycling Tours","url":"https:\/\/bikecat.com\/","logo":{"@type":"ImageObject","inLanguage":"ca","@id":"https:\/\/bikecat.com\/#\/schema\/logo\/image\/","url":"https:\/\/bikecat.com\/wp-content\/uploads\/2018\/11\/headerlogo-1.png","contentUrl":"https:\/\/bikecat.com\/wp-content\/uploads\/2018\/11\/headerlogo-1.png","width":130,"height":55,"caption":"Bikecat Cycling Tours"},"image":{"@id":"https:\/\/bikecat.com\/#\/schema\/logo\/image\/"},"sameAs":["https:\/\/www.facebook.com\/Bikecat.TOURS\/","https:\/\/x.com\/bikecatgirona","https:\/\/www.instagram.com\/bikecat_cycling_tours\/"]}]}},"_links":{"self":[{"href":"https:\/\/bikecat.com\/ca\/wp-json\/wp\/v2\/pages\/44467","targetHints":{"allow":["GET"]}}],"collection":[{"href":"https:\/\/bikecat.com\/ca\/wp-json\/wp\/v2\/pages"}],"about":[{"href":"https:\/\/bikecat.com\/ca\/wp-json\/wp\/v2\/types\/page"}],"author":[{"embeddable":true,"href":"https:\/\/bikecat.com\/ca\/wp-json\/wp\/v2\/users\/1"}],"replies":[{"embeddable":true,"href":"https:\/\/bikecat.com\/ca\/wp-json\/wp\/v2\/comments?post=44467"}],"version-history":[{"count":25,"href":"https:\/\/bikecat.com\/ca\/wp-json\/wp\/v2\/pages\/44467\/revisions"}],"predecessor-version":[{"id":44538,"href":"https:\/\/bikecat.com\/ca\/wp-json\/wp\/v2\/pages\/44467\/revisions\/44538"}],"wp:attachment":[{"href":"https:\/\/bikecat.com\/ca\/wp-json\/wp\/v2\/media?parent=44467"}],"curies":[{"name":"wp","href":"https:\/\/api.w.org\/{rel}","templated":true}]}}