{"id":36093,"date":"2019-01-24T10:54:20","date_gmt":"2019-01-24T10:54:20","guid":{"rendered":"https:\/\/bikecat.com\/mariposa-cycling-tours"},"modified":"2025-11-13T09:43:25","modified_gmt":"2025-11-13T09:43:25","slug":"mariposa-cycling-tours","status":"publish","type":"page","link":"https:\/\/bikecat.com\/ca\/mariposa-cycling-tours","title":{"rendered":"Mariposa Cycling Tours"},"content":{"rendered":"<div class=\"wpb-content-wrapper\"><p>[vc_row][vc_column][rev_slider_vc alias=&#8221;mariposa&#8221;][\/vc_column][\/vc_row][vc_row css=&#8221;.vc_custom_1575568204482{margin-top: 40px !important;}&#8221;][vc_column][\/vc_column][\/vc_row][vc_row css=&#8221;.vc_custom_1544103354063{margin-top: 20px !important;margin-right: 10px !important;}&#8221;][vc_column width=&#8221;1\/2&#8243;][vc_single_image image=&#8221;33059&#8243; img_size=&#8221;large&#8221; css_animation=&#8221;left-to-right&#8221;][\/vc_column][vc_column width=&#8221;1\/2&#8243;][vc_column_text css=&#8221;&#8221;]<\/p>\n<h1><span style=\"color: #d9272e;\"><strong>MARIPOSA CYCLING TOURS<\/strong><\/span><\/h1>\n<p>Fa quinze anys vam con\u00e8ixer en Michael i la Dede Barry, poc despr\u00e9s que decidissin establir-se a Girona. Amb el temps, ens vam fer molt bons amics, compartint hores i hores de bicicleta, \u00e0pats i converses. Enamorats de Catalunya, sovint deien: \u201cUn dia haur\u00edem de compartir aquesta experi\u00e8ncia amb altres nord-americans&#8221;.<\/p>\n<p>Els Mariposa Cycling Tours son <a href=\"https:\/\/mariposabicycles.ca\/tours\/\">tours amb bicicleta a mida<\/a> creats amb la col\u00b7laboraci\u00f3 d&#8217;en Michael i la Dede Barry. Durant una setmana, compartirem amb tu algunes de les nostres rutes ciclistes preferides, alguns dels restaurants que m\u00e9s ens agraden i experi\u00e8ncies culturals que fan d\u2019aquest territori un lloc \u00fanic. <\/p>\n<p>Catalunya, i especialment Girona, ofereix un nombre infinit de racons per descobrir: carreteres rurals, pobles encantadors i restaurants acollidors on el temps sembla aturar-se.<\/p>\n<p>L\u2019entorn \u00e9s ideal per pedalar. Les carreteres s\u00f3n tranquil\u00b7les, ondulants i plenes d&#8217;encant. Pujarem fins als Pirineus, ens deixarem caure per les baixades i arribarem fins al mar.[\/vc_column_text][\/vc_column][\/vc_row][vc_row css=&#8221;.vc_custom_1580554665355{margin-top: 40px !important;margin-right: 10px !important;}&#8221;][vc_column width=&#8221;1\/2&#8243;][vc_single_image image=&#8221;33063&#8243; img_size=&#8221;full&#8221;][\/vc_column][vc_column width=&#8221;1\/2&#8243;][vc_column_text css=&#8221;&#8221;]<\/p>\n<h4><span style=\"color: #d9272e;\"><strong>La Ruta Mar i Muntanya<\/strong><\/span><\/h4>\n<p>\u201cCada any feia desenes de milers de quil\u00f2metres per Catalunya mentre entrenava per participar al circuit professional. Buscava rutes dures, tant de muntanya com vora el mar, per\u00f2 tamb\u00e9 boniques i tranquil\u00b7les. Eren carreteres on podies passar cinc hores i trobar-te amb menys d\u2019una dotzena de cotxes.<\/p>\n<p>Algunes eren pistes de gravel que s\u2019enfilaven muntanya amunt, on podies trobar boscos d&#8217;alzines, horts o pastors amb els seus ramats.<\/p>\n<p>A la muntanya, amb algun amic, ens atur\u00e0vem a dinar en una fonda de poble, amb la xemeneia encesa i els locals conversant sobre les darreres novetats entre cerveses i carn a la brasa, abans de reprendre el cam\u00ed cap a casa. De tots els centenars de milers de quil\u00f2metres que he pedalat a la meva vida, els de Girona s\u00f3n, sens dubte, alguns dels millors. e tots els centenars de milers de quil\u00f2metres que he pedalat a la meva vida, els de Girona s\u00f3n, sens dubte, alguns dels millors.\u201d<\/p>\n<p>La Ruta Mar i Muntanya \u00e9s u Mariposa Cycling Tour per moltes d&#8217;aquestes carreteres. Travessa la prov\u00edncia de Girona, des del Mediterrani fins al Pirineu. Una experi\u00e8ncia \u00fanica: paisatges id\u00edl\u00b7lics, rutes t\u00e8cniques i exigents, i una immersi\u00f3 cultural incomparable.<\/p>\n<p>~Michael Barry[\/vc_column_text][\/vc_column][\/vc_row][vc_row css=&#8221;.vc_custom_1580554675230{margin-top: 40px !important;margin-right: 10px !important;}&#8221;][vc_column width=&#8221;1\/2&#8243;][vc_single_image image=&#8221;33057&#8243; img_size=&#8221;large&#8221;][\/vc_column][vc_column width=&#8221;1\/2&#8243;][vc_column_text css=&#8221;&#8221;]<\/p>\n<h4><span style=\"color: #d9272e;\"><strong>Dede Barry<\/strong><\/span><\/h4>\n<p>Codirectora de <a href=\"https:\/\/mariposabicycles.ca\/\">Mariposa Bicycles<\/a>.<\/p>\n<p>Atleta natural, la Dede \u00e9s origin\u00e0ria de Milwaukee (Wisconsin) i es va iniciar en el ciclisme quan era adolescent com a entrenament complementari del patinatge de velocitat.<\/p>\n<p>Despr\u00e9s de tres anys competint amb la selecci\u00f3 nacional de patinatge dels Estats Units, va descobrir r\u00e0pidament el seu talent sobre la bicicleta, guanyant el Campionat del M\u00f3n J\u00fanior de Ruta el 1989. Aquest era l&#8217;inici d&#8217;una brillant carrera ciclista de 16 anys. <\/p>\n<p>Va aconseguir la medalla de plata als Jocs Ol\u00edmpics d\u2019Atenes 2004 i nombrosos podis en campionats del m\u00f3n, d\u2019Am\u00e8rica i dels Estats Units. Va formar part dels equips professionals Saturn i T-Mobile, i de les seleccions nacionals i ol\u00edmpiques del seu pa\u00eds.<\/p>\n<p>M\u00e9s enll\u00e0 dels seus \u00e8xits en el ciclisme professional, la Dede \u00e9s MBA internacional. La seva creativitat i capacitat de lideratge l\u2019han convertida en una referent. Tot i que ja no competeix, continua sent una esportista activa: corre, pedala i esquia regularment a Toronto.  <\/p>\n<p>Juntament amb el seu marit, en Michael, i un grup d\u2019amics, impulsa un programa de formaci\u00f3 per a joves ciclistes i participa en esdeveniments ciclistes solidaris.[\/vc_column_text][\/vc_column][\/vc_row][vc_row css=&#8221;.vc_custom_1580554689456{margin-top: 40px !important;margin-right: 10px !important;}&#8221;][vc_column width=&#8221;1\/2&#8243;][vc_single_image image=&#8221;33061&#8243; img_size=&#8221;large&#8221;][\/vc_column][vc_column width=&#8221;1\/2&#8243;][vc_column_text css=&#8221;&#8221;]<\/p>\n<h4><span style=\"color: #d9272e;\"><strong>Michael Barry<\/strong><\/span><\/h4>\n<p>Codirector de <a href=\"https:\/\/mariposabicycles.ca\/\">Mariposa Bicycles<\/a>.<\/p>\n<p>Nascut en una fam\u00edlia de ciclistes propietaris d\u2019una botiga de bicicletes a Toronto, en Michael ha dedicat tota la seva vida a la bicicleta: competint, treballant i gaudint-ne. Des que es va retirar del ciclisme professional a finals del 2012, gestiona Mariposa Bicycles. <\/p>\n<p>Com a ciclista, va representar a Canad\u00e0 als Jocs Ol\u00edmpics (\u201996, \u201904, \u201908) i als Jocs de la Commonwealth (\u201994, \u201902). Va ser ciclista del World Tour (1998-2012) i va c\u00f3rrer amb alguns dels equips m\u00e9s prestigiosos de la seva \u00e8poca: Team Sky, Columbia\u2013High Road, T-Mobile, Discovery Channel i U.S. Postal Service. Va participar al Tour de Fran\u00e7a, la Vuelta a Espanya i el Giro d\u2019It\u00e0lia.<\/p>\n<p>Apassionat de l\u2019escriptura, en Michael \u00e9s autor de quatre llibres i col\u00b7laborador habitual de publicacions com The New York Times, The Times of London, Globe and Mail i Toronto Star.[\/vc_column_text][\/vc_column][\/vc_row][vc_row css=&#8221;.vc_custom_1578069023558{margin-top: 40px !important;margin-bottom: 40px !important;}&#8221;][vc_column][\/vc_column][\/vc_row]<\/p>\n<\/div>","protected":false},"excerpt":{"rendered":"<p>[vc_row][vc_column][rev_slider_vc alias=&#8221;mariposa&#8221;][\/vc_column][\/vc_row][vc_row css=&#8221;.vc_custom_1575568204482{margin-top: 40px !important;}&#8221;][vc_column][\/vc_column][\/vc_row][vc_row css=&#8221;.vc_custom_1544103354063{margin-top: 20px !important;margin-right: 10px !important;}&#8221;][vc_column width=&#8221;1\/2&#8243;][vc_single_image image=&#8221;33059&#8243; img_size=&#8221;large&#8221; css_animation=&#8221;left-to-right&#8221;][\/vc_column][vc_column width=&#8221;1\/2&#8243;][vc_column_text css=&#8221;&#8221;] MARIPOSA CYCLING TOURS Fa quinze anys vam con\u00e8ixer en Michael i la Dede Barry, poc despr\u00e9s que decidissin establir-se a Girona. Amb el temps, ens vam fer molt bons amics, compartint hores i hores de bicicleta, \u00e0pats i converses. [&hellip;]<\/p>\n","protected":false},"author":1,"featured_media":0,"parent":0,"menu_order":0,"comment_status":"closed","ping_status":"closed","template":"","meta":{"ngg_post_thumbnail":0,"footnotes":""},"class_list":["post-36093","page","type-page","status-publish","hentry"],"yoast_head":"<!-- This site is optimized with the Yoast SEO Premium plugin v27.2 (Yoast SEO v27.2) - https:\/\/yoast.com\/product\/yoast-seo-premium-wordpress\/ -->\n<title>Mariposa Cycling Tours | Pedala amb Michael i Dede Barry a Girona<\/title>\n<meta name=\"description\" content=\"Pedala amb els ciclistes professionals Michael i Dede Barry. Descobreix el millor de les rutes ciclistes, cultura i gastronomia de Girona amb el Mariposa Cycling Tour.\" \/>\n<meta name=\"robots\" content=\"index, follow, max-snippet:-1, max-image-preview:large, max-video-preview:-1\" \/>\n<link rel=\"canonical\" href=\"https:\/\/bikecat.com\/ca\/mariposa-cycling-tours\" \/>\n<meta property=\"og:locale\" content=\"ca_ES\" \/>\n<meta property=\"og:type\" content=\"article\" \/>\n<meta property=\"og:title\" content=\"Mariposa Cycling Tours\" \/>\n<meta property=\"og:description\" content=\"MARIPOSA CYCLING TOURS Fa quinze anys vam con\u00e8ixer en Michael i la Dede Barry, poc despr\u00e9s que decidissin establir-se a Girona. Amb el temps, ens vam fer\" \/>\n<meta property=\"og:url\" content=\"https:\/\/bikecat.com\/ca\/mariposa-cycling-tours\" \/>\n<meta property=\"og:site_name\" content=\"Bikecat\" \/>\n<meta property=\"article:publisher\" content=\"https:\/\/www.facebook.com\/Bikecat.TOURS\/\" \/>\n<meta property=\"article:modified_time\" content=\"2025-11-13T09:43:25+00:00\" \/>\n<meta property=\"og:image\" content=\"https:\/\/bikecat.com\/wp-content\/uploads\/2020\/02\/Roadbook-Mariposa-La-Ruta-Mar-i-Muntanya.jpg\" \/>\n<meta name=\"twitter:card\" content=\"summary_large_image\" \/>\n<meta name=\"twitter:image\" content=\"https:\/\/bikecat.com\/wp-content\/uploads\/2020\/01\/Mariposa-Cycling-tours-the-Team.jpg\" \/>\n<meta name=\"twitter:site\" content=\"@bikecatgirona\" \/>\n<meta name=\"twitter:label1\" content=\"Temps estimat de lectura\" \/>\n\t<meta name=\"twitter:data1\" content=\"5 minuts\" \/>\n<script type=\"application\/ld+json\" class=\"yoast-schema-graph\">{\"@context\":\"https:\/\/schema.org\",\"@graph\":[{\"@type\":\"WebPage\",\"@id\":\"https:\/\/bikecat.com\/ca\/mariposa-cycling-tours\",\"url\":\"https:\/\/bikecat.com\/ca\/mariposa-cycling-tours\",\"name\":\"Mariposa Cycling Tours | Pedala amb Michael i Dede Barry a Girona\",\"isPartOf\":{\"@id\":\"https:\/\/bikecat.com\/#website\"},\"datePublished\":\"2019-01-24T10:54:20+00:00\",\"dateModified\":\"2025-11-13T09:43:25+00:00\",\"description\":\"Pedala amb els ciclistes professionals Michael i Dede Barry. Descobreix el millor de les rutes ciclistes, cultura i gastronomia de Girona amb el Mariposa Cycling Tour.\",\"breadcrumb\":{\"@id\":\"https:\/\/bikecat.com\/ca\/mariposa-cycling-tours#breadcrumb\"},\"inLanguage\":\"ca\",\"potentialAction\":[{\"@type\":\"ReadAction\",\"target\":[\"https:\/\/bikecat.com\/ca\/mariposa-cycling-tours\"]}]},{\"@type\":\"BreadcrumbList\",\"@id\":\"https:\/\/bikecat.com\/ca\/mariposa-cycling-tours#breadcrumb\",\"itemListElement\":[{\"@type\":\"ListItem\",\"position\":1,\"name\":\"Portada\",\"item\":\"https:\/\/bikecat.com\/ca\"},{\"@type\":\"ListItem\",\"position\":2,\"name\":\"Mariposa Cycling Tours\"}]},{\"@type\":\"WebSite\",\"@id\":\"https:\/\/bikecat.com\/#website\",\"url\":\"https:\/\/bikecat.com\/\",\"name\":\"Bikecat\",\"description\":\"Bikecat Custom Cycling Tours  - Unique and Exclusive Custom Cycling Tours\",\"publisher\":{\"@id\":\"https:\/\/bikecat.com\/#organization\"},\"potentialAction\":[{\"@type\":\"SearchAction\",\"target\":{\"@type\":\"EntryPoint\",\"urlTemplate\":\"https:\/\/bikecat.com\/?s={search_term_string}\"},\"query-input\":{\"@type\":\"PropertyValueSpecification\",\"valueRequired\":true,\"valueName\":\"search_term_string\"}}],\"inLanguage\":\"ca\"},{\"@type\":\"Organization\",\"@id\":\"https:\/\/bikecat.com\/#organization\",\"name\":\"Bikecat Cycling Tours\",\"url\":\"https:\/\/bikecat.com\/\",\"logo\":{\"@type\":\"ImageObject\",\"inLanguage\":\"ca\",\"@id\":\"https:\/\/bikecat.com\/#\/schema\/logo\/image\/\",\"url\":\"https:\/\/bikecat.com\/wp-content\/uploads\/2018\/11\/headerlogo-1.png\",\"contentUrl\":\"https:\/\/bikecat.com\/wp-content\/uploads\/2018\/11\/headerlogo-1.png\",\"width\":130,\"height\":55,\"caption\":\"Bikecat Cycling Tours\"},\"image\":{\"@id\":\"https:\/\/bikecat.com\/#\/schema\/logo\/image\/\"},\"sameAs\":[\"https:\/\/www.facebook.com\/Bikecat.TOURS\/\",\"https:\/\/x.com\/bikecatgirona\",\"https:\/\/www.instagram.com\/bikecat_cycling_tours\/\"]}]}<\/script>\n<!-- \/ Yoast SEO Premium plugin. -->","yoast_head_json":{"title":"Mariposa Cycling Tours | Pedala amb Michael i Dede Barry a Girona","description":"Pedala amb els ciclistes professionals Michael i Dede Barry. Descobreix el millor de les rutes ciclistes, cultura i gastronomia de Girona amb el Mariposa Cycling Tour.","robots":{"index":"index","follow":"follow","max-snippet":"max-snippet:-1","max-image-preview":"max-image-preview:large","max-video-preview":"max-video-preview:-1"},"canonical":"https:\/\/bikecat.com\/ca\/mariposa-cycling-tours","og_locale":"ca_ES","og_type":"article","og_title":"Mariposa Cycling Tours","og_description":"MARIPOSA CYCLING TOURS Fa quinze anys vam con\u00e8ixer en Michael i la Dede Barry, poc despr\u00e9s que decidissin establir-se a Girona. Amb el temps, ens vam fer","og_url":"https:\/\/bikecat.com\/ca\/mariposa-cycling-tours","og_site_name":"Bikecat","article_publisher":"https:\/\/www.facebook.com\/Bikecat.TOURS\/","article_modified_time":"2025-11-13T09:43:25+00:00","og_image":[{"url":"https:\/\/bikecat.com\/wp-content\/uploads\/2020\/02\/Roadbook-Mariposa-La-Ruta-Mar-i-Muntanya.jpg","type":"","width":"","height":""}],"twitter_card":"summary_large_image","twitter_image":"https:\/\/bikecat.com\/wp-content\/uploads\/2020\/01\/Mariposa-Cycling-tours-the-Team.jpg","twitter_site":"@bikecatgirona","twitter_misc":{"Temps estimat de lectura":"5 minuts"},"schema":{"@context":"https:\/\/schema.org","@graph":[{"@type":"WebPage","@id":"https:\/\/bikecat.com\/ca\/mariposa-cycling-tours","url":"https:\/\/bikecat.com\/ca\/mariposa-cycling-tours","name":"Mariposa Cycling Tours | Pedala amb Michael i Dede Barry a Girona","isPartOf":{"@id":"https:\/\/bikecat.com\/#website"},"datePublished":"2019-01-24T10:54:20+00:00","dateModified":"2025-11-13T09:43:25+00:00","description":"Pedala amb els ciclistes professionals Michael i Dede Barry. Descobreix el millor de les rutes ciclistes, cultura i gastronomia de Girona amb el Mariposa Cycling Tour.","breadcrumb":{"@id":"https:\/\/bikecat.com\/ca\/mariposa-cycling-tours#breadcrumb"},"inLanguage":"ca","potentialAction":[{"@type":"ReadAction","target":["https:\/\/bikecat.com\/ca\/mariposa-cycling-tours"]}]},{"@type":"BreadcrumbList","@id":"https:\/\/bikecat.com\/ca\/mariposa-cycling-tours#breadcrumb","itemListElement":[{"@type":"ListItem","position":1,"name":"Portada","item":"https:\/\/bikecat.com\/ca"},{"@type":"ListItem","position":2,"name":"Mariposa Cycling Tours"}]},{"@type":"WebSite","@id":"https:\/\/bikecat.com\/#website","url":"https:\/\/bikecat.com\/","name":"Bikecat","description":"Bikecat Custom Cycling Tours  - Unique and Exclusive Custom Cycling Tours","publisher":{"@id":"https:\/\/bikecat.com\/#organization"},"potentialAction":[{"@type":"SearchAction","target":{"@type":"EntryPoint","urlTemplate":"https:\/\/bikecat.com\/?s={search_term_string}"},"query-input":{"@type":"PropertyValueSpecification","valueRequired":true,"valueName":"search_term_string"}}],"inLanguage":"ca"},{"@type":"Organization","@id":"https:\/\/bikecat.com\/#organization","name":"Bikecat Cycling Tours","url":"https:\/\/bikecat.com\/","logo":{"@type":"ImageObject","inLanguage":"ca","@id":"https:\/\/bikecat.com\/#\/schema\/logo\/image\/","url":"https:\/\/bikecat.com\/wp-content\/uploads\/2018\/11\/headerlogo-1.png","contentUrl":"https:\/\/bikecat.com\/wp-content\/uploads\/2018\/11\/headerlogo-1.png","width":130,"height":55,"caption":"Bikecat Cycling Tours"},"image":{"@id":"https:\/\/bikecat.com\/#\/schema\/logo\/image\/"},"sameAs":["https:\/\/www.facebook.com\/Bikecat.TOURS\/","https:\/\/x.com\/bikecatgirona","https:\/\/www.instagram.com\/bikecat_cycling_tours\/"]}]}},"_links":{"self":[{"href":"https:\/\/bikecat.com\/ca\/wp-json\/wp\/v2\/pages\/36093","targetHints":{"allow":["GET"]}}],"collection":[{"href":"https:\/\/bikecat.com\/ca\/wp-json\/wp\/v2\/pages"}],"about":[{"href":"https:\/\/bikecat.com\/ca\/wp-json\/wp\/v2\/types\/page"}],"author":[{"embeddable":true,"href":"https:\/\/bikecat.com\/ca\/wp-json\/wp\/v2\/users\/1"}],"replies":[{"embeddable":true,"href":"https:\/\/bikecat.com\/ca\/wp-json\/wp\/v2\/comments?post=36093"}],"version-history":[{"count":4,"href":"https:\/\/bikecat.com\/ca\/wp-json\/wp\/v2\/pages\/36093\/revisions"}],"predecessor-version":[{"id":44663,"href":"https:\/\/bikecat.com\/ca\/wp-json\/wp\/v2\/pages\/36093\/revisions\/44663"}],"wp:attachment":[{"href":"https:\/\/bikecat.com\/ca\/wp-json\/wp\/v2\/media?parent=36093"}],"curies":[{"name":"wp","href":"https:\/\/api.w.org\/{rel}","templated":true}]}}