{"id":33491,"date":"2019-01-24T10:55:06","date_gmt":"2019-01-24T10:55:06","guid":{"rendered":"https:\/\/bikecat.com\/costa-brava-dali-cycling-tour"},"modified":"2025-11-08T13:57:00","modified_gmt":"2025-11-08T13:57:00","slug":"costa-brava-dali-cycling-tour","status":"publish","type":"page","link":"https:\/\/bikecat.com\/ca\/costa-brava-dali-cycling-tour","title":{"rendered":"Costa Brava &#8211; Dali Cycling Tour"},"content":{"rendered":"<div class=\"wpb-content-wrapper\"><p>[vc_row][vc_column][rev_slider_vc alias=&#8221;dali&#8221;][\/vc_column][\/vc_row][vc_row css=&#8221;.vc_custom_1575567979760{margin-top: 40px !important;}&#8221;][vc_column][\/vc_column][\/vc_row][vc_row css=&#8221;.vc_custom_1544103354063{margin-top: 20px !important;margin-right: 10px !important;}&#8221;][vc_column width=&#8221;1\/2&#8243;][vc_single_image image=&#8221;32801&#8243; img_size=&#8221;large&#8221; css_animation=&#8221;left-to-right&#8221;][\/vc_column][vc_column width=&#8221;1\/2&#8243;][vc_column_text css=&#8221;&#8221;]<\/p>\n<h1><span style=\"color: #d9272e;\"><strong>COSTA BRAVA &#8211; <\/strong><\/span><span style=\"color: #d9272e;\"><strong>DAL\u00cd CYCLING TOUR<\/strong><\/span><\/h1>\n<p>Pedala per la Costa Brava i endinsa\u2019t amb nosaltres al Triangle Dalini\u00e0, els tres espais m\u00e9s m\u00edtics on <strong>Salvador Dal\u00ed<\/strong> va viure i crear gran part de la seva obra.<\/p>\n<p>El Costa Brava \u2013 Dal\u00ed Cycling Tour comen\u00e7a a Castell\u00f3 d\u2019Emp\u00faries, antiga capital del comtat d\u2019Emp\u00faries a l\u2019edat mitjana. Disposem de quatre dies per descobrir el nord de la prov\u00edncia de Girona. Pedalarem fins al punt m\u00e9s oriental de la pen\u00ednsula Ib\u00e8rica, el <g id=\"gid_0\">Cap de Creus<\/g>, i visitarem el pintoresc poble de Cadaqu\u00e9s, on Dal\u00ed va passar els estius de la seva infantesa, i Portlligat, on va viure d\u2019adult i va pintar alguns dels seus paisatges m\u00e9s emblem\u00e0tics.    Rutes espectaculars amb vistes al <strong>Mediterrani <\/strong>i a la frontera amb Fran\u00e7a.<\/p>\n<p>Seguirem les petjades de la hist\u00f2ria d\u2019aquesta regi\u00f3: des dels ibers, la primera civilitzaci\u00f3 que hi va habitar, fins als grecs i romans, que hi van fundar la ciutat d\u2019Emporion al segle VI aC. Tamb\u00e9 visitarem un celler de la D.O. Empord\u00e0 i el Museu Dal\u00ed de Figueres. <\/p>\n<p>A l&#8217;equador de la nostra aventura, ens dirigirem cap a la ciutat de Girona. Ens allotjarem a l\u2019Hotel Hist\u00f2ric o l\u2019Hotel Nord 1901, i gaudirem de rutes on s\u2019entrenen els ciclistes professionals. Molts d&#8217;ells proven els ports de Mare de D\u00e9u del Mont i Rocacorba abans d&#8217;enfrontar-se al Tour de Fran\u00e7a. <\/p>\n<p>Despr\u00e9s continuarem fins al castell de P\u00fabol, la resid\u00e8ncia de Gala, esposa de Dal\u00ed. Dal\u00ed va comprar aquest castell del segle XI l\u2019any 1969 com a regal per a la seva dona i musa Gala. El va decorar amb el seu estil \u00fanic i extravagant, i sembla ser que nom\u00e9s hi podia accedir amb perm\u00eds escrit de la seva dona. <\/p>\n<p>El Costa Brava \u2013 Dal\u00ed Cycling Tour \u00e9s una ruta personalitzada, amb una durada m\u00ednima de quatre dies, durant els que visitarem el Triangle Dalini\u00e0. Les sortides ens portaran a P\u00fabol, Figueres, Cadaqu\u00e9s i Portlligat. Durant el trajecte, gaudirem de la gastronomia de la zona i visitarem alguns dels llocs m\u00e9s emblem\u00e0tics de la vida de l&#8217;artista.  <\/p>\n<p>&nbsp;<\/p>\n<h4><span style=\"color: #d9272e;\"><strong>Altres activitats que pots incloure al teu tour:<\/strong><\/span><\/h4>\n<h6>Visita al celler de Peralada: tast del vi preferit de Dal\u00ed al bonic poble de Peralada, prop de Figueres.<\/h6>\n<h6>Santuari dels \u00c0ngels: l\u2019indret on Dal\u00ed i Gala es van casar, als afores de Girona.<\/h6>\n<p>&nbsp;<\/p>\n<p><strong><span style=\"color: #000000;\">Opcional:<\/span><\/strong><\/p>\n<p>Afegeix un guia oficial expert en Dal\u00ed a les teves visites als<a href=\"https:\/\/www.salvador-dali.org\/en\/museums\/dali-theatre-museum-in-figueres\/\" target=\"_blank\" rel=\"noopener noreferrer\"> museus <\/a>de Figueres i P\u00fabol. A Portlligat, la visita guiada est\u00e0 inclosa.[\/vc_column_text][\/vc_column][\/vc_row][vc_row css=&#8221;.vc_custom_1578069042235{margin-top: 40px !important;margin-bottom: 40px !important;}&#8221;][vc_column][\/vc_column][\/vc_row]<\/p>\n<\/div>","protected":false},"excerpt":{"rendered":"<p>[vc_row][vc_column][rev_slider_vc alias=&#8221;dali&#8221;][\/vc_column][\/vc_row][vc_row css=&#8221;.vc_custom_1575567979760{margin-top: 40px !important;}&#8221;][vc_column][\/vc_column][\/vc_row][vc_row css=&#8221;.vc_custom_1544103354063{margin-top: 20px !important;margin-right: 10px !important;}&#8221;][vc_column width=&#8221;1\/2&#8243;][vc_single_image image=&#8221;32801&#8243; img_size=&#8221;large&#8221; css_animation=&#8221;left-to-right&#8221;][\/vc_column][vc_column width=&#8221;1\/2&#8243;][vc_column_text css=&#8221;&#8221;] COSTA BRAVA &#8211; DAL\u00cd CYCLING TOUR Pedala per la Costa Brava i endinsa\u2019t amb nosaltres al Triangle Dalini\u00e0, els tres espais m\u00e9s m\u00edtics on Salvador Dal\u00ed va viure i crear gran part de la seva obra. El Costa Brava [&hellip;]<\/p>\n","protected":false},"author":1,"featured_media":0,"parent":0,"menu_order":0,"comment_status":"closed","ping_status":"closed","template":"","meta":{"ngg_post_thumbnail":0,"footnotes":""},"class_list":["post-33491","page","type-page","status-publish","hentry"],"yoast_head":"<!-- This site is optimized with the Yoast SEO Premium plugin v27.2 (Yoast SEO v27.2) - https:\/\/yoast.com\/product\/yoast-seo-premium-wordpress\/ -->\n<title>Dal\u00ed Cycling Tour Costa Brava<\/title>\n<meta name=\"description\" content=\"RPedala per la Costa Brava i descobreix el Triangle Dalini\u00e0 \u2014 art, cultura, mar i rutes ciclistes inoblidables.\" \/>\n<meta name=\"robots\" content=\"index, follow, max-snippet:-1, max-image-preview:large, max-video-preview:-1\" \/>\n<link rel=\"canonical\" href=\"https:\/\/bikecat.com\/ca\/costa-brava-dali-cycling-tour\" \/>\n<meta property=\"og:locale\" content=\"ca_ES\" \/>\n<meta property=\"og:type\" content=\"article\" \/>\n<meta property=\"og:title\" content=\"Costa Brava - Dali Cycling Tour\" \/>\n<meta property=\"og:description\" content=\"COSTA BRAVA - DAL\u00cd CYCLING TOUR Pedala per la Costa Brava i endinsa\u2019t amb nosaltres al Triangle Dalini\u00e0, els tres espais m\u00e9s m\u00edtics on Salvador Dal\u00ed va\" \/>\n<meta property=\"og:url\" content=\"https:\/\/bikecat.com\/ca\/costa-brava-dali-cycling-tour\" \/>\n<meta property=\"og:site_name\" content=\"Bikecat\" \/>\n<meta property=\"article:publisher\" content=\"https:\/\/www.facebook.com\/Bikecat.TOURS\/\" \/>\n<meta property=\"article:modified_time\" content=\"2025-11-08T13:57:00+00:00\" \/>\n<meta property=\"og:image\" content=\"https:\/\/bikecat.com\/wp-content\/uploads\/2019\/12\/Salvador-Dali-Bikecat-Cycling-Tour.jpg\" \/>\n\t<meta property=\"og:image:width\" content=\"900\" \/>\n\t<meta property=\"og:image:height\" content=\"1300\" \/>\n\t<meta property=\"og:image:type\" content=\"image\/jpeg\" \/>\n<meta name=\"twitter:card\" content=\"summary_large_image\" \/>\n<meta name=\"twitter:site\" content=\"@bikecatgirona\" \/>\n<meta name=\"twitter:label1\" content=\"Temps estimat de lectura\" \/>\n\t<meta name=\"twitter:data1\" content=\"3 minuts\" \/>\n<script type=\"application\/ld+json\" class=\"yoast-schema-graph\">{\"@context\":\"https:\/\/schema.org\",\"@graph\":[{\"@type\":\"WebPage\",\"@id\":\"https:\/\/bikecat.com\/ca\/costa-brava-dali-cycling-tour\",\"url\":\"https:\/\/bikecat.com\/ca\/costa-brava-dali-cycling-tour\",\"name\":\"Dal\u00ed Cycling Tour Costa Brava\",\"isPartOf\":{\"@id\":\"https:\/\/bikecat.com\/#website\"},\"datePublished\":\"2019-01-24T10:55:06+00:00\",\"dateModified\":\"2025-11-08T13:57:00+00:00\",\"description\":\"RPedala per la Costa Brava i descobreix el Triangle Dalini\u00e0 \u2014 art, cultura, mar i rutes ciclistes inoblidables.\",\"breadcrumb\":{\"@id\":\"https:\/\/bikecat.com\/ca\/costa-brava-dali-cycling-tour#breadcrumb\"},\"inLanguage\":\"ca\",\"potentialAction\":[{\"@type\":\"ReadAction\",\"target\":[\"https:\/\/bikecat.com\/ca\/costa-brava-dali-cycling-tour\"]}]},{\"@type\":\"BreadcrumbList\",\"@id\":\"https:\/\/bikecat.com\/ca\/costa-brava-dali-cycling-tour#breadcrumb\",\"itemListElement\":[{\"@type\":\"ListItem\",\"position\":1,\"name\":\"Portada\",\"item\":\"https:\/\/bikecat.com\/ca\"},{\"@type\":\"ListItem\",\"position\":2,\"name\":\"Costa Brava &#8211; Dali Cycling Tour\"}]},{\"@type\":\"WebSite\",\"@id\":\"https:\/\/bikecat.com\/#website\",\"url\":\"https:\/\/bikecat.com\/\",\"name\":\"Bikecat\",\"description\":\"Bikecat Custom Cycling Tours  - Unique and Exclusive Custom Cycling Tours\",\"publisher\":{\"@id\":\"https:\/\/bikecat.com\/#organization\"},\"potentialAction\":[{\"@type\":\"SearchAction\",\"target\":{\"@type\":\"EntryPoint\",\"urlTemplate\":\"https:\/\/bikecat.com\/?s={search_term_string}\"},\"query-input\":{\"@type\":\"PropertyValueSpecification\",\"valueRequired\":true,\"valueName\":\"search_term_string\"}}],\"inLanguage\":\"ca\"},{\"@type\":\"Organization\",\"@id\":\"https:\/\/bikecat.com\/#organization\",\"name\":\"Bikecat Cycling Tours\",\"url\":\"https:\/\/bikecat.com\/\",\"logo\":{\"@type\":\"ImageObject\",\"inLanguage\":\"ca\",\"@id\":\"https:\/\/bikecat.com\/#\/schema\/logo\/image\/\",\"url\":\"https:\/\/bikecat.com\/wp-content\/uploads\/2018\/11\/headerlogo-1.png\",\"contentUrl\":\"https:\/\/bikecat.com\/wp-content\/uploads\/2018\/11\/headerlogo-1.png\",\"width\":130,\"height\":55,\"caption\":\"Bikecat Cycling Tours\"},\"image\":{\"@id\":\"https:\/\/bikecat.com\/#\/schema\/logo\/image\/\"},\"sameAs\":[\"https:\/\/www.facebook.com\/Bikecat.TOURS\/\",\"https:\/\/x.com\/bikecatgirona\",\"https:\/\/www.instagram.com\/bikecat_cycling_tours\/\"]}]}<\/script>\n<!-- \/ Yoast SEO Premium plugin. -->","yoast_head_json":{"title":"Dal\u00ed Cycling Tour Costa Brava","description":"RPedala per la Costa Brava i descobreix el Triangle Dalini\u00e0 \u2014 art, cultura, mar i rutes ciclistes inoblidables.","robots":{"index":"index","follow":"follow","max-snippet":"max-snippet:-1","max-image-preview":"max-image-preview:large","max-video-preview":"max-video-preview:-1"},"canonical":"https:\/\/bikecat.com\/ca\/costa-brava-dali-cycling-tour","og_locale":"ca_ES","og_type":"article","og_title":"Costa Brava - Dali Cycling Tour","og_description":"COSTA BRAVA - DAL\u00cd CYCLING TOUR Pedala per la Costa Brava i endinsa\u2019t amb nosaltres al Triangle Dalini\u00e0, els tres espais m\u00e9s m\u00edtics on Salvador Dal\u00ed va","og_url":"https:\/\/bikecat.com\/ca\/costa-brava-dali-cycling-tour","og_site_name":"Bikecat","article_publisher":"https:\/\/www.facebook.com\/Bikecat.TOURS\/","article_modified_time":"2025-11-08T13:57:00+00:00","og_image":[{"width":900,"height":1300,"url":"https:\/\/bikecat.com\/wp-content\/uploads\/2019\/12\/Salvador-Dali-Bikecat-Cycling-Tour.jpg","type":"image\/jpeg"}],"twitter_card":"summary_large_image","twitter_site":"@bikecatgirona","twitter_misc":{"Temps estimat de lectura":"3 minuts"},"schema":{"@context":"https:\/\/schema.org","@graph":[{"@type":"WebPage","@id":"https:\/\/bikecat.com\/ca\/costa-brava-dali-cycling-tour","url":"https:\/\/bikecat.com\/ca\/costa-brava-dali-cycling-tour","name":"Dal\u00ed Cycling Tour Costa Brava","isPartOf":{"@id":"https:\/\/bikecat.com\/#website"},"datePublished":"2019-01-24T10:55:06+00:00","dateModified":"2025-11-08T13:57:00+00:00","description":"RPedala per la Costa Brava i descobreix el Triangle Dalini\u00e0 \u2014 art, cultura, mar i rutes ciclistes inoblidables.","breadcrumb":{"@id":"https:\/\/bikecat.com\/ca\/costa-brava-dali-cycling-tour#breadcrumb"},"inLanguage":"ca","potentialAction":[{"@type":"ReadAction","target":["https:\/\/bikecat.com\/ca\/costa-brava-dali-cycling-tour"]}]},{"@type":"BreadcrumbList","@id":"https:\/\/bikecat.com\/ca\/costa-brava-dali-cycling-tour#breadcrumb","itemListElement":[{"@type":"ListItem","position":1,"name":"Portada","item":"https:\/\/bikecat.com\/ca"},{"@type":"ListItem","position":2,"name":"Costa Brava &#8211; Dali Cycling Tour"}]},{"@type":"WebSite","@id":"https:\/\/bikecat.com\/#website","url":"https:\/\/bikecat.com\/","name":"Bikecat","description":"Bikecat Custom Cycling Tours  - Unique and Exclusive Custom Cycling Tours","publisher":{"@id":"https:\/\/bikecat.com\/#organization"},"potentialAction":[{"@type":"SearchAction","target":{"@type":"EntryPoint","urlTemplate":"https:\/\/bikecat.com\/?s={search_term_string}"},"query-input":{"@type":"PropertyValueSpecification","valueRequired":true,"valueName":"search_term_string"}}],"inLanguage":"ca"},{"@type":"Organization","@id":"https:\/\/bikecat.com\/#organization","name":"Bikecat Cycling Tours","url":"https:\/\/bikecat.com\/","logo":{"@type":"ImageObject","inLanguage":"ca","@id":"https:\/\/bikecat.com\/#\/schema\/logo\/image\/","url":"https:\/\/bikecat.com\/wp-content\/uploads\/2018\/11\/headerlogo-1.png","contentUrl":"https:\/\/bikecat.com\/wp-content\/uploads\/2018\/11\/headerlogo-1.png","width":130,"height":55,"caption":"Bikecat Cycling Tours"},"image":{"@id":"https:\/\/bikecat.com\/#\/schema\/logo\/image\/"},"sameAs":["https:\/\/www.facebook.com\/Bikecat.TOURS\/","https:\/\/x.com\/bikecatgirona","https:\/\/www.instagram.com\/bikecat_cycling_tours\/"]}]}},"_links":{"self":[{"href":"https:\/\/bikecat.com\/ca\/wp-json\/wp\/v2\/pages\/33491","targetHints":{"allow":["GET"]}}],"collection":[{"href":"https:\/\/bikecat.com\/ca\/wp-json\/wp\/v2\/pages"}],"about":[{"href":"https:\/\/bikecat.com\/ca\/wp-json\/wp\/v2\/types\/page"}],"author":[{"embeddable":true,"href":"https:\/\/bikecat.com\/ca\/wp-json\/wp\/v2\/users\/1"}],"replies":[{"embeddable":true,"href":"https:\/\/bikecat.com\/ca\/wp-json\/wp\/v2\/comments?post=33491"}],"version-history":[{"count":8,"href":"https:\/\/bikecat.com\/ca\/wp-json\/wp\/v2\/pages\/33491\/revisions"}],"predecessor-version":[{"id":44608,"href":"https:\/\/bikecat.com\/ca\/wp-json\/wp\/v2\/pages\/33491\/revisions\/44608"}],"wp:attachment":[{"href":"https:\/\/bikecat.com\/ca\/wp-json\/wp\/v2\/media?parent=33491"}],"curies":[{"name":"wp","href":"https:\/\/api.w.org\/{rel}","templated":true}]}}