{"id":33441,"date":"2019-01-24T10:57:31","date_gmt":"2019-01-24T10:57:31","guid":{"rendered":"https:\/\/bikecat.com\/trans-pyrenees-cycling-tour"},"modified":"2026-02-18T11:34:56","modified_gmt":"2026-02-18T11:34:56","slug":"trans-pyrenees-cycling-tour","status":"publish","type":"page","link":"https:\/\/bikecat.com\/ca\/trans-pyrenees-cycling-tour","title":{"rendered":"Trans Pyrenees Cycling Tour"},"content":{"rendered":"<div class=\"wpb-content-wrapper\"><p>[vc_row][vc_column][rev_slider_vc alias=&#8221;transpirinaica&#8221;][\/vc_column][\/vc_row][vc_row css=&#8221;.vc_custom_1575567780126{margin-top: 40px !important;}&#8221;][vc_column][\/vc_column][\/vc_row][vc_row css=&#8221;.vc_custom_1544103354063{margin-top: 20px !important;margin-right: 10px !important;}&#8221;][vc_column width=&#8221;1\/2&#8243;][vc_single_image image=&#8221;32745&#8243; img_size=&#8221;large&#8221; css_animation=&#8221;left-to-right&#8221;][\/vc_column][vc_column width=&#8221;1\/2&#8243;][vc_column_text css=&#8221;&#8221;]<\/p>\n<h1><span style=\"color: #d9272e;\"><strong>TRANS PYRENEES CYCLING TOUR<\/strong><\/span><\/h1>\n<p>La <strong>\u201cTranspirinenca\u201d<\/strong>, o el<strong> Trans Pyrenees Cycling Tou<\/strong>r, et portar\u00e0 des de la Mediterr\u00e0nia fins a l\u2019Atl\u00e0ntic recorrent el vessant sud dels Pirineus.<\/p>\n<p>En aquest tour, pedalem per les carreteres m\u00e9s rec\u00f2ndites i espectaculars per guiar-vos des del Pirineu Oriental fins a Sant Sebasti\u00e0, al cor del Pa\u00eds Basc.<\/p>\n<p>Ens agrada prendre\u2019ns el temps necessari per submergir-nos en la riquesa cultural, la diversitat de lleng\u00fces i la personalitat gastron\u00f2mica d\u2019Arag\u00f3, els Alts Pirineus francesos, Navarra i Euskadi.[\/vc_column_text][\/vc_column][\/vc_row][vc_row css=&#8221;.vc_custom_1577134379519{margin-right: 10px !important;}&#8221;][vc_column width=&#8221;1\/2&#8243;][vc_single_image image=&#8221;32631&#8243; img_size=&#8221;large&#8221; css_animation=&#8221;left-to-right&#8221;][vc_single_image image=&#8221;45020&#8243; img_size=&#8221;large&#8221; css_animation=&#8221;left-to-right&#8221; css=&#8221;&#8221;][\/vc_column][vc_column width=&#8221;1\/2&#8243;][vc_column_text css=&#8221;&#8221;]<\/p>\n<h4 style=\"text-align: left;\"><span style=\"color: #d9272e;\"><strong>La nostra filosofia<\/strong><\/span><\/h4>\n<p>Despr\u00e9s d&#8217;organitzar el Trans Pyrenees Tour original de costa a costa original, ens vam adonar que no era exactament la ruta de vacances relaxades que esper\u00e0vem. Per aix\u00f2 vam crear la nostra pr\u00f2pia versi\u00f3 de la Transpirinenca: sortim d&#8217;un poble amb encant al bell mig del Pirineu i ens dirigim cap a Sant Sebasti\u00e0, sense presses, passant un parell de nits a cada lloc per assaborir realment els contrastos de cada regi\u00f3.  <\/p>\n<p>Amb els anys hem anat polint el tour per garantir que l&#8217;exig\u00e8ncia de la ruta sigui tan desafiant com atractiva, sempre maridada amb una experi\u00e8ncia culin\u00e0ria d\u2019alt nivell. A Bikecat ens prenem aquesta combinaci\u00f3 molt seriosament: busquem les carreteres m\u00e9s remotes i boniques per combinar el trajecte amb la millor cuina de cada zona. <\/p>\n<p>Oferim <strong>dues versions<\/strong> del Trans Pyrenees Cycling Tour; totes dues amb inici en un petit poble del Pirineu aragon\u00e8s.<\/p>\n<h4 style=\"text-align: left;\"><span style=\"color: #d9272e;\"><strong>Transpirinaica espanyola o francesa<\/strong><\/span><\/h4>\n<ul>\n<li><strong>Spanish Trans Pyrenees:<\/strong> Per explorar la cara m\u00e9s salvatge i desconeguda de les muntanyes. Pedalaras per carreteres solit\u00e0ries, gaireb\u00e9 sense tr\u00e0fic, entre jaciments hist\u00f2rics i paisatges plens de contrastos. <\/li>\n<li><strong>French Trans Pyrenees:<\/strong> Situada als Hautes-Pyr\u00e9n\u00e9es, aquesta ruta inclou trams llegendaris del Tour de Fran\u00e7a: l&#8217;Aspin, el Tourmalet, l&#8217;Hautacam i l&#8217;Aubisque, entre d\u2019altres.<\/li>\n<\/ul>\n<p>&nbsp;<\/p>\n<p>Els dos itineraris tenen en com\u00fa Roncesvalles \u2014el punt de partida m\u00e9s emblem\u00e0tic del <strong>Cam\u00ed de Sant Jaume<\/strong>\u2014 i acaben a la vibrant ciutat de Sant Sebasti\u00e0.<\/p>\n<p><strong>Important: <\/strong>Donada la variabilitat del temps a l&#8217;alta muntanya, aquest tour nom\u00e9s es programa des de finals de maig fins al setembre.[\/vc_column_text][\/vc_column][\/vc_row][vc_row css=&#8221;.vc_custom_1578068854700{margin-top: 40px !important;margin-bottom: 40px !important;}&#8221;][vc_column][\/vc_column][\/vc_row]<\/p>\n<\/div>","protected":false},"excerpt":{"rendered":"<p>[vc_row][vc_column][rev_slider_vc alias=&#8221;transpirinaica&#8221;][\/vc_column][\/vc_row][vc_row css=&#8221;.vc_custom_1575567780126{margin-top: 40px !important;}&#8221;][vc_column][\/vc_column][\/vc_row][vc_row css=&#8221;.vc_custom_1544103354063{margin-top: 20px !important;margin-right: 10px !important;}&#8221;][vc_column width=&#8221;1\/2&#8243;][vc_single_image image=&#8221;32745&#8243; img_size=&#8221;large&#8221; css_animation=&#8221;left-to-right&#8221;][\/vc_column][vc_column width=&#8221;1\/2&#8243;][vc_column_text css=&#8221;&#8221;] TRANS PYRENEES CYCLING TOUR La \u201cTranspirinenca\u201d, o el Trans Pyrenees Cycling Tour, et portar\u00e0 des de la Mediterr\u00e0nia fins a l\u2019Atl\u00e0ntic recorrent el vessant sud dels Pirineus. En aquest tour, pedalem per les carreteres m\u00e9s rec\u00f2ndites i espectaculars per [&hellip;]<\/p>\n","protected":false},"author":1,"featured_media":0,"parent":0,"menu_order":0,"comment_status":"closed","ping_status":"closed","template":"","meta":{"ngg_post_thumbnail":0,"footnotes":""},"class_list":["post-33441","page","type-page","status-publish","hentry"],"yoast_head":"<!-- This site is optimized with the Yoast SEO Premium plugin v27.2 (Yoast SEO v27.2) - https:\/\/yoast.com\/product\/yoast-seo-premium-wordpress\/ -->\n<title>Trans Pyrenees Cycling Tour: de costa a costa<\/title>\n<meta name=\"description\" content=\"Descobreix la Transpirinenca amb Bikecat. Tria entre la ruta espanyola o francesa amb ports llegendaris i la millor cuina local.\" \/>\n<meta name=\"robots\" content=\"index, follow, max-snippet:-1, max-image-preview:large, max-video-preview:-1\" \/>\n<link rel=\"canonical\" href=\"https:\/\/bikecat.com\/ca\/trans-pyrenees-cycling-tour\" \/>\n<meta property=\"og:locale\" content=\"ca_ES\" \/>\n<meta property=\"og:type\" content=\"article\" \/>\n<meta property=\"og:title\" content=\"Trans Pyrenees Cycling Tour\" \/>\n<meta property=\"og:description\" content=\"TRANS PYRENEES CYCLING TOUR La \u201cTranspirinenca\u201d, o el Trans Pyrenees Cycling Tour, et portar\u00e0 des de la Mediterr\u00e0nia fins a l\u2019Atl\u00e0ntic recorrent el\" \/>\n<meta property=\"og:url\" content=\"https:\/\/bikecat.com\/ca\/trans-pyrenees-cycling-tour\" \/>\n<meta property=\"og:site_name\" content=\"Bikecat\" \/>\n<meta property=\"article:publisher\" content=\"https:\/\/www.facebook.com\/Bikecat.TOURS\/\" \/>\n<meta property=\"article:modified_time\" content=\"2026-02-18T11:34:56+00:00\" \/>\n<meta property=\"og:image\" content=\"https:\/\/bikecat.com\/wp-content\/uploads\/2019\/12\/Bikecat-Sud-de-France-Cycling-Tour-2.jpg\" \/>\n\t<meta property=\"og:image:width\" content=\"1920\" \/>\n\t<meta property=\"og:image:height\" content=\"576\" \/>\n\t<meta property=\"og:image:type\" content=\"image\/jpeg\" \/>\n<meta name=\"twitter:card\" content=\"summary_large_image\" \/>\n<meta name=\"twitter:site\" content=\"@bikecatgirona\" \/>\n<meta name=\"twitter:label1\" content=\"Temps estimat de lectura\" \/>\n\t<meta name=\"twitter:data1\" content=\"3 minuts\" \/>\n<script type=\"application\/ld+json\" class=\"yoast-schema-graph\">{\"@context\":\"https:\/\/schema.org\",\"@graph\":[{\"@type\":\"WebPage\",\"@id\":\"https:\/\/bikecat.com\/ca\/trans-pyrenees-cycling-tour\",\"url\":\"https:\/\/bikecat.com\/ca\/trans-pyrenees-cycling-tour\",\"name\":\"Trans Pyrenees Cycling Tour: de costa a costa\",\"isPartOf\":{\"@id\":\"https:\/\/bikecat.com\/#website\"},\"datePublished\":\"2019-01-24T10:57:31+00:00\",\"dateModified\":\"2026-02-18T11:34:56+00:00\",\"description\":\"Descobreix la Transpirinenca amb Bikecat. Tria entre la ruta espanyola o francesa amb ports llegendaris i la millor cuina local.\",\"breadcrumb\":{\"@id\":\"https:\/\/bikecat.com\/ca\/trans-pyrenees-cycling-tour#breadcrumb\"},\"inLanguage\":\"ca\",\"potentialAction\":[{\"@type\":\"ReadAction\",\"target\":[\"https:\/\/bikecat.com\/ca\/trans-pyrenees-cycling-tour\"]}]},{\"@type\":\"BreadcrumbList\",\"@id\":\"https:\/\/bikecat.com\/ca\/trans-pyrenees-cycling-tour#breadcrumb\",\"itemListElement\":[{\"@type\":\"ListItem\",\"position\":1,\"name\":\"Portada\",\"item\":\"https:\/\/bikecat.com\/ca\"},{\"@type\":\"ListItem\",\"position\":2,\"name\":\"Trans Pyrenees Cycling Tour\"}]},{\"@type\":\"WebSite\",\"@id\":\"https:\/\/bikecat.com\/#website\",\"url\":\"https:\/\/bikecat.com\/\",\"name\":\"Bikecat\",\"description\":\"Bikecat Custom Cycling Tours  - Unique and Exclusive Custom Cycling Tours\",\"publisher\":{\"@id\":\"https:\/\/bikecat.com\/#organization\"},\"potentialAction\":[{\"@type\":\"SearchAction\",\"target\":{\"@type\":\"EntryPoint\",\"urlTemplate\":\"https:\/\/bikecat.com\/?s={search_term_string}\"},\"query-input\":{\"@type\":\"PropertyValueSpecification\",\"valueRequired\":true,\"valueName\":\"search_term_string\"}}],\"inLanguage\":\"ca\"},{\"@type\":\"Organization\",\"@id\":\"https:\/\/bikecat.com\/#organization\",\"name\":\"Bikecat Cycling Tours\",\"url\":\"https:\/\/bikecat.com\/\",\"logo\":{\"@type\":\"ImageObject\",\"inLanguage\":\"ca\",\"@id\":\"https:\/\/bikecat.com\/#\/schema\/logo\/image\/\",\"url\":\"https:\/\/bikecat.com\/wp-content\/uploads\/2018\/11\/headerlogo-1.png\",\"contentUrl\":\"https:\/\/bikecat.com\/wp-content\/uploads\/2018\/11\/headerlogo-1.png\",\"width\":130,\"height\":55,\"caption\":\"Bikecat Cycling Tours\"},\"image\":{\"@id\":\"https:\/\/bikecat.com\/#\/schema\/logo\/image\/\"},\"sameAs\":[\"https:\/\/www.facebook.com\/Bikecat.TOURS\/\",\"https:\/\/x.com\/bikecatgirona\",\"https:\/\/www.instagram.com\/bikecat_cycling_tours\/\"]}]}<\/script>\n<!-- \/ Yoast SEO Premium plugin. -->","yoast_head_json":{"title":"Trans Pyrenees Cycling Tour: de costa a costa","description":"Descobreix la Transpirinenca amb Bikecat. Tria entre la ruta espanyola o francesa amb ports llegendaris i la millor cuina local.","robots":{"index":"index","follow":"follow","max-snippet":"max-snippet:-1","max-image-preview":"max-image-preview:large","max-video-preview":"max-video-preview:-1"},"canonical":"https:\/\/bikecat.com\/ca\/trans-pyrenees-cycling-tour","og_locale":"ca_ES","og_type":"article","og_title":"Trans Pyrenees Cycling Tour","og_description":"TRANS PYRENEES CYCLING TOUR La \u201cTranspirinenca\u201d, o el Trans Pyrenees Cycling Tour, et portar\u00e0 des de la Mediterr\u00e0nia fins a l\u2019Atl\u00e0ntic recorrent el","og_url":"https:\/\/bikecat.com\/ca\/trans-pyrenees-cycling-tour","og_site_name":"Bikecat","article_publisher":"https:\/\/www.facebook.com\/Bikecat.TOURS\/","article_modified_time":"2026-02-18T11:34:56+00:00","og_image":[{"width":1920,"height":576,"url":"https:\/\/bikecat.com\/wp-content\/uploads\/2019\/12\/Bikecat-Sud-de-France-Cycling-Tour-2.jpg","type":"image\/jpeg"}],"twitter_card":"summary_large_image","twitter_site":"@bikecatgirona","twitter_misc":{"Temps estimat de lectura":"3 minuts"},"schema":{"@context":"https:\/\/schema.org","@graph":[{"@type":"WebPage","@id":"https:\/\/bikecat.com\/ca\/trans-pyrenees-cycling-tour","url":"https:\/\/bikecat.com\/ca\/trans-pyrenees-cycling-tour","name":"Trans Pyrenees Cycling Tour: de costa a costa","isPartOf":{"@id":"https:\/\/bikecat.com\/#website"},"datePublished":"2019-01-24T10:57:31+00:00","dateModified":"2026-02-18T11:34:56+00:00","description":"Descobreix la Transpirinenca amb Bikecat. Tria entre la ruta espanyola o francesa amb ports llegendaris i la millor cuina local.","breadcrumb":{"@id":"https:\/\/bikecat.com\/ca\/trans-pyrenees-cycling-tour#breadcrumb"},"inLanguage":"ca","potentialAction":[{"@type":"ReadAction","target":["https:\/\/bikecat.com\/ca\/trans-pyrenees-cycling-tour"]}]},{"@type":"BreadcrumbList","@id":"https:\/\/bikecat.com\/ca\/trans-pyrenees-cycling-tour#breadcrumb","itemListElement":[{"@type":"ListItem","position":1,"name":"Portada","item":"https:\/\/bikecat.com\/ca"},{"@type":"ListItem","position":2,"name":"Trans Pyrenees Cycling Tour"}]},{"@type":"WebSite","@id":"https:\/\/bikecat.com\/#website","url":"https:\/\/bikecat.com\/","name":"Bikecat","description":"Bikecat Custom Cycling Tours  - Unique and Exclusive Custom Cycling Tours","publisher":{"@id":"https:\/\/bikecat.com\/#organization"},"potentialAction":[{"@type":"SearchAction","target":{"@type":"EntryPoint","urlTemplate":"https:\/\/bikecat.com\/?s={search_term_string}"},"query-input":{"@type":"PropertyValueSpecification","valueRequired":true,"valueName":"search_term_string"}}],"inLanguage":"ca"},{"@type":"Organization","@id":"https:\/\/bikecat.com\/#organization","name":"Bikecat Cycling Tours","url":"https:\/\/bikecat.com\/","logo":{"@type":"ImageObject","inLanguage":"ca","@id":"https:\/\/bikecat.com\/#\/schema\/logo\/image\/","url":"https:\/\/bikecat.com\/wp-content\/uploads\/2018\/11\/headerlogo-1.png","contentUrl":"https:\/\/bikecat.com\/wp-content\/uploads\/2018\/11\/headerlogo-1.png","width":130,"height":55,"caption":"Bikecat Cycling Tours"},"image":{"@id":"https:\/\/bikecat.com\/#\/schema\/logo\/image\/"},"sameAs":["https:\/\/www.facebook.com\/Bikecat.TOURS\/","https:\/\/x.com\/bikecatgirona","https:\/\/www.instagram.com\/bikecat_cycling_tours\/"]}]}},"_links":{"self":[{"href":"https:\/\/bikecat.com\/ca\/wp-json\/wp\/v2\/pages\/33441","targetHints":{"allow":["GET"]}}],"collection":[{"href":"https:\/\/bikecat.com\/ca\/wp-json\/wp\/v2\/pages"}],"about":[{"href":"https:\/\/bikecat.com\/ca\/wp-json\/wp\/v2\/types\/page"}],"author":[{"embeddable":true,"href":"https:\/\/bikecat.com\/ca\/wp-json\/wp\/v2\/users\/1"}],"replies":[{"embeddable":true,"href":"https:\/\/bikecat.com\/ca\/wp-json\/wp\/v2\/comments?post=33441"}],"version-history":[{"count":7,"href":"https:\/\/bikecat.com\/ca\/wp-json\/wp\/v2\/pages\/33441\/revisions"}],"predecessor-version":[{"id":45029,"href":"https:\/\/bikecat.com\/ca\/wp-json\/wp\/v2\/pages\/33441\/revisions\/45029"}],"wp:attachment":[{"href":"https:\/\/bikecat.com\/ca\/wp-json\/wp\/v2\/media?parent=33441"}],"curies":[{"name":"wp","href":"https:\/\/api.w.org\/{rel}","templated":true}]}}