{"id":33421,"date":"2019-01-24T10:50:10","date_gmt":"2019-01-24T10:50:10","guid":{"rendered":"https:\/\/bikecat.com\/girona-cycling-tour"},"modified":"2025-11-05T16:11:15","modified_gmt":"2025-11-05T16:11:15","slug":"girona-cycling-tour","status":"publish","type":"page","link":"https:\/\/bikecat.com\/ca\/girona-cycling-tour","title":{"rendered":"Girona Cycling Tour"},"content":{"rendered":"<div class=\"wpb-content-wrapper\"><p>[vc_row][vc_column][rev_slider_vc alias=&#8221;girona&#8221;][\/vc_column][\/vc_row][vc_row css=&#8221;.vc_custom_1544101512496{margin-top: 30px !important;}&#8221;][vc_column][\/vc_column][\/vc_row][vc_row css=&#8221;.vc_custom_1544103354063{margin-top: 20px !important;margin-right: 10px !important;}&#8221;][vc_column width=&#8221;1\/2&#8243;][vc_single_image image=&#8221;33013&#8243; img_size=&#8221;large&#8221; css_animation=&#8221;left-to-right&#8221;][vc_single_image image=&#8221;44552&#8243; img_size=&#8221;large&#8221; css_animation=&#8221;left-to-right&#8221;][vc_single_image image=&#8221;44549&#8243; img_size=&#8221;large&#8221; css_animation=&#8221;left-to-right&#8221;][\/vc_column][vc_column width=&#8221;1\/2&#8243;][vc_column_text]<\/p>\n<h1><span style=\"color: #d9272e; font-size: 24pt; font-family: Raleway, geneva, sans-serif;\"><strong>GIRONA CYCLING TOUR<\/strong><\/span><\/h1>\n<p>El Girona Cycling Tour de Bikecat \u00e9s la teva oportunitat per venir a pedalar al lloc escollit per molts ciclistes professionals, amb el toc que nom\u00e9s els guies locals et poden oferir.<\/p>\n<p>A finals dels anys noranta, diversos ciclistes nord-americans es van establir a Girona. George Hincapie, Michael Barry juntament amb Dede Barry, Freddie Rodr\u00edguez, el director de l&#8217;equip US Postal Johnny Weltz, per\u00f2 sobretot Lance Armstrong, van projectar aquest dest\u00ed a nivell internacional.<\/p>\n<p>Un equip de desenvolupament nord-americ\u00e0 va establir la seva base al casc antic. Inicialment anomenat Tiaa-Cref, amb el pas dels anys es va convertir en un equip professional de primera classe de la UCI, ara anomenat EF Pro Cycling Team.<\/p>\n<p>Actualment hi ha m\u00e9s de 200 ciclistes professionals europeus, australians i nord-americans amb seu a Girona. Els pots veure f\u00e0cilment mentre passegen per la ciutat o entrenen per les seves carreteres.<\/p>\n<p>&nbsp;<\/p>\n<h4><span style=\"color: #d9272e;\"><strong>El tour de Girona<\/strong><\/span><\/h4>\n<p>El tour est\u00e0ndard de Girona t\u00e9 una durada de 8 dies i 7 nits i les rutes estan dissenyades perqu\u00e8 puguis gaudir i descobrir els secrets millor guardats d\u2019aquesta terra, paisatges espectaculars i carreteres secund\u00e0ries incre\u00efbles. Aquest \u00e9s el punt de partida ideal per dissenyar el teu tour ciclista personalitzat a Girona.<\/p>\n<p>Ens encantar\u00e0 donar-te la benvinguda a Girona, una ciutat amb encant situada a mig cam\u00ed entre Barcelona i els Pirineus, amb condicions immillorables per a la pr\u00e0ctica del ciclisme. Ens allotjarem al cor del Barri Vell, al mateix hotel on s\u2019han allotjat<strong> molts ciclistes professionals <\/strong>durant les dues darreres d\u00e8cades.<\/p>\n<p>I per completar l\u2019experi\u00e8ncia, et portarem a tastar la millor gastronomia local. Restaurants seleccionats amb cura al llarg de les rutes i sopars relaxats al final del dia s\u00f3n la combinaci\u00f3 perfecta per a unes jornades de ciclisme inoblidables.<\/p>\n<p>&nbsp;<\/p>\n<blockquote><p>\u00abObrim la nostra ciutat per a vosaltres, com vam fer al principi, quan van comen\u00e7ar a arribar els primers professionals. Viatjant amb ells, compartint els llocs que estimem, els nostres costums, la nostra cultura, el nostre estil de vida relaxat i molts restaurants i cafeteries locals&#8230;\u00bb<\/p>\n<p> Ricard Huelamo \u2013 <a href=\"http:\/\/www.clinicarihuma.com\/\">Clinica Rihuma<\/a><\/p><\/blockquote>\n<p>&nbsp;<\/p>\n<p>Durant el tour visitarem pobles i indrets especials: des de la costa rocosa caracter\u00edstica de la Costa Brava fins als <strong>Pirineus, <\/strong>passant pel Mass\u00eds del Montseny i la singular regi\u00f3 volc\u00e0nica de la Garrotxa.<\/p>\n<p>Posa a prova les teves cames a les mateixes pujades on s\u2019entrenen els professionals: Els \u00c0ngels, Sant Hilari, Amer, Sant Grau o el <strong>m\u00edtic Rocacorba<\/strong>. Hi ha tantes opcions que no les podr\u00e0s fer totes en una setmana!<\/p>\n<p>L\u2019itinerari combina etapes de muntanya i rutes m\u00e9s suaus, pensades per millorar la for\u00e7a i la resist\u00e8ncia, Aix\u00f2 permet una bona recuperaci\u00f3 i un rendiment constant durant tots els dies de l&#8217;experi\u00e8ncia. Tots els detalls del Girona Cycling Tour es poden personalitzar segons les teves necessitats.<\/p>\n<h6>Un guia o entrenador experimentat t\u2019acompanyar\u00e0 cada dia, explicant les caracter\u00edstiques, dificultats i curiositats de cada ruta.<\/h6>\n<h6>Una furgoneta de suport amb menjar, beguda, farmaciola i tot el necessari seguir\u00e0 cada recorregut per oferir-te comoditat i seguretat.<\/h6>\n<p>[\/vc_column_text][\/vc_column][\/vc_row][vc_row css=&#8221;.vc_custom_1578067605874{margin-top: 40px !important;margin-bottom: 40px !important;}&#8221;][vc_column][\/vc_column][\/vc_row]<\/p>\n<\/div>","protected":false},"excerpt":{"rendered":"<p>[vc_row][vc_column][rev_slider_vc alias=&#8221;girona&#8221;][\/vc_column][\/vc_row][vc_row css=&#8221;.vc_custom_1544101512496{margin-top: 30px !important;}&#8221;][vc_column][\/vc_column][\/vc_row][vc_row css=&#8221;.vc_custom_1544103354063{margin-top: 20px !important;margin-right: 10px !important;}&#8221;][vc_column width=&#8221;1\/2&#8243;][vc_single_image image=&#8221;33013&#8243; img_size=&#8221;large&#8221; css_animation=&#8221;left-to-right&#8221;][vc_single_image image=&#8221;44552&#8243; img_size=&#8221;large&#8221; css_animation=&#8221;left-to-right&#8221;][vc_single_image image=&#8221;44549&#8243; img_size=&#8221;large&#8221; css_animation=&#8221;left-to-right&#8221;][\/vc_column][vc_column width=&#8221;1\/2&#8243;][vc_column_text] GIRONA CYCLING TOUR El Girona Cycling Tour de Bikecat \u00e9s la teva oportunitat per venir a pedalar al lloc escollit per molts ciclistes professionals, amb el toc que nom\u00e9s els guies locals et poden [&hellip;]<\/p>\n","protected":false},"author":1,"featured_media":0,"parent":0,"menu_order":0,"comment_status":"closed","ping_status":"closed","template":"","meta":{"ngg_post_thumbnail":0,"footnotes":""},"class_list":["post-33421","page","type-page","status-publish","hentry"],"yoast_head":"<!-- This site is optimized with the Yoast SEO Premium plugin v27.2 (Yoast SEO v27.2) - https:\/\/yoast.com\/product\/yoast-seo-premium-wordpress\/ -->\n<title>Girona Cycling Tour - la ruta ins\u00edgnia de Bikecat - pedala amb els locals<\/title>\n<meta name=\"description\" content=\"El Girona Cycling Tour de Bikecat \u00e9s la teva oportunitat per venir a pedalar al lloc escollit per molts ciclistes professionals, amb el toc que nom\u00e9s els guies locals et poden oferir.\" \/>\n<meta name=\"robots\" content=\"index, follow, max-snippet:-1, max-image-preview:large, max-video-preview:-1\" \/>\n<link rel=\"canonical\" href=\"https:\/\/bikecat.com\/ca\/girona-cycling-tour\" \/>\n<meta property=\"og:locale\" content=\"ca_ES\" \/>\n<meta property=\"og:type\" content=\"article\" \/>\n<meta property=\"og:title\" content=\"Girona Cycling Tour\" \/>\n<meta property=\"og:description\" content=\"GIRONA CYCLING TOUR El Girona Cycling Tour de Bikecat \u00e9s la teva oportunitat per venir a pedalar al lloc escollit per molts ciclistes professionals, amb\" \/>\n<meta property=\"og:url\" content=\"https:\/\/bikecat.com\/ca\/girona-cycling-tour\" \/>\n<meta property=\"og:site_name\" content=\"Bikecat\" \/>\n<meta property=\"article:publisher\" content=\"https:\/\/www.facebook.com\/Bikecat.TOURS\/\" \/>\n<meta property=\"article:modified_time\" content=\"2025-11-05T16:11:15+00:00\" \/>\n<meta property=\"og:image\" content=\"https:\/\/bikecat.com\/wp-content\/uploads\/2020\/01\/Bikecat-Girona.jpg\" \/>\n\t<meta property=\"og:image:width\" content=\"975\" \/>\n\t<meta property=\"og:image:height\" content=\"716\" \/>\n\t<meta property=\"og:image:type\" content=\"image\/jpeg\" \/>\n<meta name=\"twitter:card\" content=\"summary_large_image\" \/>\n<meta name=\"twitter:site\" content=\"@bikecatgirona\" \/>\n<meta name=\"twitter:label1\" content=\"Temps estimat de lectura\" \/>\n\t<meta name=\"twitter:data1\" content=\"3 minuts\" \/>\n<script type=\"application\/ld+json\" class=\"yoast-schema-graph\">{\"@context\":\"https:\/\/schema.org\",\"@graph\":[{\"@type\":\"WebPage\",\"@id\":\"https:\/\/bikecat.com\/ca\/girona-cycling-tour\",\"url\":\"https:\/\/bikecat.com\/ca\/girona-cycling-tour\",\"name\":\"Girona Cycling Tour - la ruta ins\u00edgnia de Bikecat - pedala amb els locals\",\"isPartOf\":{\"@id\":\"https:\/\/bikecat.com\/#website\"},\"datePublished\":\"2019-01-24T10:50:10+00:00\",\"dateModified\":\"2025-11-05T16:11:15+00:00\",\"description\":\"El Girona Cycling Tour de Bikecat \u00e9s la teva oportunitat per venir a pedalar al lloc escollit per molts ciclistes professionals, amb el toc que nom\u00e9s els guies locals et poden oferir.\",\"breadcrumb\":{\"@id\":\"https:\/\/bikecat.com\/ca\/girona-cycling-tour#breadcrumb\"},\"inLanguage\":\"ca\",\"potentialAction\":[{\"@type\":\"ReadAction\",\"target\":[\"https:\/\/bikecat.com\/ca\/girona-cycling-tour\"]}]},{\"@type\":\"BreadcrumbList\",\"@id\":\"https:\/\/bikecat.com\/ca\/girona-cycling-tour#breadcrumb\",\"itemListElement\":[{\"@type\":\"ListItem\",\"position\":1,\"name\":\"Portada\",\"item\":\"https:\/\/bikecat.com\/ca\"},{\"@type\":\"ListItem\",\"position\":2,\"name\":\"Girona Cycling Tour\"}]},{\"@type\":\"WebSite\",\"@id\":\"https:\/\/bikecat.com\/#website\",\"url\":\"https:\/\/bikecat.com\/\",\"name\":\"Bikecat\",\"description\":\"Bikecat Custom Cycling Tours  - Unique and Exclusive Custom Cycling Tours\",\"publisher\":{\"@id\":\"https:\/\/bikecat.com\/#organization\"},\"potentialAction\":[{\"@type\":\"SearchAction\",\"target\":{\"@type\":\"EntryPoint\",\"urlTemplate\":\"https:\/\/bikecat.com\/?s={search_term_string}\"},\"query-input\":{\"@type\":\"PropertyValueSpecification\",\"valueRequired\":true,\"valueName\":\"search_term_string\"}}],\"inLanguage\":\"ca\"},{\"@type\":\"Organization\",\"@id\":\"https:\/\/bikecat.com\/#organization\",\"name\":\"Bikecat Cycling Tours\",\"url\":\"https:\/\/bikecat.com\/\",\"logo\":{\"@type\":\"ImageObject\",\"inLanguage\":\"ca\",\"@id\":\"https:\/\/bikecat.com\/#\/schema\/logo\/image\/\",\"url\":\"https:\/\/bikecat.com\/wp-content\/uploads\/2018\/11\/headerlogo-1.png\",\"contentUrl\":\"https:\/\/bikecat.com\/wp-content\/uploads\/2018\/11\/headerlogo-1.png\",\"width\":130,\"height\":55,\"caption\":\"Bikecat Cycling Tours\"},\"image\":{\"@id\":\"https:\/\/bikecat.com\/#\/schema\/logo\/image\/\"},\"sameAs\":[\"https:\/\/www.facebook.com\/Bikecat.TOURS\/\",\"https:\/\/x.com\/bikecatgirona\",\"https:\/\/www.instagram.com\/bikecat_cycling_tours\/\"]}]}<\/script>\n<!-- \/ Yoast SEO Premium plugin. -->","yoast_head_json":{"title":"Girona Cycling Tour - la ruta ins\u00edgnia de Bikecat - pedala amb els locals","description":"El Girona Cycling Tour de Bikecat \u00e9s la teva oportunitat per venir a pedalar al lloc escollit per molts ciclistes professionals, amb el toc que nom\u00e9s els guies locals et poden oferir.","robots":{"index":"index","follow":"follow","max-snippet":"max-snippet:-1","max-image-preview":"max-image-preview:large","max-video-preview":"max-video-preview:-1"},"canonical":"https:\/\/bikecat.com\/ca\/girona-cycling-tour","og_locale":"ca_ES","og_type":"article","og_title":"Girona Cycling Tour","og_description":"GIRONA CYCLING TOUR El Girona Cycling Tour de Bikecat \u00e9s la teva oportunitat per venir a pedalar al lloc escollit per molts ciclistes professionals, amb","og_url":"https:\/\/bikecat.com\/ca\/girona-cycling-tour","og_site_name":"Bikecat","article_publisher":"https:\/\/www.facebook.com\/Bikecat.TOURS\/","article_modified_time":"2025-11-05T16:11:15+00:00","og_image":[{"width":975,"height":716,"url":"https:\/\/bikecat.com\/wp-content\/uploads\/2020\/01\/Bikecat-Girona.jpg","type":"image\/jpeg"}],"twitter_card":"summary_large_image","twitter_site":"@bikecatgirona","twitter_misc":{"Temps estimat de lectura":"3 minuts"},"schema":{"@context":"https:\/\/schema.org","@graph":[{"@type":"WebPage","@id":"https:\/\/bikecat.com\/ca\/girona-cycling-tour","url":"https:\/\/bikecat.com\/ca\/girona-cycling-tour","name":"Girona Cycling Tour - la ruta ins\u00edgnia de Bikecat - pedala amb els locals","isPartOf":{"@id":"https:\/\/bikecat.com\/#website"},"datePublished":"2019-01-24T10:50:10+00:00","dateModified":"2025-11-05T16:11:15+00:00","description":"El Girona Cycling Tour de Bikecat \u00e9s la teva oportunitat per venir a pedalar al lloc escollit per molts ciclistes professionals, amb el toc que nom\u00e9s els guies locals et poden oferir.","breadcrumb":{"@id":"https:\/\/bikecat.com\/ca\/girona-cycling-tour#breadcrumb"},"inLanguage":"ca","potentialAction":[{"@type":"ReadAction","target":["https:\/\/bikecat.com\/ca\/girona-cycling-tour"]}]},{"@type":"BreadcrumbList","@id":"https:\/\/bikecat.com\/ca\/girona-cycling-tour#breadcrumb","itemListElement":[{"@type":"ListItem","position":1,"name":"Portada","item":"https:\/\/bikecat.com\/ca"},{"@type":"ListItem","position":2,"name":"Girona Cycling Tour"}]},{"@type":"WebSite","@id":"https:\/\/bikecat.com\/#website","url":"https:\/\/bikecat.com\/","name":"Bikecat","description":"Bikecat Custom Cycling Tours  - Unique and Exclusive Custom Cycling Tours","publisher":{"@id":"https:\/\/bikecat.com\/#organization"},"potentialAction":[{"@type":"SearchAction","target":{"@type":"EntryPoint","urlTemplate":"https:\/\/bikecat.com\/?s={search_term_string}"},"query-input":{"@type":"PropertyValueSpecification","valueRequired":true,"valueName":"search_term_string"}}],"inLanguage":"ca"},{"@type":"Organization","@id":"https:\/\/bikecat.com\/#organization","name":"Bikecat Cycling Tours","url":"https:\/\/bikecat.com\/","logo":{"@type":"ImageObject","inLanguage":"ca","@id":"https:\/\/bikecat.com\/#\/schema\/logo\/image\/","url":"https:\/\/bikecat.com\/wp-content\/uploads\/2018\/11\/headerlogo-1.png","contentUrl":"https:\/\/bikecat.com\/wp-content\/uploads\/2018\/11\/headerlogo-1.png","width":130,"height":55,"caption":"Bikecat Cycling Tours"},"image":{"@id":"https:\/\/bikecat.com\/#\/schema\/logo\/image\/"},"sameAs":["https:\/\/www.facebook.com\/Bikecat.TOURS\/","https:\/\/x.com\/bikecatgirona","https:\/\/www.instagram.com\/bikecat_cycling_tours\/"]}]}},"_links":{"self":[{"href":"https:\/\/bikecat.com\/ca\/wp-json\/wp\/v2\/pages\/33421","targetHints":{"allow":["GET"]}}],"collection":[{"href":"https:\/\/bikecat.com\/ca\/wp-json\/wp\/v2\/pages"}],"about":[{"href":"https:\/\/bikecat.com\/ca\/wp-json\/wp\/v2\/types\/page"}],"author":[{"embeddable":true,"href":"https:\/\/bikecat.com\/ca\/wp-json\/wp\/v2\/users\/1"}],"replies":[{"embeddable":true,"href":"https:\/\/bikecat.com\/ca\/wp-json\/wp\/v2\/comments?post=33421"}],"version-history":[{"count":7,"href":"https:\/\/bikecat.com\/ca\/wp-json\/wp\/v2\/pages\/33421\/revisions"}],"predecessor-version":[{"id":44557,"href":"https:\/\/bikecat.com\/ca\/wp-json\/wp\/v2\/pages\/33421\/revisions\/44557"}],"wp:attachment":[{"href":"https:\/\/bikecat.com\/ca\/wp-json\/wp\/v2\/media?parent=33421"}],"curies":[{"name":"wp","href":"https:\/\/api.w.org\/{rel}","templated":true}]}}