{"id":33407,"date":"2019-12-05T17:52:32","date_gmt":"2019-12-05T17:52:32","guid":{"rendered":"https:\/\/bikecat.com\/cantabria-and-asturias-cycling-tour"},"modified":"2025-11-07T10:53:50","modified_gmt":"2025-11-07T10:53:50","slug":"cantabria-and-asturias-cycling-tour","status":"publish","type":"page","link":"https:\/\/bikecat.com\/ca\/cantabria-and-asturias-cycling-tour","title":{"rendered":"Volta Ciclista Cant\u00e0bria i Ast\u00faries"},"content":{"rendered":"<div class=\"wpb-content-wrapper\"><p>[vc_row][vc_column][rev_slider_vc alias=&#8221;cantabria&#8221;][\/vc_column][\/vc_row][vc_row css=&#8221;.vc_custom_1575568350047{margin-top: 40px !important;}&#8221;][vc_column][\/vc_column][\/vc_row][vc_row css=&#8221;.vc_custom_1544103354063{margin-top: 20px !important;margin-right: 10px !important;}&#8221;][vc_column width=&#8221;1\/2&#8243;][vc_single_image image=&#8221;44573&#8243; img_size=&#8221;large&#8221; css_animation=&#8221;left-to-right&#8221; css=&#8221;&#8221;][vc_single_image image=&#8221;44576&#8243; img_size=&#8221;large&#8221; css_animation=&#8221;left-to-right&#8221; css=&#8221;&#8221;][\/vc_column][vc_column width=&#8221;1\/2&#8243;][vc_column_text css=&#8221;&#8221;]<\/p>\n<h1><span style=\"color: #d9272e; font-size: 24pt; font-family: Raleway, geneva, sans-serif;\"><strong>CANT\u00c0BRIA i AST\u00daRIES&nbsp;<\/strong><\/span><\/h1>\n<p>Hi ha moments en qu\u00e8 somiem pedalant per carreteres que pugen i baixen entre muntanyes infinites, cobertes d\u2019herba tendra i boscos exuberants.<\/p>\n<p>Els ciclistes escriuen les seves gestes als seus ports m\u00e9s exigents, esfor\u00e7os que mereixen ser recordats. Quan <strong>La Vuelta a Espa\u00f1a<\/strong> arriba a aquestes terres, l\u2019espectacle est\u00e0 assegurat. <\/p>\n<p>Volem dur-te a descobrir els paisatges fascinants de Cant\u00e0bria i Ast\u00faries, escenari d\u2019algunes de les <strong>ascensions m\u00e9s llegend\u00e0ries<\/strong> de La Vuelta.<\/p>\n<p>Des dels prats &#8220;pasiegos&#8221;, al sud de Santander, travessarem els Picos de Europa fins arribar als llacs de Covadonga i acabarem a Gij\u00f3n, a la vora del mar Cant\u00e0bric.<\/p>\n<p>Coronar els cims i contemplar les vistes majestuoses de les muntanyes que ens envolten \u00e9s la millor recompensa a l\u2019esfor\u00e7.<\/p>\n<p>La tranquil\u00b7litat d\u2019aquestes carreteres secund\u00e0ries, que dibuixen un itinerari ple d\u2019encant al nord-oest d\u2019Espanya, combinada amb allotjaments selectes i una gastronomia rica i generosa, fan d\u2019aquesta ruta una <strong>experi\u00e8ncia imprescindible<\/strong> per a qualsevol amant del ciclisme.<\/p>\n<p>&nbsp;[\/vc_column_text][\/vc_column][\/vc_row][vc_row css=&#8221;.vc_custom_1578068921004{margin-top: 40px !important;margin-bottom: 40px !important;}&#8221;][vc_column][\/vc_column][\/vc_row]<\/p>\n<\/div>","protected":false},"excerpt":{"rendered":"<p>[vc_row][vc_column][rev_slider_vc alias=&#8221;cantabria&#8221;][\/vc_column][\/vc_row][vc_row css=&#8221;.vc_custom_1575568350047{margin-top: 40px !important;}&#8221;][vc_column][\/vc_column][\/vc_row][vc_row css=&#8221;.vc_custom_1544103354063{margin-top: 20px !important;margin-right: 10px !important;}&#8221;][vc_column width=&#8221;1\/2&#8243;][vc_single_image image=&#8221;44573&#8243; img_size=&#8221;large&#8221; css_animation=&#8221;left-to-right&#8221; css=&#8221;&#8221;][vc_single_image image=&#8221;44576&#8243; img_size=&#8221;large&#8221; css_animation=&#8221;left-to-right&#8221; css=&#8221;&#8221;][\/vc_column][vc_column width=&#8221;1\/2&#8243;][vc_column_text css=&#8221;&#8221;] CANT\u00c0BRIA i AST\u00daRIES&nbsp; Hi ha moments en qu\u00e8 somiem pedalant per carreteres que pugen i baixen entre muntanyes infinites, cobertes d\u2019herba tendra i boscos exuberants. Els ciclistes escriuen les seves gestes als seus ports [&hellip;]<\/p>\n","protected":false},"author":1,"featured_media":0,"parent":0,"menu_order":0,"comment_status":"closed","ping_status":"closed","template":"","meta":{"ngg_post_thumbnail":0,"footnotes":""},"class_list":["post-33407","page","type-page","status-publish","hentry"],"yoast_head":"<!-- This site is optimized with the Yoast SEO Premium plugin v27.2 (Yoast SEO v27.2) - https:\/\/yoast.com\/product\/yoast-seo-premium-wordpress\/ -->\n<title>Volta Ciclista Cant\u00e0bria i Ast\u00faries - Bikecat Tours en bicicleta personalitzats<\/title>\n<meta name=\"description\" content=\"Gaudeix del tour per Cant\u00e0bria i Ast\u00faries de Bikecat. Descobreix paisatges de Cant\u00e0bria i Ast\u00faries, , escenari d\u2019algunes de les ascensions m\u00e9s llegend\u00e0ries de La Vuelta.\" \/>\n<meta name=\"robots\" content=\"index, follow, max-snippet:-1, max-image-preview:large, max-video-preview:-1\" \/>\n<link rel=\"canonical\" href=\"https:\/\/bikecat.com\/ca\/cantabria-and-asturias-cycling-tour\" \/>\n<meta property=\"og:locale\" content=\"ca_ES\" \/>\n<meta property=\"og:type\" content=\"article\" \/>\n<meta property=\"og:title\" content=\"Volta Ciclista Cant\u00e0bria i Ast\u00faries\" \/>\n<meta property=\"og:description\" content=\"CANT\u00c0BRIA i AST\u00daRIES&nbsp; Hi ha moments en qu\u00e8 somiem pedalant per carreteres que pugen i baixen entre muntanyes infinites, cobertes d\u2019herba tendra i\" \/>\n<meta property=\"og:url\" content=\"https:\/\/bikecat.com\/ca\/cantabria-and-asturias-cycling-tour\" \/>\n<meta property=\"og:site_name\" content=\"Bikecat\" \/>\n<meta property=\"article:publisher\" content=\"https:\/\/www.facebook.com\/Bikecat.TOURS\/\" \/>\n<meta property=\"article:modified_time\" content=\"2025-11-07T10:53:50+00:00\" \/>\n<meta property=\"og:image\" content=\"https:\/\/bikecat.com\/wp-content\/uploads\/2019\/12\/Logo-Bikecat-Cycling-Tours.jpg\" \/>\n\t<meta property=\"og:image:width\" content=\"591\" \/>\n\t<meta property=\"og:image:height\" content=\"354\" \/>\n\t<meta property=\"og:image:type\" content=\"image\/jpeg\" \/>\n<meta name=\"twitter:card\" content=\"summary_large_image\" \/>\n<meta name=\"twitter:site\" content=\"@bikecatgirona\" \/>\n<meta name=\"twitter:label1\" content=\"Temps estimat de lectura\" \/>\n\t<meta name=\"twitter:data1\" content=\"1 minut\" \/>\n<script type=\"application\/ld+json\" class=\"yoast-schema-graph\">{\"@context\":\"https:\/\/schema.org\",\"@graph\":[{\"@type\":\"WebPage\",\"@id\":\"https:\/\/bikecat.com\/ca\/cantabria-and-asturias-cycling-tour\",\"url\":\"https:\/\/bikecat.com\/ca\/cantabria-and-asturias-cycling-tour\",\"name\":\"Volta Ciclista Cant\u00e0bria i Ast\u00faries - Bikecat Tours en bicicleta personalitzats\",\"isPartOf\":{\"@id\":\"https:\/\/bikecat.com\/#website\"},\"datePublished\":\"2019-12-05T17:52:32+00:00\",\"dateModified\":\"2025-11-07T10:53:50+00:00\",\"description\":\"Gaudeix del tour per Cant\u00e0bria i Ast\u00faries de Bikecat. Descobreix paisatges de Cant\u00e0bria i Ast\u00faries, , escenari d\u2019algunes de les ascensions m\u00e9s llegend\u00e0ries de La Vuelta.\",\"breadcrumb\":{\"@id\":\"https:\/\/bikecat.com\/ca\/cantabria-and-asturias-cycling-tour#breadcrumb\"},\"inLanguage\":\"ca\",\"potentialAction\":[{\"@type\":\"ReadAction\",\"target\":[\"https:\/\/bikecat.com\/ca\/cantabria-and-asturias-cycling-tour\"]}]},{\"@type\":\"BreadcrumbList\",\"@id\":\"https:\/\/bikecat.com\/ca\/cantabria-and-asturias-cycling-tour#breadcrumb\",\"itemListElement\":[{\"@type\":\"ListItem\",\"position\":1,\"name\":\"Portada\",\"item\":\"https:\/\/bikecat.com\/ca\"},{\"@type\":\"ListItem\",\"position\":2,\"name\":\"Volta Ciclista Cant\u00e0bria i Ast\u00faries\"}]},{\"@type\":\"WebSite\",\"@id\":\"https:\/\/bikecat.com\/#website\",\"url\":\"https:\/\/bikecat.com\/\",\"name\":\"Bikecat\",\"description\":\"Bikecat Custom Cycling Tours  - Unique and Exclusive Custom Cycling Tours\",\"publisher\":{\"@id\":\"https:\/\/bikecat.com\/#organization\"},\"potentialAction\":[{\"@type\":\"SearchAction\",\"target\":{\"@type\":\"EntryPoint\",\"urlTemplate\":\"https:\/\/bikecat.com\/?s={search_term_string}\"},\"query-input\":{\"@type\":\"PropertyValueSpecification\",\"valueRequired\":true,\"valueName\":\"search_term_string\"}}],\"inLanguage\":\"ca\"},{\"@type\":\"Organization\",\"@id\":\"https:\/\/bikecat.com\/#organization\",\"name\":\"Bikecat Cycling Tours\",\"url\":\"https:\/\/bikecat.com\/\",\"logo\":{\"@type\":\"ImageObject\",\"inLanguage\":\"ca\",\"@id\":\"https:\/\/bikecat.com\/#\/schema\/logo\/image\/\",\"url\":\"https:\/\/bikecat.com\/wp-content\/uploads\/2018\/11\/headerlogo-1.png\",\"contentUrl\":\"https:\/\/bikecat.com\/wp-content\/uploads\/2018\/11\/headerlogo-1.png\",\"width\":130,\"height\":55,\"caption\":\"Bikecat Cycling Tours\"},\"image\":{\"@id\":\"https:\/\/bikecat.com\/#\/schema\/logo\/image\/\"},\"sameAs\":[\"https:\/\/www.facebook.com\/Bikecat.TOURS\/\",\"https:\/\/x.com\/bikecatgirona\",\"https:\/\/www.instagram.com\/bikecat_cycling_tours\/\"]}]}<\/script>\n<!-- \/ Yoast SEO Premium plugin. -->","yoast_head_json":{"title":"Volta Ciclista Cant\u00e0bria i Ast\u00faries - Bikecat Tours en bicicleta personalitzats","description":"Gaudeix del tour per Cant\u00e0bria i Ast\u00faries de Bikecat. Descobreix paisatges de Cant\u00e0bria i Ast\u00faries, , escenari d\u2019algunes de les ascensions m\u00e9s llegend\u00e0ries de La Vuelta.","robots":{"index":"index","follow":"follow","max-snippet":"max-snippet:-1","max-image-preview":"max-image-preview:large","max-video-preview":"max-video-preview:-1"},"canonical":"https:\/\/bikecat.com\/ca\/cantabria-and-asturias-cycling-tour","og_locale":"ca_ES","og_type":"article","og_title":"Volta Ciclista Cant\u00e0bria i Ast\u00faries","og_description":"CANT\u00c0BRIA i AST\u00daRIES&nbsp; Hi ha moments en qu\u00e8 somiem pedalant per carreteres que pugen i baixen entre muntanyes infinites, cobertes d\u2019herba tendra i","og_url":"https:\/\/bikecat.com\/ca\/cantabria-and-asturias-cycling-tour","og_site_name":"Bikecat","article_publisher":"https:\/\/www.facebook.com\/Bikecat.TOURS\/","article_modified_time":"2025-11-07T10:53:50+00:00","og_image":[{"width":591,"height":354,"url":"https:\/\/bikecat.com\/wp-content\/uploads\/2019\/12\/Logo-Bikecat-Cycling-Tours.jpg","type":"image\/jpeg"}],"twitter_card":"summary_large_image","twitter_site":"@bikecatgirona","twitter_misc":{"Temps estimat de lectura":"1 minut"},"schema":{"@context":"https:\/\/schema.org","@graph":[{"@type":"WebPage","@id":"https:\/\/bikecat.com\/ca\/cantabria-and-asturias-cycling-tour","url":"https:\/\/bikecat.com\/ca\/cantabria-and-asturias-cycling-tour","name":"Volta Ciclista Cant\u00e0bria i Ast\u00faries - Bikecat Tours en bicicleta personalitzats","isPartOf":{"@id":"https:\/\/bikecat.com\/#website"},"datePublished":"2019-12-05T17:52:32+00:00","dateModified":"2025-11-07T10:53:50+00:00","description":"Gaudeix del tour per Cant\u00e0bria i Ast\u00faries de Bikecat. Descobreix paisatges de Cant\u00e0bria i Ast\u00faries, , escenari d\u2019algunes de les ascensions m\u00e9s llegend\u00e0ries de La Vuelta.","breadcrumb":{"@id":"https:\/\/bikecat.com\/ca\/cantabria-and-asturias-cycling-tour#breadcrumb"},"inLanguage":"ca","potentialAction":[{"@type":"ReadAction","target":["https:\/\/bikecat.com\/ca\/cantabria-and-asturias-cycling-tour"]}]},{"@type":"BreadcrumbList","@id":"https:\/\/bikecat.com\/ca\/cantabria-and-asturias-cycling-tour#breadcrumb","itemListElement":[{"@type":"ListItem","position":1,"name":"Portada","item":"https:\/\/bikecat.com\/ca"},{"@type":"ListItem","position":2,"name":"Volta Ciclista Cant\u00e0bria i Ast\u00faries"}]},{"@type":"WebSite","@id":"https:\/\/bikecat.com\/#website","url":"https:\/\/bikecat.com\/","name":"Bikecat","description":"Bikecat Custom Cycling Tours  - Unique and Exclusive Custom Cycling Tours","publisher":{"@id":"https:\/\/bikecat.com\/#organization"},"potentialAction":[{"@type":"SearchAction","target":{"@type":"EntryPoint","urlTemplate":"https:\/\/bikecat.com\/?s={search_term_string}"},"query-input":{"@type":"PropertyValueSpecification","valueRequired":true,"valueName":"search_term_string"}}],"inLanguage":"ca"},{"@type":"Organization","@id":"https:\/\/bikecat.com\/#organization","name":"Bikecat Cycling Tours","url":"https:\/\/bikecat.com\/","logo":{"@type":"ImageObject","inLanguage":"ca","@id":"https:\/\/bikecat.com\/#\/schema\/logo\/image\/","url":"https:\/\/bikecat.com\/wp-content\/uploads\/2018\/11\/headerlogo-1.png","contentUrl":"https:\/\/bikecat.com\/wp-content\/uploads\/2018\/11\/headerlogo-1.png","width":130,"height":55,"caption":"Bikecat Cycling Tours"},"image":{"@id":"https:\/\/bikecat.com\/#\/schema\/logo\/image\/"},"sameAs":["https:\/\/www.facebook.com\/Bikecat.TOURS\/","https:\/\/x.com\/bikecatgirona","https:\/\/www.instagram.com\/bikecat_cycling_tours\/"]}]}},"_links":{"self":[{"href":"https:\/\/bikecat.com\/ca\/wp-json\/wp\/v2\/pages\/33407","targetHints":{"allow":["GET"]}}],"collection":[{"href":"https:\/\/bikecat.com\/ca\/wp-json\/wp\/v2\/pages"}],"about":[{"href":"https:\/\/bikecat.com\/ca\/wp-json\/wp\/v2\/types\/page"}],"author":[{"embeddable":true,"href":"https:\/\/bikecat.com\/ca\/wp-json\/wp\/v2\/users\/1"}],"replies":[{"embeddable":true,"href":"https:\/\/bikecat.com\/ca\/wp-json\/wp\/v2\/comments?post=33407"}],"version-history":[{"count":4,"href":"https:\/\/bikecat.com\/ca\/wp-json\/wp\/v2\/pages\/33407\/revisions"}],"predecessor-version":[{"id":44582,"href":"https:\/\/bikecat.com\/ca\/wp-json\/wp\/v2\/pages\/33407\/revisions\/44582"}],"wp:attachment":[{"href":"https:\/\/bikecat.com\/ca\/wp-json\/wp\/v2\/media?parent=33407"}],"curies":[{"name":"wp","href":"https:\/\/api.w.org\/{rel}","templated":true}]}}