{"id":33393,"date":"2018-11-27T15:09:11","date_gmt":"2018-11-27T15:09:11","guid":{"rendered":"https:\/\/bikecat.com\/bikecat-cycling-tours"},"modified":"2025-02-26T07:49:24","modified_gmt":"2025-02-26T07:49:24","slug":"bikecat-cycling-tours","status":"publish","type":"page","link":"https:\/\/bikecat.com\/ca\/bikecat-cycling-tours","title":{"rendered":"Bikecat Rutes en Bicicleta"},"content":{"rendered":"<div class=\"wpb-content-wrapper\"><p>[vc_row full_width=&#8221;stretch_row&#8221; css=&#8221;.vc_custom_1637172659585{padding-bottom: 20px !important;}&#8221;][vc_column][vc_column_text]\n\t\t\t\t<p class=\"rs-p-wp-fix\"><\/p>\n\t\t\t\t<sr7-module data-alias=\"tours\" data-id=\"2\" id=\"SR7_2_1\" class=\"rs-ov-hidden\" data-version=\"6.7.51\">\n\t\t\t\t\t<sr7-adjuster><\/sr7-adjuster>\n\t\t\t\t\t<sr7-content>\n\t\t\t\t\t\t<sr7-slide id=\"SR7_2_1-2\" data-key=\"2\">\n\t\t\t\t\t\t\t<sr7-bg id=\"SR7_2_1-2-4\" class=\"sr7-layer\"><noscript><img decoding=\"async\" src=\"https:\/\/bikecat.com\/wp-content\/uploads\/2020\/01\/Bikecat-Luxury-Custom-Cycling-Tours.jpg\" alt=\"Bikecat Luxury support - Custom Cycling Tours\" title=\"Bikecat-Luxury-Custom-Cycling-Tours\"><\/noscript><\/sr7-bg>\n\t\t\t\t\t\t\t<sr7-txt id=\"SR7_2_1-2-1\" class=\"sr7-layer\">TOURS<\/sr7-txt>\n\t\t\t\t\t\t<\/sr7-slide>\n\t\t\t\t\t\t<sr7-slide id=\"SR7_2_1-1\" data-key=\"1\">\n\t\t\t\t\t\t\t<sr7-bg id=\"SR7_2_1-1-4\" class=\"sr7-layer\"><noscript><img decoding=\"async\" src=\"https:\/\/bikecat.com\/wp-content\/uploads\/2020\/01\/Bikecat-Cuisine-2.jpg\" alt=\"Fine dining experiences with Bikecat Cycling Tours\" title=\"Bikecat-Cuisine-2\"><\/noscript><\/sr7-bg>\n\t\t\t\t\t\t\t<sr7-txt id=\"SR7_2_1-1-1\" class=\"sr7-layer\">TOURS<\/sr7-txt>\n\t\t\t\t\t\t<\/sr7-slide>\n\t\t\t\t\t\t<sr7-slide id=\"SR7_2_1-3\" data-key=\"3\">\n\t\t\t\t\t\t\t<sr7-bg id=\"SR7_2_1-3-4\" class=\"sr7-layer\"><noscript><img decoding=\"async\" src=\"https:\/\/bikecat.com\/wp-content\/uploads\/2020\/01\/Bikecat-Trans-Pyrenees-Cycling-Tours.jpg\" alt=\"Amazing Tranquil Roads and Backroads\" title=\"Bikecat-Trans-Pyrenees-Cycling-Tours\"><\/noscript><\/sr7-bg>\n\t\t\t\t\t\t\t<sr7-txt id=\"SR7_2_1-3-1\" class=\"sr7-layer\">TOURS<\/sr7-txt>\n\t\t\t\t\t\t<\/sr7-slide>\n\t\t\t\t\t\t<sr7-slide id=\"SR7_2_1-4\" data-key=\"4\">\n\t\t\t\t\t\t\t<sr7-bg id=\"SR7_2_1-4-4\" class=\"sr7-layer\"><noscript><img decoding=\"async\" src=\"https:\/\/bikecat.com\/wp-content\/uploads\/2020\/01\/Bikecat-Local-Guides-in-Girona.jpg\" alt=\"Bikecat Professional Local guides in Girona\" title=\"Bikecat-Local-Guides-in-Girona\"><\/noscript><\/sr7-bg>\n\t\t\t\t\t\t\t<sr7-txt id=\"SR7_2_1-4-1\" class=\"sr7-layer\">TOURS<\/sr7-txt>\n\t\t\t\t\t\t<\/sr7-slide>\n\t\t\t\t\t\t<sr7-slide id=\"SR7_2_1-7\" data-key=\"7\">\n\t\t\t\t\t\t\t<sr7-bg id=\"SR7_2_1-7-4\" class=\"sr7-layer\"><noscript><img decoding=\"async\" src=\"https:\/\/bikecat.com\/wp-content\/uploads\/2020\/01\/Bikecat-headquarters.jpg\" alt=\"Bikecat Cycling in Girona Bike Shop\" title=\"Bikecat-headquarters\"><\/noscript><\/sr7-bg>\n\t\t\t\t\t\t\t<sr7-txt id=\"SR7_2_1-7-1\" class=\"sr7-layer\">TOURS<\/sr7-txt>\n\t\t\t\t\t\t<\/sr7-slide>\n\t\t\t\t\t\t<sr7-slide id=\"SR7_2_1-5\" data-key=\"5\">\n\t\t\t\t\t\t\t<sr7-bg id=\"SR7_2_1-5-4\" class=\"sr7-layer\"><noscript><img decoding=\"async\" src=\"https:\/\/bikecat.com\/wp-content\/uploads\/2020\/01\/Bikecat-Custom-cycling-tours-friendship.jpg\" alt=\"Friendship - riding with friends\" title=\"Bikecat-Custom-cycling-tours-friendship\"><\/noscript><\/sr7-bg>\n\t\t\t\t\t\t\t<sr7-txt id=\"SR7_2_1-5-1\" class=\"sr7-layer\">TOURS<\/sr7-txt>\n\t\t\t\t\t\t<\/sr7-slide>\n\t\t\t\t\t\t<sr7-slide id=\"SR7_2_1-8\" data-key=\"8\">\n\t\t\t\t\t\t\t<sr7-bg id=\"SR7_2_1-8-4\" class=\"sr7-layer\"><noscript><img decoding=\"async\" src=\"https:\/\/bikecat.com\/wp-content\/uploads\/2020\/01\/Bikecat-Accommodation-2.jpg\" alt=\"Boutique Hotels and Luxury Villas\" title=\"Bikecat-Accommodation-2\"><\/noscript><\/sr7-bg>\n\t\t\t\t\t\t\t<sr7-txt id=\"SR7_2_1-8-1\" class=\"sr7-layer\">TOURS<\/sr7-txt>\n\t\t\t\t\t\t<\/sr7-slide>\n\t\t\t\t\t\t<sr7-slide id=\"SR7_2_1-6\" data-key=\"6\">\n\t\t\t\t\t\t\t<sr7-bg id=\"SR7_2_1-6-4\" class=\"sr7-layer\"><noscript><img decoding=\"async\" src=\"https:\/\/bikecat.com\/wp-content\/uploads\/2020\/01\/Bikecat-Girona-Cycling-Tour-43.jpg\" alt=\"\" title=\"Bikecat Cycling Tour Photography\"><\/noscript><\/sr7-bg>\n\t\t\t\t\t\t\t<sr7-txt id=\"SR7_2_1-6-1\" class=\"sr7-layer\">TOURS<\/sr7-txt>\n\t\t\t\t\t\t<\/sr7-slide>\n\t\t\t\t\t\t<sr7-slide id=\"SR7_2_1-190\" data-key=\"190\">\n\t\t\t\t\t\t<\/sr7-slide>\n\t\t\t\t\t<\/sr7-content>\n\t\t\t\t\t<image_lists style=\"display:none\">\n\t\t\t\t\t\t<img data-src=\"\/\/bikecat.com\/wp-content\/uploads\/2020\/01\/Bikecat-Cuisine-2.jpg\" width=\"0\" height=\"0\" data-dbsrc=\"Ly9iaWtlY2F0LmNvbS93cC1jb250ZW50L3VwbG9hZHMvMjAyMC8wMS9CaWtlY2F0LUN1aXNpbmUtMi5qcGc=\"\/>\n\t\t\t\t\t\t<img data-src=\"\/\/bikecat.com\/wp-content\/uploads\/2020\/01\/Bikecat-Luxury-Custom-Cycling-Tours.jpg\" width=\"0\" height=\"0\" data-dbsrc=\"Ly9iaWtlY2F0LmNvbS93cC1jb250ZW50L3VwbG9hZHMvMjAyMC8wMS9CaWtlY2F0LUx1eHVyeS1DdXN0b20tQ3ljbGluZy1Ub3Vycy5qcGc=\"\/>\n\t\t\t\t\t\t<img data-src=\"\/\/bikecat.com\/wp-content\/uploads\/2020\/01\/Bikecat-Trans-Pyrenees-Cycling-Tours.jpg\" width=\"0\" height=\"0\" data-dbsrc=\"Ly9iaWtlY2F0LmNvbS93cC1jb250ZW50L3VwbG9hZHMvMjAyMC8wMS9CaWtlY2F0LVRyYW5zLVB5cmVuZWVzLUN5Y2xpbmctVG91cnMuanBn\"\/>\n\t\t\t\t\t\t<img data-src=\"\/\/bikecat.com\/wp-content\/uploads\/2020\/01\/Bikecat-Local-Guides-in-Girona.jpg\" width=\"0\" height=\"0\" data-dbsrc=\"Ly9iaWtlY2F0LmNvbS93cC1jb250ZW50L3VwbG9hZHMvMjAyMC8wMS9CaWtlY2F0LUxvY2FsLUd1aWRlcy1pbi1HaXJvbmEuanBn\"\/>\n\t\t\t\t\t\t<img data-src=\"\/\/bikecat.com\/wp-content\/uploads\/2020\/01\/Bikecat-Custom-cycling-tours-friendship.jpg\" width=\"0\" height=\"0\" data-dbsrc=\"Ly9iaWtlY2F0LmNvbS93cC1jb250ZW50L3VwbG9hZHMvMjAyMC8wMS9CaWtlY2F0LUN1c3RvbS1jeWNsaW5nLXRvdXJzLWZyaWVuZHNoaXAuanBn\"\/>\n\t\t\t\t\t\t<img data-src=\"\/\/bikecat.com\/wp-content\/uploads\/2020\/01\/Bikecat-Girona-Cycling-Tour-43.jpg\" width=\"0\" height=\"0\" data-dbsrc=\"Ly9iaWtlY2F0LmNvbS93cC1jb250ZW50L3VwbG9hZHMvMjAyMC8wMS9CaWtlY2F0LUdpcm9uYS1DeWNsaW5nLVRvdXItNDMuanBn\"\/>\n\t\t\t\t\t\t<img data-src=\"\/\/bikecat.com\/wp-content\/uploads\/2020\/01\/Bikecat-headquarters.jpg\" width=\"0\" height=\"0\" data-dbsrc=\"Ly9iaWtlY2F0LmNvbS93cC1jb250ZW50L3VwbG9hZHMvMjAyMC8wMS9CaWtlY2F0LWhlYWRxdWFydGVycy5qcGc=\"\/>\n\t\t\t\t\t\t<img data-src=\"\/\/bikecat.com\/wp-content\/uploads\/2020\/01\/Bikecat-Accommodation-2.jpg\" width=\"0\" height=\"0\" data-dbsrc=\"Ly9iaWtlY2F0LmNvbS93cC1jb250ZW50L3VwbG9hZHMvMjAyMC8wMS9CaWtlY2F0LUFjY29tbW9kYXRpb24tMi5qcGc=\"\/>\n\t\t\t\t\t<\/image_lists>\n\t\t\t\t<\/sr7-module>\n\t\t\t\t<script>\n\t\t\t\t\twindow.SR7 ??={};SR7.PMH ??={}; SR7.PMH[\"SR7_2_1\"] = {cn:100,state:false,fn: function() { if (window._tpt!==undefined && window._tpt.prepareModuleHeight !== undefined) {  _tpt.prepareModuleHeight({id:\"SR7_2_1\",type:'standard',shdw:'0',gh:[500,500,413,314,194],gw:[1240,1240,1024,778,480],vpt:['-200px'],size:{fullWidth:true, fullHeight:false},mh:'0',onh:0,onw:0,bg:{color:'{\"type\":\"solid\",\"orig\":\"rgba(0, 0, 0, 0)\",\"string\":\"rgba(0, 0, 0, 0)\"}'},plType:'2',plColor:'#FFFFFF'});   SR7.PMH[\"SR7_2_1\"].state=true;} else if(SR7.PMH[\"SR7_2_1\"].cn-->0)\tsetTimeout( SR7.PMH[\"SR7_2_1\"].fn,19);}};SR7.PMH[\"SR7_2_1\" ].fn();\n\t\t\t\t<\/script>\n[\/vc_column_text][\/vc_column][\/vc_row][vc_row css=&#8221;.vc_custom_1543611730396{padding-bottom: 20px !important;}&#8221;][vc_column css=&#8221;.vc_custom_1543633263586{margin-top: 0px !important;border-top-width: 0px !important;padding-top: 0px !important;}&#8221;][\/vc_column][\/vc_row][vc_row css=&#8221;.vc_custom_1544101463741{margin-top: 30px !important;}&#8221;][vc_column][\/vc_column][\/vc_row][vc_row css=&#8221;.vc_custom_1544028814689{margin-right: 10px !important;}&#8221;][vc_column width=&#8221;1\/2&#8243;][vc_single_image image=&#8221;3249&#8243; img_size=&#8221;large&#8221;][\/vc_column][vc_column width=&#8221;1\/2&#8243;][vc_column_text css=&#8221;&#8221;]<\/p>\n<h1><span style=\"color: #d9272e;\"><strong>Bikecat Rutes en Bicicleta<\/strong><\/span><\/h1>\n<p><strong>Bikecat<\/strong> ofereix tours de ciclisme \u00fanics i personalitzats per a entusiastes de la bicicleta, equips, clubs i grups d\u00b4amics amants d\u00b4aquest esport i l\u00b4entorn m\u00e0gic que envolta aquest esport.<\/p>\n<p>Des del 2005, Bikecat \u00e9s el pioner de les rutes i vacances amb bicicleta a Girona amb guies locals. Al llarg dels anys hem anat ampliant les rutes per cobrir m\u00e9s territori i seguim oferint noves destinacions pel vostre proper viatge.<\/p>\n<p>Proporcionem un servei d&#8217;alta qualitat i treballem de valent per oferir-te la millor experi\u00e8ncia de viatge i ciclisme. No nom\u00e9s gaudireu d&#8217;algunes de les millors rutes del m\u00f3n, sin\u00f3 que tamb\u00e9 us sentireu part de la nostra fam\u00edlia i amics. Compartirem amb tu el millor del nostre pa\u00eds i et deixarem amb ganes de tornar a aquest \u00fanic i especial dest\u00ed que \u00e9s casa nostra.<\/p>\n<p>Les excursions amb bicicleta que realitzem no tenen similars, ja que prestem especial atenci\u00f3 a la planificaci\u00f3 de cada detall del seu viatge, atenent les vostres necessitats i adaptant els recorreguts i restaurants, aix\u00ed com hotels i activitats complement\u00e0ries.<\/p>\n<p>Viatjareu amb <strong><a href=\"https:\/\/bikecat.com\/ca\/about-bikecat\">guies locals<\/a><\/strong> i professionals, al costat d&#8217;ells descobrireu belles carreteres secund\u00e0ries, degustareu la m\u00e9s exquisida cuina regional i us relaxar\u00e0 als luxosos hotels seleccionats per al vostre recorregut \u00fanic.<\/p>\n<p>Us garantim que us emportareu molts i bons records del vostre viatge, de la gent que coneixereu i dels sopars que celebrem i, per descomptat, de la fotografia de Bikecat.&nbsp;<strong><a href=\"https:\/\/bikecat.com\/ca\/bikecat-photography-gallery\">Fotografia de Bikecat.<\/a><\/strong> Ens encarregarem de capturar la bellesa de tots aquells moments que ben segur voldreu compartir amb amics i familiars en el seu retorn a casa.<\/p>\n<p>&nbsp;<\/p>\n<p><span style=\"font-size: 14pt;\"><em><strong>Cada viatge amb bicicleta Bikecat \u00e9s diferent, \u00fanic i especial, \u00e9s per a tu.<\/strong><\/em><\/span><\/p>\n<p>&nbsp;<\/p>\n<p>Estem orgullosos d&#8217;oferir-vos una <strong>emocionant llista de destinacions<\/strong> que segur que portaran el vostre ciclisme a un altre nivell.<\/p>\n<p>Trieu una de les destinacions seg\u00fcents i nosaltres ens encarregarem d&#8217;ajudar-vos a decidir les etapes i de preparar el vostre llibre de ruta amb mapes detallats, perfils, punts destacats de les rutes i espectaculars fotografies. Cada detall del tour s&#8217;adapta a les vostres necessitats.<\/p>\n<h6><a href=\"https:\/\/bikecat.com\/girona\">Girona<\/a><\/h6>\n<h6><a href=\"https:\/\/bikecat.com\/ca\/priorat-wine-tour\">Ruta del Vi del Priorat<\/a><\/h6>\n<h6><a href=\"https:\/\/bikecat.com\/trans-pyrenees\">TRANS-PIRINEUS<\/a><\/h6>\n<h6><a href=\"https:\/\/bikecat.com\/ca\/the-conan-tour\">EL TOUR DE CONAN<\/a><\/h6>\n<h6><a href=\"https:\/\/bikecat.com\/cantabria-asturias-cycling-tour\">CANT\u00c0BRIA I AST\u00daRIES<\/a><\/h6>\n<h6><a href=\"https:\/\/bikecat.com\/sud-de-france\">SUD DE FRAN\u00c7A<\/a><\/h6>\n<h6><a href=\"https:\/\/bikecat.com\/ca\/gravel\">RUTA GRAVEL A GIRONA<\/a><\/h6>\n<h6><a href=\"https:\/\/bikecat.com\/best-of-girona\">PIRINEUS A COSTA BRAVA<\/a><\/h6>\n<h6><a href=\"https:\/\/bikecat.com\/costa-brava-dali\">Costa Brava &#8211; Dali<\/a><\/h6>\n<h6><a href=\"https:\/\/bikecat.com\/ca\/senegal_experience\">Experi\u00e8ncia al Senegal amb Bicicletes Sense Fronteres<\/a><\/h6>\n<h6><a href=\"https:\/\/bikecat.com\/ca\/mallorca_cycling_tour\">Mallorca Cycling Tour<\/a><\/h6>\n<p>[\/vc_column_text][vc_separator color=&#8221;black&#8221; style=&#8221;dotted&#8221;][vc_column_text]<strong>Activitats per a acompanyants:<\/strong><\/p>\n<p>Porta la teva fam\u00edlia o la teva parella i vindran a gaudir de les vistes espectaculars d&#8217;aquesta terra sense necessitat de pedalejar. Els portarem a la Costa Brava, Barcelona, pobles hist\u00f2rics i molt m\u00e9s. Al final del dia es reuniran amb la fam\u00edlia per gaudir de les seves vacances i del bon menjar i vins de la zona.[\/vc_column_text][\/vc_column][\/vc_row][vc_row css=&#8221;.vc_custom_1575569528151{margin-top: 40px !important;}&#8221;][vc_column][\/vc_column][\/vc_row]<\/p>\n<\/div>","protected":false},"excerpt":{"rendered":"<p>[vc_row full_width=&#8221;stretch_row&#8221; css=&#8221;.vc_custom_1637172659585{padding-bottom: 20px !important;}&#8221;][vc_column][vc_column_text][\/vc_column_text][\/vc_column][\/vc_row][vc_row css=&#8221;.vc_custom_1543611730396{padding-bottom: 20px !important;}&#8221;][vc_column css=&#8221;.vc_custom_1543633263586{margin-top: 0px !important;border-top-width: 0px !important;padding-top: 0px !important;}&#8221;][\/vc_column][\/vc_row][vc_row css=&#8221;.vc_custom_1544101463741{margin-top: 30px !important;}&#8221;][vc_column][\/vc_column][\/vc_row][vc_row css=&#8221;.vc_custom_1544028814689{margin-right: 10px !important;}&#8221;][vc_column width=&#8221;1\/2&#8243;][vc_single_image image=&#8221;3249&#8243; img_size=&#8221;large&#8221;][\/vc_column][vc_column width=&#8221;1\/2&#8243;][vc_column_text css=&#8221;&#8221;] Bikecat Rutes en Bicicleta Bikecat ofereix tours de ciclisme \u00fanics i personalitzats per a entusiastes de la bicicleta, equips, clubs i grups d\u00b4amics amants d\u00b4aquest esport i l\u00b4entorn m\u00e0gic [&hellip;]<\/p>\n","protected":false},"author":1,"featured_media":0,"parent":0,"menu_order":0,"comment_status":"closed","ping_status":"closed","template":"","meta":{"ngg_post_thumbnail":0,"footnotes":""},"class_list":["post-33393","page","type-page","status-publish","hentry"],"yoast_head":"<!-- This site is optimized with the Yoast SEO Premium plugin v27.2 (Yoast SEO v27.2) - https:\/\/yoast.com\/product\/yoast-seo-premium-wordpress\/ -->\n<title>Bikecat Cycling Tours: excursions en bicicleta personalitzades \u00faniques<\/title>\n<meta name=\"description\" content=\"Bikecat ofereix excursions en bicicleta personalitzades \u00faniques per als amants de la bicicleta. Passeja amb guies locals, descobreix camins secundaris incre\u00efbles i gaudeix d&#039;un menjar i hotels exquisits\" \/>\n<meta name=\"robots\" content=\"index, follow, max-snippet:-1, max-image-preview:large, max-video-preview:-1\" \/>\n<link rel=\"canonical\" href=\"https:\/\/bikecat.com\/ca\/bikecat-cycling-tours\" \/>\n<meta property=\"og:locale\" content=\"ca_ES\" \/>\n<meta property=\"og:type\" content=\"article\" \/>\n<meta property=\"og:title\" content=\"Bikecat Rutes en Bicicleta\" \/>\n<meta property=\"og:description\" content=\"Bikecat Rutes en Bicicleta Bikecat ofereix tours de ciclisme \u00fanics i personalitzats per a entusiastes de la bicicleta, equips, clubs i grups d\u00b4amics\" \/>\n<meta property=\"og:url\" content=\"https:\/\/bikecat.com\/ca\/bikecat-cycling-tours\" \/>\n<meta property=\"og:site_name\" content=\"Bikecat\" \/>\n<meta property=\"article:publisher\" content=\"https:\/\/www.facebook.com\/Bikecat.TOURS\/\" \/>\n<meta property=\"article:modified_time\" content=\"2025-02-26T07:49:24+00:00\" \/>\n<meta property=\"og:image\" content=\"https:\/\/bikecat.com\/wp-content\/uploads\/2020\/01\/Bikecat-Girona-Cycling-Tour-43.jpg\" \/>\n\t<meta property=\"og:image:width\" content=\"1920\" \/>\n\t<meta property=\"og:image:height\" content=\"576\" \/>\n\t<meta property=\"og:image:type\" content=\"image\/jpeg\" \/>\n<meta name=\"twitter:card\" content=\"summary_large_image\" \/>\n<meta name=\"twitter:site\" content=\"@bikecatgirona\" \/>\n<meta name=\"twitter:label1\" content=\"Temps estimat de lectura\" \/>\n\t<meta name=\"twitter:data1\" content=\"3 minuts\" \/>\n<script type=\"application\/ld+json\" class=\"yoast-schema-graph\">{\"@context\":\"https:\/\/schema.org\",\"@graph\":[{\"@type\":\"WebPage\",\"@id\":\"https:\/\/bikecat.com\/ca\/bikecat-cycling-tours\",\"url\":\"https:\/\/bikecat.com\/ca\/bikecat-cycling-tours\",\"name\":\"Bikecat Cycling Tours: excursions en bicicleta personalitzades \u00faniques\",\"isPartOf\":{\"@id\":\"https:\/\/bikecat.com\/#website\"},\"datePublished\":\"2018-11-27T15:09:11+00:00\",\"dateModified\":\"2025-02-26T07:49:24+00:00\",\"description\":\"Bikecat ofereix excursions en bicicleta personalitzades \u00faniques per als amants de la bicicleta. Passeja amb guies locals, descobreix camins secundaris incre\u00efbles i gaudeix d'un menjar i hotels exquisits\",\"breadcrumb\":{\"@id\":\"https:\/\/bikecat.com\/ca\/bikecat-cycling-tours#breadcrumb\"},\"inLanguage\":\"ca\",\"potentialAction\":[{\"@type\":\"ReadAction\",\"target\":[\"https:\/\/bikecat.com\/ca\/bikecat-cycling-tours\"]}]},{\"@type\":\"BreadcrumbList\",\"@id\":\"https:\/\/bikecat.com\/ca\/bikecat-cycling-tours#breadcrumb\",\"itemListElement\":[{\"@type\":\"ListItem\",\"position\":1,\"name\":\"Portada\",\"item\":\"https:\/\/bikecat.com\/ca\"},{\"@type\":\"ListItem\",\"position\":2,\"name\":\"Bikecat Rutes en Bicicleta\"}]},{\"@type\":\"WebSite\",\"@id\":\"https:\/\/bikecat.com\/#website\",\"url\":\"https:\/\/bikecat.com\/\",\"name\":\"Bikecat\",\"description\":\"Bikecat Custom Cycling Tours  - Unique and Exclusive Custom Cycling Tours\",\"publisher\":{\"@id\":\"https:\/\/bikecat.com\/#organization\"},\"potentialAction\":[{\"@type\":\"SearchAction\",\"target\":{\"@type\":\"EntryPoint\",\"urlTemplate\":\"https:\/\/bikecat.com\/?s={search_term_string}\"},\"query-input\":{\"@type\":\"PropertyValueSpecification\",\"valueRequired\":true,\"valueName\":\"search_term_string\"}}],\"inLanguage\":\"ca\"},{\"@type\":\"Organization\",\"@id\":\"https:\/\/bikecat.com\/#organization\",\"name\":\"Bikecat Cycling Tours\",\"url\":\"https:\/\/bikecat.com\/\",\"logo\":{\"@type\":\"ImageObject\",\"inLanguage\":\"ca\",\"@id\":\"https:\/\/bikecat.com\/#\/schema\/logo\/image\/\",\"url\":\"https:\/\/bikecat.com\/wp-content\/uploads\/2018\/11\/headerlogo-1.png\",\"contentUrl\":\"https:\/\/bikecat.com\/wp-content\/uploads\/2018\/11\/headerlogo-1.png\",\"width\":130,\"height\":55,\"caption\":\"Bikecat Cycling Tours\"},\"image\":{\"@id\":\"https:\/\/bikecat.com\/#\/schema\/logo\/image\/\"},\"sameAs\":[\"https:\/\/www.facebook.com\/Bikecat.TOURS\/\",\"https:\/\/x.com\/bikecatgirona\",\"https:\/\/www.instagram.com\/bikecat_cycling_tours\/\"]}]}<\/script>\n<!-- \/ Yoast SEO Premium plugin. -->","yoast_head_json":{"title":"Bikecat Cycling Tours: excursions en bicicleta personalitzades \u00faniques","description":"Bikecat ofereix excursions en bicicleta personalitzades \u00faniques per als amants de la bicicleta. Passeja amb guies locals, descobreix camins secundaris incre\u00efbles i gaudeix d'un menjar i hotels exquisits","robots":{"index":"index","follow":"follow","max-snippet":"max-snippet:-1","max-image-preview":"max-image-preview:large","max-video-preview":"max-video-preview:-1"},"canonical":"https:\/\/bikecat.com\/ca\/bikecat-cycling-tours","og_locale":"ca_ES","og_type":"article","og_title":"Bikecat Rutes en Bicicleta","og_description":"Bikecat Rutes en Bicicleta Bikecat ofereix tours de ciclisme \u00fanics i personalitzats per a entusiastes de la bicicleta, equips, clubs i grups d\u00b4amics","og_url":"https:\/\/bikecat.com\/ca\/bikecat-cycling-tours","og_site_name":"Bikecat","article_publisher":"https:\/\/www.facebook.com\/Bikecat.TOURS\/","article_modified_time":"2025-02-26T07:49:24+00:00","og_image":[{"width":1920,"height":576,"url":"https:\/\/bikecat.com\/wp-content\/uploads\/2020\/01\/Bikecat-Girona-Cycling-Tour-43.jpg","type":"image\/jpeg"}],"twitter_card":"summary_large_image","twitter_site":"@bikecatgirona","twitter_misc":{"Temps estimat de lectura":"3 minuts"},"schema":{"@context":"https:\/\/schema.org","@graph":[{"@type":"WebPage","@id":"https:\/\/bikecat.com\/ca\/bikecat-cycling-tours","url":"https:\/\/bikecat.com\/ca\/bikecat-cycling-tours","name":"Bikecat Cycling Tours: excursions en bicicleta personalitzades \u00faniques","isPartOf":{"@id":"https:\/\/bikecat.com\/#website"},"datePublished":"2018-11-27T15:09:11+00:00","dateModified":"2025-02-26T07:49:24+00:00","description":"Bikecat ofereix excursions en bicicleta personalitzades \u00faniques per als amants de la bicicleta. Passeja amb guies locals, descobreix camins secundaris incre\u00efbles i gaudeix d'un menjar i hotels exquisits","breadcrumb":{"@id":"https:\/\/bikecat.com\/ca\/bikecat-cycling-tours#breadcrumb"},"inLanguage":"ca","potentialAction":[{"@type":"ReadAction","target":["https:\/\/bikecat.com\/ca\/bikecat-cycling-tours"]}]},{"@type":"BreadcrumbList","@id":"https:\/\/bikecat.com\/ca\/bikecat-cycling-tours#breadcrumb","itemListElement":[{"@type":"ListItem","position":1,"name":"Portada","item":"https:\/\/bikecat.com\/ca"},{"@type":"ListItem","position":2,"name":"Bikecat Rutes en Bicicleta"}]},{"@type":"WebSite","@id":"https:\/\/bikecat.com\/#website","url":"https:\/\/bikecat.com\/","name":"Bikecat","description":"Bikecat Custom Cycling Tours  - Unique and Exclusive Custom Cycling Tours","publisher":{"@id":"https:\/\/bikecat.com\/#organization"},"potentialAction":[{"@type":"SearchAction","target":{"@type":"EntryPoint","urlTemplate":"https:\/\/bikecat.com\/?s={search_term_string}"},"query-input":{"@type":"PropertyValueSpecification","valueRequired":true,"valueName":"search_term_string"}}],"inLanguage":"ca"},{"@type":"Organization","@id":"https:\/\/bikecat.com\/#organization","name":"Bikecat Cycling Tours","url":"https:\/\/bikecat.com\/","logo":{"@type":"ImageObject","inLanguage":"ca","@id":"https:\/\/bikecat.com\/#\/schema\/logo\/image\/","url":"https:\/\/bikecat.com\/wp-content\/uploads\/2018\/11\/headerlogo-1.png","contentUrl":"https:\/\/bikecat.com\/wp-content\/uploads\/2018\/11\/headerlogo-1.png","width":130,"height":55,"caption":"Bikecat Cycling Tours"},"image":{"@id":"https:\/\/bikecat.com\/#\/schema\/logo\/image\/"},"sameAs":["https:\/\/www.facebook.com\/Bikecat.TOURS\/","https:\/\/x.com\/bikecatgirona","https:\/\/www.instagram.com\/bikecat_cycling_tours\/"]}]}},"_links":{"self":[{"href":"https:\/\/bikecat.com\/ca\/wp-json\/wp\/v2\/pages\/33393","targetHints":{"allow":["GET"]}}],"collection":[{"href":"https:\/\/bikecat.com\/ca\/wp-json\/wp\/v2\/pages"}],"about":[{"href":"https:\/\/bikecat.com\/ca\/wp-json\/wp\/v2\/types\/page"}],"author":[{"embeddable":true,"href":"https:\/\/bikecat.com\/ca\/wp-json\/wp\/v2\/users\/1"}],"replies":[{"embeddable":true,"href":"https:\/\/bikecat.com\/ca\/wp-json\/wp\/v2\/comments?post=33393"}],"version-history":[{"count":0,"href":"https:\/\/bikecat.com\/ca\/wp-json\/wp\/v2\/pages\/33393\/revisions"}],"wp:attachment":[{"href":"https:\/\/bikecat.com\/ca\/wp-json\/wp\/v2\/media?parent=33393"}],"curies":[{"name":"wp","href":"https:\/\/api.w.org\/{rel}","templated":true}]}}