{"id":33327,"date":"2019-12-05T17:53:47","date_gmt":"2019-12-05T17:53:47","guid":{"rendered":"https:\/\/bikecat.com\/sud-de-france-cycling-tour"},"modified":"2025-11-25T11:17:22","modified_gmt":"2025-11-25T11:17:22","slug":"sud-de-france-cycling-tour","status":"publish","type":"page","link":"https:\/\/bikecat.com\/ca\/sud-de-france-cycling-tour","title":{"rendered":"Sud de France Cycling Tour"},"content":{"rendered":"<div class=\"wpb-content-wrapper\"><p>[vc_row][vc_column][rev_slider_vc alias=&#8221;france&#8221;][\/vc_column][\/vc_row][vc_row css=&#8221;.vc_custom_1575568424509{margin-top: 40px !important;}&#8221;][vc_column][\/vc_column][\/vc_row][vc_row css=&#8221;.vc_custom_1544103354063{margin-top: 20px !important;margin-right: 10px !important;}&#8221;][vc_column width=&#8221;1\/2&#8243;][vc_single_image image=&#8221;32859&#8243; img_size=&#8221;large&#8221; css_animation=&#8221;left-to-right&#8221;][\/vc_column][vc_column width=&#8221;1\/2&#8243;][vc_column_text css=&#8221;&#8221;]<\/p>\n<h1><span style=\"color: #d9272e; font-size: 24pt; font-family: Raleway, geneva, sans-serif;\"><strong>SUD DE FRANCE CYCLING TOUR<\/strong><\/span><\/h1>\n<p>Descobreix el sud de Fran\u00e7a amb Bikecat: des d&#8217;ascensos incre\u00efbles als Pirineus i l&#8217;hist\u00f2ric poble fortificat de Carcassona, fins al pintoresc poble mediterrani de Cotlliure.<\/p>\n<p style=\"text-align: left;\"><span style=\"font-size: 14pt;\"><b><i>\u201cPetits saveurs de La France\u201d<\/i><\/b><\/span><\/p>\n<p>Comencem el Sud de France Cycling Tour allotjant-nos a la vila termal d\u2019Ax-les-Thermes, situada a la vall d\u2019Ax, al costat del riu Ari\u00e8ge, a la regi\u00f3 del Migdia-Pirineus.<\/p>\n<p>Des d\u2019Ax podem accedir a diversos <strong>ascensos llegendaris<\/strong> del <a href=\"https:\/\/www.letour.fr\/en\/\">Tour de France<\/a>: Plateau de Beille, Pahli\u00e8res, Ax-3-Domaines, Col de Puymorens o Col de Chioula.<\/p>\n<p>Gaudir\u00e0s de carreteres secund\u00e0ries tranquil\u00b7les i de petits pobles coronats amb castells dalt de turons mentre pedales pel paisatge campestre i les vinyes del Llenguadoc-Rossell\u00f3 de cam\u00ed cap al nostre proper hotel a <strong>Carcassona.<\/strong> Visita una mostra del punt \u00e0lgid del per\u00edode medieval a la fortalesa que s\u2019al\u00e7a sobre la ciutat.  La ciutat fortificada de Carcassona \u00e9s <strong>Patrimoni Mundial de la UNESCO<\/strong>.<\/p>\n<p>De cam\u00ed cap a la costa, passarem per imponents castells c\u00e0tars, les impressionants Gorges de Galamus i l\u2019encantadora ciutat de Ceret, famosa per les cireres i la seva atmosfera bohemia.<\/p>\n<p>En arribar al Mediterrani, ens relaxarem al poble art\u00edstic i \u00fanic de <strong>Cotlliure<\/strong>, amb les seves cases de colors pastel i les aig\u00fces turqueses.<\/p>\n<p>Durant el tour podr\u00e0s degustar la coneguda pastisseria francesa, fruita de temporada i una cuina i vins deliciosos.<\/p>\n<p>El Sud de France Cycling Tour \u00e9s un viatge dissenyat a mida per a tu i el teu grup.<\/p>\n<p><strong>Per m\u00e9s informaci\u00f3,<\/strong><br \/>\n<strong>posa&#8217;t en contacte amb nosaltres a <a href=\"mailto:info@bikecat.com\">info@bikecat.com<\/a>&nbsp;o trucant al +34 639 82 92 72 \u200b<\/strong>[\/vc_column_text][\/vc_column][\/vc_row][vc_row css=&#8221;.vc_custom_1578069102309{margin-top: 40px !important;margin-bottom: 40px !important;}&#8221;][vc_column][\/vc_column][\/vc_row]<\/p>\n<\/div>","protected":false},"excerpt":{"rendered":"<p>[vc_row][vc_column][rev_slider_vc alias=&#8221;france&#8221;][\/vc_column][\/vc_row][vc_row css=&#8221;.vc_custom_1575568424509{margin-top: 40px !important;}&#8221;][vc_column][\/vc_column][\/vc_row][vc_row css=&#8221;.vc_custom_1544103354063{margin-top: 20px !important;margin-right: 10px !important;}&#8221;][vc_column width=&#8221;1\/2&#8243;][vc_single_image image=&#8221;32859&#8243; img_size=&#8221;large&#8221; css_animation=&#8221;left-to-right&#8221;][\/vc_column][vc_column width=&#8221;1\/2&#8243;][vc_column_text css=&#8221;&#8221;] SUD DE FRANCE CYCLING TOUR Descobreix el sud de Fran\u00e7a amb Bikecat: des d&#8217;ascensos incre\u00efbles als Pirineus i l&#8217;hist\u00f2ric poble fortificat de Carcassona, fins al pintoresc poble mediterrani de Cotlliure. \u201cPetits saveurs de La France\u201d Comencem el Sud de [&hellip;]<\/p>\n","protected":false},"author":1,"featured_media":0,"parent":0,"menu_order":0,"comment_status":"closed","ping_status":"closed","template":"","meta":{"ngg_post_thumbnail":0,"footnotes":""},"class_list":["post-33327","page","type-page","status-publish","hentry"],"yoast_head":"<!-- This site is optimized with the Yoast SEO Premium plugin v27.2 (Yoast SEO v27.2) - https:\/\/yoast.com\/product\/yoast-seo-premium-wordpress\/ -->\n<title>Sud de France Cycling Tour | Dels Pirineus al Mediterrani<\/title>\n<meta name=\"description\" content=\"Descobreix el Sud de France Cycling Tour: ascensos als Pirineus, Carcassona medieval i l\u2019encant mediterrani de Cotlliure.\" \/>\n<meta name=\"robots\" content=\"index, follow, max-snippet:-1, max-image-preview:large, max-video-preview:-1\" \/>\n<link rel=\"canonical\" href=\"https:\/\/bikecat.com\/ca\/sud-de-france-cycling-tour\" \/>\n<meta property=\"og:locale\" content=\"ca_ES\" \/>\n<meta property=\"og:type\" content=\"article\" \/>\n<meta property=\"og:title\" content=\"Sud de France Cycling Tour\" \/>\n<meta property=\"og:description\" content=\"SUD DE FRANCE CYCLING TOUR Descobreix el sud de Fran\u00e7a amb Bikecat: des d&#039;ascensos incre\u00efbles als Pirineus i l&#039;hist\u00f2ric poble fortificat de Carcassona,\" \/>\n<meta property=\"og:url\" content=\"https:\/\/bikecat.com\/ca\/sud-de-france-cycling-tour\" \/>\n<meta property=\"og:site_name\" content=\"Bikecat\" \/>\n<meta property=\"article:publisher\" content=\"https:\/\/www.facebook.com\/Bikecat.TOURS\/\" \/>\n<meta property=\"article:modified_time\" content=\"2025-11-25T11:17:22+00:00\" \/>\n<meta property=\"og:image\" content=\"https:\/\/bikecat.com\/wp-content\/uploads\/2019\/12\/Bikecat-Sud-de-France-Cycling-Tour-5.jpg\" \/>\n\t<meta property=\"og:image:width\" content=\"1920\" \/>\n\t<meta property=\"og:image:height\" content=\"576\" \/>\n\t<meta property=\"og:image:type\" content=\"image\/jpeg\" \/>\n<meta name=\"twitter:card\" content=\"summary_large_image\" \/>\n<meta name=\"twitter:site\" content=\"@bikecatgirona\" \/>\n<meta name=\"twitter:label1\" content=\"Temps estimat de lectura\" \/>\n\t<meta name=\"twitter:data1\" content=\"2 minuts\" \/>\n<script type=\"application\/ld+json\" class=\"yoast-schema-graph\">{\"@context\":\"https:\/\/schema.org\",\"@graph\":[{\"@type\":\"WebPage\",\"@id\":\"https:\/\/bikecat.com\/ca\/sud-de-france-cycling-tour\",\"url\":\"https:\/\/bikecat.com\/ca\/sud-de-france-cycling-tour\",\"name\":\"Sud de France Cycling Tour | Dels Pirineus al Mediterrani\",\"isPartOf\":{\"@id\":\"https:\/\/bikecat.com\/#website\"},\"datePublished\":\"2019-12-05T17:53:47+00:00\",\"dateModified\":\"2025-11-25T11:17:22+00:00\",\"description\":\"Descobreix el Sud de France Cycling Tour: ascensos als Pirineus, Carcassona medieval i l\u2019encant mediterrani de Cotlliure.\",\"breadcrumb\":{\"@id\":\"https:\/\/bikecat.com\/ca\/sud-de-france-cycling-tour#breadcrumb\"},\"inLanguage\":\"ca\",\"potentialAction\":[{\"@type\":\"ReadAction\",\"target\":[\"https:\/\/bikecat.com\/ca\/sud-de-france-cycling-tour\"]}]},{\"@type\":\"BreadcrumbList\",\"@id\":\"https:\/\/bikecat.com\/ca\/sud-de-france-cycling-tour#breadcrumb\",\"itemListElement\":[{\"@type\":\"ListItem\",\"position\":1,\"name\":\"Portada\",\"item\":\"https:\/\/bikecat.com\/ca\"},{\"@type\":\"ListItem\",\"position\":2,\"name\":\"Sud de France Cycling Tour\"}]},{\"@type\":\"WebSite\",\"@id\":\"https:\/\/bikecat.com\/#website\",\"url\":\"https:\/\/bikecat.com\/\",\"name\":\"Bikecat\",\"description\":\"Bikecat Custom Cycling Tours  - Unique and Exclusive Custom Cycling Tours\",\"publisher\":{\"@id\":\"https:\/\/bikecat.com\/#organization\"},\"potentialAction\":[{\"@type\":\"SearchAction\",\"target\":{\"@type\":\"EntryPoint\",\"urlTemplate\":\"https:\/\/bikecat.com\/?s={search_term_string}\"},\"query-input\":{\"@type\":\"PropertyValueSpecification\",\"valueRequired\":true,\"valueName\":\"search_term_string\"}}],\"inLanguage\":\"ca\"},{\"@type\":\"Organization\",\"@id\":\"https:\/\/bikecat.com\/#organization\",\"name\":\"Bikecat Cycling Tours\",\"url\":\"https:\/\/bikecat.com\/\",\"logo\":{\"@type\":\"ImageObject\",\"inLanguage\":\"ca\",\"@id\":\"https:\/\/bikecat.com\/#\/schema\/logo\/image\/\",\"url\":\"https:\/\/bikecat.com\/wp-content\/uploads\/2018\/11\/headerlogo-1.png\",\"contentUrl\":\"https:\/\/bikecat.com\/wp-content\/uploads\/2018\/11\/headerlogo-1.png\",\"width\":130,\"height\":55,\"caption\":\"Bikecat Cycling Tours\"},\"image\":{\"@id\":\"https:\/\/bikecat.com\/#\/schema\/logo\/image\/\"},\"sameAs\":[\"https:\/\/www.facebook.com\/Bikecat.TOURS\/\",\"https:\/\/x.com\/bikecatgirona\",\"https:\/\/www.instagram.com\/bikecat_cycling_tours\/\"]}]}<\/script>\n<!-- \/ Yoast SEO Premium plugin. -->","yoast_head_json":{"title":"Sud de France Cycling Tour | Dels Pirineus al Mediterrani","description":"Descobreix el Sud de France Cycling Tour: ascensos als Pirineus, Carcassona medieval i l\u2019encant mediterrani de Cotlliure.","robots":{"index":"index","follow":"follow","max-snippet":"max-snippet:-1","max-image-preview":"max-image-preview:large","max-video-preview":"max-video-preview:-1"},"canonical":"https:\/\/bikecat.com\/ca\/sud-de-france-cycling-tour","og_locale":"ca_ES","og_type":"article","og_title":"Sud de France Cycling Tour","og_description":"SUD DE FRANCE CYCLING TOUR Descobreix el sud de Fran\u00e7a amb Bikecat: des d'ascensos incre\u00efbles als Pirineus i l'hist\u00f2ric poble fortificat de Carcassona,","og_url":"https:\/\/bikecat.com\/ca\/sud-de-france-cycling-tour","og_site_name":"Bikecat","article_publisher":"https:\/\/www.facebook.com\/Bikecat.TOURS\/","article_modified_time":"2025-11-25T11:17:22+00:00","og_image":[{"width":1920,"height":576,"url":"https:\/\/bikecat.com\/wp-content\/uploads\/2019\/12\/Bikecat-Sud-de-France-Cycling-Tour-5.jpg","type":"image\/jpeg"}],"twitter_card":"summary_large_image","twitter_site":"@bikecatgirona","twitter_misc":{"Temps estimat de lectura":"2 minuts"},"schema":{"@context":"https:\/\/schema.org","@graph":[{"@type":"WebPage","@id":"https:\/\/bikecat.com\/ca\/sud-de-france-cycling-tour","url":"https:\/\/bikecat.com\/ca\/sud-de-france-cycling-tour","name":"Sud de France Cycling Tour | Dels Pirineus al Mediterrani","isPartOf":{"@id":"https:\/\/bikecat.com\/#website"},"datePublished":"2019-12-05T17:53:47+00:00","dateModified":"2025-11-25T11:17:22+00:00","description":"Descobreix el Sud de France Cycling Tour: ascensos als Pirineus, Carcassona medieval i l\u2019encant mediterrani de Cotlliure.","breadcrumb":{"@id":"https:\/\/bikecat.com\/ca\/sud-de-france-cycling-tour#breadcrumb"},"inLanguage":"ca","potentialAction":[{"@type":"ReadAction","target":["https:\/\/bikecat.com\/ca\/sud-de-france-cycling-tour"]}]},{"@type":"BreadcrumbList","@id":"https:\/\/bikecat.com\/ca\/sud-de-france-cycling-tour#breadcrumb","itemListElement":[{"@type":"ListItem","position":1,"name":"Portada","item":"https:\/\/bikecat.com\/ca"},{"@type":"ListItem","position":2,"name":"Sud de France Cycling Tour"}]},{"@type":"WebSite","@id":"https:\/\/bikecat.com\/#website","url":"https:\/\/bikecat.com\/","name":"Bikecat","description":"Bikecat Custom Cycling Tours  - Unique and Exclusive Custom Cycling Tours","publisher":{"@id":"https:\/\/bikecat.com\/#organization"},"potentialAction":[{"@type":"SearchAction","target":{"@type":"EntryPoint","urlTemplate":"https:\/\/bikecat.com\/?s={search_term_string}"},"query-input":{"@type":"PropertyValueSpecification","valueRequired":true,"valueName":"search_term_string"}}],"inLanguage":"ca"},{"@type":"Organization","@id":"https:\/\/bikecat.com\/#organization","name":"Bikecat Cycling Tours","url":"https:\/\/bikecat.com\/","logo":{"@type":"ImageObject","inLanguage":"ca","@id":"https:\/\/bikecat.com\/#\/schema\/logo\/image\/","url":"https:\/\/bikecat.com\/wp-content\/uploads\/2018\/11\/headerlogo-1.png","contentUrl":"https:\/\/bikecat.com\/wp-content\/uploads\/2018\/11\/headerlogo-1.png","width":130,"height":55,"caption":"Bikecat Cycling Tours"},"image":{"@id":"https:\/\/bikecat.com\/#\/schema\/logo\/image\/"},"sameAs":["https:\/\/www.facebook.com\/Bikecat.TOURS\/","https:\/\/x.com\/bikecatgirona","https:\/\/www.instagram.com\/bikecat_cycling_tours\/"]}]}},"_links":{"self":[{"href":"https:\/\/bikecat.com\/ca\/wp-json\/wp\/v2\/pages\/33327","targetHints":{"allow":["GET"]}}],"collection":[{"href":"https:\/\/bikecat.com\/ca\/wp-json\/wp\/v2\/pages"}],"about":[{"href":"https:\/\/bikecat.com\/ca\/wp-json\/wp\/v2\/types\/page"}],"author":[{"embeddable":true,"href":"https:\/\/bikecat.com\/ca\/wp-json\/wp\/v2\/users\/1"}],"replies":[{"embeddable":true,"href":"https:\/\/bikecat.com\/ca\/wp-json\/wp\/v2\/comments?post=33327"}],"version-history":[{"count":6,"href":"https:\/\/bikecat.com\/ca\/wp-json\/wp\/v2\/pages\/33327\/revisions"}],"predecessor-version":[{"id":44728,"href":"https:\/\/bikecat.com\/ca\/wp-json\/wp\/v2\/pages\/33327\/revisions\/44728"}],"wp:attachment":[{"href":"https:\/\/bikecat.com\/ca\/wp-json\/wp\/v2\/media?parent=33327"}],"curies":[{"name":"wp","href":"https:\/\/api.w.org\/{rel}","templated":true}]}}