{"id":33319,"date":"2019-01-24T11:22:52","date_gmt":"2019-01-24T11:22:52","guid":{"rendered":"https:\/\/bikecat.com\/priorat-wine-tour"},"modified":"2025-11-18T12:26:33","modified_gmt":"2025-11-18T12:26:33","slug":"priorat-wine-tour","status":"publish","type":"page","link":"https:\/\/bikecat.com\/ca\/priorat-wine-tour","title":{"rendered":"Ruta del Vi del Priorat"},"content":{"rendered":"<div class=\"wpb-content-wrapper\"><p>[vc_row][vc_column][rev_slider_vc alias=&#8221;priorat&#8221;][\/vc_column][\/vc_row][vc_row css=&#8221;.vc_custom_1575567660075{margin-top: 40px !important;}&#8221;][vc_column][\/vc_column][\/vc_row][vc_row css=&#8221;.vc_custom_1544103354063{margin-top: 20px !important;margin-right: 10px !important;}&#8221;][vc_column width=&#8221;1\/2&#8243;][vc_single_image image=&#8221;32819&#8243; img_size=&#8221;large&#8221; css_animation=&#8221;left-to-right&#8221;][\/vc_column][vc_column width=&#8221;1\/2&#8243;][vc_column_text css=&#8221;&#8221;]<\/p>\n<h1><span style=\"color: #d9272e; font-size: 24pt; font-family: Raleway, geneva, sans-serif;\"><strong>PRIORAT&nbsp;<\/strong><\/span><span style=\"color: #d9272e; font-size: 24pt; font-family: Raleway, geneva, sans-serif;\"><strong>WINE TOUR<br \/>\n<\/strong><\/span><\/h1>\n<p>Bikecat et proposa un tour en bicicleta molt especial per Catalunya amb el que descobrir\u00e0s alguns dels millors cellers d\u2019Espanya.<br \/>\n&nbsp;<br \/>\nT&#8217;introduiras en aquest m\u00f3n guiat per experts i elaboradors locals, tot gaudint del confort dels teus hotels i de la costa Mediterr\u00e0nia mentre et portem a visitar quatre de les regions vin\u00edcoles m\u00e9s destacades del pa\u00eds: les D.O. <strong>PRIORAT, MONTSANT, PENED\u00c8S i CAVA<\/strong>. Un recorregut per descobrir paisatges espectaculars, gastronomia d\u2019alt nivell i la cultura catalana.<br \/>\n&nbsp;<br \/>\nHem preparat un viatge de 8 dies \/ 7 nits i 6 jornades de ciclisme. Et recollirem a Barcelona i et traslladarem fins a Falset, on passarem tres nits per explorar les meravelloses zones del Priorat i el Montsant. Aprendrem com s\u2019elabora el vi en aquesta petita regi\u00f3 i tastarem algunes de les seves refer\u00e8ncies m\u00e9s reconegudes.  <\/p>\n<p>La seg\u00fcent parada ser\u00e0 La Selva del Camp, on ens allotjarem en un hotel de luxe i visitarem Monestir de Poblet. Descobrir\u00e0s les fant\u00e0stiques Muntanyes de Prades i moltes de les sorpreses que amaguen.<\/p>\n<p>Despr\u00e9s pedalarem fins a la nostra \u00faltima destinaci\u00f3, a tocar del mar: Sitges, un poble pescador animat i pintoresc que ser\u00e0 la base per explorar les regions ve\u00efnes del Pened\u00e8s i del Cava. Ens esperen recorreguts a trav\u00e9s dels extensos camps de vinya i la visita a algun dels seus cellers. <\/p>\n<p align=\"justify\">Per completar l\u2019experi\u00e8ncia, hem incl\u00f2s els cl\u00e0ssics de Bikecat: restaurants seleccionats amb cura al llarg de la ruta perqu\u00e8 gaudeixis de la combinaci\u00f3 perfecta de ciclisme, vi i gastronomia.<\/p>\n<p>[\/vc_column_text][\/vc_column][\/vc_row][vc_row css=&#8221;.vc_custom_1544103354063{margin-top: 20px !important;margin-right: 10px !important;}&#8221;][vc_column width=&#8221;1\/2&#8243;][vc_single_image image=&#8221;33015&#8243; img_size=&#8221;large&#8221; css_animation=&#8221;left-to-right&#8221;][\/vc_column][vc_column width=&#8221;1\/2&#8243;][vc_column_text css=&#8221;&#8221;]<\/p>\n<h4 align=\"justify\"><span style=\"color: #d9272e;\"><strong>LES RUTES<\/strong><\/span><\/h4>\n<p><em>Des de petit, els monestirs de <strong><a href=\"https:\/\/www.larutadelcister.info\/en\">La Ruta del Cister<\/a><\/strong> i les serres del Montsant i Prades han despertat la meva imaginaci\u00f3.<br \/>\nm sentia com un explorador quan descobria aquests indrets m\u00e0gics despr\u00e9s de travessar boscos i muntanyes verges. <\/em><br \/>\n<em>&nbsp;<\/em><br \/>\n<em>Anys m\u00e9s tard, l\u2019inter\u00e8s creixent pel m\u00f3n del vi ens hi va fer tornar. El fet d&#8217;haver entrenat i competit en aquesta zona va fer que combinar el ciclisme amb la descoberta d&#8217;aquests tresors fos un pas inevitable. <\/em><\/p>\n<p><em>Aix\u00ed que hem creat aquest tour, pensat tant per ciclistes com per amants del vi. Uneix-t&#8217;hi amb amics o en grup per viure una experi\u00e8ncia realment \u00fanica. <\/em><\/p>\n<p><em>Durant el Priorat Wine Tour, comen\u00e7arem amb rutes exigents pels pendents pronunciats de les zones vin\u00edcoles del Montsant i el Priorat. Les seves carreteres remotes ens obriran la porta a l\u2019aventura, i els pobles i monestirs del cam\u00ed revelaran la rica hist\u00f2ria d\u2019aquest territori. Els seus turons salvatges i el seu paisatge abrupte ens explicaran, a la seva manera, la hist\u00f2ria del seu vi.  <\/em><\/p>\n<p><em>Acabarem el viatge a la <strong>costa Mediterr\u00e0nia<\/strong>, pedalant entre les vinyes infinites de terra endins, on s\u2019elabora el Cava. Visitarem algunes de les caves i cellers m\u00e9s emblem\u00e0tics del Pened\u00e8s.<\/em><\/p>\n<p align=\"justify\">&nbsp;<\/p>\n<p style=\"text-align: right;\"><em>Jaume Cabruja<\/em><\/p>\n<p>[\/vc_column_text][\/vc_column][\/vc_row][vc_row css=&#8221;.vc_custom_1544103354063{margin-top: 20px !important;margin-right: 10px !important;}&#8221;][vc_column width=&#8221;1\/2&#8243;][vc_single_image image=&#8221;32821&#8243; img_size=&#8221;large&#8221; css_animation=&#8221;left-to-right&#8221;][\/vc_column][vc_column width=&#8221;1\/2&#8243;][vc_column_text css=&#8221;&#8221;]<\/p>\n<h4><span style=\"color: #d9272e;\"><strong>EL VI<\/strong><\/span><\/h4>\n<p>El vi es cultiva en aquesta regi\u00f3 des de temps preromans i ha sobreviscut a invasions b\u00e0rbares, al domini musulm\u00e0 i fins i tot a la plaga de la fil\u00b7loxera del segle XIX.<\/p>\n<p>Ara que el reconeixement internacional arriba a aquests pobles tradicionalment tranquils, tens l\u2019oportunitat de visitar els cellers abans no es tornin massa populars. Poddr\u00e0s parlar amb els agricultors i elaboradors locals que gestionen tot el proc\u00e9s i observar l\u2019espurna als seus ulls mentre proves els seus vins.<br \/>\n&nbsp;[\/vc_column_text][\/vc_column][\/vc_row][vc_row css=&#8221;.vc_custom_1578068834022{margin-top: 40px !important;margin-bottom: 40px !important;}&#8221;][vc_column][\/vc_column][\/vc_row]<\/p>\n<\/div>","protected":false},"excerpt":{"rendered":"<p>[vc_row][vc_column][rev_slider_vc alias=&#8221;priorat&#8221;][\/vc_column][\/vc_row][vc_row css=&#8221;.vc_custom_1575567660075{margin-top: 40px !important;}&#8221;][vc_column][\/vc_column][\/vc_row][vc_row css=&#8221;.vc_custom_1544103354063{margin-top: 20px !important;margin-right: 10px !important;}&#8221;][vc_column width=&#8221;1\/2&#8243;][vc_single_image image=&#8221;32819&#8243; img_size=&#8221;large&#8221; css_animation=&#8221;left-to-right&#8221;][\/vc_column][vc_column width=&#8221;1\/2&#8243;][vc_column_text css=&#8221;&#8221;] PRIORAT&nbsp;WINE TOUR Bikecat et proposa un tour en bicicleta molt especial per Catalunya amb el que descobrir\u00e0s alguns dels millors cellers d\u2019Espanya. &nbsp; T&#8217;introduiras en aquest m\u00f3n guiat per experts i elaboradors locals, tot gaudint del confort dels teus [&hellip;]<\/p>\n","protected":false},"author":1,"featured_media":0,"parent":0,"menu_order":0,"comment_status":"closed","ping_status":"closed","template":"","meta":{"ngg_post_thumbnail":0,"footnotes":""},"class_list":["post-33319","page","type-page","status-publish","hentry"],"yoast_head":"<!-- This site is optimized with the Yoast SEO Premium plugin v27.2 (Yoast SEO v27.2) - https:\/\/yoast.com\/product\/yoast-seo-premium-wordpress\/ -->\n<title>Priorat Wine Tour | Ciclisme, Vi i Cultura a Catalunya<\/title>\n<meta name=\"description\" content=\"Priorat Wine Tour \u2014 Descobreix les regions vitivin\u00edcoles m\u00e9s importants de Catalunya. Gaudeix de la combinaci\u00f3 perfecte: ciclisme, cultura i gastronomia.\" \/>\n<meta name=\"robots\" content=\"index, follow, max-snippet:-1, max-image-preview:large, max-video-preview:-1\" \/>\n<link rel=\"canonical\" href=\"https:\/\/bikecat.com\/ca\/priorat-wine-tour\" \/>\n<meta property=\"og:locale\" content=\"ca_ES\" \/>\n<meta property=\"og:type\" content=\"article\" \/>\n<meta property=\"og:title\" content=\"Ruta del Vi del Priorat\" \/>\n<meta property=\"og:description\" content=\"PRIORAT&nbsp;WINE TOUR Bikecat et proposa un tour en bicicleta molt especial per Catalunya amb el que descobrir\u00e0s alguns dels millors cellers\" \/>\n<meta property=\"og:url\" content=\"https:\/\/bikecat.com\/ca\/priorat-wine-tour\" \/>\n<meta property=\"og:site_name\" content=\"Bikecat\" \/>\n<meta property=\"article:publisher\" content=\"https:\/\/www.facebook.com\/Bikecat.TOURS\/\" \/>\n<meta property=\"article:modified_time\" content=\"2025-11-18T12:26:33+00:00\" \/>\n<meta property=\"og:image\" content=\"https:\/\/bikecat.com\/wp-content\/uploads\/2019\/12\/Bikecat-Priorat-Wine-Tour-4.jpg\" \/>\n\t<meta property=\"og:image:width\" content=\"1920\" \/>\n\t<meta property=\"og:image:height\" content=\"576\" \/>\n\t<meta property=\"og:image:type\" content=\"image\/jpeg\" \/>\n<meta name=\"twitter:card\" content=\"summary_large_image\" \/>\n<meta name=\"twitter:site\" content=\"@bikecatgirona\" \/>\n<meta name=\"twitter:label1\" content=\"Temps estimat de lectura\" \/>\n\t<meta name=\"twitter:data1\" content=\"4 minuts\" \/>\n<script type=\"application\/ld+json\" class=\"yoast-schema-graph\">{\"@context\":\"https:\/\/schema.org\",\"@graph\":[{\"@type\":\"WebPage\",\"@id\":\"https:\/\/bikecat.com\/ca\/priorat-wine-tour\",\"url\":\"https:\/\/bikecat.com\/ca\/priorat-wine-tour\",\"name\":\"Priorat Wine Tour | Ciclisme, Vi i Cultura a Catalunya\",\"isPartOf\":{\"@id\":\"https:\/\/bikecat.com\/#website\"},\"datePublished\":\"2019-01-24T11:22:52+00:00\",\"dateModified\":\"2025-11-18T12:26:33+00:00\",\"description\":\"Priorat Wine Tour \u2014 Descobreix les regions vitivin\u00edcoles m\u00e9s importants de Catalunya. Gaudeix de la combinaci\u00f3 perfecte: ciclisme, cultura i gastronomia.\",\"breadcrumb\":{\"@id\":\"https:\/\/bikecat.com\/ca\/priorat-wine-tour#breadcrumb\"},\"inLanguage\":\"ca\",\"potentialAction\":[{\"@type\":\"ReadAction\",\"target\":[\"https:\/\/bikecat.com\/ca\/priorat-wine-tour\"]}]},{\"@type\":\"BreadcrumbList\",\"@id\":\"https:\/\/bikecat.com\/ca\/priorat-wine-tour#breadcrumb\",\"itemListElement\":[{\"@type\":\"ListItem\",\"position\":1,\"name\":\"Portada\",\"item\":\"https:\/\/bikecat.com\/ca\"},{\"@type\":\"ListItem\",\"position\":2,\"name\":\"Ruta del Vi del Priorat\"}]},{\"@type\":\"WebSite\",\"@id\":\"https:\/\/bikecat.com\/#website\",\"url\":\"https:\/\/bikecat.com\/\",\"name\":\"Bikecat\",\"description\":\"Bikecat Custom Cycling Tours  - Unique and Exclusive Custom Cycling Tours\",\"publisher\":{\"@id\":\"https:\/\/bikecat.com\/#organization\"},\"potentialAction\":[{\"@type\":\"SearchAction\",\"target\":{\"@type\":\"EntryPoint\",\"urlTemplate\":\"https:\/\/bikecat.com\/?s={search_term_string}\"},\"query-input\":{\"@type\":\"PropertyValueSpecification\",\"valueRequired\":true,\"valueName\":\"search_term_string\"}}],\"inLanguage\":\"ca\"},{\"@type\":\"Organization\",\"@id\":\"https:\/\/bikecat.com\/#organization\",\"name\":\"Bikecat Cycling Tours\",\"url\":\"https:\/\/bikecat.com\/\",\"logo\":{\"@type\":\"ImageObject\",\"inLanguage\":\"ca\",\"@id\":\"https:\/\/bikecat.com\/#\/schema\/logo\/image\/\",\"url\":\"https:\/\/bikecat.com\/wp-content\/uploads\/2018\/11\/headerlogo-1.png\",\"contentUrl\":\"https:\/\/bikecat.com\/wp-content\/uploads\/2018\/11\/headerlogo-1.png\",\"width\":130,\"height\":55,\"caption\":\"Bikecat Cycling Tours\"},\"image\":{\"@id\":\"https:\/\/bikecat.com\/#\/schema\/logo\/image\/\"},\"sameAs\":[\"https:\/\/www.facebook.com\/Bikecat.TOURS\/\",\"https:\/\/x.com\/bikecatgirona\",\"https:\/\/www.instagram.com\/bikecat_cycling_tours\/\"]}]}<\/script>\n<!-- \/ Yoast SEO Premium plugin. -->","yoast_head_json":{"title":"Priorat Wine Tour | Ciclisme, Vi i Cultura a Catalunya","description":"Priorat Wine Tour \u2014 Descobreix les regions vitivin\u00edcoles m\u00e9s importants de Catalunya. Gaudeix de la combinaci\u00f3 perfecte: ciclisme, cultura i gastronomia.","robots":{"index":"index","follow":"follow","max-snippet":"max-snippet:-1","max-image-preview":"max-image-preview:large","max-video-preview":"max-video-preview:-1"},"canonical":"https:\/\/bikecat.com\/ca\/priorat-wine-tour","og_locale":"ca_ES","og_type":"article","og_title":"Ruta del Vi del Priorat","og_description":"PRIORAT&nbsp;WINE TOUR Bikecat et proposa un tour en bicicleta molt especial per Catalunya amb el que descobrir\u00e0s alguns dels millors cellers","og_url":"https:\/\/bikecat.com\/ca\/priorat-wine-tour","og_site_name":"Bikecat","article_publisher":"https:\/\/www.facebook.com\/Bikecat.TOURS\/","article_modified_time":"2025-11-18T12:26:33+00:00","og_image":[{"width":1920,"height":576,"url":"https:\/\/bikecat.com\/wp-content\/uploads\/2019\/12\/Bikecat-Priorat-Wine-Tour-4.jpg","type":"image\/jpeg"}],"twitter_card":"summary_large_image","twitter_site":"@bikecatgirona","twitter_misc":{"Temps estimat de lectura":"4 minuts"},"schema":{"@context":"https:\/\/schema.org","@graph":[{"@type":"WebPage","@id":"https:\/\/bikecat.com\/ca\/priorat-wine-tour","url":"https:\/\/bikecat.com\/ca\/priorat-wine-tour","name":"Priorat Wine Tour | Ciclisme, Vi i Cultura a Catalunya","isPartOf":{"@id":"https:\/\/bikecat.com\/#website"},"datePublished":"2019-01-24T11:22:52+00:00","dateModified":"2025-11-18T12:26:33+00:00","description":"Priorat Wine Tour \u2014 Descobreix les regions vitivin\u00edcoles m\u00e9s importants de Catalunya. Gaudeix de la combinaci\u00f3 perfecte: ciclisme, cultura i gastronomia.","breadcrumb":{"@id":"https:\/\/bikecat.com\/ca\/priorat-wine-tour#breadcrumb"},"inLanguage":"ca","potentialAction":[{"@type":"ReadAction","target":["https:\/\/bikecat.com\/ca\/priorat-wine-tour"]}]},{"@type":"BreadcrumbList","@id":"https:\/\/bikecat.com\/ca\/priorat-wine-tour#breadcrumb","itemListElement":[{"@type":"ListItem","position":1,"name":"Portada","item":"https:\/\/bikecat.com\/ca"},{"@type":"ListItem","position":2,"name":"Ruta del Vi del Priorat"}]},{"@type":"WebSite","@id":"https:\/\/bikecat.com\/#website","url":"https:\/\/bikecat.com\/","name":"Bikecat","description":"Bikecat Custom Cycling Tours  - Unique and Exclusive Custom Cycling Tours","publisher":{"@id":"https:\/\/bikecat.com\/#organization"},"potentialAction":[{"@type":"SearchAction","target":{"@type":"EntryPoint","urlTemplate":"https:\/\/bikecat.com\/?s={search_term_string}"},"query-input":{"@type":"PropertyValueSpecification","valueRequired":true,"valueName":"search_term_string"}}],"inLanguage":"ca"},{"@type":"Organization","@id":"https:\/\/bikecat.com\/#organization","name":"Bikecat Cycling Tours","url":"https:\/\/bikecat.com\/","logo":{"@type":"ImageObject","inLanguage":"ca","@id":"https:\/\/bikecat.com\/#\/schema\/logo\/image\/","url":"https:\/\/bikecat.com\/wp-content\/uploads\/2018\/11\/headerlogo-1.png","contentUrl":"https:\/\/bikecat.com\/wp-content\/uploads\/2018\/11\/headerlogo-1.png","width":130,"height":55,"caption":"Bikecat Cycling Tours"},"image":{"@id":"https:\/\/bikecat.com\/#\/schema\/logo\/image\/"},"sameAs":["https:\/\/www.facebook.com\/Bikecat.TOURS\/","https:\/\/x.com\/bikecatgirona","https:\/\/www.instagram.com\/bikecat_cycling_tours\/"]}]}},"_links":{"self":[{"href":"https:\/\/bikecat.com\/ca\/wp-json\/wp\/v2\/pages\/33319","targetHints":{"allow":["GET"]}}],"collection":[{"href":"https:\/\/bikecat.com\/ca\/wp-json\/wp\/v2\/pages"}],"about":[{"href":"https:\/\/bikecat.com\/ca\/wp-json\/wp\/v2\/types\/page"}],"author":[{"embeddable":true,"href":"https:\/\/bikecat.com\/ca\/wp-json\/wp\/v2\/users\/1"}],"replies":[{"embeddable":true,"href":"https:\/\/bikecat.com\/ca\/wp-json\/wp\/v2\/comments?post=33319"}],"version-history":[{"count":7,"href":"https:\/\/bikecat.com\/ca\/wp-json\/wp\/v2\/pages\/33319\/revisions"}],"predecessor-version":[{"id":44675,"href":"https:\/\/bikecat.com\/ca\/wp-json\/wp\/v2\/pages\/33319\/revisions\/44675"}],"wp:attachment":[{"href":"https:\/\/bikecat.com\/ca\/wp-json\/wp\/v2\/media?parent=33319"}],"curies":[{"name":"wp","href":"https:\/\/api.w.org\/{rel}","templated":true}]}}