{"id":33171,"date":"2018-11-27T15:09:40","date_gmt":"2018-11-27T15:09:40","guid":{"rendered":"https:\/\/bikecat.com\/bike-shop-in-girona"},"modified":"2024-06-17T10:20:38","modified_gmt":"2024-06-17T10:20:38","slug":"bike-shop-in-girona","status":"publish","type":"page","link":"https:\/\/bikecat.com\/ca\/bike-shop-in-girona","title":{"rendered":"Bikecat Bike Shop a Girona"},"content":{"rendered":"<div class=\"wpb-content-wrapper\"><p>[vc_row full_width=&#8221;stretch_row&#8221;][vc_column][vc_column_text]\n\t\t\t\t<p class=\"rs-p-wp-fix\"><\/p>\n\t\t\t\t<sr7-module data-alias=\"shop\" data-id=\"18\" id=\"SR7_18_1\" class=\"rs-ov-hidden\" data-version=\"6.7.51\">\n\t\t\t\t\t<sr7-adjuster><\/sr7-adjuster>\n\t\t\t\t\t<sr7-content>\n\t\t\t\t\t\t<sr7-slide id=\"SR7_18_1-70\" data-key=\"70\">\n\t\t\t\t\t\t\t<sr7-bg id=\"SR7_18_1-70-11\" class=\"sr7-layer\"><noscript><img decoding=\"async\" src=\"https:\/\/bikecat.com\/wp-content\/uploads\/2019\/12\/Bikecat-Bike-shop-in-girona-1.jpg\" alt=\"Bikecat Cycling Tours Headquarters in Girona\" title=\"Bikecat-Bike-shop-in-girona-1\"><\/noscript><\/sr7-bg>\n\t\t\t\t\t\t\t<sr7-txt id=\"SR7_18_1-70-1\" class=\"sr7-layer\">SHOP<\/sr7-txt>\n\t\t\t\t\t\t<\/sr7-slide>\n\t\t\t\t\t\t<sr7-slide id=\"SR7_18_1-71\" data-key=\"71\">\n\t\t\t\t\t\t\t<sr7-bg id=\"SR7_18_1-71-11\" class=\"sr7-layer\"><noscript><img decoding=\"async\" src=\"https:\/\/bikecat.com\/wp-content\/uploads\/2019\/12\/Bikecat-Bike-shop-in-girona-3-scaled.jpg\" alt=\"Bikecat Girona Cycling clothing\" title=\"Bikecat-Bike-shop-in-girona-3\"><\/noscript><\/sr7-bg>\n\t\t\t\t\t\t\t<sr7-txt id=\"SR7_18_1-71-1\" class=\"sr7-layer\">SHOP<\/sr7-txt>\n\t\t\t\t\t\t<\/sr7-slide>\n\t\t\t\t\t\t<sr7-slide id=\"SR7_18_1-69\" data-key=\"69\">\n\t\t\t\t\t\t\t<sr7-bg id=\"SR7_18_1-69-11\" class=\"sr7-layer\"><noscript><img decoding=\"async\" src=\"https:\/\/bikecat.com\/wp-content\/uploads\/2019\/12\/Bikecat-Bike-shop-in-girona-7.jpg\" alt=\"Bikecat Botiga Ciclista - Private events\" title=\"Bikecat-Bike-shop-in-girona-7\"><\/noscript><\/sr7-bg>\n\t\t\t\t\t\t\t<sr7-txt id=\"SR7_18_1-69-1\" class=\"sr7-layer\">SHOP<\/sr7-txt>\n\t\t\t\t\t\t<\/sr7-slide>\n\t\t\t\t\t\t<sr7-slide id=\"SR7_18_1-68\" data-key=\"68\">\n\t\t\t\t\t\t\t<sr7-bg id=\"SR7_18_1-68-11\" class=\"sr7-layer\"><noscript><img decoding=\"async\" src=\"https:\/\/bikecat.com\/wp-content\/uploads\/2019\/12\/Bikecat-Bike-shop-in-girona-2.jpg\" alt=\"Bikecat Cycling Tours clothing\" title=\"Bikecat-Bike-shop-in-girona-2\"><\/noscript><\/sr7-bg>\n\t\t\t\t\t\t\t<sr7-txt id=\"SR7_18_1-68-1\" class=\"sr7-layer\">SHOP<\/sr7-txt>\n\t\t\t\t\t\t<\/sr7-slide>\n\t\t\t\t\t\t<sr7-slide id=\"SR7_18_1-104\" data-key=\"104\">\n\t\t\t\t\t\t\t<sr7-bg id=\"SR7_18_1-104-1\" class=\"sr7-layer\"><noscript><img decoding=\"async\" src=\"https:\/\/bikecat.com\/wp-content\/uploads\/2019\/12\/Bikecat-Bike-shop-in-girona-8.jpg\" alt=\"Bikecat Bike Shop - group meeting\" title=\"Bikecat-Bike-shop-in-girona-8\"><\/noscript><\/sr7-bg>\n\t\t\t\t\t\t<\/sr7-slide>\n\t\t\t\t\t\t<sr7-slide id=\"SR7_18_1-118\" data-key=\"118\">\n\t\t\t\t\t\t\t<sr7-bg id=\"SR7_18_1-118-1\" class=\"sr7-layer\"><noscript><img decoding=\"async\" src=\"https:\/\/bikecat.com\/wp-content\/uploads\/2019\/12\/Bikecat-Bike-shop-in-girona-9.jpg\" alt=\"returning to BIkecat Bike shop in Girona\" title=\"Bikecat-Bike-shop-in-girona-9\"><\/noscript><\/sr7-bg>\n\t\t\t\t\t\t<\/sr7-slide>\n\t\t\t\t\t\t<sr7-slide id=\"SR7_18_1-202\" data-key=\"202\">\n\t\t\t\t\t\t<\/sr7-slide>\n\t\t\t\t\t<\/sr7-content>\n\t\t\t\t\t<image_lists style=\"display:none\">\n\t\t\t\t\t\t<img data-src=\"\/\/bikecat.com\/wp-content\/uploads\/2019\/12\/Bikecat-Bike-shop-in-girona-2.jpg\" width=\"0\" height=\"0\" data-dbsrc=\"Ly9iaWtlY2F0LmNvbS93cC1jb250ZW50L3VwbG9hZHMvMjAxOS8xMi9CaWtlY2F0LUJpa2Utc2hvcC1pbi1naXJvbmEtMi5qcGc=\"\/>\n\t\t\t\t\t\t<img data-src=\"\/\/bikecat.com\/wp-content\/uploads\/2019\/12\/Bikecat-Bike-shop-in-girona-7.jpg\" width=\"0\" height=\"0\" data-dbsrc=\"Ly9iaWtlY2F0LmNvbS93cC1jb250ZW50L3VwbG9hZHMvMjAxOS8xMi9CaWtlY2F0LUJpa2Utc2hvcC1pbi1naXJvbmEtNy5qcGc=\"\/>\n\t\t\t\t\t\t<img data-src=\"\/\/bikecat.com\/wp-content\/uploads\/2019\/12\/Bikecat-Bike-shop-in-girona-1.jpg\" width=\"0\" height=\"0\" data-dbsrc=\"Ly9iaWtlY2F0LmNvbS93cC1jb250ZW50L3VwbG9hZHMvMjAxOS8xMi9CaWtlY2F0LUJpa2Utc2hvcC1pbi1naXJvbmEtMS5qcGc=\"\/>\n\t\t\t\t\t\t<img data-src=\"\/\/bikecat.com\/wp-content\/uploads\/2019\/12\/Bikecat-Bike-shop-in-girona-3-scaled.jpg\" width=\"0\" height=\"0\" data-dbsrc=\"Ly9iaWtlY2F0LmNvbS93cC1jb250ZW50L3VwbG9hZHMvMjAxOS8xMi9CaWtlY2F0LUJpa2Utc2hvcC1pbi1naXJvbmEtMy1zY2FsZWQuanBn\"\/>\n\t\t\t\t\t\t<img data-src=\"\/\/bikecat.com\/wp-content\/uploads\/2019\/12\/Bikecat-Bike-shop-in-girona-8.jpg\" width=\"0\" height=\"0\" data-dbsrc=\"Ly9iaWtlY2F0LmNvbS93cC1jb250ZW50L3VwbG9hZHMvMjAxOS8xMi9CaWtlY2F0LUJpa2Utc2hvcC1pbi1naXJvbmEtOC5qcGc=\"\/>\n\t\t\t\t\t\t<img data-src=\"\/\/bikecat.com\/wp-content\/uploads\/2019\/12\/Bikecat-Bike-shop-in-girona-9.jpg\" width=\"0\" height=\"0\" data-dbsrc=\"Ly9iaWtlY2F0LmNvbS93cC1jb250ZW50L3VwbG9hZHMvMjAxOS8xMi9CaWtlY2F0LUJpa2Utc2hvcC1pbi1naXJvbmEtOS5qcGc=\"\/>\n\t\t\t\t\t<\/image_lists>\n\t\t\t\t<\/sr7-module>\n\t\t\t\t<script>\n\t\t\t\t\twindow.SR7 ??={};SR7.PMH ??={}; SR7.PMH[\"SR7_18_1\"] = {cn:100,state:false,fn: function() { if (window._tpt!==undefined && window._tpt.prepareModuleHeight !== undefined) {  _tpt.prepareModuleHeight({id:\"SR7_18_1\",el:[500,500,300,300,300],type:'standard',shdw:'0',gh:[500,500,413,314,194],gw:[1240,1240,1024,778,480],vpt:['-200px'],size:{fullWidth:true, fullHeight:false},mh:'0',onh:0,onw:0,bg:{color:'{\"orig\":\"transparent\",\"type\":\"solid\",\"string\":\"transparent\"}'},plType:'-1',plColor:'#FFFFFF'});   SR7.PMH[\"SR7_18_1\"].state=true;} else if(SR7.PMH[\"SR7_18_1\"].cn-->0)\tsetTimeout( SR7.PMH[\"SR7_18_1\"].fn,19);}};SR7.PMH[\"SR7_18_1\" ].fn();\n\t\t\t\t<\/script>\n[\/vc_column_text][\/vc_column][\/vc_row][vc_row css=&#8221;.vc_custom_1575566782871{margin-top: 40px !important;}&#8221;][vc_column][\/vc_column][\/vc_row][vc_row css=&#8221;.vc_custom_1544103343365{margin-top: 20px !important;margin-right: 10px !important;}&#8221;][vc_column width=&#8221;1\/3&#8243;][vc_column_text]<\/p>\n<h4><span style=\"color: #d9272e;\"><strong>BOTIGA DE BICICLETES BIKECAT A GIRONA<\/strong><\/span><\/h4>\n<p>La botiga Bikecat a Girona est\u00e0 oberta des de fa m\u00e9s de 15 anys, tenim molta experi\u00e8ncia organitzant <a href=\"https:\/\/bikecat.com\/ca\/bikecat-cycling-tours\">rutes i excursions ciclistes a mida<\/a>, per Girona i rodalies. Treballem amb les millors botigues de bicicletes, empreses i equips dels Estats Units i el Canad\u00e0.<\/p>\n<p>La botiga de Bikecat \u00e9s una Boutique <strong>Ciclista \u00fanica<\/strong>, situada al cor del casc antic de la ciutat de Girona, exactament a; Pujada de Sant Feliu 23 (Sobre el Bar Cerveseria <a href=\"http:\/\/www.eldoll.cat\/\" target=\"_blank\" rel=\"noopener noreferrer\">&#8220;El Doll&#8221;<\/a>)<\/p>\n<p>Et convidem a passar i prendre un caf\u00e8 al nostre centre ciclista, on trobar\u00e0s tot el material i accessoris b\u00e0sics per a les teves sortides, roba de ciclisme, roba casual, la nostra ag\u00e8ncia de viatges i la seu del club ciclista Bikecat.<\/p>\n<p>&nbsp;<\/p>\n<p style=\"text-align: left;\"><span style=\"font-size: 14pt;\"><em><strong>Un local especialment dedicat als ciclistes!<\/strong><\/em><\/span><\/p>\n<p>&nbsp;<\/p>\n<p>La botiga de Bikecat \u00e9s un lloc per passar l&#8217;estona, veure les millors curses ciclistes per televisi\u00f3, planificar les sortides i gaudir de la vida del <em>Barri Vell<\/em> passant per davant dels grans finestrals. Et sentir\u00e0s com a casa.<\/p>\n<p>El nou lloc t\u00e9 una mica de glamour, ja que una vegada va servir com a seu de <a href=\"https:\/\/en.wikipedia.org\/wiki\/EF_Education_First_Pro_Cycling\" target=\"_blank\" rel=\"noopener noreferrer\">l&#8217;equip de ciclisme TIAA-CREF de Slipstream<\/a>, l&#8217;equip que m\u00e9s tard va evolucionar a Garmin i recentment, EF Pro Cycling.<\/p>\n<p>Visita la nostra <a href=\"https:\/\/shop.bikecat.com\/\" target=\"_blank\" rel=\"noopener noreferrer\">botiga online<\/a> per fer la teva comanda.[\/vc_column_text][\/vc_column][vc_column width=&#8221;2\/3&#8243;][vc_column_text]<\/p>\n<h4 style=\"text-align: center;\"><span style=\"color: #c70000;\"><a style=\"color: #c70000;\" href=\"http:\/\/shop.bikecat.com\"><strong>&gt;&gt; comprar en l\u00ednia &lt;&lt;<\/strong><\/a><\/span><\/h4>\n<p>[\/vc_column_text][vc_single_image image=&#8221;14722&#8243; img_size=&#8221;large&#8221; alignment=&#8221;right&#8221; onclick=&#8221;custom_link&#8221; img_link_target=&#8221;_blank&#8221; css_animation=&#8221;bounceInRight&#8221; link=&#8221;http:\/\/shop.bikecat.com&#8221;][\/vc_column][\/vc_row][vc_row css=&#8221;.vc_custom_1575566782871{margin-top: 40px !important;}&#8221;][vc_column][\/vc_column][\/vc_row]<\/p>\n<\/div>","protected":false},"excerpt":{"rendered":"<p>[vc_row full_width=&#8221;stretch_row&#8221;][vc_column][vc_column_text][\/vc_column_text][\/vc_column][\/vc_row][vc_row css=&#8221;.vc_custom_1575566782871{margin-top: 40px !important;}&#8221;][vc_column][\/vc_column][\/vc_row][vc_row css=&#8221;.vc_custom_1544103343365{margin-top: 20px !important;margin-right: 10px !important;}&#8221;][vc_column width=&#8221;1\/3&#8243;][vc_column_text] BOTIGA DE BICICLETES BIKECAT A GIRONA La botiga Bikecat a Girona est\u00e0 oberta des de fa m\u00e9s de 15 anys, tenim molta experi\u00e8ncia organitzant rutes i excursions ciclistes a mida, per Girona i rodalies. Treballem amb les millors botigues de bicicletes, empreses i equips [&hellip;]<\/p>\n","protected":false},"author":1,"featured_media":0,"parent":0,"menu_order":0,"comment_status":"closed","ping_status":"closed","template":"","meta":{"ngg_post_thumbnail":0,"footnotes":""},"class_list":["post-33171","page","type-page","status-publish","hentry"],"yoast_head":"<!-- This site is optimized with the Yoast SEO Premium plugin v27.2 (Yoast SEO v27.2) - https:\/\/yoast.com\/product\/yoast-seo-premium-wordpress\/ -->\n<title>Bikecat Bike Shop a Girona - Bikecat Tours en bicicleta personalitzats<\/title>\n<meta name=\"description\" content=\"M\u00e9s que una botiga de bicicletes a Girona - Un espai de trobada, roba de ciclisme, samarretes de Girona i tot el que necessiteu per a les vostres passejades i bicicleta.\" \/>\n<meta name=\"robots\" content=\"index, follow, max-snippet:-1, max-image-preview:large, max-video-preview:-1\" \/>\n<link rel=\"canonical\" href=\"https:\/\/bikecat.com\/ca\/bike-shop-in-girona\" \/>\n<meta property=\"og:locale\" content=\"ca_ES\" \/>\n<meta property=\"og:type\" content=\"article\" \/>\n<meta property=\"og:title\" content=\"Bikecat Bike Shop a Girona\" \/>\n<meta property=\"og:description\" content=\"BOTIGA DE BICICLETES BIKECAT A GIRONA La botiga Bikecat a Girona est\u00e0 oberta des de fa m\u00e9s de 15 anys, tenim molta experi\u00e8ncia organitzant rutes i\" \/>\n<meta property=\"og:url\" content=\"https:\/\/bikecat.com\/ca\/bike-shop-in-girona\" \/>\n<meta property=\"og:site_name\" content=\"Bikecat\" \/>\n<meta property=\"article:publisher\" content=\"https:\/\/www.facebook.com\/Bikecat.TOURS\/\" \/>\n<meta property=\"article:modified_time\" content=\"2024-06-17T10:20:38+00:00\" \/>\n<meta property=\"og:image\" content=\"https:\/\/bikecat.com\/wp-content\/uploads\/2019\/12\/Bikecat-Bike-shop-in-girona-1.jpg\" \/>\n\t<meta property=\"og:image:width\" content=\"1920\" \/>\n\t<meta property=\"og:image:height\" content=\"576\" \/>\n\t<meta property=\"og:image:type\" content=\"image\/jpeg\" \/>\n<meta name=\"twitter:card\" content=\"summary_large_image\" \/>\n<meta name=\"twitter:site\" content=\"@bikecatgirona\" \/>\n<meta name=\"twitter:label1\" content=\"Temps estimat de lectura\" \/>\n\t<meta name=\"twitter:data1\" content=\"1 minut\" \/>\n<script type=\"application\/ld+json\" class=\"yoast-schema-graph\">{\"@context\":\"https:\/\/schema.org\",\"@graph\":[{\"@type\":\"WebPage\",\"@id\":\"https:\/\/bikecat.com\/ca\/bike-shop-in-girona\",\"url\":\"https:\/\/bikecat.com\/ca\/bike-shop-in-girona\",\"name\":\"Bikecat Bike Shop a Girona - Bikecat Tours en bicicleta personalitzats\",\"isPartOf\":{\"@id\":\"https:\/\/bikecat.com\/#website\"},\"datePublished\":\"2018-11-27T15:09:40+00:00\",\"dateModified\":\"2024-06-17T10:20:38+00:00\",\"description\":\"M\u00e9s que una botiga de bicicletes a Girona - Un espai de trobada, roba de ciclisme, samarretes de Girona i tot el que necessiteu per a les vostres passejades i bicicleta.\",\"breadcrumb\":{\"@id\":\"https:\/\/bikecat.com\/ca\/bike-shop-in-girona#breadcrumb\"},\"inLanguage\":\"ca\",\"potentialAction\":[{\"@type\":\"ReadAction\",\"target\":[\"https:\/\/bikecat.com\/ca\/bike-shop-in-girona\"]}]},{\"@type\":\"BreadcrumbList\",\"@id\":\"https:\/\/bikecat.com\/ca\/bike-shop-in-girona#breadcrumb\",\"itemListElement\":[{\"@type\":\"ListItem\",\"position\":1,\"name\":\"Portada\",\"item\":\"https:\/\/bikecat.com\/ca\"},{\"@type\":\"ListItem\",\"position\":2,\"name\":\"Bikecat Bike Shop a Girona\"}]},{\"@type\":\"WebSite\",\"@id\":\"https:\/\/bikecat.com\/#website\",\"url\":\"https:\/\/bikecat.com\/\",\"name\":\"Bikecat\",\"description\":\"Bikecat Custom Cycling Tours  - Unique and Exclusive Custom Cycling Tours\",\"publisher\":{\"@id\":\"https:\/\/bikecat.com\/#organization\"},\"potentialAction\":[{\"@type\":\"SearchAction\",\"target\":{\"@type\":\"EntryPoint\",\"urlTemplate\":\"https:\/\/bikecat.com\/?s={search_term_string}\"},\"query-input\":{\"@type\":\"PropertyValueSpecification\",\"valueRequired\":true,\"valueName\":\"search_term_string\"}}],\"inLanguage\":\"ca\"},{\"@type\":\"Organization\",\"@id\":\"https:\/\/bikecat.com\/#organization\",\"name\":\"Bikecat Cycling Tours\",\"url\":\"https:\/\/bikecat.com\/\",\"logo\":{\"@type\":\"ImageObject\",\"inLanguage\":\"ca\",\"@id\":\"https:\/\/bikecat.com\/#\/schema\/logo\/image\/\",\"url\":\"https:\/\/bikecat.com\/wp-content\/uploads\/2018\/11\/headerlogo-1.png\",\"contentUrl\":\"https:\/\/bikecat.com\/wp-content\/uploads\/2018\/11\/headerlogo-1.png\",\"width\":130,\"height\":55,\"caption\":\"Bikecat Cycling Tours\"},\"image\":{\"@id\":\"https:\/\/bikecat.com\/#\/schema\/logo\/image\/\"},\"sameAs\":[\"https:\/\/www.facebook.com\/Bikecat.TOURS\/\",\"https:\/\/x.com\/bikecatgirona\",\"https:\/\/www.instagram.com\/bikecat_cycling_tours\/\"]}]}<\/script>\n<!-- \/ Yoast SEO Premium plugin. -->","yoast_head_json":{"title":"Bikecat Bike Shop a Girona - Bikecat Tours en bicicleta personalitzats","description":"M\u00e9s que una botiga de bicicletes a Girona - Un espai de trobada, roba de ciclisme, samarretes de Girona i tot el que necessiteu per a les vostres passejades i bicicleta.","robots":{"index":"index","follow":"follow","max-snippet":"max-snippet:-1","max-image-preview":"max-image-preview:large","max-video-preview":"max-video-preview:-1"},"canonical":"https:\/\/bikecat.com\/ca\/bike-shop-in-girona","og_locale":"ca_ES","og_type":"article","og_title":"Bikecat Bike Shop a Girona","og_description":"BOTIGA DE BICICLETES BIKECAT A GIRONA La botiga Bikecat a Girona est\u00e0 oberta des de fa m\u00e9s de 15 anys, tenim molta experi\u00e8ncia organitzant rutes i","og_url":"https:\/\/bikecat.com\/ca\/bike-shop-in-girona","og_site_name":"Bikecat","article_publisher":"https:\/\/www.facebook.com\/Bikecat.TOURS\/","article_modified_time":"2024-06-17T10:20:38+00:00","og_image":[{"width":1920,"height":576,"url":"https:\/\/bikecat.com\/wp-content\/uploads\/2019\/12\/Bikecat-Bike-shop-in-girona-1.jpg","type":"image\/jpeg"}],"twitter_card":"summary_large_image","twitter_site":"@bikecatgirona","twitter_misc":{"Temps estimat de lectura":"1 minut"},"schema":{"@context":"https:\/\/schema.org","@graph":[{"@type":"WebPage","@id":"https:\/\/bikecat.com\/ca\/bike-shop-in-girona","url":"https:\/\/bikecat.com\/ca\/bike-shop-in-girona","name":"Bikecat Bike Shop a Girona - Bikecat Tours en bicicleta personalitzats","isPartOf":{"@id":"https:\/\/bikecat.com\/#website"},"datePublished":"2018-11-27T15:09:40+00:00","dateModified":"2024-06-17T10:20:38+00:00","description":"M\u00e9s que una botiga de bicicletes a Girona - Un espai de trobada, roba de ciclisme, samarretes de Girona i tot el que necessiteu per a les vostres passejades i bicicleta.","breadcrumb":{"@id":"https:\/\/bikecat.com\/ca\/bike-shop-in-girona#breadcrumb"},"inLanguage":"ca","potentialAction":[{"@type":"ReadAction","target":["https:\/\/bikecat.com\/ca\/bike-shop-in-girona"]}]},{"@type":"BreadcrumbList","@id":"https:\/\/bikecat.com\/ca\/bike-shop-in-girona#breadcrumb","itemListElement":[{"@type":"ListItem","position":1,"name":"Portada","item":"https:\/\/bikecat.com\/ca"},{"@type":"ListItem","position":2,"name":"Bikecat Bike Shop a Girona"}]},{"@type":"WebSite","@id":"https:\/\/bikecat.com\/#website","url":"https:\/\/bikecat.com\/","name":"Bikecat","description":"Bikecat Custom Cycling Tours  - Unique and Exclusive Custom Cycling Tours","publisher":{"@id":"https:\/\/bikecat.com\/#organization"},"potentialAction":[{"@type":"SearchAction","target":{"@type":"EntryPoint","urlTemplate":"https:\/\/bikecat.com\/?s={search_term_string}"},"query-input":{"@type":"PropertyValueSpecification","valueRequired":true,"valueName":"search_term_string"}}],"inLanguage":"ca"},{"@type":"Organization","@id":"https:\/\/bikecat.com\/#organization","name":"Bikecat Cycling Tours","url":"https:\/\/bikecat.com\/","logo":{"@type":"ImageObject","inLanguage":"ca","@id":"https:\/\/bikecat.com\/#\/schema\/logo\/image\/","url":"https:\/\/bikecat.com\/wp-content\/uploads\/2018\/11\/headerlogo-1.png","contentUrl":"https:\/\/bikecat.com\/wp-content\/uploads\/2018\/11\/headerlogo-1.png","width":130,"height":55,"caption":"Bikecat Cycling Tours"},"image":{"@id":"https:\/\/bikecat.com\/#\/schema\/logo\/image\/"},"sameAs":["https:\/\/www.facebook.com\/Bikecat.TOURS\/","https:\/\/x.com\/bikecatgirona","https:\/\/www.instagram.com\/bikecat_cycling_tours\/"]}]}},"_links":{"self":[{"href":"https:\/\/bikecat.com\/ca\/wp-json\/wp\/v2\/pages\/33171","targetHints":{"allow":["GET"]}}],"collection":[{"href":"https:\/\/bikecat.com\/ca\/wp-json\/wp\/v2\/pages"}],"about":[{"href":"https:\/\/bikecat.com\/ca\/wp-json\/wp\/v2\/types\/page"}],"author":[{"embeddable":true,"href":"https:\/\/bikecat.com\/ca\/wp-json\/wp\/v2\/users\/1"}],"replies":[{"embeddable":true,"href":"https:\/\/bikecat.com\/ca\/wp-json\/wp\/v2\/comments?post=33171"}],"version-history":[{"count":0,"href":"https:\/\/bikecat.com\/ca\/wp-json\/wp\/v2\/pages\/33171\/revisions"}],"wp:attachment":[{"href":"https:\/\/bikecat.com\/ca\/wp-json\/wp\/v2\/media?parent=33171"}],"curies":[{"name":"wp","href":"https:\/\/api.w.org\/{rel}","templated":true}]}}