{"id":33160,"date":"2018-11-27T15:09:33","date_gmt":"2018-11-27T15:09:33","guid":{"rendered":"https:\/\/bikecat.com\/rental-bikes-in-girona"},"modified":"2025-09-30T09:33:48","modified_gmt":"2025-09-30T09:33:48","slug":"rental-bikes-in-girona","status":"publish","type":"page","link":"https:\/\/bikecat.com\/ca\/rental-bikes-in-girona","title":{"rendered":"Lloguer de bicicletes a Girona"},"content":{"rendered":"<div class=\"wpb-content-wrapper\"><p>[vc_row][vc_column][rev_slider_vc alias=&#8221;bikes&#8221;][\/vc_column][\/vc_row][vc_row css=&#8221;.vc_custom_1544117699305{margin-top: 20px !important;margin-right: 10px !important;}&#8221;][vc_column width=&#8221;2\/3&#8243;][vc_column_text css_animation=&#8221;right-to-left&#8221;]<\/p>\n<h1><span style=\"color: #d9272e; font-size: 24pt; font-family: Raleway, geneva, sans-serif;\"><strong>BIKECAT LLOGUER DE BICICLETES<\/strong><\/span><\/h1>\n<p class=\"p1\">A Bikecat oferim <strong>bicicletes de lloguer de gamma alta<\/strong> per a les visites i sortides guiades a Girona. \u200b Si no vols viatjar amb la teva pr\u00f2pia bicicleta, t&#8217;oferim les millors opcions de lloguer de bicicletes de carretera a Girona.<\/p>\n<p class=\"p1\">Ens encarreguem de totes les bicicletes de competici\u00f3 abans i despr\u00e9s de les sortides. La neteja i els ajustaments es fan com si fos la teva pr\u00f2pia bicicleta.<\/p>\n<p class=\"p1\"><strong>Tens aquestes opcions:<\/strong><\/p>\n<p>[\/vc_column_text][\/vc_column][vc_column width=&#8221;1\/3&#8243;][vc_column_text css_animation=&#8221;right-to-left&#8221;]<\/p>\n<blockquote>\n<p class=\"p1\"><span style=\"font-size: 18pt;\"><strong><br \/>\nAra \u00e9s el teu moment<br \/>\nper muntar com un professional<\/strong><\/span><\/p>\n<\/blockquote>\n<p>[\/vc_column_text][\/vc_column][\/vc_row][vc_row content_placement=&#8221;bottom&#8221; css=&#8221;.vc_custom_1544120296415{margin-top: 20px !important;margin-right: 10px !important;}&#8221;][vc_column width=&#8221;1\/2&#8243;][vc_single_image image=&#8221;33089&#8243; img_size=&#8221;large&#8221; css_animation=&#8221;left-to-right&#8221;][\/vc_column][vc_column width=&#8221;1\/2&#8243;][vc_column_text css_animation=&#8221;right-to-left&#8221;]<strong>ORBEA ORCA: LA BICICLETA DE CARRERES M\u00c9S LLEUGERA I M\u00c9S CAPACITADA<\/strong><\/p>\n<p><a href=\"https:\/\/www.orbea.com\/us-en\/bicicletas\/carretera\/orca\/\" target=\"_blank\" rel=\"noopener\"><strong>ORBEA ORCA &#8211; M10i LTD<\/strong><\/a> amb <a href=\"https:\/\/bike.shimano.com\/\" target=\"_blank\" rel=\"noopener\">Shimano Dura Ace Di2<\/a><br \/>\nEl rendiment, la tecnologia i l&#8217;estil sempre han estat els pilars del ciclisme. Potser no competim, per\u00f2 ens encanta la sensaci\u00f3 d&#8217;una bicicleta de carreres: l&#8217;Orca \u00e9s lleugera, r\u00e0pida i bonica. Els atletes professionals, els guerrers del cap de setmana i els genets recreatius tenen alguna cosa en com\u00fa: ens agraden les bicicletes tant com l&#8217;estil de vida. \u200b<\/p>\n<p>Beneficieu-vos d&#8217;una conducci\u00f3 m\u00e9s suau, d&#8217;una enginyeria avan\u00e7ada i d&#8217;un avantatge aerodin\u00e0mic. Flexibilitat i rendiment, ens assegurem que l&#8217;Orca s&#8217;adapta a la gamma m\u00e9s \u00e0mplia de genets. Oferim solucions \u00faniques d&#8217;ajust de barra i tija perqu\u00e8 no tots busquem la mateixa posici\u00f3 de pilota, volem la bicicleta m\u00e9s r\u00e0pida que s&#8217;adapti. L&#8217;Orca \u00e9s una bicicleta de carreres personalitzada, moderna i capa\u00e7 que ens il\u00b7lusiona per anar exactament com ens agrada.<\/p>\n<p class=\"p1\">Totes les nostres bicicletes de lloguer a Girona estan ajustades per oferir-te un rendiment excel\u00b7lent per acompanyar-te en les <a href=\"https:\/\/bikecat.com\/ca\/bikecat-cycling-tours\" target=\"_blank\" rel=\"noopener\">teves vacances.<\/a><\/p>\n<h5 class=\"p1\"><strong><span style=\"color: #ff0000;\">ORBEA ORCA <\/span>&nbsp;<span class=\"s1\">@460\u20ac\/setmana<\/span><\/strong><\/h5>\n<p>[\/vc_column_text][\/vc_column][\/vc_row][vc_row content_placement=&#8221;bottom&#8221; css=&#8221;.vc_custom_1577986055457{margin-top: 40px !important;margin-right: 10px !important;}&#8221;][vc_column width=&#8221;1\/2&#8243;][\/vc_column][vc_column width=&#8221;1\/2&#8243;][vc_single_image image=&#8221;33091&#8243; img_size=&#8221;large&#8221; css_animation=&#8221;right-to-left&#8221;][vc_column_text]* Les bicicletes de lloguer de Bikecat a Girona nom\u00e9s estan disponibles per a les nostres <a href=\"https:\/\/bikecat.com\/ca\/girona-guided-rides\" target=\"_blank\" rel=\"noopener\">sortides<\/a> i <a href=\"https:\/\/bikecat.com\/ca\/tour-destinations\" target=\"_blank\" rel=\"noopener\">visites guiades.<\/a> Dia addicional 40 euros.[\/vc_column_text][\/vc_column][\/vc_row][vc_row content_placement=&#8221;middle&#8221; css=&#8221;.vc_custom_1701431333523{margin-top: 20px !important;margin-right: 10px !important;}&#8221;][vc_column width=&#8221;1\/2&#8243;][vc_single_image image=&#8221;33105&#8243; img_size=&#8221;large&#8221; css_animation=&#8221;left-to-right&#8221;][\/vc_column][vc_column width=&#8221;1\/2&#8243;][vc_column_text css_animation=&#8221;right-to-left&#8221;]<\/p>\n<p class=\"p1\"><strong><a href=\"https:\/\/www.orbea.com\/\" target=\"_blank\" rel=\"noopener\">ORBEA ORCA &#8211; M20i TEAM<\/a> amb <a href=\"https:\/\/bike.shimano.com\/\" target=\"_blank\" rel=\"noopener\">Shimano Ultegra Di2<\/a><\/strong><\/p>\n<h5 class=\"p1\"><strong><span style=\"color: #ff0000;\">ORBEA ORCA M20i TEAM <\/span>&nbsp;<span class=\"s1\">@390\u20ac\/setmana<\/span><\/strong><\/h5>\n<p>&nbsp;[\/vc_column_text][vc_single_image image=&#8221;33107&#8243; img_size=&#8221;large&#8221;][vc_column_text]* Les bicicletes de lloguer de Bikecat a Girona nom\u00e9s estan disponibles per a les nostres <a href=\"https:\/\/bikecat.com\/ca\/girona-guided-rides\" target=\"_blank\" rel=\"noopener\">sortides<\/a> i <a href=\"https:\/\/bikecat.com\/ca\/tour-destinations\" target=\"_blank\" rel=\"noopener\">visites guiades.<\/a> Dia addicional 40 euros.[\/vc_column_text][vc_separator color=&#8221;custom&#8221; accent_color=&#8221;#939393&#8243;][\/vc_column][\/vc_row][vc_row][vc_column][vc_separator][\/vc_column][\/vc_row][vc_row content_placement=&#8221;middle&#8221; css=&#8221;.vc_custom_1701431699347{margin-top: 20px !important;margin-right: 10px !important;}&#8221;][vc_column width=&#8221;1\/2&#8243;][vc_single_image image=&#8221;33109&#8243; img_size=&#8221;large&#8221; css_animation=&#8221;left-to-right&#8221;][\/vc_column][vc_column width=&#8221;1\/2&#8243;][vc_column_text css_animation=&#8221;right-to-left&#8221;]<strong><a href=\"https:\/\/www.canyon.com\/en-us\/electric-bikes\/electric-gravel-bikes\/\" target=\"_blank\" rel=\"noopener\">CANYON GRAIL ON<\/a> &#8211; e.bike<\/strong><\/p>\n<p class=\"p1\">Estem afegint unes quantes bicicletes m\u00e9s a la nostra col\u00b7lecci\u00f3 i ara pots muntar la nova <strong>Canyon Grail.ON CF 8 e.bike.<\/strong><\/p>\n<p>R\u00e0pid sobre asfalt. Estable sobre grava. La Grail:ON CF 8 \u00e9s una bicicleta de grava el\u00e8ctrica que ho pot fer tot. Amb una gran pot\u00e8ncia, estabilitat i control, surt i fes m\u00e9s de l&#8217;equitaci\u00f3 que t&#8217;agrada.<\/p>\n<p>La bateria i el motor s\u00f3n potents i resistents. Amb un pes total de menys de 17,4 quilograms, la Grail:ON \u00e9s una de les bicicletes el\u00e8ctriques de grava m\u00e9s lleugeres. \u200b La combinaci\u00f3 del manillar de dos pisos amb amortiment de vibracions i els frens de disc us ofereix m\u00e9s control sobre la bicicleta.&nbsp;<\/p>\n<h5 class=\"p1\"><strong><span style=\"color: #ff0000;\">CANYON GRAIL ON CF 8<\/span>&nbsp;<span class=\"s1\">@460\u20ac\/setmana<\/span><\/strong><\/h5>\n<p>[\/vc_column_text][\/vc_column][\/vc_row][vc_row content_placement=&#8221;bottom&#8221; css=&#8221;.vc_custom_1577986055457{margin-top: 40px !important;margin-right: 10px !important;}&#8221;][vc_column width=&#8221;1\/2&#8243;][\/vc_column][vc_column width=&#8221;1\/2&#8243;][vc_single_image image=&#8221;33103&#8243; img_size=&#8221;large&#8221; css_animation=&#8221;right-to-left&#8221;][vc_column_text]* Les bicicletes de lloguer de Bikecat a Girona nom\u00e9s estan disponibles per a les nostres sortides i visites guiades. Dia addicional 40 euros.[\/vc_column_text][vc_separator color=&#8221;custom&#8221; accent_color=&#8221;#939393&#8243;][\/vc_column][\/vc_row][vc_row][vc_column][vc_separator][\/vc_column][\/vc_row][vc_row css=&#8221;.vc_custom_1579004260512{margin-top: 80px !important;margin-right: 10px !important;}&#8221;][vc_column width=&#8221;1\/2&#8243;][vc_column_text css_animation=&#8221;left-to-right&#8221;]<\/p>\n<h4><span style=\"color: #d9272e;\"><strong>Ajustaments de la bicicleta:<\/strong><\/span><\/h4>\n<p>Quan llogueu una bicicleta amb nosaltres, volem assegurar-nos que la bicicleta s&#8217;ajusti el m\u00e9s a prop possible a la vostra bicicleta actual.<\/p>\n<p><strong>Anoteu la configuraci\u00f3 de la vostra bicicleta<\/strong><\/p>\n<p>Hi ha certes dimensions que no canvien; nom\u00e9s mous les coses per aconseguir que s&#8217;adaptin a un marc concret. A continuaci\u00f3 es mostra una plantilla que fan servir molts equips. \u200b Mostra les dimensions cr\u00edtiques juntament amb alguna altra informaci\u00f3 sobre la configuraci\u00f3 d&#8217;una bicicleta. Aix\u00f2 \u00e9s necessari per adaptar-te a una bicicleta.<\/p>\n<p><strong>Les mesures:<\/strong>&nbsp;Si us plau, escriu i envia&#8217;ns la seg\u00fcent informaci\u00f3 de la teva bicicleta actual.<br \/>\nTu pots&nbsp;<a title=\"Guia de mesures\" href=\"https:\/\/bikecat.com\/wp-content\/uploads\/2020\/01\/Bikecat-Measurements-guide.pdf\" target=\"_blank\" rel=\"noopener noreferrer\">descarregueu el formulari de mesura aqu\u00ed.<\/a><\/p>\n<p><strong>Recordeu portar els vostres propis pedals<\/strong>&nbsp;i tamb\u00e9 us recomanem el vostre sell\u00f3.[\/vc_column_text][\/vc_column][vc_column width=&#8221;1\/2&#8243;][vc_single_image image=&#8221;32977&#8243; img_size=&#8221;large&#8221; css_animation=&#8221;right-to-left&#8221; css=&#8221;.vc_custom_1578049800755{padding-top: 20px !important;padding-right: 20px !important;padding-bottom: 20px !important;padding-left: 20px !important;}&#8221;][\/vc_column][\/vc_row][vc_row css=&#8221;.vc_custom_1579004288953{margin-top: 40px !important;margin-right: 10px !important;}&#8221;][vc_column width=&#8221;1\/2&#8243; css=&#8221;.vc_custom_1579004085369{margin-right: 10px !important;}&#8221;][vc_single_image image=&#8221;32973&#8243; img_size=&#8221;large&#8221; css_animation=&#8221;left-to-right&#8221;][\/vc_column][vc_column width=&#8221;1\/2&#8243;][vc_column_text css_animation=&#8221;right-to-left&#8221;]<strong>A<\/strong>&nbsp;Al\u00e7ada del seient: des del centre de l&#8217;eix del pedalier en l\u00ednia recta a trav\u00e9s del bastidor i la tija del seient fins al sell\u00f3<br \/>\n<strong>B<\/strong>&nbsp;Al\u00e7ada de la barra: des del centre de l&#8217;eix davanter en l\u00ednia recta a trav\u00e9s de les banyeres de cap fins a la part superior de la tija<br \/>\n<strong>C<\/strong>&nbsp;Abast: des de la punta de la cadira fins al centre de les barres<br \/>\n<strong>D<\/strong>&nbsp;Set Back: des de la punta de la cadira fins a una l\u00ednia presa des del centre de l&#8217;eix BB<br \/>\n<strong>E<\/strong>&nbsp;Deixa. Difer\u00e8ncia d&#8217;al\u00e7ada entre la punta del sell\u00f3 i la part superior del manillar[\/vc_column_text][\/vc_column][\/vc_row][vc_row css=&#8221;.vc_custom_1575645341495{margin-top: 40px !important;}&#8221;][vc_column][\/vc_column][\/vc_row]<\/p>\n<\/div>","protected":false},"excerpt":{"rendered":"<p>[vc_row][vc_column][rev_slider_vc alias=&#8221;bikes&#8221;][\/vc_column][\/vc_row][vc_row css=&#8221;.vc_custom_1544117699305{margin-top: 20px !important;margin-right: 10px !important;}&#8221;][vc_column width=&#8221;2\/3&#8243;][vc_column_text css_animation=&#8221;right-to-left&#8221;] BIKECAT LLOGUER DE BICICLETES A Bikecat oferim bicicletes de lloguer de gamma alta per a les visites i sortides guiades a Girona. \u200b Si no vols viatjar amb la teva pr\u00f2pia bicicleta, t&#8217;oferim les millors opcions de lloguer de bicicletes de carretera a Girona. Ens encarreguem [&hellip;]<\/p>\n","protected":false},"author":1,"featured_media":0,"parent":0,"menu_order":0,"comment_status":"closed","ping_status":"closed","template":"","meta":{"ngg_post_thumbnail":0,"footnotes":""},"class_list":["post-33160","page","type-page","status-publish","hentry"],"yoast_head":"<!-- This site is optimized with the Yoast SEO Premium plugin v27.2 (Yoast SEO v27.2) - https:\/\/yoast.com\/product\/yoast-seo-premium-wordpress\/ -->\n<title>Lloguer de bicicletes a Girona - Bikecat Custom Cycling Tours and Guided Passes<\/title>\n<meta name=\"description\" content=\"Oferim bicicletes de lloguer d&#039;alta gamma a Girona per a les nostres visites i passejades guiades. Si no vols viatjar amb la teva pr\u00f2pia bicicleta aquesta \u00e9s la millor opci\u00f3.\" \/>\n<meta name=\"robots\" content=\"index, follow, max-snippet:-1, max-image-preview:large, max-video-preview:-1\" \/>\n<link rel=\"canonical\" href=\"https:\/\/bikecat.com\/ca\/rental-bikes-in-girona\" \/>\n<meta property=\"og:locale\" content=\"ca_ES\" \/>\n<meta property=\"og:type\" content=\"article\" \/>\n<meta property=\"og:title\" content=\"Lloguer de bicicletes a Girona\" \/>\n<meta property=\"og:description\" content=\"BIKECAT LLOGUER DE BICICLETES A Bikecat oferim bicicletes de lloguer de gamma alta per a les visites i sortides guiades a Girona. \u200b Si no vols viatjar amb\" \/>\n<meta property=\"og:url\" content=\"https:\/\/bikecat.com\/ca\/rental-bikes-in-girona\" \/>\n<meta property=\"og:site_name\" content=\"Bikecat\" \/>\n<meta property=\"article:publisher\" content=\"https:\/\/www.facebook.com\/Bikecat.TOURS\/\" \/>\n<meta property=\"article:modified_time\" content=\"2025-09-30T09:33:48+00:00\" \/>\n<meta property=\"og:image\" content=\"https:\/\/bikecat.com\/wp-content\/uploads\/2025\/06\/Factor_ostro_vam.jpg\" \/>\n\t<meta property=\"og:image:width\" content=\"1000\" \/>\n\t<meta property=\"og:image:height\" content=\"600\" \/>\n\t<meta property=\"og:image:type\" content=\"image\/jpeg\" \/>\n<meta name=\"twitter:card\" content=\"summary_large_image\" \/>\n<meta name=\"twitter:site\" content=\"@bikecatgirona\" \/>\n<meta name=\"twitter:label1\" content=\"Temps estimat de lectura\" \/>\n\t<meta name=\"twitter:data1\" content=\"4 minuts\" \/>\n<script type=\"application\/ld+json\" class=\"yoast-schema-graph\">{\"@context\":\"https:\/\/schema.org\",\"@graph\":[{\"@type\":\"WebPage\",\"@id\":\"https:\/\/bikecat.com\/ca\/rental-bikes-in-girona\",\"url\":\"https:\/\/bikecat.com\/ca\/rental-bikes-in-girona\",\"name\":\"Lloguer de bicicletes a Girona - Bikecat Custom Cycling Tours and Guided Passes\",\"isPartOf\":{\"@id\":\"https:\/\/bikecat.com\/#website\"},\"datePublished\":\"2018-11-27T15:09:33+00:00\",\"dateModified\":\"2025-09-30T09:33:48+00:00\",\"description\":\"Oferim bicicletes de lloguer d'alta gamma a Girona per a les nostres visites i passejades guiades. Si no vols viatjar amb la teva pr\u00f2pia bicicleta aquesta \u00e9s la millor opci\u00f3.\",\"breadcrumb\":{\"@id\":\"https:\/\/bikecat.com\/ca\/rental-bikes-in-girona#breadcrumb\"},\"inLanguage\":\"ca\",\"potentialAction\":[{\"@type\":\"ReadAction\",\"target\":[\"https:\/\/bikecat.com\/ca\/rental-bikes-in-girona\"]}]},{\"@type\":\"BreadcrumbList\",\"@id\":\"https:\/\/bikecat.com\/ca\/rental-bikes-in-girona#breadcrumb\",\"itemListElement\":[{\"@type\":\"ListItem\",\"position\":1,\"name\":\"Portada\",\"item\":\"https:\/\/bikecat.com\/ca\"},{\"@type\":\"ListItem\",\"position\":2,\"name\":\"Lloguer de bicicletes a Girona\"}]},{\"@type\":\"WebSite\",\"@id\":\"https:\/\/bikecat.com\/#website\",\"url\":\"https:\/\/bikecat.com\/\",\"name\":\"Bikecat\",\"description\":\"Bikecat Custom Cycling Tours  - Unique and Exclusive Custom Cycling Tours\",\"publisher\":{\"@id\":\"https:\/\/bikecat.com\/#organization\"},\"potentialAction\":[{\"@type\":\"SearchAction\",\"target\":{\"@type\":\"EntryPoint\",\"urlTemplate\":\"https:\/\/bikecat.com\/?s={search_term_string}\"},\"query-input\":{\"@type\":\"PropertyValueSpecification\",\"valueRequired\":true,\"valueName\":\"search_term_string\"}}],\"inLanguage\":\"ca\"},{\"@type\":\"Organization\",\"@id\":\"https:\/\/bikecat.com\/#organization\",\"name\":\"Bikecat Cycling Tours\",\"url\":\"https:\/\/bikecat.com\/\",\"logo\":{\"@type\":\"ImageObject\",\"inLanguage\":\"ca\",\"@id\":\"https:\/\/bikecat.com\/#\/schema\/logo\/image\/\",\"url\":\"https:\/\/bikecat.com\/wp-content\/uploads\/2018\/11\/headerlogo-1.png\",\"contentUrl\":\"https:\/\/bikecat.com\/wp-content\/uploads\/2018\/11\/headerlogo-1.png\",\"width\":130,\"height\":55,\"caption\":\"Bikecat Cycling Tours\"},\"image\":{\"@id\":\"https:\/\/bikecat.com\/#\/schema\/logo\/image\/\"},\"sameAs\":[\"https:\/\/www.facebook.com\/Bikecat.TOURS\/\",\"https:\/\/x.com\/bikecatgirona\",\"https:\/\/www.instagram.com\/bikecat_cycling_tours\/\"]}]}<\/script>\n<!-- \/ Yoast SEO Premium plugin. -->","yoast_head_json":{"title":"Lloguer de bicicletes a Girona - Bikecat Custom Cycling Tours and Guided Passes","description":"Oferim bicicletes de lloguer d'alta gamma a Girona per a les nostres visites i passejades guiades. Si no vols viatjar amb la teva pr\u00f2pia bicicleta aquesta \u00e9s la millor opci\u00f3.","robots":{"index":"index","follow":"follow","max-snippet":"max-snippet:-1","max-image-preview":"max-image-preview:large","max-video-preview":"max-video-preview:-1"},"canonical":"https:\/\/bikecat.com\/ca\/rental-bikes-in-girona","og_locale":"ca_ES","og_type":"article","og_title":"Lloguer de bicicletes a Girona","og_description":"BIKECAT LLOGUER DE BICICLETES A Bikecat oferim bicicletes de lloguer de gamma alta per a les visites i sortides guiades a Girona. \u200b Si no vols viatjar amb","og_url":"https:\/\/bikecat.com\/ca\/rental-bikes-in-girona","og_site_name":"Bikecat","article_publisher":"https:\/\/www.facebook.com\/Bikecat.TOURS\/","article_modified_time":"2025-09-30T09:33:48+00:00","og_image":[{"width":1000,"height":600,"url":"https:\/\/bikecat.com\/wp-content\/uploads\/2025\/06\/Factor_ostro_vam.jpg","type":"image\/jpeg"}],"twitter_card":"summary_large_image","twitter_site":"@bikecatgirona","twitter_misc":{"Temps estimat de lectura":"4 minuts"},"schema":{"@context":"https:\/\/schema.org","@graph":[{"@type":"WebPage","@id":"https:\/\/bikecat.com\/ca\/rental-bikes-in-girona","url":"https:\/\/bikecat.com\/ca\/rental-bikes-in-girona","name":"Lloguer de bicicletes a Girona - Bikecat Custom Cycling Tours and Guided Passes","isPartOf":{"@id":"https:\/\/bikecat.com\/#website"},"datePublished":"2018-11-27T15:09:33+00:00","dateModified":"2025-09-30T09:33:48+00:00","description":"Oferim bicicletes de lloguer d'alta gamma a Girona per a les nostres visites i passejades guiades. Si no vols viatjar amb la teva pr\u00f2pia bicicleta aquesta \u00e9s la millor opci\u00f3.","breadcrumb":{"@id":"https:\/\/bikecat.com\/ca\/rental-bikes-in-girona#breadcrumb"},"inLanguage":"ca","potentialAction":[{"@type":"ReadAction","target":["https:\/\/bikecat.com\/ca\/rental-bikes-in-girona"]}]},{"@type":"BreadcrumbList","@id":"https:\/\/bikecat.com\/ca\/rental-bikes-in-girona#breadcrumb","itemListElement":[{"@type":"ListItem","position":1,"name":"Portada","item":"https:\/\/bikecat.com\/ca"},{"@type":"ListItem","position":2,"name":"Lloguer de bicicletes a Girona"}]},{"@type":"WebSite","@id":"https:\/\/bikecat.com\/#website","url":"https:\/\/bikecat.com\/","name":"Bikecat","description":"Bikecat Custom Cycling Tours  - Unique and Exclusive Custom Cycling Tours","publisher":{"@id":"https:\/\/bikecat.com\/#organization"},"potentialAction":[{"@type":"SearchAction","target":{"@type":"EntryPoint","urlTemplate":"https:\/\/bikecat.com\/?s={search_term_string}"},"query-input":{"@type":"PropertyValueSpecification","valueRequired":true,"valueName":"search_term_string"}}],"inLanguage":"ca"},{"@type":"Organization","@id":"https:\/\/bikecat.com\/#organization","name":"Bikecat Cycling Tours","url":"https:\/\/bikecat.com\/","logo":{"@type":"ImageObject","inLanguage":"ca","@id":"https:\/\/bikecat.com\/#\/schema\/logo\/image\/","url":"https:\/\/bikecat.com\/wp-content\/uploads\/2018\/11\/headerlogo-1.png","contentUrl":"https:\/\/bikecat.com\/wp-content\/uploads\/2018\/11\/headerlogo-1.png","width":130,"height":55,"caption":"Bikecat Cycling Tours"},"image":{"@id":"https:\/\/bikecat.com\/#\/schema\/logo\/image\/"},"sameAs":["https:\/\/www.facebook.com\/Bikecat.TOURS\/","https:\/\/x.com\/bikecatgirona","https:\/\/www.instagram.com\/bikecat_cycling_tours\/"]}]}},"_links":{"self":[{"href":"https:\/\/bikecat.com\/ca\/wp-json\/wp\/v2\/pages\/33160","targetHints":{"allow":["GET"]}}],"collection":[{"href":"https:\/\/bikecat.com\/ca\/wp-json\/wp\/v2\/pages"}],"about":[{"href":"https:\/\/bikecat.com\/ca\/wp-json\/wp\/v2\/types\/page"}],"author":[{"embeddable":true,"href":"https:\/\/bikecat.com\/ca\/wp-json\/wp\/v2\/users\/1"}],"replies":[{"embeddable":true,"href":"https:\/\/bikecat.com\/ca\/wp-json\/wp\/v2\/comments?post=33160"}],"version-history":[{"count":2,"href":"https:\/\/bikecat.com\/ca\/wp-json\/wp\/v2\/pages\/33160\/revisions"}],"predecessor-version":[{"id":43189,"href":"https:\/\/bikecat.com\/ca\/wp-json\/wp\/v2\/pages\/33160\/revisions\/43189"}],"wp:attachment":[{"href":"https:\/\/bikecat.com\/ca\/wp-json\/wp\/v2\/media?parent=33160"}],"curies":[{"name":"wp","href":"https:\/\/api.w.org\/{rel}","templated":true}]}}