{"id":33149,"date":"2018-11-27T15:09:20","date_gmt":"2018-11-27T15:09:20","guid":{"rendered":"https:\/\/bikecat.com\/girona-guided-rides"},"modified":"2024-06-25T09:42:22","modified_gmt":"2024-06-25T09:42:22","slug":"girona-guided-rides","status":"publish","type":"page","link":"https:\/\/bikecat.com\/ca\/girona-guided-rides","title":{"rendered":"Passejades guiades a Girona"},"content":{"rendered":"<div class=\"wpb-content-wrapper\"><p>[vc_row][vc_column][rev_slider_vc alias=&#8221;rides&#8221;][\/vc_column][\/vc_row][vc_row css=&#8221;.vc_custom_1575566807553{margin-top: 40px !important;}&#8221;][vc_column][\/vc_column][\/vc_row][vc_row css=&#8221;.vc_custom_1548418826396{margin-top: 20px !important;margin-right: 20px !important;}&#8221;][vc_column width=&#8221;1\/2&#8243;][vc_single_image image=&#8221;3165&#8243; img_size=&#8221;large&#8221; css_animation=&#8221;left-to-right&#8221;][\/vc_column][vc_column width=&#8221;1\/2&#8243;][vc_column_text css_animation=&#8221;right-to-left&#8221;]<\/p>\n<h1><span style=\"color: #d9272e; font-size: 24pt; font-family: Raleway, geneva, sans-serif;\"><strong>RUTES GUIADES A GIRONA<\/strong><\/span><\/h1>\n<p>Si est\u00e0s de visita a Girona i vols rodar amb la bicicleta on ho fan els professionals, uneix-te a les rutes guiades de Bikecat i sent-te com un ciclista.<\/p>\n<p>&nbsp;<\/p>\n<p><span style=\"font-size: 14pt;\"><em><strong>Bikecat ofereix rutes exclusives i personalitzades per Girona i rodalies. <\/strong>.<\/em><\/span><\/p>\n<p>&nbsp;<\/p>\n<p>Aprofita el teu temps al m\u00e0xim a Girona rodant amb nosaltres. El nostre coneixement i entusiasme pel ciclisme i aquesta regi\u00f3, us portar\u00e0 a descobrir els secrets d&#8217;aquesta terra, els seus espectaculars paisatges i les seves incre\u00efbles carreteres secund\u00e0ries.<\/p>\n<p>Les nostres rutes guiades estan <strong>organitzades per <a href=\"https:\/\/bikecat.com\/ca\/about-bikecat\">guies locals.<\/a><\/strong> Tots els nostres guies tenen llic\u00e8ncia i estan certificats per la <a href=\"https:\/\/www.ciclisme.cat\/\" target=\"_blank\" rel=\"noopener noreferrer\">Federaci\u00f3 de Ciclisme<\/a> i el Govern. Un servei professional com cap altre.<\/p>\n<p><strong>Els recorreguts guiats de Bikecat<\/strong> estan pensats per al ciclista recreatiu de nivell intermedi o avan\u00e7at, que busca un recorregut adaptat al seu nivell sense deixar de gaudir de l&#8217;entorn i les vistes que envolten la ciutat i els voltants.<\/p>\n<p>Trieu entre la nostra gran varietat de rutes de 40 a 100 quil\u00f2metres o m\u00e9s i diferents perfils per desafiar les teves habilitats.<\/p>\n<p><a href=\"mailto:info@bikecat.com\"><strong>Poseu-vos en contacte amb nosaltres<\/strong><\/a> per obtenir m\u00e9s informaci\u00f3 i reservar la vostra aventura. Trucar\/whatsapp al +34 639 82 92 72[\/vc_column_text][\/vc_column][\/vc_row][vc_row css=&#8221;.vc_custom_1548418826396{margin-top: 20px !important;margin-right: 20px !important;}&#8221;][vc_column width=&#8221;1\/2&#8243;][vc_single_image image=&#8221;36348&#8243; img_size=&#8221;large&#8221; css_animation=&#8221;left-to-right&#8221; css=&#8221;&#8221;][\/vc_column][vc_column width=&#8221;1\/2&#8243;][vc_column_text css_animation=&#8221;right-to-left&#8221;]<strong>Qu\u00e8 inclou?<\/strong><\/p>\n<h6>Un guia local experimentat anir\u00e0 amb tu i\/o amb els teus amics\/acompanyants, us guiar\u00e0 i indicar\u00e0 les caracter\u00edstiques i dificultats de les rutes.<\/h6>\n<h6>Pausa per a caf\u00e8 i\/o dinar amb les rutes guiades de dia complet.<\/h6>\n<h6>Assist\u00e8ncia Mec\u00e0nica<\/h6>\n<h6>Barretes energ\u00e8tiques, gels i begudes esportives.<\/h6>\n<h6>Vehicle de suport opcional amb menjar, begudes, kit de primers auxilis i m\u00e9s per seguir cada recorregut.<\/h6>\n<p>&nbsp;<\/p>\n<p><strong>Opcions:<\/strong><\/p>\n<h6>Bicicleta de lloguer<\/h6>\n<h6>Vehicle de suport des de 120\u20ac per grup.<\/h6>\n<h6>Paquets especials per a grups (+4) i diversos dies<\/h6>\n<p>[\/vc_column_text][\/vc_column][\/vc_row][vc_row css=&#8221;.vc_custom_1580829874819{margin-top: 40px !important;margin-right: 20px !important;}&#8221;][vc_column][vc_separator color=&#8221;black&#8221; style=&#8221;dotted&#8221;][\/vc_column][\/vc_row][vc_row css=&#8221;.vc_custom_1578925742990{margin-top: 40px !important;margin-right: 20px !important;margin-bottom: 40px !important;}&#8221;][vc_column width=&#8221;1\/2&#8243;][vc_column_text css_animation=&#8221;right-to-left&#8221;]<\/p>\n<h1><span style=\"color: #d9272e; font-size: 24pt; font-family: Raleway, geneva, sans-serif;\"><strong>BICICLETES DE LLOGUER BIKECAT<\/strong><\/span><\/h1>\n<p class=\"p1\">A Bikecat, oferim <strong>bicicletes de lloguer d\u00b4alta gamma<\/strong> per als tours i rutes guiades. Si no voleu viatjar amb la vostra pr\u00f2pia bicicleta, us oferim les millors opcions de lloguer de bicicletes de carretera a Girona.<\/p>\n<p class=\"p1\">Cuidem cada bicicleta de carretera abans i despr\u00e9s de cada sortida. La neteja i els ajustaments es fan com si fos la teva pr\u00f2pia bicicleta.<\/p>\n<p class=\"p1\"><strong>Tens aquestes opcions:<\/strong><\/p>\n<p>[\/vc_column_text][\/vc_column][vc_column width=&#8221;1\/3&#8243;][vc_column_text css_animation=&#8221;right-to-left&#8221;]<\/p>\n<blockquote>\n<p class=\"p1\"><span style=\"font-size: 18pt;\"><strong><br \/>\nAra \u00e9s el moment de pedalar com un professional!<br \/>\nTotes les nostres bicicletes de lloguer a Girona estan posades a punt per a un excel\u00b7lent rendiment que t&#8217;acompanyar\u00e0 a les teves vacances.<\/strong><\/span><\/p>\n<p>&nbsp;<\/p><\/blockquote>\n<p>[\/vc_column_text][\/vc_column][\/vc_row][vc_row content_placement=&#8221;bottom&#8221; css=&#8221;.vc_custom_1544120296415{margin-top: 20px !important;margin-right: 10px !important;}&#8221;][vc_column width=&#8221;1\/2&#8243;][vc_single_image image=&#8221;18859&#8243; img_size=&#8221;large&#8221; css_animation=&#8221;left-to-right&#8221;][\/vc_column][vc_column width=&#8221;1\/2&#8243;][vc_column_text css_animation=&#8221;right-to-left&#8221;]<strong>ORBEA ORCA \u2013 LA BICICLETA DE CURSES M\u00c9S LLEUGERA I VERS\u00c0TIL<\/strong><\/p>\n<p><a href=\"https:\/\/www.orbea.com\/us-en\/bicicletas\/carretera\/orca\/\" target=\"_blank\" rel=\"noopener\"><strong>ORBEA ORCA \u2013 M10i LTD<\/strong><\/a> amb <a href=\"https:\/\/bike.shimano.com\/\" target=\"_blank\" rel=\"noopener\">Shimano Dura Ace Di2<\/a><br \/>\nEl rendiment, la tecnologia i l&#8217;estil han estat sempre els pilars del ciclisme. Potser no competim, per\u00f2 ens encanta la sensaci\u00f3 d&#8217;una bicicleta de carreres: l&#8217;Orca \u00e9s lleugera, r\u00e0pida i bella. Els atletes professionals, els guerrers de cap de setmana i els ciclistes recreatius tenen alguna cosa en com\u00fa: estimem les bicicletes tant com l&#8217;estil de vida.<\/p>\n<p>Beneficieu-vos d&#8217;una conducci\u00f3 m\u00e9s suau, enginyeria avan\u00e7ada i un avantatge aerodin\u00e0mic. Flexibilitat i rendiment garantim que Orca s&#8217;adapta a la gamma m\u00e9s \u00e0mplia de ciclistes. Oferim solucions \u00faniques d\u02bbajust de manillar i pot\u00e8ncia perqu\u00e8 no tots busquem la mateixa posici\u00f3 de conducci\u00f3, volem la bicicleta m\u00e9s r\u00e0pida i que s\u02bbadapti a nosaltres. Orca \u00e9s una bicicleta de carreres personalitzada, moderna i capa\u00e7 que ens entusiasma per conduir exactament com ens agrada.<\/p>\n<p class=\"p1\">Totes les nostres bicicletes de lloguer a Girona estan afinades per oferir un rendiment excel\u00b7lent que us acompanyar\u00e0 durant <a href=\"https:\/\/bikecat.com\/ca\/bikecat-cycling-tours\" target=\"_blank\" rel=\"noopener\">les vostres vacances.<\/a><\/p>\n<h5 class=\"p1\"><strong><span style=\"color: #ff0000;\">ORBEA ORCA M10i LTD<\/span> &nbsp; <span class=\"s1\">@460\u20ac\/SETMANA<\/span><\/strong><\/h5>\n<p>[\/vc_column_text][\/vc_column][\/vc_row][vc_row content_placement=&#8221;bottom&#8221; css=&#8221;.vc_custom_1577986055457{margin-top: 40px !important;margin-right: 10px !important;}&#8221;][vc_column width=&#8221;1\/2&#8243;][\/vc_column][vc_column width=&#8221;1\/2&#8243;][vc_single_image image=&#8221;18864&#8243; img_size=&#8221;large&#8221; css_animation=&#8221;right-to-left&#8221;][vc_column_text]*Les bicicletes Bikecat Rental a Girona nom\u00e9s estan disponibles per a les nostres <a href=\"https:\/\/bikecat.com\/ca\/girona-guided-rides\" target=\"_blank\" rel=\"noopener\">rutes guiades<\/a> i als <a href=\"https:\/\/bikecat.com\/ca\/tour-destinations\" target=\"_blank\" rel=\"noopener\">tours.<\/a>. Dia addicional 40 euros.[\/vc_column_text][vc_separator color=&#8221;custom&#8221; accent_color=&#8221;#939393&#8243;][\/vc_column][\/vc_row][vc_row content_placement=&#8221;middle&#8221; css=&#8221;.vc_custom_1701431521082{margin-top: 20px !important;margin-right: 10px !important;}&#8221;][vc_column width=&#8221;1\/2&#8243;][vc_single_image image=&#8221;32594&#8243; img_size=&#8221;large&#8221; css_animation=&#8221;left-to-right&#8221;][\/vc_column][vc_column width=&#8221;1\/2&#8243;][vc_column_text css_animation=&#8221;right-to-left&#8221;]<\/p>\n<p class=\"p1\"><strong><a href=\"https:\/\/www.orbea.com\/\" target=\"_blank\" rel=\"noopener\">ORBEA ORCA &#8211; M20i TEAM<\/a> amb <a href=\"https:\/\/bike.shimano.com\/\" target=\"_blank\" rel=\"noopener\">Shimano Ultegra Di2<\/a><\/strong><\/p>\n<h5 class=\"p1\"><strong><span style=\"color: #ff0000;\">ORBEA ORCA M20i TEAM ULTEGRA<\/span> &nbsp; <span class=\"s1\">@390\u20ac\/SETMANA<\/span><\/strong><\/h5>\n<p>[\/vc_column_text][vc_single_image image=&#8221;32595&#8243; img_size=&#8221;large&#8221;][vc_column_text]*Les bicicletes Bikecat Rental a Girona nom\u00e9s estan disponibles per a les nostres <a href=\"https:\/\/bikecat.com\/ca\/girona-guided-rides\" target=\"_blank\" rel=\"noopener\">rutes guiades<\/a> i als <a href=\"https:\/\/bikecat.com\/ca\/tour-destinations\" target=\"_blank\" rel=\"noopener\">tours.<\/a>. Dia addicional 40 euros.[\/vc_column_text][\/vc_column][\/vc_row][vc_row content_placement=&#8221;middle&#8221; css=&#8221;.vc_custom_1701431361346{margin-top: 20px !important;margin-right: 10px !important;}&#8221;][vc_column width=&#8221;1\/2&#8243;][vc_single_image image=&#8221;32596&#8243; img_size=&#8221;large&#8221; css_animation=&#8221;left-to-right&#8221;][\/vc_column][vc_column width=&#8221;1\/2&#8243;][vc_column_text css_animation=&#8221;right-to-left&#8221;]<strong><a href=\"https:\/\/www.canyon.com\/en-us\/electric-bikes\/electric-gravel-bikes\/\" target=\"_blank\" rel=\"noopener\">CANYON GRAIL ON<\/a> \u2013 e.bike<\/strong><\/p>\n<p class=\"p1\">Estem afegint algunes bicicletes m\u00e9s a la nostra col\u00b7lecci\u00f3, ara pots rodar amb la nova bicicleta el\u00e8ctrica <strong>Canyon Grail.ON CF 8 e.bike.<\/strong><\/p>\n<p>R\u00e0pida sobre asfalt. Estable sobre grava. La Grail.ON CF 8 \u00e9s una bicicleta de gravel el\u00e8ctrica que ho pot fer tot. Amb enorme pot\u00e8ncia, estabilitat i control, surt amb ella i gaudeix de rutes m\u00e9s llargues.<\/p>\n<p>La bateria i el motor s\u00f3n potents i duradors. Amb un pes total de menys de 17,4 quilograms, la Grail.ON \u00e9s una de les bicicletes el\u00e8ctriques per a gravel m\u00e9s lleugeres. La combinaci\u00f3 del manillar de dues altures que esmorteeix les vibracions i els frens de disc et proporcionen m\u00e9s control sobre la bicicleta.&nbsp;<\/p>\n<h5 class=\"p1\"><strong><span style=\"color: #ff0000;\">CANYON GRAIL ON CF 8<\/span> &nbsp; <span class=\"s1\">@460\u20ac\/SETMANA<\/span><\/strong><\/h5>\n<p>[\/vc_column_text][\/vc_column][\/vc_row][vc_row content_placement=&#8221;bottom&#8221; css=&#8221;.vc_custom_1577986055457{margin-top: 40px !important;margin-right: 10px !important;}&#8221;][vc_column width=&#8221;1\/2&#8243;][\/vc_column][vc_column width=&#8221;1\/2&#8243;][vc_single_image image=&#8221;32593&#8243; img_size=&#8221;large&#8221; css_animation=&#8221;right-to-left&#8221;][vc_column_text]*Les bicicletes Bikecat Rental a Girona nom\u00e9s estan disponibles per a les nostres rutes guiades i als tours. Dia addicional 30 euros.[\/vc_column_text][vc_separator color=&#8221;custom&#8221; accent_color=&#8221;#939393&#8243;][\/vc_column][\/vc_row][vc_row css=&#8221;.vc_custom_1579004260512{margin-top: 80px !important;margin-right: 10px !important;}&#8221;][vc_column width=&#8221;1\/2&#8243;][vc_column_text css_animation=&#8221;left-to-right&#8221;]<\/p>\n<h4><span style=\"color: #d9272e;\"><strong>AJUSTOS DE LA BICICLETA<\/strong><\/span><\/h4>\n<p>Quan llogueu una bicicleta amb nosaltres, volem assegurar-nos que la bicicleta s&#8217;ajusta el m\u00e0xim possible a la vostra bicicleta actual.<\/p>\n<p><strong>Prengui nota de la configuraci\u00f3 de la teva bicicleta,<\/strong><\/p>\n<p>hi ha certes dimensions que no canvien; nom\u00e9s cal moure els elements concrets de la bicicleta perqu\u00e8 s&#8217;ajustin a un quadre determinat. A continuaci\u00f3, es mostra una plantilla que utilitzen molts equips. Mostra les dimensions concretes amb una altra informaci\u00f3 sobre la configuraci\u00f3 d&#8217;una bicicleta. Aix\u00f2 \u00e9s necessari per ajustar una bicicleta per a cada usuari.<\/p>\n<p><strong>Les mesures:<\/strong> &nbsp; Si us plau, anota i envia&#8217;ns la seg\u00fcent informaci\u00f3 de la teva bicicleta actual.<br \/>\nPots&nbsp;<a title=\"Guia de mesures\" href=\"https:\/\/bikecat.com\/wp-content\/uploads\/2020\/01\/Bikecat-Measurements-guide.pdf\" target=\"_blank\" rel=\"noopener noreferrer\">descarregar el formulari de mides aqu\u00ed<\/a>.<\/p>\n<p><strong>Recorda portar els teus propis pedals<\/strong> &nbsp;i tamb\u00e9 us recomanem que porteu el vostre propi sellent.[\/vc_column_text][\/vc_column][vc_column width=&#8221;1\/2&#8243;][vc_single_image image=&#8221;3415&#8243; img_size=&#8221;large&#8221; css_animation=&#8221;right-to-left&#8221; css=&#8221;.vc_custom_1578049800755{padding-top: 20px !important;padding-right: 20px !important;padding-bottom: 20px !important;padding-left: 20px !important;}&#8221;][\/vc_column][\/vc_row][vc_row css=&#8221;.vc_custom_1579004288953{margin-top: 40px !important;margin-right: 10px !important;}&#8221;][vc_column width=&#8221;1\/2&#8243; css=&#8221;.vc_custom_1579004085369{margin-right: 10px !important;}&#8221;][vc_single_image image=&#8221;3408&#8243; img_size=&#8221;large&#8221; css_animation=&#8221;left-to-right&#8221;][\/vc_column][vc_column width=&#8221;1\/2&#8243;][vc_column_text css_animation=&#8221;right-to-left&#8221;]<strong>A)<\/strong> &nbsp; Al\u00e7ada del sallent: des del centre de l&#8217;eix del pedaler en l\u00ednia recta fins al sallent, passant pel quadre i la tija del sell\u00f3.<br \/>\n<strong>B)<\/strong> &nbsp; Al\u00e7ada del manillar: des del centre de l&#8217;eix davanter en l\u00ednia recta fins a la part superior de la pot\u00e8ncia.<br \/>\n<strong>C)<\/strong> &nbsp; Abast: des de la punta del sallent fins al centre del manillar.<br \/>\n<strong>D)<\/strong> &nbsp; Retroc\u00e9s: des de la punta del sallent fins a una l\u00ednia presa des del centre de l&#8217;eix del pedaler.<br \/>\n<strong>E)<\/strong> &nbsp; Caiguda. Difer\u00e8ncia d&#8217;al\u00e7ada entre la punta del sallent i la part superior del manillar.[\/vc_column_text][\/vc_column][\/vc_row][vc_row css=&#8221;.vc_custom_1575645341495{margin-top: 40px !important;}&#8221;][vc_column][\/vc_column][\/vc_row]<\/p>\n<\/div>","protected":false},"excerpt":{"rendered":"<p>[vc_row][vc_column][rev_slider_vc alias=&#8221;rides&#8221;][\/vc_column][\/vc_row][vc_row css=&#8221;.vc_custom_1575566807553{margin-top: 40px !important;}&#8221;][vc_column][\/vc_column][\/vc_row][vc_row css=&#8221;.vc_custom_1548418826396{margin-top: 20px !important;margin-right: 20px !important;}&#8221;][vc_column width=&#8221;1\/2&#8243;][vc_single_image image=&#8221;3165&#8243; img_size=&#8221;large&#8221; css_animation=&#8221;left-to-right&#8221;][\/vc_column][vc_column width=&#8221;1\/2&#8243;][vc_column_text css_animation=&#8221;right-to-left&#8221;] RUTES GUIADES A GIRONA Si est\u00e0s de visita a Girona i vols rodar amb la bicicleta on ho fan els professionals, uneix-te a les rutes guiades de Bikecat i sent-te com un ciclista. &nbsp; Bikecat ofereix rutes exclusives i [&hellip;]<\/p>\n","protected":false},"author":1,"featured_media":0,"parent":0,"menu_order":0,"comment_status":"closed","ping_status":"closed","template":"","meta":{"ngg_post_thumbnail":0,"footnotes":""},"class_list":["post-33149","page","type-page","status-publish","hentry"],"yoast_head":"<!-- This site is optimized with the Yoast SEO Premium plugin v27.2 (Yoast SEO v27.2) - https:\/\/yoast.com\/product\/yoast-seo-premium-wordpress\/ -->\n<title>Diferencia d&#039;al\u00e7ada entre la punta del sill\u00edn i la part superior del manillar<\/title>\n<meta name=\"description\" content=\"Si visites Girona i vols rodar on ho fan els professionals, uneix-te a les sortides guiades de Bikecat. Aprofiteu al m\u00e0xim el vostre temps muntant amb guies locals certificats.\" \/>\n<meta name=\"robots\" content=\"index, follow, max-snippet:-1, max-image-preview:large, max-video-preview:-1\" \/>\n<link rel=\"canonical\" href=\"https:\/\/bikecat.com\/ca\/girona-guided-rides\" \/>\n<meta property=\"og:locale\" content=\"ca_ES\" \/>\n<meta property=\"og:type\" content=\"article\" \/>\n<meta property=\"og:title\" content=\"Passejades guiades a Girona\" \/>\n<meta property=\"og:description\" content=\"RUTES GUIADES A GIRONA Si est\u00e0s de visita a Girona i vols rodar amb la bicicleta on ho fan els professionals, uneix-te a les rutes guiades de Bikecat i\" \/>\n<meta property=\"og:url\" content=\"https:\/\/bikecat.com\/ca\/girona-guided-rides\" \/>\n<meta property=\"og:site_name\" content=\"Bikecat\" \/>\n<meta property=\"article:publisher\" content=\"https:\/\/www.facebook.com\/Bikecat.TOURS\/\" \/>\n<meta property=\"article:modified_time\" content=\"2024-06-25T09:42:22+00:00\" \/>\n<meta property=\"og:image\" content=\"https:\/\/bikecat.com\/wp-content\/uploads\/2020\/01\/Bikecat-local-guides-1.jpg\" \/>\n\t<meta property=\"og:image:width\" content=\"1920\" \/>\n\t<meta property=\"og:image:height\" content=\"576\" \/>\n\t<meta property=\"og:image:type\" content=\"image\/jpeg\" \/>\n<meta name=\"twitter:card\" content=\"summary_large_image\" \/>\n<meta name=\"twitter:site\" content=\"@bikecatgirona\" \/>\n<meta name=\"twitter:label1\" content=\"Temps estimat de lectura\" \/>\n\t<meta name=\"twitter:data1\" content=\"5 minuts\" \/>\n<script type=\"application\/ld+json\" class=\"yoast-schema-graph\">{\"@context\":\"https:\/\/schema.org\",\"@graph\":[{\"@type\":\"WebPage\",\"@id\":\"https:\/\/bikecat.com\/ca\/girona-guided-rides\",\"url\":\"https:\/\/bikecat.com\/ca\/girona-guided-rides\",\"name\":\"Diferencia d'al\u00e7ada entre la punta del sill\u00edn i la part superior del manillar\",\"isPartOf\":{\"@id\":\"https:\/\/bikecat.com\/#website\"},\"datePublished\":\"2018-11-27T15:09:20+00:00\",\"dateModified\":\"2024-06-25T09:42:22+00:00\",\"description\":\"Si visites Girona i vols rodar on ho fan els professionals, uneix-te a les sortides guiades de Bikecat. Aprofiteu al m\u00e0xim el vostre temps muntant amb guies locals certificats.\",\"breadcrumb\":{\"@id\":\"https:\/\/bikecat.com\/ca\/girona-guided-rides#breadcrumb\"},\"inLanguage\":\"ca\",\"potentialAction\":[{\"@type\":\"ReadAction\",\"target\":[\"https:\/\/bikecat.com\/ca\/girona-guided-rides\"]}]},{\"@type\":\"BreadcrumbList\",\"@id\":\"https:\/\/bikecat.com\/ca\/girona-guided-rides#breadcrumb\",\"itemListElement\":[{\"@type\":\"ListItem\",\"position\":1,\"name\":\"Portada\",\"item\":\"https:\/\/bikecat.com\/ca\"},{\"@type\":\"ListItem\",\"position\":2,\"name\":\"Passejades guiades a Girona\"}]},{\"@type\":\"WebSite\",\"@id\":\"https:\/\/bikecat.com\/#website\",\"url\":\"https:\/\/bikecat.com\/\",\"name\":\"Bikecat\",\"description\":\"Bikecat Custom Cycling Tours  - Unique and Exclusive Custom Cycling Tours\",\"publisher\":{\"@id\":\"https:\/\/bikecat.com\/#organization\"},\"potentialAction\":[{\"@type\":\"SearchAction\",\"target\":{\"@type\":\"EntryPoint\",\"urlTemplate\":\"https:\/\/bikecat.com\/?s={search_term_string}\"},\"query-input\":{\"@type\":\"PropertyValueSpecification\",\"valueRequired\":true,\"valueName\":\"search_term_string\"}}],\"inLanguage\":\"ca\"},{\"@type\":\"Organization\",\"@id\":\"https:\/\/bikecat.com\/#organization\",\"name\":\"Bikecat Cycling Tours\",\"url\":\"https:\/\/bikecat.com\/\",\"logo\":{\"@type\":\"ImageObject\",\"inLanguage\":\"ca\",\"@id\":\"https:\/\/bikecat.com\/#\/schema\/logo\/image\/\",\"url\":\"https:\/\/bikecat.com\/wp-content\/uploads\/2018\/11\/headerlogo-1.png\",\"contentUrl\":\"https:\/\/bikecat.com\/wp-content\/uploads\/2018\/11\/headerlogo-1.png\",\"width\":130,\"height\":55,\"caption\":\"Bikecat Cycling Tours\"},\"image\":{\"@id\":\"https:\/\/bikecat.com\/#\/schema\/logo\/image\/\"},\"sameAs\":[\"https:\/\/www.facebook.com\/Bikecat.TOURS\/\",\"https:\/\/x.com\/bikecatgirona\",\"https:\/\/www.instagram.com\/bikecat_cycling_tours\/\"]}]}<\/script>\n<!-- \/ Yoast SEO Premium plugin. -->","yoast_head_json":{"title":"Diferencia d'al\u00e7ada entre la punta del sill\u00edn i la part superior del manillar","description":"Si visites Girona i vols rodar on ho fan els professionals, uneix-te a les sortides guiades de Bikecat. Aprofiteu al m\u00e0xim el vostre temps muntant amb guies locals certificats.","robots":{"index":"index","follow":"follow","max-snippet":"max-snippet:-1","max-image-preview":"max-image-preview:large","max-video-preview":"max-video-preview:-1"},"canonical":"https:\/\/bikecat.com\/ca\/girona-guided-rides","og_locale":"ca_ES","og_type":"article","og_title":"Passejades guiades a Girona","og_description":"RUTES GUIADES A GIRONA Si est\u00e0s de visita a Girona i vols rodar amb la bicicleta on ho fan els professionals, uneix-te a les rutes guiades de Bikecat i","og_url":"https:\/\/bikecat.com\/ca\/girona-guided-rides","og_site_name":"Bikecat","article_publisher":"https:\/\/www.facebook.com\/Bikecat.TOURS\/","article_modified_time":"2024-06-25T09:42:22+00:00","og_image":[{"width":1920,"height":576,"url":"https:\/\/bikecat.com\/wp-content\/uploads\/2020\/01\/Bikecat-local-guides-1.jpg","type":"image\/jpeg"}],"twitter_card":"summary_large_image","twitter_site":"@bikecatgirona","twitter_misc":{"Temps estimat de lectura":"5 minuts"},"schema":{"@context":"https:\/\/schema.org","@graph":[{"@type":"WebPage","@id":"https:\/\/bikecat.com\/ca\/girona-guided-rides","url":"https:\/\/bikecat.com\/ca\/girona-guided-rides","name":"Diferencia d'al\u00e7ada entre la punta del sill\u00edn i la part superior del manillar","isPartOf":{"@id":"https:\/\/bikecat.com\/#website"},"datePublished":"2018-11-27T15:09:20+00:00","dateModified":"2024-06-25T09:42:22+00:00","description":"Si visites Girona i vols rodar on ho fan els professionals, uneix-te a les sortides guiades de Bikecat. Aprofiteu al m\u00e0xim el vostre temps muntant amb guies locals certificats.","breadcrumb":{"@id":"https:\/\/bikecat.com\/ca\/girona-guided-rides#breadcrumb"},"inLanguage":"ca","potentialAction":[{"@type":"ReadAction","target":["https:\/\/bikecat.com\/ca\/girona-guided-rides"]}]},{"@type":"BreadcrumbList","@id":"https:\/\/bikecat.com\/ca\/girona-guided-rides#breadcrumb","itemListElement":[{"@type":"ListItem","position":1,"name":"Portada","item":"https:\/\/bikecat.com\/ca"},{"@type":"ListItem","position":2,"name":"Passejades guiades a Girona"}]},{"@type":"WebSite","@id":"https:\/\/bikecat.com\/#website","url":"https:\/\/bikecat.com\/","name":"Bikecat","description":"Bikecat Custom Cycling Tours  - Unique and Exclusive Custom Cycling Tours","publisher":{"@id":"https:\/\/bikecat.com\/#organization"},"potentialAction":[{"@type":"SearchAction","target":{"@type":"EntryPoint","urlTemplate":"https:\/\/bikecat.com\/?s={search_term_string}"},"query-input":{"@type":"PropertyValueSpecification","valueRequired":true,"valueName":"search_term_string"}}],"inLanguage":"ca"},{"@type":"Organization","@id":"https:\/\/bikecat.com\/#organization","name":"Bikecat Cycling Tours","url":"https:\/\/bikecat.com\/","logo":{"@type":"ImageObject","inLanguage":"ca","@id":"https:\/\/bikecat.com\/#\/schema\/logo\/image\/","url":"https:\/\/bikecat.com\/wp-content\/uploads\/2018\/11\/headerlogo-1.png","contentUrl":"https:\/\/bikecat.com\/wp-content\/uploads\/2018\/11\/headerlogo-1.png","width":130,"height":55,"caption":"Bikecat Cycling Tours"},"image":{"@id":"https:\/\/bikecat.com\/#\/schema\/logo\/image\/"},"sameAs":["https:\/\/www.facebook.com\/Bikecat.TOURS\/","https:\/\/x.com\/bikecatgirona","https:\/\/www.instagram.com\/bikecat_cycling_tours\/"]}]}},"_links":{"self":[{"href":"https:\/\/bikecat.com\/ca\/wp-json\/wp\/v2\/pages\/33149","targetHints":{"allow":["GET"]}}],"collection":[{"href":"https:\/\/bikecat.com\/ca\/wp-json\/wp\/v2\/pages"}],"about":[{"href":"https:\/\/bikecat.com\/ca\/wp-json\/wp\/v2\/types\/page"}],"author":[{"embeddable":true,"href":"https:\/\/bikecat.com\/ca\/wp-json\/wp\/v2\/users\/1"}],"replies":[{"embeddable":true,"href":"https:\/\/bikecat.com\/ca\/wp-json\/wp\/v2\/comments?post=33149"}],"version-history":[{"count":0,"href":"https:\/\/bikecat.com\/ca\/wp-json\/wp\/v2\/pages\/33149\/revisions"}],"wp:attachment":[{"href":"https:\/\/bikecat.com\/ca\/wp-json\/wp\/v2\/media?parent=33149"}],"curies":[{"name":"wp","href":"https:\/\/api.w.org\/{rel}","templated":true}]}}