{"id":33135,"date":"2019-01-24T10:57:51","date_gmt":"2019-01-24T10:57:51","guid":{"rendered":"https:\/\/bikecat.com\/gravel"},"modified":"2025-11-11T09:26:51","modified_gmt":"2025-11-11T09:26:51","slug":"girona-gravel-tour","status":"publish","type":"page","link":"https:\/\/bikecat.com\/ca\/girona-gravel-tour","title":{"rendered":"Girona Gravel Tour"},"content":{"rendered":"<div class=\"wpb-content-wrapper\"><p>[vc_row][vc_column][rev_slider_vc alias=&#8221;gravel&#8221;][\/vc_column][\/vc_row][vc_row css=&#8221;.vc_custom_1575568136764{margin-top: 40px !important;}&#8221;][vc_column][\/vc_column][\/vc_row][vc_row css=&#8221;.vc_custom_1575568136764{margin-top: 40px !important;}&#8221;][vc_column width=&#8221;1\/2&#8243;][vc_single_image source=&#8221;external_link&#8221; custom_src=&#8221;https:\/\/bikecat.com\/wp-content\/uploads\/2020\/11\/Bikecat-Gravel-Tour-with-Jordi.jpg&#8221;][\/vc_column][vc_column width=&#8221;1\/2&#8243;][vc_column_text css=&#8221;&#8221;]<\/p>\n<h1><span style=\"color: #d9272e;\"><strong>GIRONA GRAVEL TOUR<\/strong><\/span><\/h1>\n<p>A l\u2019hivern, quan arribava la temporada baixa, ens agradava sortir a rodar amb professionals i amics, sense presses. Era el moment de desconnectar, compartir quil\u00f2metres i descobrir noves rutes per als futurs tours.<\/p>\n<p>Moltes vegades, quan la carretera s\u2019acabava per\u00f2 el cam\u00ed sense asfaltar, simplement segu\u00edem endavant amb les bicicletes de carretera (en aquella \u00e8poca ning\u00fa duia GPS!). La sensaci\u00f3 d\u2019aventura i de descoberta superava amb escreix la frustraci\u00f3 de perdre\u2019ns i haver de fer mitja volta.<\/p>\n<p>Amb el temps, vam adonar-nos que molts d\u2019aquells camins de terra connectaven amb altres carreteres, creant recorreguts incre\u00efbles que, d\u2019una altra manera, haurien estat impossibles de fer.<\/p>\n<p>Avui, gr\u00e0cies a tota aquesta experi\u00e8ncia, et proposem algunes de les millors rutes que pots fer a la zona de Girona, sense importar el terreny. El Girona Gravel Tour \u00e9s una aventura \u00e8pica que perfecte per gaudir amb una bici cleta de gravel o, si t\u2019hi atreveixes, amb una de carretera \u2014com f\u00e8iem abans.<\/p>\n<p>&nbsp;[\/vc_column_text][\/vc_column][\/vc_row][vc_row css=&#8221;.vc_custom_1605628115654{margin-top: 20px !important;}&#8221;][vc_column width=&#8221;1\/2&#8243;][vc_single_image source=&#8221;external_link&#8221; custom_src=&#8221;https:\/\/bikecat.com\/wp-content\/uploads\/2020\/11\/GravelJordi-Bikecat-Gravel-Tour-in-Girona.jpg&#8221;][\/vc_column][vc_column width=&#8221;1\/2&#8243;][vc_column_text css=&#8221;&#8221;]<\/p>\n<h4><span style=\"color: #d9272e;\"><strong>Gravel Jordi<\/strong><\/span><\/h4>\n<p>Una de les persones que fa possible aquest tour \u00e9s en Jordi, conegut com a Bomber Jordi o <strong>Gravel Jordi<\/strong>. \u00c9s membre de la fam\u00edlia Bikecat des del 2008 i, s\u00ed, \u00e9s un bomber en actiu \u2014pel que sempre estar\u00e0s en bones mans pedalant al seu costat.<\/p>\n<p>Va cr\u00e9ixer a Santa Coloma de Farners, un petit poble al sud de Girona. De petit ja recorria camins i carreteres per tota la prov\u00edncia, i amb els anys s&#8217;ha convertit en un gran coneixedor del territori i de les seves rutes tant asfaltades com de terra.<\/p>\n<p>Quan els primers ciclistes professionals van arribar a Girona, fa m\u00e9s de vint anys, en Jordi \u2014<strong>el local<\/strong>\u2014 va convertir-se en part del col\u00b7lectiu r\u00e0pidament. Necessitaven rutes, i ell se les sabia totes!<\/p>\n<p>La comunitat ciclista professional de l&#8217;\u00e8poca era petita i van acabar forjant grans amistats entre ells. Destaca l&#8217;amistat d&#8217;en Jordi amb el canadenc <strong>Michael Barry<\/strong>, amb qui encara mant\u00e9 una gran relaci\u00f3. De fet, fins i tot l&#8217;ha visitat al Canad\u00e0 amb la seva fam\u00edlia .<\/p>\n<p>Junts exploraven la zona amb bicicletes de ciclocr\u00f2s (quan encara ning\u00fa no parlava de gravel). Sortien sense saber exactament on anirien ni a quina hora tornarien. Vivien aut\u00e8ntiques aventures, plenes d\u2019an\u00e8cdotes i moments memorables.<\/p>\n<p>L\u2019any 2015, en Jordi va decidir crear un repte personal: la Pirinexus 360 Challeng<strong>e<\/strong>. Aquesta prova d\u2019ultramarat\u00f3 de gravel recorre tota la prov\u00edncia de Girona i a dia d&#8217;avui \u00e9s una cita anual imprescindible.<\/p>\n<p>Nick Legan en parla al seu llibre <a href=\"https:\/\/www.velopress.com\/books\/gravel-cycling\/\">The Complete Guide to Gravel Racing and Adventure Bikepacking.<\/a><\/p>\n<p>Des del 2017, tamb\u00e9 dissenya i dirigeix els esdeveniments de gravel del festival<strong> Sea Otter Europe<\/strong>.<\/p>\n<p>A m\u00e9s, \u00e9s el fundador i president del Girona Gravel Club, des d&#8217;on organitza sortides per la regi\u00f3. Una excusa perfecte per pedalar entre amics i compartir experi\u00e8ncies \u2014un homenatge a aquelles primeres sortides amb Michael Barry, <strong>\u00faniques i \u00e8piques<\/strong>!<\/p>\n<p>Amb el creixent inter\u00e8s pel gravel, volem que m\u00e9s gent pugui gaudir del seu coneixement i de la seva passi\u00f3 pel territori.<\/p>\n<p>Per aix\u00f2 t\u2019oferim rutes i tours de gravel 100% personalitzats a Girona, guiats per la mateixa curiositat i esperit aventurer que ens mou des del principi.[\/vc_column_text][\/vc_column][\/vc_row][vc_row css=&#8221;.vc_custom_1578069083548{margin-top: 40px !important;margin-bottom: 40px !important;}&#8221;][vc_column][\/vc_column][\/vc_row]<\/p>\n<\/div>","protected":false},"excerpt":{"rendered":"<p>[vc_row][vc_column][rev_slider_vc alias=&#8221;gravel&#8221;][\/vc_column][\/vc_row][vc_row css=&#8221;.vc_custom_1575568136764{margin-top: 40px !important;}&#8221;][vc_column][\/vc_column][\/vc_row][vc_row css=&#8221;.vc_custom_1575568136764{margin-top: 40px !important;}&#8221;][vc_column width=&#8221;1\/2&#8243;][vc_single_image source=&#8221;external_link&#8221; custom_src=&#8221;https:\/\/bikecat.com\/wp-content\/uploads\/2020\/11\/Bikecat-Gravel-Tour-with-Jordi.jpg&#8221;][\/vc_column][vc_column width=&#8221;1\/2&#8243;][vc_column_text css=&#8221;&#8221;] GIRONA GRAVEL TOUR A l\u2019hivern, quan arribava la temporada baixa, ens agradava sortir a rodar amb professionals i amics, sense presses. Era el moment de desconnectar, compartir quil\u00f2metres i descobrir noves rutes per als futurs tours. Moltes vegades, quan la carretera s\u2019acabava [&hellip;]<\/p>\n","protected":false},"author":1,"featured_media":0,"parent":0,"menu_order":0,"comment_status":"closed","ping_status":"closed","template":"","meta":{"ngg_post_thumbnail":0,"footnotes":""},"class_list":["post-33135","page","type-page","status-publish","hentry"],"yoast_head":"<!-- This site is optimized with the Yoast SEO Premium plugin v27.2 (Yoast SEO v27.2) - https:\/\/yoast.com\/product\/yoast-seo-premium-wordpress\/ -->\n<title>Girona Gravel Tour | Rutes i aventures gravel a Girona<\/title>\n<meta name=\"description\" content=\"Descobreix el Girona Gravel Tour \u2014 camins amagats, corriols de muntanya i rutes costaneres a la provincia de Girona.\" \/>\n<meta name=\"robots\" content=\"index, follow, max-snippet:-1, max-image-preview:large, max-video-preview:-1\" \/>\n<link rel=\"canonical\" href=\"https:\/\/bikecat.com\/ca\/girona-gravel-tour\" \/>\n<meta property=\"og:locale\" content=\"ca_ES\" \/>\n<meta property=\"og:type\" content=\"article\" \/>\n<meta property=\"og:title\" content=\"Girona Gravel Tour\" \/>\n<meta property=\"og:description\" content=\"GIRONA GRAVEL TOUR A l\u2019hivern, quan arribava la temporada baixa, ens agradava sortir a rodar amb professionals i amics, sense presses. Era el moment de\" \/>\n<meta property=\"og:url\" content=\"https:\/\/bikecat.com\/ca\/girona-gravel-tour\" \/>\n<meta property=\"og:site_name\" content=\"Bikecat\" \/>\n<meta property=\"article:publisher\" content=\"https:\/\/www.facebook.com\/Bikecat.TOURS\/\" \/>\n<meta property=\"article:modified_time\" content=\"2025-11-11T09:26:51+00:00\" \/>\n<meta property=\"og:image\" content=\"https:\/\/bikecat.com\/wp-content\/uploads\/2020\/11\/Girona-Gravel-Tour-By-Bikecat.jpg\" \/>\n\t<meta property=\"og:image:width\" content=\"975\" \/>\n\t<meta property=\"og:image:height\" content=\"540\" \/>\n\t<meta property=\"og:image:type\" content=\"image\/jpeg\" \/>\n<meta name=\"twitter:card\" content=\"summary_large_image\" \/>\n<meta name=\"twitter:site\" content=\"@bikecatgirona\" \/>\n<meta name=\"twitter:label1\" content=\"Temps estimat de lectura\" \/>\n\t<meta name=\"twitter:data1\" content=\"3 minuts\" \/>\n<script type=\"application\/ld+json\" class=\"yoast-schema-graph\">{\"@context\":\"https:\/\/schema.org\",\"@graph\":[{\"@type\":\"WebPage\",\"@id\":\"https:\/\/bikecat.com\/ca\/girona-gravel-tour\",\"url\":\"https:\/\/bikecat.com\/ca\/girona-gravel-tour\",\"name\":\"Girona Gravel Tour | Rutes i aventures gravel a Girona\",\"isPartOf\":{\"@id\":\"https:\/\/bikecat.com\/#website\"},\"datePublished\":\"2019-01-24T10:57:51+00:00\",\"dateModified\":\"2025-11-11T09:26:51+00:00\",\"description\":\"Descobreix el Girona Gravel Tour \u2014 camins amagats, corriols de muntanya i rutes costaneres a la provincia de Girona.\",\"breadcrumb\":{\"@id\":\"https:\/\/bikecat.com\/ca\/girona-gravel-tour#breadcrumb\"},\"inLanguage\":\"ca\",\"potentialAction\":[{\"@type\":\"ReadAction\",\"target\":[\"https:\/\/bikecat.com\/ca\/girona-gravel-tour\"]}]},{\"@type\":\"BreadcrumbList\",\"@id\":\"https:\/\/bikecat.com\/ca\/girona-gravel-tour#breadcrumb\",\"itemListElement\":[{\"@type\":\"ListItem\",\"position\":1,\"name\":\"Portada\",\"item\":\"https:\/\/bikecat.com\/ca\"},{\"@type\":\"ListItem\",\"position\":2,\"name\":\"Girona Gravel Tour\"}]},{\"@type\":\"WebSite\",\"@id\":\"https:\/\/bikecat.com\/#website\",\"url\":\"https:\/\/bikecat.com\/\",\"name\":\"Bikecat\",\"description\":\"Bikecat Custom Cycling Tours  - Unique and Exclusive Custom Cycling Tours\",\"publisher\":{\"@id\":\"https:\/\/bikecat.com\/#organization\"},\"potentialAction\":[{\"@type\":\"SearchAction\",\"target\":{\"@type\":\"EntryPoint\",\"urlTemplate\":\"https:\/\/bikecat.com\/?s={search_term_string}\"},\"query-input\":{\"@type\":\"PropertyValueSpecification\",\"valueRequired\":true,\"valueName\":\"search_term_string\"}}],\"inLanguage\":\"ca\"},{\"@type\":\"Organization\",\"@id\":\"https:\/\/bikecat.com\/#organization\",\"name\":\"Bikecat Cycling Tours\",\"url\":\"https:\/\/bikecat.com\/\",\"logo\":{\"@type\":\"ImageObject\",\"inLanguage\":\"ca\",\"@id\":\"https:\/\/bikecat.com\/#\/schema\/logo\/image\/\",\"url\":\"https:\/\/bikecat.com\/wp-content\/uploads\/2018\/11\/headerlogo-1.png\",\"contentUrl\":\"https:\/\/bikecat.com\/wp-content\/uploads\/2018\/11\/headerlogo-1.png\",\"width\":130,\"height\":55,\"caption\":\"Bikecat Cycling Tours\"},\"image\":{\"@id\":\"https:\/\/bikecat.com\/#\/schema\/logo\/image\/\"},\"sameAs\":[\"https:\/\/www.facebook.com\/Bikecat.TOURS\/\",\"https:\/\/x.com\/bikecatgirona\",\"https:\/\/www.instagram.com\/bikecat_cycling_tours\/\"]}]}<\/script>\n<!-- \/ Yoast SEO Premium plugin. -->","yoast_head_json":{"title":"Girona Gravel Tour | Rutes i aventures gravel a Girona","description":"Descobreix el Girona Gravel Tour \u2014 camins amagats, corriols de muntanya i rutes costaneres a la provincia de Girona.","robots":{"index":"index","follow":"follow","max-snippet":"max-snippet:-1","max-image-preview":"max-image-preview:large","max-video-preview":"max-video-preview:-1"},"canonical":"https:\/\/bikecat.com\/ca\/girona-gravel-tour","og_locale":"ca_ES","og_type":"article","og_title":"Girona Gravel Tour","og_description":"GIRONA GRAVEL TOUR A l\u2019hivern, quan arribava la temporada baixa, ens agradava sortir a rodar amb professionals i amics, sense presses. Era el moment de","og_url":"https:\/\/bikecat.com\/ca\/girona-gravel-tour","og_site_name":"Bikecat","article_publisher":"https:\/\/www.facebook.com\/Bikecat.TOURS\/","article_modified_time":"2025-11-11T09:26:51+00:00","og_image":[{"width":975,"height":540,"url":"https:\/\/bikecat.com\/wp-content\/uploads\/2020\/11\/Girona-Gravel-Tour-By-Bikecat.jpg","type":"image\/jpeg"}],"twitter_card":"summary_large_image","twitter_site":"@bikecatgirona","twitter_misc":{"Temps estimat de lectura":"3 minuts"},"schema":{"@context":"https:\/\/schema.org","@graph":[{"@type":"WebPage","@id":"https:\/\/bikecat.com\/ca\/girona-gravel-tour","url":"https:\/\/bikecat.com\/ca\/girona-gravel-tour","name":"Girona Gravel Tour | Rutes i aventures gravel a Girona","isPartOf":{"@id":"https:\/\/bikecat.com\/#website"},"datePublished":"2019-01-24T10:57:51+00:00","dateModified":"2025-11-11T09:26:51+00:00","description":"Descobreix el Girona Gravel Tour \u2014 camins amagats, corriols de muntanya i rutes costaneres a la provincia de Girona.","breadcrumb":{"@id":"https:\/\/bikecat.com\/ca\/girona-gravel-tour#breadcrumb"},"inLanguage":"ca","potentialAction":[{"@type":"ReadAction","target":["https:\/\/bikecat.com\/ca\/girona-gravel-tour"]}]},{"@type":"BreadcrumbList","@id":"https:\/\/bikecat.com\/ca\/girona-gravel-tour#breadcrumb","itemListElement":[{"@type":"ListItem","position":1,"name":"Portada","item":"https:\/\/bikecat.com\/ca"},{"@type":"ListItem","position":2,"name":"Girona Gravel Tour"}]},{"@type":"WebSite","@id":"https:\/\/bikecat.com\/#website","url":"https:\/\/bikecat.com\/","name":"Bikecat","description":"Bikecat Custom Cycling Tours  - Unique and Exclusive Custom Cycling Tours","publisher":{"@id":"https:\/\/bikecat.com\/#organization"},"potentialAction":[{"@type":"SearchAction","target":{"@type":"EntryPoint","urlTemplate":"https:\/\/bikecat.com\/?s={search_term_string}"},"query-input":{"@type":"PropertyValueSpecification","valueRequired":true,"valueName":"search_term_string"}}],"inLanguage":"ca"},{"@type":"Organization","@id":"https:\/\/bikecat.com\/#organization","name":"Bikecat Cycling Tours","url":"https:\/\/bikecat.com\/","logo":{"@type":"ImageObject","inLanguage":"ca","@id":"https:\/\/bikecat.com\/#\/schema\/logo\/image\/","url":"https:\/\/bikecat.com\/wp-content\/uploads\/2018\/11\/headerlogo-1.png","contentUrl":"https:\/\/bikecat.com\/wp-content\/uploads\/2018\/11\/headerlogo-1.png","width":130,"height":55,"caption":"Bikecat Cycling Tours"},"image":{"@id":"https:\/\/bikecat.com\/#\/schema\/logo\/image\/"},"sameAs":["https:\/\/www.facebook.com\/Bikecat.TOURS\/","https:\/\/x.com\/bikecatgirona","https:\/\/www.instagram.com\/bikecat_cycling_tours\/"]}]}},"_links":{"self":[{"href":"https:\/\/bikecat.com\/ca\/wp-json\/wp\/v2\/pages\/33135","targetHints":{"allow":["GET"]}}],"collection":[{"href":"https:\/\/bikecat.com\/ca\/wp-json\/wp\/v2\/pages"}],"about":[{"href":"https:\/\/bikecat.com\/ca\/wp-json\/wp\/v2\/types\/page"}],"author":[{"embeddable":true,"href":"https:\/\/bikecat.com\/ca\/wp-json\/wp\/v2\/users\/1"}],"replies":[{"embeddable":true,"href":"https:\/\/bikecat.com\/ca\/wp-json\/wp\/v2\/comments?post=33135"}],"version-history":[{"count":7,"href":"https:\/\/bikecat.com\/ca\/wp-json\/wp\/v2\/pages\/33135\/revisions"}],"predecessor-version":[{"id":44626,"href":"https:\/\/bikecat.com\/ca\/wp-json\/wp\/v2\/pages\/33135\/revisions\/44626"}],"wp:attachment":[{"href":"https:\/\/bikecat.com\/ca\/wp-json\/wp\/v2\/media?parent=33135"}],"curies":[{"name":"wp","href":"https:\/\/api.w.org\/{rel}","templated":true}]}}