{"id":33117,"date":"2018-11-27T15:10:09","date_gmt":"2018-11-27T15:10:09","guid":{"rendered":"https:\/\/bikecat.com\/about-bikecat"},"modified":"2025-02-17T10:17:39","modified_gmt":"2025-02-17T10:17:39","slug":"about-bikecat","status":"publish","type":"page","link":"https:\/\/bikecat.com\/ca\/about-bikecat","title":{"rendered":"Sobre Bikecat"},"content":{"rendered":"<div class=\"wpb-content-wrapper\"><p>[vc_row][vc_column][rev_slider_vc alias=&#8221;about&#8221;][\/vc_column][\/vc_row][vc_row css=&#8221;.vc_custom_1575638806042{margin-top: 40px !important;}&#8221;][vc_column][\/vc_column][\/vc_row][vc_row css=&#8221;.vc_custom_1579007704986{margin-right: 10px !important;}&#8221;][vc_column width=&#8221;1\/6&#8243;][vc_single_image image=&#8221;32&#8243; img_size=&#8221;large&#8221; css_animation=&#8221;left-to-right&#8221;][\/vc_column][vc_column width=&#8221;5\/6&#8243;][vc_column_text css_animation=&#8221;right-to-left&#8221;]<span style=\"font-size: 12pt;\">Bikecat Cycling Tours SL amb seu a Girona, som l&#8217;\u00fanica empresa dirigida \u00edntegrament per guies locals.<\/span><br \/>\n<span style=\"font-size: 12pt;\">El ciclisme a Girona i la Costa Brava \u00e9s un dest\u00ed molt popular entre les empreses de tours amb bicicleta.<\/span><br \/>\n<span style=\"font-size: 12pt;\">Des del principi, nosaltres hem cregut que la millor manera de gaudir i experimentar un tour amb bicicleta \u00e9s compartir-lo amb els locals.<\/span><br \/>\n<span style=\"font-size: 12pt;\">&nbsp;<\/span><br \/>\n<span style=\"font-size: 12pt;\">Les caracter\u00edstiques que ens defineixen s\u00f3n l&#8217;atenci\u00f3 en els detalls, la personalitzaci\u00f3 i la passi\u00f3 que posem en els nostres tours. <a href=\"https:\/\/bikecat.com\/ca\/bikecat-cycling-tours\">Bikecat Cycling Tours.<\/a><\/span><br \/>\n<span style=\"font-size: 12pt;\">L&#8217;equip de Bikecat est\u00e0 format per un grup d&#8217;amics, apassionats per aquest esport i als quals els encanta compartir la seva casa i els seus llocs favorits.<\/span>[\/vc_column_text][\/vc_column][\/vc_row][vc_row css=&#8221;.vc_custom_1579008391248{margin-top: 40px !important;}&#8221;][vc_column][vc_column_text]<\/p>\n<h2>EL NOSTRE EQUIP<\/h2>\n<p>[\/vc_column_text][\/vc_column][\/vc_row][vc_row css=&#8221;.vc_custom_1579007782135{margin-top: 20px !important;margin-right: 10px !important;margin-bottom: 20px !important;}&#8221;][vc_column width=&#8221;1\/2&#8243;][vc_row_inner css=&#8221;.vc_custom_1575640020357{padding-bottom: 20px !important;}&#8221;][vc_column_inner width=&#8221;1\/4&#8243;][vc_single_image image=&#8221;38492&#8243; img_size=&#8221;large&#8221; css_animation=&#8221;left-to-right&#8221; css=&#8221;&#8221;][\/vc_column_inner][vc_column_inner width=&#8221;3\/4&#8243;][vc_column_text css_animation=&#8221;right-to-left&#8221;]<\/p>\n<h5><span style=\"color: #d9272e;\"><strong>Jaume Cabruja<\/strong><\/span><\/h5>\n<p>Nascut a Barcelona, en Jaume va cr\u00e9ixer entre la capital i Girona, on aviat va comen\u00e7ar a competir amb bicicleta de carretera. Despr\u00e9s de graduar-se com a Enginyer Qu\u00edmic (<a href=\"https:\/\/www.iqs.edu\/en\">IQS)<\/a>, va tenir l&#8217;oportunitat de treballar i viatjar per molts pa\u00efsos, portant sempre una bicicleta amb ell.<\/p>\n<p>Li agrada desafiar-se a si mateix en qualsevol lloc i en qualsevol moment: Austr\u00e0lia, Vene\u00e7uela, Nova Zelanda, Borneo, Dinamarca i els EUA. Compartint el seu inter\u00e8s i entusiasme per aquest esport i el seu sentit de l&#8217;humor, va concebre la idea de Bikecat Cycling Tours.<\/p>\n<p>Al dominar l&#8217;angl\u00e8s, l&#8217;espanyol i el catal\u00e0 (la llengua de la regi\u00f3), Jaume gaudeix compartint les meravelles de la seva terra i passant temps amb la gent que ve a pedalar amb ell.[\/vc_column_text][\/vc_column_inner][\/vc_row_inner][vc_row_inner css=&#8221;.vc_custom_1575640147894{padding-bottom: 20px !important;}&#8221;][vc_column_inner width=&#8221;1\/4&#8243;][vc_single_image image=&#8221;38501&#8243; img_size=&#8221;large&#8221; css_animation=&#8221;left-to-right&#8221; css=&#8221;&#8221;][\/vc_column_inner][vc_column_inner width=&#8221;3\/4&#8243;][vc_column_text css_animation=&#8221;right-to-left&#8221;]<\/p>\n<h5><span style=\"color: #d9272e;\"><strong>Josep Aromir<\/strong><\/span><\/h5>\n<p>En Josep va cr\u00e9ixer a Tossa del Mar i es va criar entre la muntanya i el mar.<\/p>\n<p>Sempre ha tingut un gran amor per la natura i els esports. \u200b Aix\u00f2 el va portar a ser T\u00e8cnic Esportiu i a estudiar Ci\u00e8ncies de l&#8217;Exercici a la Universitat EUSES de Girona. Despr\u00e9s, es va llicenciar en quiropr\u00e0ctica i massatge esportiu.<\/p>\n<p>En Josep porta molts anys entrenant amb bicicleta de muntanya i carretera i el seu inter\u00e8s no ha parat de cr\u00e9ixer. Li encanta compartir aquest esport i gaudir de la companyia en les sortides.[\/vc_column_text][\/vc_column_inner][\/vc_row_inner][vc_row_inner css=&#8221;.vc_custom_1575640166411{padding-bottom: 20px !important;}&#8221;][vc_column_inner width=&#8221;1\/4&#8243;][vc_single_image image=&#8221;38498&#8243; img_size=&#8221;large&#8221; css_animation=&#8221;left-to-right&#8221; css=&#8221;&#8221;][\/vc_column_inner][vc_column_inner width=&#8221;3\/4&#8243;][vc_column_text css_animation=&#8221;right-to-left&#8221;]<\/p>\n<h5><span style=\"color: #d9272e;\"><strong>Nick Whitelaw<\/strong><\/span><\/h5>\n<p>En Nick ha estat al voltant de les bicicletes tota la seva vida. Va comen\u00e7ar a anar en bicicleta de muntanya de petit amb el seu germ\u00e0 gran i els seus amics. Li encanten totes les modalitats de ciclisme, des de sofrir en l&#8217;asfalt, a baixar fent salts a la muntanya o posar a prova l&#8217;equilibri en la bici de trial.<\/p>\n<p>En Nick treballa com a instructor de bicicleta de muntanya per a nens i com a guia de ciclisme i BTT. \u200b Ha fet el &#8220;Cam\u00ed de Santiago&#8221; dues vegades amb bicicleta, m\u00e9s de 1.000 Km, i considera que la bicicleta \u00e9s la millor manera de descobrir nous llocs. \u00c9s llicenciat en administraci\u00f3 d&#8217;empreses i guia de ciclisme certificat.<\/p>\n<p>Al Nick li encanta compartir la seva passi\u00f3 per la cultura, les tradicions catalanes i coneix tots els millors llocs per visitar. \u200b<\/p>\n<p>Li agrada treballar amb Bikecat perqu\u00e8 tenen la mateixa manera d&#8217;entendre qu\u00e8 ha de ser una gran sortida amb bicicleta i que la gent local comparteixi els seus coneixements sobre la zona, les atraccions, els pobles, la cultura i la gastronomia. \u200b[\/vc_column_text][\/vc_column_inner][\/vc_row_inner][\/vc_column][vc_column width=&#8221;1\/2&#8243;][vc_row_inner css=&#8221;.vc_custom_1575640137789{padding-bottom: 20px !important;}&#8221;][vc_column_inner width=&#8221;1\/4&#8243;][vc_single_image image=&#8221;38486&#8243; img_size=&#8221;large&#8221; css_animation=&#8221;left-to-right&#8221; css=&#8221;&#8221;][\/vc_column_inner][vc_column_inner width=&#8221;3\/4&#8243;][vc_column_text css_animation=&#8221;right-to-left&#8221;]<\/p>\n<h5><span style=\"color: #d9272e;\"><strong>Debbie Stein<\/strong><\/span><\/h5>\n<p>Origin\u00e0ria de Carolina del Sud, es va graduar en Literatura i Traducci\u00f3 francesa per la USC a Columbia, SC. Cada any viatjava a Fran\u00e7a. Des que va con\u00e8ixer en Jaume, i despr\u00e9s va comen\u00e7ar a viatjar encara m\u00e9s a Espanya. \u200b Ha treballat com a professora de franc\u00e8s de secund\u00e0ria a Nova Jersey durant 5 anys, a Recursos Humans, i \u00e9s volunt\u00e0ria quan pot al Corkscrew Swamp Sanctuary a Naples, FL. \u200b<\/p>\n<p>Des que viu a Girona, ha apr\u00e8s catal\u00e0 i castell\u00e0, i el seu franc\u00e8s s\u2019ha rovellat des d\u2019aleshores. A la Debbie li encanta estar a l&#8217;aire lliure i li agrada nedar, c\u00f3rrer, fer senderisme i anar en bicicleta.<\/p>\n<p>Li agrada viatjar i totes les aventures que comporta tenir un fill petit. Amb Bikecat \u00e9s guia de ciclisme i s&#8217;esfor\u00e7a a planificar i organitzar activitats perqu\u00e8 els acompanyants no ciclistes, i perqu\u00e8 tots els que estan fora de les rutes, gaudeixin de les vacances.[\/vc_column_text][\/vc_column_inner][\/vc_row_inner][vc_row_inner css=&#8221;.vc_custom_1575640156876{padding-bottom: 20px !important;}&#8221;][vc_column_inner width=&#8221;1\/4&#8243;][vc_single_image image=&#8221;38495&#8243; img_size=&#8221;large&#8221; css_animation=&#8221;left-to-right&#8221; css=&#8221;&#8221;][\/vc_column_inner][vc_column_inner width=&#8221;3\/4&#8243;][vc_column_text css_animation=&#8221;right-to-left&#8221;]<\/p>\n<h5><span style=\"color: #d9272e;\"><strong>Jordi Cantal<\/strong><\/span><\/h5>\n<p>Com la majoria dels nens d&#8217;un poble d&#8217;aqu\u00ed, tota la seva joventut es va passar en bicicleta. Tant, que no en t\u00e9 ni idea de quan va comen\u00e7ar a anar amb bici. \u200b Va comprar la seva primera bicicleta de muntanya als 18 anys amb el seu primer sou de guardabosc, i despr\u00e9s va comen\u00e7ar a competir en competicions locals.<\/p>\n<p>Va combinar la bicicleta de muntanya amb l&#8217;escalada, el senderisme i l&#8217;esqu\u00ed. El 1995, va comen\u00e7ar a estudiar Geologia i el ciclisme va quedar relegat durant un temps. Uns anys m\u00e9s tard, es va incorporar als bombers i gr\u00e0cies al gran temps lliure d&#8217;aquesta professi\u00f3, ara pot fer sortides serioses de tres a quatre dies a la setmana.<\/p>\n<p>Des del 2002, veu Le Tour pedalant entre els cims dels Alps i els Pirineus. \u200b Ara amb Bikecat Cycling Tours, pot gaudir i compartir aquest esport amb tots vosaltres. \u200b[\/vc_column_text][\/vc_column_inner][\/vc_row_inner][vc_row_inner css=&#8221;.vc_custom_1575640156876{padding-bottom: 20px !important;}&#8221;][vc_column_inner width=&#8221;1\/4&#8243;][vc_single_image image=&#8221;38489&#8243; img_size=&#8221;large&#8221; css_animation=&#8221;left-to-right&#8221; css=&#8221;&#8221;][\/vc_column_inner][vc_column_inner width=&#8221;3\/4&#8243;][vc_column_text css_animation=&#8221;right-to-left&#8221; css=&#8221;&#8221;]<\/p>\n<h5><span style=\"color: #d9272e;\"><strong>Eudald Vilas<\/strong><\/span><\/h5>\n<p>Criat a Girona i des de petit va mantenir un fort vincle amb la regi\u00f3 volc\u00e0nica de la Garrotxa, d&#8217;on prov\u00e9 la seva fam\u00edlia, on de nen va comen\u00e7ar a practicar el ciclisme de muntanya.<\/p>\n<p>Li agraden tant el ciclisme de muntanya com el de carretera, la nataci\u00f3 i el senderisme; tots esports que li permeten descobrir i gaudir de la natura.<\/p>\n<p>Quan va acabar l&#8217;institut, va entrar a l&#8217;Escola T\u00e8cnica Superior de Girona (ETG) on es va formar com a electromec\u00e0nic de vehicles. La seva experi\u00e8ncia com a mec\u00e0nic a Volvo i reparant les seves bicicletes i les dels seus amics va perfeccionar la seva expertesa.<\/p>\n<p>A Bikecat, l&#8217;Eudald t&#8217;acollir\u00e0 quan visitis la nostra botiga a Girona, aix\u00ed com tamb\u00e9 far\u00e0 de mec\u00e0nic per cuidar les bicicletes a la botiga i durant les rutes.[\/vc_column_text][\/vc_column_inner][\/vc_row_inner][\/vc_column][\/vc_row][vc_row css=&#8221;.vc_custom_1580816564527{margin-top: 40px !important;margin-right: 10px !important;}&#8221;][vc_column][vc_separator color=&#8221;black&#8221; style=&#8221;dotted&#8221;][\/vc_column][\/vc_row][vc_row css=&#8221;.vc_custom_1579008447357{margin-top: 40px !important;}&#8221;][vc_column][vc_column_text css_animation=&#8221;left-to-right&#8221;]<\/p>\n<h2>Bikecat als mitjans<\/h2>\n<p>[\/vc_column_text][\/vc_column][\/vc_row][vc_row css=&#8221;.vc_custom_1579007827185{margin-top: 40px !important;margin-right: 10px !important;}&#8221;][vc_column width=&#8221;1\/2&#8243; css=&#8221;.vc_custom_1579008255900{margin-bottom: 40px !important;}&#8221;][vc_row_inner][vc_column_inner width=&#8221;2\/3&#8243;][vc_column_text css_animation=&#8221;left-to-right&#8221;]<\/p>\n<h5><span style=\"color: #d9272e; font-size: 12pt;\"><strong>Benvinguts a ProVille \/ Cyclist Magazine<\/strong><\/span><\/h5>\n<p>L&#8217;octubre passat vam sortir amb uns nois de&nbsp;<a title=\"Cyclist Magazine UK\" href=\"http:\/\/cyclistmag.co.uk\/\" target=\"_blank\" rel=\"noopener noreferrer\">Cyclist Magazine,<\/a> una nova revista de ciclisme amb seu a Londres. Tenien previst un recorregut molt ambici\u00f3s d&#8217;uns 160 km amb dues bones pujades, Amer i Rocacorba.<\/p>\n<p>Anar en bicicleta a la ciutat catalana de Girona no \u00e9s com anar en bicicleta a cap altre lloc. No es tracta simplement que el temps sigui millor que la majoria de llocs, encara que el mat\u00ed fresc de tardor quan ens trobem per a la nostra passejada \u00e9s perfecte per passar un dia amb bicicleta&#8230; <a title=\"Cyclist Magazine Article Girona\" href=\"https:\/\/bikecat.com\/wp-content\/uploads\/2020\/01\/Cyclist-Magazine-Girona.pdf\" target=\"_blank\" rel=\"noopener noreferrer\">Llegeix l&#8217;article complet aqu\u00ed.<\/a><\/p>\n<p>Paraules&nbsp;<strong>Mark Bailey<\/strong>&nbsp;Photography<strong>&nbsp;Paul Calver<\/strong>. El gener de 2013 es va publicar el n\u00famero 3 de Cyclist Magazine on Bikecat i el Cycling a Girona.[\/vc_column_text][\/vc_column_inner][vc_column_inner width=&#8221;1\/3&#8243;][vc_single_image image=&#8221;3575&#8243; img_size=&#8221;large&#8221; css_animation=&#8221;bottom-to-top&#8221;][\/vc_column_inner][\/vc_row_inner][\/vc_column][vc_column width=&#8221;1\/2&#8243;][vc_row_inner][vc_column_inner][vc_column_text css_animation=&#8221;right-to-left&#8221;]<\/p>\n<h5><span style=\"color: #d9272e; font-size: 12pt;\"><strong>M\u00e0gia a les muntanyes \/ Carretera CC<\/strong><\/span><\/h5>\n<p>Al maig, James Warrener va venir a fer un passeig i va escriure un article a la revista en l\u00ednia Road CC. \u200b<\/p>\n<p>\u2026l&#8217;oportunitat d&#8217;un dia de conducci\u00f3 guiada i entrenament amb Bikecat de Girona, mentre estava de vacances, va ser una del\u00edcia d&#8217;aniversari massa bona per perdre&#8217;s!!<\/p>\n<p>La primera pujada &#8220;adequada&#8221; va arribar despr\u00e9s d&#8217;un tur\u00f3 del 12% que no comptava!!! era una carretera utilitzada per Michael Barry, George Hincapie i Bradley Wiggins. De fet, crec que a nivell local es coneix com Hincapie Hill. La carretera estava marcada amb comptes enrere &#8220;GPM (King of the Mountains Point) 6km&#8221; i sorprenentment en aquesta pujada va actuar com a motivaci\u00f3.<br \/>\nLlegeix l&#8217;article complet en l\u00ednia a&nbsp;<a title=\"M\u00e0gia a les muntanyes\" href=\"http:\/\/road.cc\/content\/blog\/58934-magic-mountains\" target=\"_blank\" rel=\"noopener noreferrer\">www.road.cc<\/a> by James Warrener.[\/vc_column_text][\/vc_column_inner][\/vc_row_inner][\/vc_column][\/vc_row][vc_row css=&#8221;.vc_custom_1579007836330{margin-top: 40px !important;margin-right: 10px !important;margin-bottom: 40px !important;}&#8221;][vc_column width=&#8221;1\/2&#8243; css=&#8221;.vc_custom_1579008317649{margin-bottom: 40px !important;}&#8221;][vc_row_inner][vc_column_inner][vc_column_text css_animation=&#8221;left-to-right&#8221;]<\/p>\n<h5><span style=\"color: #d9272e; font-size: 12pt;\"><strong>Viatge: My Girona Holiday \/ PEZ Cycling<\/strong><\/span><\/h5>\n<p>PEZ-Fan i el conegut xef de San Francisco Thom Fox van fer recentment el seu primer viatge en bicicleta a Europa. \u200b Una bona sort per a nosaltres ha escollit Girona Espanya com a base, i encara millor que ha relatat les seves experi\u00e8ncies viatjant amb la seva bicicleta, i rodant per la zona. \u200b Tots haur\u00edem de fer aix\u00f2&#8230; aviat.<\/p>\n<p>\u2026 A l&#8217;excursi\u00f3 del grup d&#8217;aquell dia hi havia la campiona del National Critireum dels Estats Units, Theresa Cliff-Ryan, el seu marit Gary (un corredor d&#8217;esprints en pista) i ni m\u00e9s ni menys que Freddie Rodriguez. De fet, aquest va ser el primer camp d&#8217;entrenament anual de Fast Freddie &#8211; BikeCat.&nbsp;<a title=\"Pez Cycling Article sobre Girona\" href=\"http:\/\/www.pezcyclingnews.com\/?pg=fullstory&amp;id=4476&amp;status\" target=\"_blank\" rel=\"noopener noreferrer\">Pez Cycling Article complet.<\/a>[\/vc_column_text][\/vc_column_inner][\/vc_row_inner][\/vc_column][vc_column width=&#8221;1\/2&#8243;][vc_row_inner][vc_column_inner width=&#8221;2\/3&#8243;][vc_column_text css_animation=&#8221;bottom-to-top&#8221;]<\/p>\n<h5><span style=\"color: #d9272e; font-size: 12pt;\"><strong>Girona, Espanya: muntar als patis dels professionals \/<br \/>\nCanadian Cycling Magazine<\/strong><\/span><\/h5>\n<p>Michael Barry, resident de Girona des de fa temps, va escriure un article sobre el ciclisme a Girona, Espanya. \u00c9s un article de viatge escrit per a la revista Canadian Cycling Magazine. Inclou algunes fotos de la seva dona, Dede Barry, i d&#8217;un amic, Jordi Cantal, que tamb\u00e9 ha estat en moltes de les gires de Bikecat per Girona.<\/p>\n<p>Estic publicant el&nbsp;<a title=\"Cavalcant al pati del darrere del professional. Revista canadenca de ciclisme\" href=\"http:\/\/bikecat.com\/wp-content\/uploads\/2020\/01\/Canada-Cycling-bikecat.pdf\" target=\"_blank\" rel=\"noopener noreferrer\">article complet aqu\u00ed.<\/a> O llegiu la versi\u00f3 en l\u00ednia a&nbsp;<a title=\"Canadian Cyclist Magazine\" href=\"https:\/\/cyclingmagazine.ca\/\" target=\"_blank\" rel=\"noopener noreferrer\">Canadian Cycling Magazine.<\/a>[\/vc_column_text][\/vc_column_inner][vc_column_inner width=&#8221;1\/3&#8243;][vc_single_image image=&#8221;3576&#8243; img_size=&#8221;large&#8221; css_animation=&#8221;right-to-left&#8221;][\/vc_column_inner][\/vc_row_inner][\/vc_column][\/vc_row]<\/p>\n<\/div>","protected":false},"excerpt":{"rendered":"<p>[vc_row][vc_column][rev_slider_vc alias=&#8221;about&#8221;][\/vc_column][\/vc_row][vc_row css=&#8221;.vc_custom_1575638806042{margin-top: 40px !important;}&#8221;][vc_column][\/vc_column][\/vc_row][vc_row css=&#8221;.vc_custom_1579007704986{margin-right: 10px !important;}&#8221;][vc_column width=&#8221;1\/6&#8243;][vc_single_image image=&#8221;32&#8243; img_size=&#8221;large&#8221; css_animation=&#8221;left-to-right&#8221;][\/vc_column][vc_column width=&#8221;5\/6&#8243;][vc_column_text css_animation=&#8221;right-to-left&#8221;]Bikecat Cycling Tours SL amb seu a Girona, som l&#8217;\u00fanica empresa dirigida \u00edntegrament per guies locals. El ciclisme a Girona i la Costa Brava \u00e9s un dest\u00ed molt popular entre les empreses de tours amb bicicleta. Des del principi, nosaltres hem cregut [&hellip;]<\/p>\n","protected":false},"author":1,"featured_media":0,"parent":0,"menu_order":0,"comment_status":"closed","ping_status":"closed","template":"","meta":{"ngg_post_thumbnail":0,"footnotes":""},"class_list":["post-33117","page","type-page","status-publish","hentry"],"yoast_head":"<!-- This site is optimized with the Yoast SEO Premium plugin v27.2 (Yoast SEO v27.2) - https:\/\/yoast.com\/product\/yoast-seo-premium-wordpress\/ -->\n<title>Sobre Bikecat - Els teus guies de ciclisme locals a Girona<\/title>\n<meta name=\"description\" content=\"Bikecat Cycling Tours SL amb seu a Girona som l&#039;\u00fanica empresa dirigida \u00edntegrament per guies locals. Dirigit per guies locals professionals que compartiran la seva llar i cultura per a una experi\u00e8ncia inoblidable!\" \/>\n<meta name=\"robots\" content=\"index, follow, max-snippet:-1, max-image-preview:large, max-video-preview:-1\" \/>\n<link rel=\"canonical\" href=\"https:\/\/bikecat.com\/ca\/about-bikecat\" \/>\n<meta property=\"og:locale\" content=\"ca_ES\" \/>\n<meta property=\"og:type\" content=\"article\" \/>\n<meta property=\"og:title\" content=\"Sobre Bikecat\" \/>\n<meta property=\"og:description\" content=\"Bikecat Cycling Tours SL amb seu a Girona, som l&#039;\u00fanica empresa dirigida \u00edntegrament per guies locals. El ciclisme a Girona i la Costa Brava \u00e9s un dest\u00ed\" \/>\n<meta property=\"og:url\" content=\"https:\/\/bikecat.com\/ca\/about-bikecat\" \/>\n<meta property=\"og:site_name\" content=\"Bikecat\" \/>\n<meta property=\"article:publisher\" content=\"https:\/\/www.facebook.com\/Bikecat.TOURS\/\" \/>\n<meta property=\"article:modified_time\" content=\"2025-02-17T10:17:39+00:00\" \/>\n<meta property=\"og:image\" content=\"https:\/\/bikecat.com\/wp-content\/uploads\/2019\/12\/The-Local-guides-in-Girona.jpg\" \/>\n\t<meta property=\"og:image:width\" content=\"900\" \/>\n\t<meta property=\"og:image:height\" content=\"936\" \/>\n\t<meta property=\"og:image:type\" content=\"image\/jpeg\" \/>\n<meta name=\"twitter:card\" content=\"summary_large_image\" \/>\n<meta name=\"twitter:image\" content=\"https:\/\/bikecat.com\/wp-content\/uploads\/2020\/01\/Mariposa-Cycling-tours-the-Team.jpg\" \/>\n<meta name=\"twitter:site\" content=\"@bikecatgirona\" \/>\n<meta name=\"twitter:label1\" content=\"Temps estimat de lectura\" \/>\n\t<meta name=\"twitter:data1\" content=\"9 minuts\" \/>\n<script type=\"application\/ld+json\" class=\"yoast-schema-graph\">{\"@context\":\"https:\/\/schema.org\",\"@graph\":[{\"@type\":\"WebPage\",\"@id\":\"https:\/\/bikecat.com\/ca\/about-bikecat\",\"url\":\"https:\/\/bikecat.com\/ca\/about-bikecat\",\"name\":\"Sobre Bikecat - Els teus guies de ciclisme locals a Girona\",\"isPartOf\":{\"@id\":\"https:\/\/bikecat.com\/#website\"},\"datePublished\":\"2018-11-27T15:10:09+00:00\",\"dateModified\":\"2025-02-17T10:17:39+00:00\",\"description\":\"Bikecat Cycling Tours SL amb seu a Girona som l'\u00fanica empresa dirigida \u00edntegrament per guies locals. Dirigit per guies locals professionals que compartiran la seva llar i cultura per a una experi\u00e8ncia inoblidable!\",\"breadcrumb\":{\"@id\":\"https:\/\/bikecat.com\/ca\/about-bikecat#breadcrumb\"},\"inLanguage\":\"ca\",\"potentialAction\":[{\"@type\":\"ReadAction\",\"target\":[\"https:\/\/bikecat.com\/ca\/about-bikecat\"]}]},{\"@type\":\"BreadcrumbList\",\"@id\":\"https:\/\/bikecat.com\/ca\/about-bikecat#breadcrumb\",\"itemListElement\":[{\"@type\":\"ListItem\",\"position\":1,\"name\":\"Portada\",\"item\":\"https:\/\/bikecat.com\/ca\"},{\"@type\":\"ListItem\",\"position\":2,\"name\":\"Sobre Bikecat\"}]},{\"@type\":\"WebSite\",\"@id\":\"https:\/\/bikecat.com\/#website\",\"url\":\"https:\/\/bikecat.com\/\",\"name\":\"Bikecat\",\"description\":\"Bikecat Custom Cycling Tours  - Unique and Exclusive Custom Cycling Tours\",\"publisher\":{\"@id\":\"https:\/\/bikecat.com\/#organization\"},\"potentialAction\":[{\"@type\":\"SearchAction\",\"target\":{\"@type\":\"EntryPoint\",\"urlTemplate\":\"https:\/\/bikecat.com\/?s={search_term_string}\"},\"query-input\":{\"@type\":\"PropertyValueSpecification\",\"valueRequired\":true,\"valueName\":\"search_term_string\"}}],\"inLanguage\":\"ca\"},{\"@type\":\"Organization\",\"@id\":\"https:\/\/bikecat.com\/#organization\",\"name\":\"Bikecat Cycling Tours\",\"url\":\"https:\/\/bikecat.com\/\",\"logo\":{\"@type\":\"ImageObject\",\"inLanguage\":\"ca\",\"@id\":\"https:\/\/bikecat.com\/#\/schema\/logo\/image\/\",\"url\":\"https:\/\/bikecat.com\/wp-content\/uploads\/2018\/11\/headerlogo-1.png\",\"contentUrl\":\"https:\/\/bikecat.com\/wp-content\/uploads\/2018\/11\/headerlogo-1.png\",\"width\":130,\"height\":55,\"caption\":\"Bikecat Cycling Tours\"},\"image\":{\"@id\":\"https:\/\/bikecat.com\/#\/schema\/logo\/image\/\"},\"sameAs\":[\"https:\/\/www.facebook.com\/Bikecat.TOURS\/\",\"https:\/\/x.com\/bikecatgirona\",\"https:\/\/www.instagram.com\/bikecat_cycling_tours\/\"]}]}<\/script>\n<!-- \/ Yoast SEO Premium plugin. -->","yoast_head_json":{"title":"Sobre Bikecat - Els teus guies de ciclisme locals a Girona","description":"Bikecat Cycling Tours SL amb seu a Girona som l'\u00fanica empresa dirigida \u00edntegrament per guies locals. Dirigit per guies locals professionals que compartiran la seva llar i cultura per a una experi\u00e8ncia inoblidable!","robots":{"index":"index","follow":"follow","max-snippet":"max-snippet:-1","max-image-preview":"max-image-preview:large","max-video-preview":"max-video-preview:-1"},"canonical":"https:\/\/bikecat.com\/ca\/about-bikecat","og_locale":"ca_ES","og_type":"article","og_title":"Sobre Bikecat","og_description":"Bikecat Cycling Tours SL amb seu a Girona, som l'\u00fanica empresa dirigida \u00edntegrament per guies locals. El ciclisme a Girona i la Costa Brava \u00e9s un dest\u00ed","og_url":"https:\/\/bikecat.com\/ca\/about-bikecat","og_site_name":"Bikecat","article_publisher":"https:\/\/www.facebook.com\/Bikecat.TOURS\/","article_modified_time":"2025-02-17T10:17:39+00:00","og_image":[{"width":900,"height":936,"url":"https:\/\/bikecat.com\/wp-content\/uploads\/2019\/12\/The-Local-guides-in-Girona.jpg","type":"image\/jpeg"}],"twitter_card":"summary_large_image","twitter_image":"https:\/\/bikecat.com\/wp-content\/uploads\/2020\/01\/Mariposa-Cycling-tours-the-Team.jpg","twitter_site":"@bikecatgirona","twitter_misc":{"Temps estimat de lectura":"9 minuts"},"schema":{"@context":"https:\/\/schema.org","@graph":[{"@type":"WebPage","@id":"https:\/\/bikecat.com\/ca\/about-bikecat","url":"https:\/\/bikecat.com\/ca\/about-bikecat","name":"Sobre Bikecat - Els teus guies de ciclisme locals a Girona","isPartOf":{"@id":"https:\/\/bikecat.com\/#website"},"datePublished":"2018-11-27T15:10:09+00:00","dateModified":"2025-02-17T10:17:39+00:00","description":"Bikecat Cycling Tours SL amb seu a Girona som l'\u00fanica empresa dirigida \u00edntegrament per guies locals. Dirigit per guies locals professionals que compartiran la seva llar i cultura per a una experi\u00e8ncia inoblidable!","breadcrumb":{"@id":"https:\/\/bikecat.com\/ca\/about-bikecat#breadcrumb"},"inLanguage":"ca","potentialAction":[{"@type":"ReadAction","target":["https:\/\/bikecat.com\/ca\/about-bikecat"]}]},{"@type":"BreadcrumbList","@id":"https:\/\/bikecat.com\/ca\/about-bikecat#breadcrumb","itemListElement":[{"@type":"ListItem","position":1,"name":"Portada","item":"https:\/\/bikecat.com\/ca"},{"@type":"ListItem","position":2,"name":"Sobre Bikecat"}]},{"@type":"WebSite","@id":"https:\/\/bikecat.com\/#website","url":"https:\/\/bikecat.com\/","name":"Bikecat","description":"Bikecat Custom Cycling Tours  - Unique and Exclusive Custom Cycling Tours","publisher":{"@id":"https:\/\/bikecat.com\/#organization"},"potentialAction":[{"@type":"SearchAction","target":{"@type":"EntryPoint","urlTemplate":"https:\/\/bikecat.com\/?s={search_term_string}"},"query-input":{"@type":"PropertyValueSpecification","valueRequired":true,"valueName":"search_term_string"}}],"inLanguage":"ca"},{"@type":"Organization","@id":"https:\/\/bikecat.com\/#organization","name":"Bikecat Cycling Tours","url":"https:\/\/bikecat.com\/","logo":{"@type":"ImageObject","inLanguage":"ca","@id":"https:\/\/bikecat.com\/#\/schema\/logo\/image\/","url":"https:\/\/bikecat.com\/wp-content\/uploads\/2018\/11\/headerlogo-1.png","contentUrl":"https:\/\/bikecat.com\/wp-content\/uploads\/2018\/11\/headerlogo-1.png","width":130,"height":55,"caption":"Bikecat Cycling Tours"},"image":{"@id":"https:\/\/bikecat.com\/#\/schema\/logo\/image\/"},"sameAs":["https:\/\/www.facebook.com\/Bikecat.TOURS\/","https:\/\/x.com\/bikecatgirona","https:\/\/www.instagram.com\/bikecat_cycling_tours\/"]}]}},"_links":{"self":[{"href":"https:\/\/bikecat.com\/ca\/wp-json\/wp\/v2\/pages\/33117","targetHints":{"allow":["GET"]}}],"collection":[{"href":"https:\/\/bikecat.com\/ca\/wp-json\/wp\/v2\/pages"}],"about":[{"href":"https:\/\/bikecat.com\/ca\/wp-json\/wp\/v2\/types\/page"}],"author":[{"embeddable":true,"href":"https:\/\/bikecat.com\/ca\/wp-json\/wp\/v2\/users\/1"}],"replies":[{"embeddable":true,"href":"https:\/\/bikecat.com\/ca\/wp-json\/wp\/v2\/comments?post=33117"}],"version-history":[{"count":0,"href":"https:\/\/bikecat.com\/ca\/wp-json\/wp\/v2\/pages\/33117\/revisions"}],"wp:attachment":[{"href":"https:\/\/bikecat.com\/ca\/wp-json\/wp\/v2\/media?parent=33117"}],"curies":[{"name":"wp","href":"https:\/\/api.w.org\/{rel}","templated":true}]}}